{"id":5878,"date":"2025-09-13T08:48:34","date_gmt":"2025-09-13T08:48:34","guid":{"rendered":"https:\/\/baoteng.cc\/?post_type=product&#038;p=5878"},"modified":"2025-09-13T08:55:54","modified_gmt":"2025-09-13T08:55:54","slug":"charnieres-de-porte-de-garage-charnieres-a-rouleau-en-acier-de-calibre-14","status":"publish","type":"product","link":"https:\/\/www.baoteng.cc\/fr\/produit\/charnieres-de-porte-de-garage-charnieres-a-rouleau-en-acier-de-calibre-14\/","title":{"rendered":"Garage Door Hinges Heavy Duty 14 Gauge Steel #1 Galvanized Roller Hinge Replacement Residential Light Commercial Doors"},"content":{"rendered":"<section style=\"width: 100%; font-family: Arial, sans-serif; line-height: 1.6; color: #333;\">\n<header>\n<h1 style=\"font-size: 24px; font-weight: bold; margin-bottom: 10px;\">\ud83d\udd27 Charni\u00e8res de porte de garage robustes en acier de calibre 14 #1 avec fini galvanis\u00e9 - Charni\u00e8res \u00e0 rouleau r\u00e9sidentielles et commerciales l\u00e9g\u00e8res<\/h1>\n<\/header>\n<p style=\"margin-bottom: 15px;\">Les charni\u00e8res des portes de garage sectionnelles sont les pi\u00e8ces les plus importantes de tout syst\u00e8me de garage sectionnel. Elles relient les panneaux de la porte, soutiennent les rouleaux et assurent une ouverture et une fermeture en douceur. Notre charni\u00e8re \u00e0 rouleau #1 en acier de calibre 14 a \u00e9t\u00e9 con\u00e7ue dans un souci de solidit\u00e9 et de long\u00e9vit\u00e9. Construite en acier galvanis\u00e9 de 1,8 mm d'\u00e9paisseur, cette charni\u00e8re est destin\u00e9e \u00e0 un usage r\u00e9sidentiel ou commercial l\u00e9ger en raison de son \u00e9paisseur et de sa durabilit\u00e9. \ud83d\udeaa\u2699\ufe0f<\/p>\n<p style=\"margin-bottom: 15px;\">Que vous construisiez une nouvelle porte ou que vous r\u00e9pariez votre porte de garage sectionnelle, cette charni\u00e8re robuste est le choix id\u00e9al. Elle maintient vos rouleaux en ligne, r\u00e9duisant ainsi l'usure inutile de votre syst\u00e8me d'ouverture de porte basculante. Elle ne rouille pas, m\u00eame lorsqu'elle est expos\u00e9e \u00e0 la brume et \u00e0 l'air salin. \ud83c\udf1f<\/p>\n<h2 style=\"font-size: 20px; margin-top: 20px;\">\ud83c\udf1f Caract\u00e9ristiques principales<\/h2>\n<ul style=\"margin: 10px 0 15px 20px;\">\n<li>\u2705 Fabriqu\u00e9 en acier galvanis\u00e9 de calibre 14 (1,8 mm) pour plus de solidit\u00e9 et de long\u00e9vit\u00e9<\/li>\n<li>\u2705 Id\u00e9al pour les applications de portes de garage r\u00e9sidentielles et commerciales l\u00e9g\u00e8res #1 placement des charni\u00e8res<\/li>\n<li>\u2705 Durable : La finition galvanis\u00e9e offre une grande r\u00e9sistance \u00e0 la corrosion et une longue dur\u00e9e de vie.<\/li>\n<li>\u2705 Ajustement et alignement pr\u00e9cis pour une installation sans probl\u00e8me du syst\u00e8me de roulement de porte AOKARLIA<\/li>\n<li>\u2705 Con\u00e7us pour r\u00e9sister \u00e0 des applications extr\u00eames avec des performances fiables<\/li>\n<li>\u2705 Options OEM et sur mesure - mod\u00e8les de trous, \u00e9paisseur, marquage et finition disponibles<\/li>\n<li>\u2705 Installation et remplacement rapides et faciles = gain de temps pour l'installateur et le mainteneur<\/li>\n<\/ul>\n<h2 style=\"font-size: 20px; margin-top: 20px;\">\ud83d\udd0e Aper\u00e7u du produit<\/h2>\n<p style=\"margin-bottom: 15px;\">Plac\u00e9e entre le 1er et le 2e panneau des portes sectionnelles, la charni\u00e8re de rouleau de porte de garage #1 soutient le rouleau et permet un mouvement de pivotement afin que la porte reste align\u00e9e lorsqu'elle roule le long du rail. Fabriqu\u00e9e en acier lourd de calibre 14, cette charni\u00e8re offre une plus grande stabilit\u00e9 que les charni\u00e8res l\u00e9g\u00e8res. Le rev\u00eatement galvanis\u00e9 garantit une r\u00e9sistance durable \u00e0 la corrosion dans les environnements humides ou salins. \ud83c\udfd7\ufe0f<\/p>\n<p style=\"margin-bottom: 15px;\">Gr\u00e2ce \u00e0 des tests rigoureux de charge et de cycle de vie, cette charni\u00e8re est con\u00e7ue pour fonctionner dans le cadre d'une utilisation quotidienne fr\u00e9quente. Parfait pour les maisons avec des espaces de vie au-dessus du garage. \ud83d\udcaa<\/p>\n<h2 style=\"font-size: 20px; margin-top: 20px;\">\ud83d\udcd0 Sp\u00e9cifications techniques<\/h2>\n<table style=\"width: 100%; border-collapse: collapse; margin: 15px 0;\">\n<tbody>\n<tr>\n<td style=\"border: 1px solid #ccc; padding: 8px;\">Nom du produit<\/td>\n<td style=\"border: 1px solid #ccc; padding: 8px;\">Charni\u00e8re de porte de garage robuste en acier de calibre 14 #1<\/td>\n<\/tr>\n<tr>\n<td style=\"border: 1px solid #ccc; padding: 8px;\">Type<\/td>\n<td style=\"border: 1px solid #ccc; padding: 8px;\">Charni\u00e8re \u00e0 rouleau \/ Charni\u00e8re lat\u00e9rale<\/td>\n<\/tr>\n<tr>\n<td style=\"border: 1px solid #ccc; padding: 8px;\">Mat\u00e9riau<\/td>\n<td style=\"border: 1px solid #ccc; padding: 8px;\">Acier galvanis\u00e9 \u00e0 haute r\u00e9sistance de Baosteel<\/td>\n<\/tr>\n<tr>\n<td style=\"border: 1px solid #ccc; padding: 8px;\">Jauge<\/td>\n<td style=\"border: 1px solid #ccc; padding: 8px;\">14GA (1,8mm d'\u00e9paisseur)<\/td>\n<\/tr>\n<tr>\n<td style=\"border: 1px solid #ccc; padding: 8px;\">Finition<\/td>\n<td style=\"border: 1px solid #ccc; padding: 8px;\">Galvanis\u00e9<\/td>\n<\/tr>\n<tr>\n<td style=\"border: 1px solid #ccc; padding: 8px;\">Applications<\/td>\n<td style=\"border: 1px solid #ccc; padding: 8px;\">R\u00e9sidentiel, commercial l\u00e9ger<\/td>\n<\/tr>\n<tr>\n<td style=\"border: 1px solid #ccc; padding: 8px;\">OEM\/ODM<\/td>\n<td style=\"border: 1px solid #ccc; padding: 8px;\">Disponible - Taille, marquage, emballage sur mesure<\/td>\n<\/tr>\n<\/tbody>\n<\/table>\n<h2 style=\"font-size: 20px; margin-top: 20px;\">\ud83c\udfe1 Applications<\/h2>\n<ul style=\"margin: 10px 0 15px 20px;\">\n<li>\ud83d\udd39 Portes de garage r\u00e9sidentielles sectionnelles avec charni\u00e8res \u00e0 rouleau cliquetantes<\/li>\n<li>\ud83d\udd39 Portes de transit commerciales l\u00e9g\u00e8res dans les entrep\u00f4ts, les installations de stockage et les ateliers<\/li>\n<li>charni\u00e8re de remplacement pour les pi\u00e8ces cass\u00e9es ou corrod\u00e9es<\/li>\n<li>ODM charni\u00e8res sp\u00e9ciales pour les usines de portes de garage d'autres marques<\/li>\n<li>\ud83d\udd39 Convient aux zones humides et c\u00f4ti\u00e8res gr\u00e2ce au rev\u00eatement galvanis\u00e9<\/li>\n<\/ul>\n<h2 style=\"font-size: 20px; margin-top: 20px;\">\u2699\ufe0f OEM et personnalisation<\/h2>\n<p style=\"margin-bottom: 15px;\">Avec plus de 20 ans d'exp\u00e9rience dans la production de produits OEM et ODM <strong style=\"color: #2c3e50;\">charni\u00e8res de porte de garage<\/strong> Pour ce qui est de la quincaillerie pour les portes et les rouleaux, nous offrons des possibilit\u00e9s de personnalisation, notamment en ce qui concerne l'\u00e9paisseur de 12 \u00e0 14 ga, l'espacement des trous de la feuille et la finition de la surface, comme le rev\u00eatement par poudre, le rev\u00eatement c\u00e9ramique ou la galvanisation. Les clients peuvent choisir un marquage priv\u00e9 avec des logos gaufr\u00e9s ou grav\u00e9s au laser et un emballage personnalis\u00e9 comme des cartons imprim\u00e9s, des blisters ou une protection en mousse pour une exp\u00e9dition en toute s\u00e9curit\u00e9 et une meilleure pr\u00e9sentation de la marque. \ud83d\udd29<\/p>\n<h2 style=\"font-size: 20px; margin-top: 20px;\">\ud83d\udd12 Durabilit\u00e9 et performance<\/h2>\n<p style=\"margin-bottom: 15px;\">Fabriqu\u00e9e en acier galvanis\u00e9 14Ga (1,8 mm), cette charni\u00e8re est con\u00e7ue pour durer et fournir des ann\u00e9es de service sans probl\u00e8me. Des milliers de tests de cycles d'ouverture et de fermeture garantissent un fonctionnement en douceur et un pivotement silencieux. La construction robuste surpasse les alternatives plus l\u00e9g\u00e8res et n\u00e9cessite un entretien minimal. La finition galvanis\u00e9e am\u00e9liore la r\u00e9sistance \u00e0 la corrosion pour la fabrication, la construction, l'industrie, l'\u00e9quipement automobile et les applications c\u00f4ti\u00e8res\/\u00e0 forte humidit\u00e9. \ud83d\udcaf<\/p>\n<h2 style=\"font-size: 20px; margin-top: 20px;\">\ud83d\udce6 Emballage et livraison<\/h2>\n<ul style=\"margin: 10px 0 15px 20px;\">\n<li>\ud83d\udce6 Emballage d'exportation s\u00fbr avec des couches de protection<\/li>\n<li>\ud83c\udf81 Options d'emballage personnalis\u00e9es - bo\u00eetes de marque, blisters ou palettes<\/li>\n<li>\ud83c\udf0d Pas de MOQ, id\u00e9al pour les petites ou grandes commandes<\/li>\n<li>\ud83d\ude9a Exp\u00e9dition rapide dans le monde entier<\/li>\n<\/ul>\n<h2 style=\"font-size: 20px; margin-top: 20px;\">\ud83c\udf0d Pourquoi nous choisir<\/h2>\n<p style=\"margin-bottom: 15px;\">En tant que l'un des fabricants de charni\u00e8res de porte de garage les plus fiables de l'industrie, nous utilisons une ing\u00e9nierie de premier ordre, des processus de production sup\u00e9rieurs et un contr\u00f4le de qualit\u00e9 strict pour vous fournir les bonnes pi\u00e8ces \u00e0 chaque fois. Nos charni\u00e8res \u00e0 rouleaux robustes sont plaqu\u00e9es et test\u00e9es au-del\u00e0 des normes, ce qui garantit une s\u00e9curit\u00e9 maximale. Soutenus par des d\u00e9cennies d'exp\u00e9rience de conception et de fabrication OEM, une logistique comp\u00e9titive et un support client expert, nous sommes votre source de confiance pour la quincaillerie de porte de garage de premi\u00e8re qualit\u00e9. \ud83c\udf1f<\/p>\n<\/section>","protected":false},"excerpt":{"rendered":"<p>D\u00e9couvrez les charni\u00e8res de porte de garage robustes en acier galvanis\u00e9 de calibre 14 #1. Cette charni\u00e8re \u00e0 rouleau garantit la solidit\u00e9, la durabilit\u00e9 et le fonctionnement en douceur des portes de garage sectionnelles r\u00e9sidentielles et commerciales l\u00e9g\u00e8res, avec des options de personnalisation OEM.<\/p>","protected":false},"featured_media":5879,"comment_status":"open","ping_status":"closed","template":"","meta":{"_acf_changed":false},"product_brand":[],"product_cat":[34],"product_tag":[],"class_list":{"0":"post-5878","1":"product","2":"type-product","3":"status-publish","4":"has-post-thumbnail","6":"product_cat-hinges","8":"first","9":"instock","10":"shipping-taxable","11":"product-type-simple"},"acf":[],"_links":{"self":[{"href":"https:\/\/www.baoteng.cc\/fr\/wp-json\/wp\/v2\/product\/5878","targetHints":{"allow":["GET"]}}],"collection":[{"href":"https:\/\/www.baoteng.cc\/fr\/wp-json\/wp\/v2\/product"}],"about":[{"href":"https:\/\/www.baoteng.cc\/fr\/wp-json\/wp\/v2\/types\/product"}],"replies":[{"embeddable":true,"href":"https:\/\/www.baoteng.cc\/fr\/wp-json\/wp\/v2\/comments?post=5878"}],"wp:featuredmedia":[{"embeddable":true,"href":"https:\/\/www.baoteng.cc\/fr\/wp-json\/wp\/v2\/media\/5879"}],"wp:attachment":[{"href":"https:\/\/www.baoteng.cc\/fr\/wp-json\/wp\/v2\/media?parent=5878"}],"wp:term":[{"taxonomy":"product_brand","embeddable":true,"href":"https:\/\/www.baoteng.cc\/fr\/wp-json\/wp\/v2\/product_brand?post=5878"},{"taxonomy":"product_cat","embeddable":true,"href":"https:\/\/www.baoteng.cc\/fr\/wp-json\/wp\/v2\/product_cat?post=5878"},{"taxonomy":"product_tag","embeddable":true,"href":"https:\/\/www.baoteng.cc\/fr\/wp-json\/wp\/v2\/product_tag?post=5878"}],"curies":[{"name":"wp","href":"https:\/\/api.w.org\/{rel}","templated":true}]}}