{"id":5904,"date":"2025-09-15T01:07:13","date_gmt":"2025-09-15T01:07:13","guid":{"rendered":"https:\/\/baoteng.cc\/?post_type=product&#038;p=5904"},"modified":"2025-09-15T01:30:28","modified_gmt":"2025-09-15T01:30:28","slug":"porte-de-garage-charnieres-a-usage-intensif-charniere-de-bord-de-portail","status":"publish","type":"product","link":"https:\/\/www.baoteng.cc\/fr\/produit\/porte-de-garage-charnieres-a-usage-intensif-charniere-de-bord-de-portail\/","title":{"rendered":"Garage Door Heavy Duty Hinges 14 Gauge Steel #5 Residential Light Commercial Replacement Heavy Duty Gate Hinges Edge Hinge"},"content":{"rendered":"<section style=\"font-family: Arial,sans-serif; line-height: 1.6; color: #333;\">\n<header>\n<h1 style=\"color: #1e90ff;\">\ud83d\udd29 Charni\u00e8res robustes pour portes de garage - Charni\u00e8res de portail en acier de calibre 14 #5 avec finition galvanis\u00e9e<\/h1>\n<p style=\"font-size: 1rem;\">Pour un usage r\u00e9sidentiel ou commercial l\u00e9ger<\/p>\n<\/header>\n<p>\ud83d\udeaa\u2699\ufe0f Le <strong style=\"color: #ff4500;\">Charni\u00e8res pour portes de garage<\/strong>\u00a0est l'une des pi\u00e8ces les plus cruciales d'une porte de garage sectionnelle, offrant un support robuste et un point de pivot facile pour votre troisi\u00e8me panneau. Fabriqu\u00e9e en acier galvanis\u00e9 de 1,8 mm d'\u00e9paisseur, cette charni\u00e8re durable est tr\u00e8s robuste et offre une r\u00e9sistance exceptionnelle \u00e0 la rouille, ce qui en fait une excellente option pour un usage r\u00e9sidentiel et commercial l\u00e9ger qui durera des d\u00e9cennies.<\/p>\n<p>\ud83c\udf1f Id\u00e9ales pour les applications r\u00e9sidentielles, industrielles et commerciales l\u00e9g\u00e8res, ces charni\u00e8res de porte de garage #5 \u00e0 usage intensif maintiennent les portes dans l'alignement et supportent le poids du rouleau ou des panneaux de porte. La finition galvanis\u00e9e aide \u00e0 prot\u00e9ger contre la corrosion et les \u00e9l\u00e9ments, ce qui la rend parfaite pour les zones c\u00f4ti\u00e8res ou \u00e0 forte humidit\u00e9. Qu'il s'agisse de construire une nouvelle porte ou de remplacer de vieilles charni\u00e8res us\u00e9es, cette charni\u00e8re offre une qualit\u00e9 et des performances in\u00e9gal\u00e9es.<\/p>\n<header>\n<h2 style=\"color: #32cd32;\">\ud83c\udf1f Caract\u00e9ristiques principales<\/h2>\n<\/header>\n<ul>\n<li>Acier galvanis\u00e9 de calibre 14 (1,8 mm) qui ne s'affaissera pas et ne rouillera pas.<\/li>\n<li>\u2705 Vis \u00e0 t\u00eate hexagonale galvanis\u00e9e 8 x 1\/4\u2033 \u00e0 longue dur\u00e9e de vie incluses ; pour les portes jusqu'\u00e0 2\u2033 d'\u00e9paisseur<\/li>\n<li>\u2705 La finition galvanis\u00e9e durable aide \u00e0 pr\u00e9venir la corrosion pour une utilisation durable.<\/li>\n<li>\u2705 Am\u00e9liore l'alignement des panneaux de porte et le bon fonctionnement des rouleaux<\/li>\n<li>\u2705 Options OEM et personnalis\u00e9es - \u00e9paisseur, mod\u00e8les de trous, marquage, finitions ; installation et remplacement rapides pour r\u00e9duire les temps d'arr\u00eat de l'installateur<\/li>\n<li>\u2705 Traitement conservateur pour les applications c\u00f4ti\u00e8res ou \u00e0 forte humidit\u00e9<\/li>\n<\/ul>\n<header>\n<h2 style=\"color: #32cd32;\">\ud83d\udd0e Aper\u00e7u du produit<\/h2>\n<\/header>\n<p>Les charni\u00e8res #5 pour portes de garage \u00e0 usage intensif situ\u00e9es sur le troisi\u00e8me panneau des portes de garage sectionnelles sont essentielles pour un fonctionnement sans heurts. Fabriqu\u00e9e en acier haute r\u00e9sistance de calibre 14, cette charni\u00e8re de bord est plus robuste que les charni\u00e8res plus l\u00e9g\u00e8res, ce qui permet de maintenir les panneaux align\u00e9s et de r\u00e9duire l'usure des porte-rouleaux. Finie par un processus de galvanisation, elle r\u00e9siste \u00e0 l'eau, \u00e0 la rouille et \u00e0 l'exposition quotidienne aux \u00e9l\u00e9ments. \ud83c\udfd7\ufe0f<\/p>\n<p>Con\u00e7u pour les portes r\u00e9sidentielles, commerciales et industrielles lourdes, il offre des performances durables. La personnalisation OEM est disponible pour l'\u00e9paisseur, les sch\u00e9mas de per\u00e7age et les finitions de surface afin de r\u00e9pondre aux exigences sp\u00e9cifiques d'un projet. \ud83d\udcaa<\/p>\n<header>\n<h2 style=\"color: #32cd32;\">\ud83d\udcd0 Sp\u00e9cifications techniques<\/h2>\n<\/header>\n<table style=\"border-collapse: collapse; width: 100%; text-align: left;\" border=\"1\" cellspacing=\"0\" cellpadding=\"6\">\n<tbody>\n<tr>\n<th>Nom du produit<\/th>\n<td>14Ga 5# Charni\u00e8re<\/td>\n<\/tr>\n<tr>\n<th>Type<\/th>\n<td>Charni\u00e8res pour portes de garage<\/td>\n<\/tr>\n<tr>\n<th>Mat\u00e9riau<\/th>\n<td>Acier \u00e0 haute r\u00e9sistance<\/td>\n<\/tr>\n<tr>\n<th>Jauge<\/th>\n<td>14GA (1,8mm)<\/td>\n<\/tr>\n<tr>\n<th>Finition<\/th>\n<td>Galvanis\u00e9<\/td>\n<\/tr>\n<tr>\n<th>Applications<\/th>\n<td>Portes de garage sectionnelles r\u00e9sidentielles et commerciales l\u00e9g\u00e8res<\/td>\n<\/tr>\n<tr>\n<th>OEM\/ODM<\/th>\n<td>Disponible - Taille, marque, emballage sur mesure<\/td>\n<\/tr>\n<\/tbody>\n<\/table>\n<header>\n<h2 style=\"color: #32cd32;\">\ud83c\udfe1 Applications<\/h2>\n<\/header>\n<ul>\n<li>\ud83d\udd39 Portes de garage r\u00e9sidentielles sectionnelles charni\u00e8res centrales \/ d'extr\u00e9mit\u00e9<\/li>\n<li>\ud83d\udd39 Portes commerciales l\u00e9g\u00e8res dans les ateliers, les entrep\u00f4ts et les hangars de stockage<\/li>\n<li>\ud83d\udd39 Remplacer les charni\u00e8res #5 endommag\u00e9es ou corrod\u00e9es<\/li>\n<li>\ud83d\udd39 OEM sp\u00e9cifi\u00e9 pour les syst\u00e8mes de portes de garage sur mesure<\/li>\n<li>\ud83d\udd39 Id\u00e9al pour les r\u00e9gions c\u00f4ti\u00e8res ou \u00e0 forte humidit\u00e9<\/li>\n<\/ul>\n<header>\n<h2 style=\"color: #32cd32;\">\u2699\ufe0f OEM et personnalisation<\/h2>\n<\/header>\n<p>Avec plus de 20 ans d'exp\u00e9rience en mati\u00e8re d'OEM et d'ODM, nous concevons et fabriquons des charni\u00e8res pour portes de garage \u00e0 usage intensif selon vos sp\u00e9cifications. Les options comprennent l'\u00e9paisseur (12Ga-14Ga), l'espacement des trous, les finitions (galvanisation, rev\u00eatement en poudre, c\u00e9ramique), le marquage priv\u00e9 avec des logos grav\u00e9s au laser ou en relief, et l'emballage personnalis\u00e9 tel que des cartons imprim\u00e9s, des blisters, des cartes de pr\u00e9sentation ou des inserts en mousse. \ud83d\udd29<\/p>\n<header>\n<h2 style=\"color: #32cd32;\">\ud83d\udd12 Durabilit\u00e9 et performance<\/h2>\n<\/header>\n<p>Cette charni\u00e8re r\u00e9versible \u00e0 cran d'arr\u00eat est fabriqu\u00e9e en acier galvanis\u00e9 14Ga (1,8 mm) et r\u00e9siste \u00e0 la corrosion. Con\u00e7ue pour un usage intensif, elle offre un pivotement en douceur, un faible niveau sonore et une usure minimale des portes et des rouleaux. Sa conception robuste surpasse les mod\u00e8les plus l\u00e9gers, offrant une durabilit\u00e9 avec tr\u00e8s peu d'entretien. \ud83d\udcaf<\/p>\n<header>\n<h2 style=\"color: #32cd32;\">\ud83d\udce6 Emballage et livraison<\/h2>\n<\/header>\n<ul>\n<li>\ud83d\udce6 Emballage de protection conforme aux normes d'exportation<\/li>\n<li>\ud83c\udf81 Options d'emballage OEM : bo\u00eete d'emballage de marque, carte blister ou palette<\/li>\n<li>\ud83c\udf0d MOQ flexible pour les petites ou grandes commandes<\/li>\n<li>\ud83d\ude9a Exp\u00e9dition internationale en toute s\u00e9curit\u00e9 jusqu'\u00e0 votre lieu de r\u00e9sidence<\/li>\n<\/ul>\n<header>\n<h2 style=\"color: #32cd32;\">\ud83c\udf1f Pourquoi nous choisir<\/h2>\n<\/header>\n<p>En tant que fabricants exp\u00e9riment\u00e9s de charni\u00e8res pour portes de garage \u00e0 usage intensif et de charni\u00e8res de bord, notre quincaillerie utilise des processus de haute qualit\u00e9 pour garantir la meilleure r\u00e9sistance, durabilit\u00e9 et personnalisation OEM pour les applications de portes de garage r\u00e9sidentielles et commerciales l\u00e9g\u00e8res. \ud83c\udf1f<\/p>\n<\/section>","protected":false},"excerpt":{"rendered":"<p>Am\u00e9liorez vos portes de garage avec les charni\u00e8res pour portes de garage 14Ga #5. Fabriqu\u00e9e en acier galvanis\u00e9 de 1,8 mm, cette charni\u00e8re de bord assure un fonctionnement en douceur, une durabilit\u00e9 \u00e0 long terme et est id\u00e9ale pour les portes sectionnelles r\u00e9sidentielles et commerciales l\u00e9g\u00e8res. Possibilit\u00e9 de personnalisation OEM.<\/p>","protected":false},"featured_media":5907,"comment_status":"open","ping_status":"closed","template":"","meta":{"_acf_changed":false},"product_brand":[],"product_cat":[34],"product_tag":[],"class_list":{"0":"post-5904","1":"product","2":"type-product","3":"status-publish","4":"has-post-thumbnail","6":"product_cat-hinges","8":"first","9":"instock","10":"shipping-taxable","11":"product-type-simple"},"acf":[],"_links":{"self":[{"href":"https:\/\/www.baoteng.cc\/fr\/wp-json\/wp\/v2\/product\/5904","targetHints":{"allow":["GET"]}}],"collection":[{"href":"https:\/\/www.baoteng.cc\/fr\/wp-json\/wp\/v2\/product"}],"about":[{"href":"https:\/\/www.baoteng.cc\/fr\/wp-json\/wp\/v2\/types\/product"}],"replies":[{"embeddable":true,"href":"https:\/\/www.baoteng.cc\/fr\/wp-json\/wp\/v2\/comments?post=5904"}],"wp:featuredmedia":[{"embeddable":true,"href":"https:\/\/www.baoteng.cc\/fr\/wp-json\/wp\/v2\/media\/5907"}],"wp:attachment":[{"href":"https:\/\/www.baoteng.cc\/fr\/wp-json\/wp\/v2\/media?parent=5904"}],"wp:term":[{"taxonomy":"product_brand","embeddable":true,"href":"https:\/\/www.baoteng.cc\/fr\/wp-json\/wp\/v2\/product_brand?post=5904"},{"taxonomy":"product_cat","embeddable":true,"href":"https:\/\/www.baoteng.cc\/fr\/wp-json\/wp\/v2\/product_cat?post=5904"},{"taxonomy":"product_tag","embeddable":true,"href":"https:\/\/www.baoteng.cc\/fr\/wp-json\/wp\/v2\/product_tag?post=5904"}],"curies":[{"name":"wp","href":"https:\/\/api.w.org\/{rel}","templated":true}]}}