{"id":5937,"date":"2025-09-15T03:31:41","date_gmt":"2025-09-15T03:31:41","guid":{"rendered":"https:\/\/baoteng.cc\/?post_type=product&#038;p=5937"},"modified":"2025-09-15T03:41:19","modified_gmt":"2025-09-15T03:41:19","slug":"charnieres-de-porte-robustescharniere-de-portail-industriel","status":"publish","type":"product","link":"https:\/\/www.baoteng.cc\/fr\/produit\/charnieres-de-porte-robustescharniere-de-portail-industriel\/","title":{"rendered":"Charni\u00e8res de porte robustes Charni\u00e8re de portail industriel Charni\u00e8res r\u00e9glables en acier galvanis\u00e9 Quincaillerie de porte de garage sectionnelle 2.5mm 150mm"},"content":{"rendered":"<section style=\"width: 100%; font-family: Arial,Helvetica,sans-serif; line-height: 1.6;\">\n<header>\n<h1 style=\"font-size: 26px; font-weight: bold; margin-bottom: 10px;\">\ud83d\udeaa Charni\u00e8re de porte industrielle en acier galvanis\u00e9 r\u00e9glable pour portes de garage sectionnelles<\/h1>\n<\/header>\n<p>Nos charni\u00e8res de porte \u00e0 usage intensif sont fabriqu\u00e9es avec la plus haute qualit\u00e9. <strong>charni\u00e8re de portail industriel<\/strong> Ces charni\u00e8res sont robustes et offrent une solution id\u00e9ale et silencieuse pour les portes de garage sectionnelles. Fabriqu\u00e9es en acier lamin\u00e9 \u00e0 froid galvanis\u00e9 de 2,5 mm et con\u00e7ues avec une largeur de 150 mm, ces charni\u00e8res r\u00e9glables sont con\u00e7ues pour durer, elles sont \u00e9galement r\u00e9sistantes \u00e0 la rouille, ce qui les rend id\u00e9ales pour l'industrie et le commerce ainsi que pour la maison ! \ud83d\udd27<\/p>\n<h2 style=\"font-size: 22px; margin-top: 20px;\">Construction sup\u00e9rieure pour une force optimale \ud83d\udcaa<\/h2>\n<p>Les portes de garage subissent une usure r\u00e9guli\u00e8re due \u00e0 une utilisation r\u00e9p\u00e9t\u00e9e. Ces charni\u00e8res de porte en acier pour usage intensif sont fabriqu\u00e9es \u00e0 partir d'acier lamin\u00e9 \u00e0 froid, d\u00e9coup\u00e9 et form\u00e9 avec pr\u00e9cision pour une excellente r\u00e9sistance. Avec une \u00e9paisseur de 2,5 mm et une largeur de 150 mm, il s'agit de l'une des charni\u00e8res les plus robustes disponibles sur le march\u00e9. Le rev\u00eatement \u00e9poxy rend ces crochets tr\u00e8s r\u00e9sistants \u00e0 la rouille, m\u00eame dans les zones humides et c\u00f4ti\u00e8res qui peuvent provoquer une usure rapide. Ces charni\u00e8res durables se maintiennent sans se plier, se tordre ou s'user pr\u00e9matur\u00e9ment afin de pr\u00e9venir l'usure des charni\u00e8res et d'assurer un fonctionnement fiable du syst\u00e8me de porte de garage. \u2699\ufe0f<\/p>\n<h2 style=\"font-size: 22px; margin-top: 20px;\">Fonctionnement silencieux et sans \u00e0-coups \ud83d\udd07<\/h2>\n<p>Notre conception de charni\u00e8re de portail industriel est appr\u00e9ci\u00e9e pour sa r\u00e9duction du bruit. VESTA - vous offre une technologie sophistiqu\u00e9e de charni\u00e8res silencieuses pour r\u00e9duire le bruit global de la porte - vibrations, frottements, grincements - afin que vos portes de garage sectionnelles continuent \u00e0 r\u00e9pondre silencieusement. Ceci est important non seulement pour les garages domestiques o\u00f9 les familles pr\u00e9f\u00e8rent une utilisation silencieuse, mais aussi pour les garages commerciaux et les environnements industriels qui ont besoin d'une atmosph\u00e8re sans bruit de fonctionnement.<\/p>\n<h2 style=\"font-size: 22px; margin-top: 20px;\">Fiabilit\u00e9 en cas de charges lourdes \ud83d\ude9b<\/h2>\n<p>Les portes de garage sectionnelles sont des syst\u00e8mes \u00e0 usage intensif qui n\u00e9cessitent des charni\u00e8res capables de r\u00e9sister aux rigueurs d'une utilisation continue sans faiblir. Toutes ces charni\u00e8res sont test\u00e9es pour plus de 20 000 cycles afin de prouver leur solidit\u00e9 et leur durabilit\u00e9. Que ce soit \u00e0 l'int\u00e9rieur ou \u00e0 proximit\u00e9 d'entrep\u00f4ts, d'installations de manutention ou m\u00eame d'op\u00e9rations logistiques intenses, ces charni\u00e8res pour portes industrielles offrent la robustesse requise pour un usage quotidien intensif sans s'affaisser au fil du temps.<\/p>\n<h2 style=\"font-size: 22px; margin-top: 20px;\">Sp\u00e9cifications techniques \ud83d\udccb<\/h2>\n<table style=\"width: 100%; border-collapse: collapse;\" border=\"1\" cellpadding=\"8\">\n<tbody>\n<tr>\n<td><strong>Nom du produit<\/strong><\/td>\n<td>Porte de garage sectionnelle Charni\u00e8res r\u00e9glables en acier galvanis\u00e9<\/td>\n<\/tr>\n<tr>\n<td><strong>Mat\u00e9riau<\/strong><\/td>\n<td>Acier lourd lamin\u00e9 \u00e0 froid<\/td>\n<\/tr>\n<tr>\n<td><strong>\u00c9paisseur<\/strong><\/td>\n<td>2,5 mm<\/td>\n<\/tr>\n<tr>\n<td><strong>Largeur<\/strong><\/td>\n<td>150 mm<\/td>\n<\/tr>\n<tr>\n<td><strong>Finition<\/strong><\/td>\n<td>Rev\u00eatement antirouille galvanis\u00e9<\/td>\n<\/tr>\n<tr>\n<td><strong>Applications<\/strong><\/td>\n<td>Portes de garage sectionnelles industrielles \/ commerciales \/ r\u00e9sidentielles<\/td>\n<\/tr>\n<\/tbody>\n<\/table>\n<h2 style=\"font-size: 22px; margin-top: 20px;\">Solutions OEM et personnalisables \ud83c\udf0d\ud83c\udfed\ud83c\udfed<\/h2>\n<p>Forts de 20 ans d'exp\u00e9rience en mati\u00e8re d'OEM et d'ODM, nous sommes d\u00e9termin\u00e9s \u00e0 offrir des solutions de charni\u00e8res personnalis\u00e9es qui conviennent aux diff\u00e9rents march\u00e9s mondiaux. Les options disponibles comprennent des dimensions personnalis\u00e9es, des finitions alternatives (galvanisation\/couche de poudre\/peinture), la gravure de logo au laser, la correspondance Pantone, l'\u00e9tiquetage priv\u00e9 et l'emballage respectueux de l'environnement. Gr\u00e2ce \u00e0 nos capacit\u00e9s OEM, vos syst\u00e8mes de charni\u00e8res pour portes et portails industriels s'int\u00e8grent directement \u00e0 l'identit\u00e9 de votre marque et \u00e0 votre exposition sur le march\u00e9 mondial, am\u00e9liorant ainsi l'avantage concurrentiel de vos produits dans le monde entier.<\/p>\n<h2 style=\"font-size: 22px; margin-top: 20px;\">Applications \ud83c\udfe0\u2699\ufe0f\ud83c\udfe2\ud83d\ude9b<\/h2>\n<ul>\n<li>\ud83c\udfe0 Homes - Fonctionnement souple et silencieux de la porte de garage<\/li>\n<li>\u2699\ufe0f B\u00e2timents industriels - Charni\u00e8res industrielles robustes et r\u00e9sistantes<\/li>\n<li>\ud83c\udfe2 B\u00e2timents commerciaux - Une solution durable, \u00e0 fort taux de recyclage<\/li>\n<li>\ud83d\ude9b Transport et entrep\u00f4t - Des charni\u00e8res fiables pour une utilisation constante<\/li>\n<\/ul>\n<h2 style=\"font-size: 22px; margin-top: 20px;\">Principaux avantages \u2714<\/h2>\n<ul>\n<li>Fabriqu\u00e9 en acier renforc\u00e9 de 2,5 mm d'\u00e9paisseur<\/li>\n<li>\u2714 Finition galvanis\u00e9e antirouille d'un bel aspect pendant de nombreuses ann\u00e9es<\/li>\n<li>\u2714 Conception de la charni\u00e8re avec suppression du bruit pour un jeu silencieux<\/li>\n<li>\u2714 Trous universels pour un montage et une installation faciles<\/li>\n<li>\u2714 Offrir un service OEM et ODM aux distributeurs de la r\u00e9gion afin d'\u00e9tablir des relations commerciales \u00e0 long terme.<\/li>\n<li>\u2714 ISO-TESTED - Nos charni\u00e8res sont test\u00e9es pour r\u00e9pondre aux normes de s\u00e9curit\u00e9 et aux contr\u00f4les de qualit\u00e9 les plus stricts.<\/li>\n<\/ul>\n<h2 style=\"font-size: 22px; margin-top: 20px;\">Tests et assurance qualit\u00e9 \u2705<\/h2>\n<p>Toutes les charni\u00e8res sont soumises \u00e0 des essais certifi\u00e9s ISO, \u00e0 une r\u00e9sistance \u00e0 la corrosion par brouillard salin et \u00e0 un cycle de vie sup\u00e9rieur \u00e0 20 000 cycles d'ouverture-fermeture. Cela garantit que chaque charni\u00e8re que nous fabriquons est d'une qualit\u00e9 parfaite ; il n'y a tout simplement pas de meilleure solution pour s'assurer que vous recevez la meilleure qualit\u00e9 possible !<\/p>\n<h2 style=\"font-size: 22px; margin-top: 20px;\">Adaptabilit\u00e9 au march\u00e9 mondial \ud83c\udf0e<\/h2>\n<p>Nos charni\u00e8res sont utilis\u00e9es dans des milliers d'applications r\u00e9sidentielles, commerciales et industrielles dans le monde entier. Nous r\u00e9pondons aux diverses demandes du march\u00e9 en proposant des emballages sous marque de distributeur, des finitions sp\u00e9ciales ou en respectant les normes internationales.<\/p>\n<h2 style=\"font-size: 22px; margin-top: 20px;\">Installation et entretien \ud83d\udd27<\/h2>\n<p>Le produit comprend un sch\u00e9ma de per\u00e7age universel pour une installation rapide et facile. Peu d'entretien est n\u00e9cessaire - un peu de lubrification de temps en temps permettra aux m\u00e9canismes des portes de garage sectionnelles de fonctionner silencieusement et en douceur pendant de nombreuses ann\u00e9es.<\/p>\n<h2 style=\"font-size: 22px; margin-top: 20px;\">Fabrication durable \ud83c\udf31<\/h2>\n<p>Le d\u00e9veloppement durable fait partie int\u00e9grante de notre processus de fabrication. Nous luttons \u00e9galement contre le gaspillage : nous \u00e9conomisons de l'espace et des mat\u00e9riaux dans nos barres d'acier, qui proviennent toutes de fabricants certifi\u00e9s responsables disposant de programmes de recyclage ; nous produisons en fin de compte le moins de d\u00e9chets de mat\u00e9riaux suppl\u00e9mentaires possible. Vous pouvez \u00e9galement choisir d'ajouter un emballage en mousse EVA d\u00e9gradable pour une commande plus respectueuse de l'environnement. Choisir nos charni\u00e8res, c'est opter pour une durabilit\u00e9 \u00e0 long terme tout en respectant l'environnement.<\/p>\n<h2 style=\"font-size: 22px; margin-top: 20px;\">Conclusion \ud83d\udeaa\ud83d\udd29\ud83d\udd29\ud83d\udeaa\ud83d\udd29<\/h2>\n<p>Nos charni\u00e8res de porte \u00e0 usage intensif pr\u00e9sentent un design industriel, avec toute la force que vous attendez. Soutenues par des d\u00e9cennies de d\u00e9veloppement de produits OEM et \u00e9prouv\u00e9es pour satisfaire ou d\u00e9passer les exigences de test et de certification des normes industrielles, ces charni\u00e8res r\u00e9glables en acier galvanis\u00e9 sont l'option id\u00e9ale pour les maisons, les entrep\u00f4ts, les salles d'exposition et les installations industrielles.<\/p>\n<\/section>","protected":false},"excerpt":{"rendered":"<p>D\u00e9couvrez les charni\u00e8res de porte \u00e0 usage intensif avec la force de charni\u00e8re de portail industriel. Charni\u00e8res r\u00e9glables en acier galvanis\u00e9 pour portes de garage sectionnelles, \u00e9paisseur de 2,5 mm, largeur de 150 mm, finition antirouille, durables, silencieuses et personnalisables OEM pour des applications globales.<\/p>","protected":false},"featured_media":5938,"comment_status":"open","ping_status":"closed","template":"","meta":{"_acf_changed":false},"product_brand":[],"product_cat":[34],"product_tag":[],"class_list":{"0":"post-5937","1":"product","2":"type-product","3":"status-publish","4":"has-post-thumbnail","6":"product_cat-hinges","8":"first","9":"instock","10":"shipping-taxable","11":"product-type-simple"},"acf":[],"_links":{"self":[{"href":"https:\/\/www.baoteng.cc\/fr\/wp-json\/wp\/v2\/product\/5937","targetHints":{"allow":["GET"]}}],"collection":[{"href":"https:\/\/www.baoteng.cc\/fr\/wp-json\/wp\/v2\/product"}],"about":[{"href":"https:\/\/www.baoteng.cc\/fr\/wp-json\/wp\/v2\/types\/product"}],"replies":[{"embeddable":true,"href":"https:\/\/www.baoteng.cc\/fr\/wp-json\/wp\/v2\/comments?post=5937"}],"wp:featuredmedia":[{"embeddable":true,"href":"https:\/\/www.baoteng.cc\/fr\/wp-json\/wp\/v2\/media\/5938"}],"wp:attachment":[{"href":"https:\/\/www.baoteng.cc\/fr\/wp-json\/wp\/v2\/media?parent=5937"}],"wp:term":[{"taxonomy":"product_brand","embeddable":true,"href":"https:\/\/www.baoteng.cc\/fr\/wp-json\/wp\/v2\/product_brand?post=5937"},{"taxonomy":"product_cat","embeddable":true,"href":"https:\/\/www.baoteng.cc\/fr\/wp-json\/wp\/v2\/product_cat?post=5937"},{"taxonomy":"product_tag","embeddable":true,"href":"https:\/\/www.baoteng.cc\/fr\/wp-json\/wp\/v2\/product_tag?post=5937"}],"curies":[{"name":"wp","href":"https:\/\/api.w.org\/{rel}","templated":true}]}}