{"id":6006,"date":"2025-09-15T09:29:48","date_gmt":"2025-09-15T09:29:48","guid":{"rendered":"https:\/\/baoteng.cc\/?post_type=product&#038;p=6006"},"modified":"2025-09-15T09:41:42","modified_gmt":"2025-09-15T09:41:42","slug":"support-de-roulement-pour-porte-de-garage-robuste","status":"publish","type":"product","link":"https:\/\/www.baoteng.cc\/fr\/produit\/support-de-roulement-pour-porte-de-garage-robuste\/","title":{"rendered":"Support de roulement de porte de garage Support central robuste en acier galvanis\u00e9 Syst\u00e8mes de porte de garage r\u00e9sidentiels et commerciaux"},"content":{"rendered":"<section style=\"width: 100%; font-family: Arial, sans-serif; line-height: 1.6; color: #222;\">\n<header>\n<h1 style=\"font-size: 26px; font-weight: bold; margin-bottom: 10px;\">\ud83d\udd29 Support de roulement de porte de garage - Acier galvanis\u00e9 haute r\u00e9sistance<\/h1>\n<\/header>\n<p>Notre <strong style=\"color: #c00;\">support de roulement de porte de garage<\/strong> est con\u00e7u pour des performances durables et est fabriqu\u00e9 en acier dur avec une finition durable. Construit en acier galvanis\u00e9 de 2,5 mm d'\u00e9paisseur avec un entraxe de roulement de 67 mm, ce support offre un support central solide pour les ressorts de torsion et les arbres, permettant un fonctionnement plus doux de la porte et r\u00e9duisant l'usure des rouleaux et des c\u00e2bles. \ud83d\udeaa<\/p>\n<h2 style=\"font-size: 22px; margin-top: 20px;\">Construction en acier galvanis\u00e9 de premi\u00e8re qualit\u00e9 \u2699\ufe0f<\/h2>\n<p>Fabriqu\u00e9 en acier galvanis\u00e9 \u00e0 haute r\u00e9sistance, ce support robuste est con\u00e7u pour r\u00e9sister aux \u00e9l\u00e9ments et \u00e0 une utilisation fr\u00e9quente. L'\u00e9paisseur de 2,5 mm garantit une durabilit\u00e9 \u00e0 long terme, m\u00eame dans les environnements difficiles. Le rev\u00eatement galvanis\u00e9 r\u00e9siste \u00e0 la rouille et \u00e0 la corrosion dans des conditions humides, s\u00e8ches, chaudes et froides, offrant des performances fiables au fil du temps. \ud83d\udcaa<\/p>\n<h2 style=\"font-size: 22px; margin-top: 20px;\">Conception optimis\u00e9e des centres de roulements \ud83d\udd29<\/h2>\n<p>Avec un entraxe pr\u00e9cis de 67 mm, le support s'aligne parfaitement sur les arbres de torsion et les galets. Cette conception pr\u00e9cise garantit un fonctionnement souple et silencieux de la porte, r\u00e9duit l'usure du tambour de c\u00e2ble et des roues, et prolonge la dur\u00e9e de vie des portes et des ouvre-portes. Le double roulement sup\u00e9rieur emp\u00eache l'affaissement et la rupture. Adapt\u00e9 \u00e0 un usage r\u00e9sidentiel et commercial, il garantit une ouverture et une fermeture en douceur. \ud83c\udfe0<\/p>\n<h2 style=\"font-size: 22px; margin-top: 20px;\">S\u00e9curit\u00e9 et stabilit\u00e9 accrues \ud83d\udee1\ufe0f<\/h2>\n<p>La s\u00e9curit\u00e9 est une priorit\u00e9 dans tout syst\u00e8me de porte de garage. Ce support central relie les ressorts de torsion en toute s\u00e9curit\u00e9, \u00e9liminant ainsi les \u00e9carts dangereux entre les ressorts et les accidents potentiels. Un alignement et une tension corrects prolongent la dur\u00e9e de vie des composants, garantissant un fonctionnement s\u00fbr et fiable de la porte de garage. \ud83d\udd12<\/p>\n<h2 style=\"font-size: 22px; margin-top: 20px;\">Fonctionnement silencieux et sans \u00e0-coups \ud83d\udd07<\/h2>\n<p>La construction r\u00e9duit le bruit et les frottements pour un fonctionnement plus silencieux. Id\u00e9ale pour les garages r\u00e9sidentiels qui recherchent des performances douces et silencieuses, ainsi que pour les applications commerciales qui n\u00e9cessitent un fonctionnement fiable tout au long de la journ\u00e9e. Le support offre une r\u00e9sistance uniforme pour tous les styles de portes sectionnelles. \ud83d\ude9b<\/p>\n<h2 style=\"font-size: 22px; margin-top: 20px;\">Sp\u00e9cifications techniques \ud83d\udccb<\/h2>\n<table style=\"width: 100%; border-collapse: collapse; margin-top: 10px;\">\n<tbody>\n<tr style=\"background: #f4f4f4;\">\n<td style=\"padding: 8px; border: 1px solid #ccc;\">Nom du produit<\/td>\n<td style=\"padding: 8px; border: 1px solid #ccc;\">Support central de roulement de porte de garage<\/td>\n<\/tr>\n<tr>\n<td style=\"padding: 8px; border: 1px solid #ccc;\">Mat\u00e9riau<\/td>\n<td style=\"padding: 8px; border: 1px solid #ccc;\">Acier galvanis\u00e9<\/td>\n<\/tr>\n<tr style=\"background: #f4f4f4;\">\n<td style=\"padding: 8px; border: 1px solid #ccc;\">\u00c9paisseur<\/td>\n<td style=\"padding: 8px; border: 1px solid #ccc;\">2,5 mm<\/td>\n<\/tr>\n<tr>\n<td style=\"padding: 8px; border: 1px solid #ccc;\">Distance du centre du palier<\/td>\n<td style=\"padding: 8px; border: 1px solid #ccc;\">67mm<\/td>\n<\/tr>\n<tr style=\"background: #f4f4f4;\">\n<td style=\"padding: 8px; border: 1px solid #ccc;\">Finition<\/td>\n<td style=\"padding: 8px; border: 1px solid #ccc;\">Rev\u00eatement antirouille galvanis\u00e9<\/td>\n<\/tr>\n<tr>\n<td style=\"padding: 8px; border: 1px solid #ccc;\">Application<\/td>\n<td style=\"padding: 8px; border: 1px solid #ccc;\">Portes de garage r\u00e9sidentielles et commerciales<\/td>\n<\/tr>\n<tr style=\"background: #f4f4f4;\">\n<td style=\"padding: 8px; border: 1px solid #ccc;\">Installation<\/td>\n<td style=\"padding: 8px; border: 1px solid #ccc;\">Fixation par vis facile, montage universel<\/td>\n<\/tr>\n<\/tbody>\n<\/table>\n<h2 style=\"font-size: 22px; margin-top: 20px;\">Fabrication OEM et personnalisable \ud83c\udf0d\ud83c\udfed\ud83c\udfed<\/h2>\n<p>Avec plus de 20 ans d'exp\u00e9rience en mati\u00e8re d'OEM\/ODM, nous fournissons des produits enti\u00e8rement personnalisables. <strong style=\"color: #c00;\">supports de roulement pour porte de garage<\/strong>. Les options comprennent la variation de l'\u00e9paisseur de l'acier, les rev\u00eatements sp\u00e9cialis\u00e9s (rev\u00eatement en poudre, galvanisation, peinture), les logos personnalis\u00e9s, la correspondance des couleurs Pantone et l'emballage sous marque de distributeur. Les clients peuvent ainsi r\u00e9pondre aux diverses demandes du march\u00e9 et aux exigences de la marque. \ud83c\udf31<\/p>\n<h2 style=\"font-size: 22px; margin-top: 20px;\">Applications dans tous les secteurs \ud83c\udfe0\u2699\ufe0f\ud83c\udfe2\ud83d\ude9b<\/h2>\n<ul style=\"margin-left: 20px;\">\n<li>\ud83c\udfe0 Garages r\u00e9sidentiels - Fonctionnement quotidien r\u00e9gulier, silencieux et fiable.<\/li>\n<li>\u2699\ufe0f Unit\u00e9s commerciales l\u00e9g\u00e8res - Support robuste pour les portes \u00e0 trafic mod\u00e9r\u00e9 \u00e0 \u00e9lev\u00e9.<\/li>\n<li>\ud83c\udfe2 B\u00e2timents industriels - Des performances fiables dans des conditions de contraintes \u00e9lev\u00e9es.<\/li>\n<li>\ud83d\ude9b Entrep\u00f4ts et logistique - Des performances durables pour un fonctionnement continu.<\/li>\n<\/ul>\n<h2 style=\"font-size: 22px; margin-top: 20px;\">Principaux avantages \u2714<\/h2>\n<ul style=\"margin-left: 20px;\">\n<li>\u2714 Construit en acier galvanis\u00e9 de 2,5 mm pour une durabilit\u00e9 \u00e0 toute \u00e9preuve<\/li>\n<li>\u2714 67mm d'entraxe des roulements pour un alignement pr\u00e9cis<\/li>\n<li>\u2714 Supporte les ressorts de torsion et les arbres pour un fonctionnement en douceur<\/li>\n<li>Compatible avec toutes les portes sectionnelles et basculantes<\/li>\n<li>\u2714 Installation facile avec des outils manuels standard<\/li>\n<li>\u2714 Options de marques priv\u00e9es OEM et ODM disponibles<\/li>\n<li>\u2714 Test\u00e9 pour plus de 20 000 cycles d'ouverture\/fermeture<\/li>\n<\/ul>\n<h2 style=\"font-size: 22px; margin-top: 20px;\">Tests et assurance qualit\u00e9 \u2705<\/h2>\n<p>Chaque <strong style=\"color: #c00;\">support de roulement de porte de garage<\/strong> est soumis \u00e0 des tests de capacit\u00e9 de charge, de r\u00e9sistance \u00e0 la corrosion par brouillard salin et de dur\u00e9e de vie cyclique. Conforme aux normes de s\u00e9curit\u00e9 des \u00c9tats-Unis et de l'Union europ\u00e9enne, il garantit la fiabilit\u00e9, la durabilit\u00e9 et des performances sup\u00e9rieures sur le long terme. \ud83d\udcaf<\/p>\n<h2 style=\"font-size: 22px; margin-top: 20px;\">Adaptabilit\u00e9 au march\u00e9 mondial \ud83c\udf0e<\/h2>\n<p>Test\u00e9 dans une vari\u00e9t\u00e9 de climats, des zones c\u00f4ti\u00e8res humides aux r\u00e9gions froides et s\u00e8ches, ce support convient \u00e0 la plupart des syst\u00e8mes de portes sectionnelles dans le monde entier, garantissant des performances, une s\u00e9curit\u00e9 et une fiabilit\u00e9 constantes sur n'importe quel march\u00e9. \ud83c\udf0d<\/p>\n<h2 style=\"font-size: 22px; margin-top: 20px;\">Installation simple et entretien r\u00e9duit \ud83d\udd27<\/h2>\n<p>Installation facile gr\u00e2ce aux trous de montage universels utilisant des outils standard. Une maintenance minimale est requise, seule une lubrification occasionnelle est n\u00e9cessaire, ce qui permet de r\u00e9duire les temps d'arr\u00eat, de diminuer les co\u00fbts et d'assurer une fiabilit\u00e9 \u00e0 long terme. \u2699\ufe0f<\/p>\n<h2 style=\"font-size: 22px; margin-top: 20px;\">Fabrication durable \ud83c\udf31<\/h2>\n<p>Nous donnons la priorit\u00e9 \u00e0 la durabilit\u00e9 en utilisant de l'acier certifi\u00e9, en minimisant les d\u00e9chets de production et en proposant des emballages recyclables\/biod\u00e9gradables. Cela permet d'assurer la p\u00e9rennit\u00e9 de l'activit\u00e9 de l'entreprise. <strong style=\"color: #c00;\">support de roulement de porte de garage<\/strong> est respectueux de l'environnement tout en conservant une grande durabilit\u00e9. \ud83c\udf3f<\/p>\n<h2 style=\"font-size: 22px; margin-top: 20px;\">Conclusion \ud83d\udeaa\ud83d\udd29\ud83d\udd29\ud83d\udeaa\ud83d\udd29<\/h2>\n<p>Le <strong style=\"color: #c00;\">support de roulement de porte de garage<\/strong> offre un soutien, une r\u00e9sistance et un fonctionnement sans faille pour les portes de garage r\u00e9sidentielles et commerciales. Avec un acier galvanis\u00e9 de 2,5 mm, un entraxe pr\u00e9cis de 67 mm, des options de personnalisation OEM et des tests de qualit\u00e9 rigoureux, c'est la solution ultime pour une performance fiable de la porte de garage. \ud83d\udd27<\/p>\n<\/section>","protected":false},"excerpt":{"rendered":"<p>Haute qualit\u00e9 <strong data-start=\"294\" data-end=\"325\">support de roulement de porte de garage<\/strong> Fabriqu\u00e9 en acier galvanis\u00e9 de 2,5 mm avec un entraxe de 67 mm. Il offre un support central sup\u00e9rieur, une durabilit\u00e9 et un fonctionnement en douceur pour les portes de garage r\u00e9sidentielles et commerciales, avec des options de personnalisation OEM.<\/p>","protected":false},"featured_media":6007,"comment_status":"open","ping_status":"closed","template":"","meta":{"_acf_changed":false},"product_brand":[],"product_cat":[36],"product_tag":[],"class_list":{"0":"post-6006","1":"product","2":"type-product","3":"status-publish","4":"has-post-thumbnail","6":"product_cat-brackets","8":"first","9":"instock","10":"shipping-taxable","11":"product-type-simple"},"acf":[],"_links":{"self":[{"href":"https:\/\/www.baoteng.cc\/fr\/wp-json\/wp\/v2\/product\/6006","targetHints":{"allow":["GET"]}}],"collection":[{"href":"https:\/\/www.baoteng.cc\/fr\/wp-json\/wp\/v2\/product"}],"about":[{"href":"https:\/\/www.baoteng.cc\/fr\/wp-json\/wp\/v2\/types\/product"}],"replies":[{"embeddable":true,"href":"https:\/\/www.baoteng.cc\/fr\/wp-json\/wp\/v2\/comments?post=6006"}],"wp:featuredmedia":[{"embeddable":true,"href":"https:\/\/www.baoteng.cc\/fr\/wp-json\/wp\/v2\/media\/6007"}],"wp:attachment":[{"href":"https:\/\/www.baoteng.cc\/fr\/wp-json\/wp\/v2\/media?parent=6006"}],"wp:term":[{"taxonomy":"product_brand","embeddable":true,"href":"https:\/\/www.baoteng.cc\/fr\/wp-json\/wp\/v2\/product_brand?post=6006"},{"taxonomy":"product_cat","embeddable":true,"href":"https:\/\/www.baoteng.cc\/fr\/wp-json\/wp\/v2\/product_cat?post=6006"},{"taxonomy":"product_tag","embeddable":true,"href":"https:\/\/www.baoteng.cc\/fr\/wp-json\/wp\/v2\/product_tag?post=6006"}],"curies":[{"name":"wp","href":"https:\/\/api.w.org\/{rel}","templated":true}]}}