{"id":6022,"date":"2025-09-15T10:14:47","date_gmt":"2025-09-15T10:14:47","guid":{"rendered":"https:\/\/baoteng.cc\/?post_type=product&#038;p=6022"},"modified":"2025-09-15T10:28:37","modified_gmt":"2025-09-15T10:28:37","slug":"porte-de-garage-support-de-roulement-central-2","status":"publish","type":"product","link":"https:\/\/www.baoteng.cc\/fr\/produit\/porte-de-garage-support-de-roulement-central-2\/","title":{"rendered":"Support de roulement central de porte de garage en acier galvanis\u00e9 Support universel d'une \u00e9paisseur de 4 mm et d'un centre de roulement de 150 mm Quincaillerie de porte sectionnelle \u00e0 usage intensif"},"content":{"rendered":"<section style=\"width: 100%; line-height: 1.6; font-family: Arial,sans-serif;\">\n<header>\n<h1 style=\"font-size: 24px;\">\ud83d\udd29 Support de roulement central de porte de garage - Acier galvanis\u00e9 haute r\u00e9sistance universel<\/h1>\n<\/header>\n<p>Le support de roulement central pour porte de garage est destin\u00e9 \u00e0 une application universelle sur les portes basculantes sectionnelles r\u00e9sidentielles et commerciales l\u00e9g\u00e8res. Fabriqu\u00e9 en acier galvanis\u00e9 de haute qualit\u00e9 d'une \u00e9paisseur de 4,0 mm, il est dot\u00e9 d'un entraxe de roulement fixe de 150 mm et d'un roulement int\u00e9gr\u00e9 stable pour une stabilit\u00e9, un faible niveau de bruit et une utilisation \u00e0 long terme. Id\u00e9al pour les arbres de tension, les rouleaux et les syst\u00e8mes de ressorts, il permet \u00e0 votre porte de fonctionner en douceur et contribue \u00e0 r\u00e9duire l'usure excessive de la quincaillerie. \ud83d\udeaa<\/p>\n<h2 style=\"font-size: 20px;\">Construction en acier galvanis\u00e9 de premi\u00e8re qualit\u00e9 \u2699\ufe0f<\/h2>\n<p>Fabriqu\u00e9 en acier galvanis\u00e9 robuste pour \u00e9viter l'humidit\u00e9 et r\u00e9sister \u00e0 la corrosion ou \u00e0 la rouille. Solide et stable : La paroi de 4,0 mm offre plus de r\u00e9sistance si vous souhaitez accrocher vos rouleaux ou vos arbres de torsion. Le roulement inclus \u00e9limine la friction, ce qui rendra non seulement vos mouvements plus doux et plus silencieux, mais aussi plus durables pour toutes les pi\u00e8ces mobiles. Parfait pour une utilisation int\u00e9rieure ou ext\u00e9rieure, il peut prendre un coup et fournir des performances fiables run apr\u00e8s run. \ud83d\udcaa<\/p>\n<h2 style=\"font-size: 20px;\">Conception d'un centre de roulement de pr\u00e9cision \ud83d\udd29<\/h2>\n<p>Ce support de roulement universel garantit l'alignement exact des arbres de torsion et des galets inclus avec un centre de roulement de 150 mm par rapport \u00e0 la charge du vent. Il emp\u00eache l'affaissement, les vibrations et l'usure in\u00e9gale, de sorte que la porte se ferme en douceur et en silence. Avec des fentes ajout\u00e9es, le support enti\u00e8rement m\u00e9tallique est compatible avec la plupart des portes basculantes sectionnelles r\u00e9sidentielles et commerciales l\u00e9g\u00e8res et permet une modernisation facile ou une nouvelle installation. \ud83c\udfe0<\/p>\n<h2 style=\"font-size: 20px;\">S\u00e9curit\u00e9 et stabilit\u00e9 accrues \ud83d\udee1\ufe0f<\/h2>\n<p>Une installation correcte maintient la barre de torsion et l'axe en place sous une tension ad\u00e9quate, \u00e9vitant ainsi les accidents ou les effondrements. Une construction solide permet de maintenir l'alignement des portes, d'\u00e9viter l'affaissement et le tra\u00eenement des c\u00e2bles, et de soutenir les c\u00e2bles \u00e0 l'entr\u00e9e et \u00e0 la sortie du plateau de l'unit\u00e9 terminale. Ce support sert \u00e0 prot\u00e9ger durablement votre syst\u00e8me de porte de garage, ce qui vous permet d'\u00e9conomiser du temps et de l'argent. \ud83d\udd12<\/p>\n<h2 style=\"font-size: 20px;\">Fonctionnement souple et silencieux \ud83d\udd07<\/h2>\n<p>Le roulement int\u00e9gr\u00e9 pr\u00e9-lubrifi\u00e9 minimise les chocs, de sorte que les portes glissent le long du rail en douceur et sans bruit. Id\u00e9al pour les garages r\u00e9sidentiels ou les applications commerciales l\u00e9g\u00e8res, ce support pr\u00e9serve les arbres de torsion, les rouleaux et les ressorts avec une stabilit\u00e9 maximale pour des performances quotidiennes. \ud83d\ude9b<\/p>\n<h2 style=\"font-size: 20px;\">Sp\u00e9cifications techniques \ud83d\udccb<\/h2>\n<ul>\n<li>Nom du produit : Support de roulement central de porte de garage - universel<\/li>\n<li>Mat\u00e9riau : Acier galvanis\u00e9 avec roulements int\u00e9gr\u00e9s \u00e0 longue dur\u00e9e de vie<\/li>\n<li>\u00c9paisseur : 4.0mm<\/li>\n<li>Distance entre les centres des roulements : 150 mm<\/li>\n<li>Finition : Rev\u00eatement antirouille galvanis\u00e9<\/li>\n<li>Application : R\u00e9sidentiel et commercial l\u00e9ger<\/li>\n<li>Installation : Montage universel \u00e0 vis<\/li>\n<\/ul>\n<h2 style=\"font-size: 20px;\">Fabrication OEM et personnalisable \ud83c\udf0d\ud83c\udfed\ud83c\udfed<\/h2>\n<p>Avec plus de 20 ans d'exp\u00e9rience OEM\/OBM, nous offrons toutes sortes de supports de roulement central de porte de garage enti\u00e8rement personnalis\u00e9s. Les options comprennent l'\u00e9paisseur d'acier r\u00e9glable, le rev\u00eatement sp\u00e9cial (peinture en poudre, galvanisation, trempage), le marquage de logo personnalis\u00e9, la correspondance des couleurs Pantone et l'emballage sous marque de distributeur. Nos capacit\u00e9s OEM donnent vie \u00e0 votre marque avec un ajustement parfait et une solution de haute performance pour pratiquement tout syst\u00e8me de porte r\u00e9sidentielle ou commerciale l\u00e9g\u00e8re. \ud83c\udf31<\/p>\n<h2 style=\"font-size: 20px;\">Applications dans tous les environnements \ud83c\udfe0\u2699\ufe0f\ud83c\udfe2\ud83d\ude9b<\/h2>\n<ul>\n<li>\ud83c\udfe0 Portes de garage - Fonctionnement quotidien silencieux et sans heurts dans les habitations<\/li>\n<li>\u2699\ufe0f Light Commercial - Portes \u00e0 usage intensif et \u00e0 forte fr\u00e9quentation<\/li>\n<li>\ud83c\udfed Industrial - Fiable dans des conditions industrielles difficiles<\/li>\n<li>\ud83d\ude9b Entreposage et distribution - Fonctionnement 24\/7 avec une usure minimale<\/li>\n<\/ul>\n<h2 style=\"font-size: 20px;\">Principaux avantages \u2714<\/h2>\n<ul>\n<li>\u2705 4.0mm Acier galvanis\u00e9 avec roulement int\u00e9gr\u00e9<\/li>\n<li>Roulement central de 150 mm pour un alignement parfait des roues<\/li>\n<li>\u2714 Minimise l'usure de l'arbre de torsion, des rouleaux et des ressorts<\/li>\n<li>\u2714 Fonctionnement silencieux et sans \u00e0-coups pour les portes r\u00e9sidentielles ou commerciales \u00e0 usage l\u00e9ger<\/li>\n<li>\u2714 Installation universelle facile \u00e0 visser<\/li>\n<li>\u2714 Service de marque priv\u00e9e OEM\/ODM disponible<\/li>\n<li>20 000+ cycles d'ouverture\/fermeture test\u00e9s pour la durabilit\u00e9<\/li>\n<\/ul>\n<h2 style=\"font-size: 20px;\">Tests et assurance qualit\u00e9 \u2705<\/h2>\n<p>Tous les supports sont soumis \u00e0 des tests de charge, de dur\u00e9e de vie et de corrosion au brouillard salin. Conformes aux normes de s\u00e9curit\u00e9 des \u00c9tats-Unis et de l'Union europ\u00e9enne, ils garantissent la durabilit\u00e9, la fiabilit\u00e9 et les performances \u00e0 long terme. \ud83d\udcaf<\/p>\n<h2 style=\"font-size: 20px;\">Adaptabilit\u00e9 au march\u00e9 mondial \ud83c\udf0e<\/h2>\n<p>Con\u00e7u pour les climats humides, c\u00f4tiers, arides et froids. S'adapte \u00e0 la plupart des portes de garage sectionnelles r\u00e9sidentielles standard dans le monde entier et offre une installation facile pour diff\u00e9rents types de portes. \ud83c\udf0d<\/p>\n<h2 style=\"font-size: 20px;\">Installation et entretien simples \ud83d\udd27<\/h2>\n<p>Le montage universel r\u00e9duit le temps d'installation \u00e0 l'aide d'outils manuels standard. La lubrification p\u00e9riodique assure un fonctionnement r\u00e9gulier, r\u00e9duit les temps d'arr\u00eat et prolonge la dur\u00e9e de vie des composants. \u2699\ufe0f<\/p>\n<h2 style=\"font-size: 20px;\">Conclusion \ud83d\udeaa\ud83d\udd29\ud83d\udd29\ud83d\udeaa\ud83d\udd29<\/h2>\n<p>Le support de palier central universel pour porte de garage GDN est dot\u00e9 de paliers durables int\u00e9gr\u00e9s et d'un centre de palier de 150 mm. Il assure un fonctionnement silencieux, une stabilit\u00e9 accrue et une durabilit\u00e9 \u00e0 long terme pour les portes sectionnelles r\u00e9sidentielles et commerciales l\u00e9g\u00e8res. Les modifications OEM garantissent un ajustement parfait, des performances maximales et l'int\u00e9gration de la marque. \ud83d\udd27<\/p>\n<\/section>","protected":false},"excerpt":{"rendered":"<p>Support de palier central de porte de garage en acier galvanis\u00e9 tr\u00e8s r\u00e9sistant avec palier int\u00e9gr\u00e9 durable. L'\u00e9paisseur de 4 mm et le centre de roulement de 150 mm garantissent un fonctionnement souple et silencieux pour les portes sectionnelles r\u00e9sidentielles et commerciales.<\/p>","protected":false},"featured_media":6015,"comment_status":"open","ping_status":"closed","template":"","meta":{"_acf_changed":false},"product_brand":[],"product_cat":[36],"product_tag":[],"class_list":{"0":"post-6022","1":"product","2":"type-product","3":"status-publish","4":"has-post-thumbnail","6":"product_cat-brackets","8":"first","9":"instock","10":"shipping-taxable","11":"product-type-simple"},"acf":[],"_links":{"self":[{"href":"https:\/\/www.baoteng.cc\/fr\/wp-json\/wp\/v2\/product\/6022","targetHints":{"allow":["GET"]}}],"collection":[{"href":"https:\/\/www.baoteng.cc\/fr\/wp-json\/wp\/v2\/product"}],"about":[{"href":"https:\/\/www.baoteng.cc\/fr\/wp-json\/wp\/v2\/types\/product"}],"replies":[{"embeddable":true,"href":"https:\/\/www.baoteng.cc\/fr\/wp-json\/wp\/v2\/comments?post=6022"}],"wp:featuredmedia":[{"embeddable":true,"href":"https:\/\/www.baoteng.cc\/fr\/wp-json\/wp\/v2\/media\/6015"}],"wp:attachment":[{"href":"https:\/\/www.baoteng.cc\/fr\/wp-json\/wp\/v2\/media?parent=6022"}],"wp:term":[{"taxonomy":"product_brand","embeddable":true,"href":"https:\/\/www.baoteng.cc\/fr\/wp-json\/wp\/v2\/product_brand?post=6022"},{"taxonomy":"product_cat","embeddable":true,"href":"https:\/\/www.baoteng.cc\/fr\/wp-json\/wp\/v2\/product_cat?post=6022"},{"taxonomy":"product_tag","embeddable":true,"href":"https:\/\/www.baoteng.cc\/fr\/wp-json\/wp\/v2\/product_tag?post=6022"}],"curies":[{"name":"wp","href":"https:\/\/api.w.org\/{rel}","templated":true}]}}