{"id":6218,"date":"2025-09-18T03:36:03","date_gmt":"2025-09-18T03:36:03","guid":{"rendered":"https:\/\/baoteng.cc\/?post_type=product&#038;p=6218"},"modified":"2025-09-18T03:44:52","modified_gmt":"2025-09-18T03:44:52","slug":"porte-de-garage-sectionnelle-professionnelle-rail-courbe","status":"publish","type":"product","link":"https:\/\/www.baoteng.cc\/fr\/produit\/porte-de-garage-sectionnelle-professionnelle-rail-courbe\/","title":{"rendered":"Porte de Garage Professionnelle Rail Courbe Portes Sectionnelles 12\u2033 15\u2033 Rayon 2\u2033 Quincaillerie Galvanis\u00e9e OEM Personnalisable"},"content":{"rendered":"<section style=\"width: 100%;\">\n<header>\n<h1 style=\"font-size: 26px;\">Professional Garage Door Hardware Sectional Doors 2\u2033 Curved Track, 12\u2033 15\u2033 Radius<\/h1>\n<\/header>\n<p>\ud83d\udeaa Acier plaqu\u00e9 <b>rail courbe pour porte de garage<\/b> est n\u00e9cessaire pour assurer un fonctionnement s\u00fbr, souple et silencieux des portes de garage sectionnelles. Nos rails courbes \u00e0 rayon de 12\u2033 et 15\u2033 de qualit\u00e9 industrielle sont utilis\u00e9s pour les syst\u00e8mes de levage standard avec des ressorts de torsion pour contrebalancer la porte. Fabriqu\u00e9es en acier galvanis\u00e9 avec des \u00e9paisseurs de 1,8 mm et 2,0 mm, les ferrures garantissent solidit\u00e9, pr\u00e9cision et durabilit\u00e9 face \u00e0 l'usure quotidienne dans les syst\u00e8mes r\u00e9sidentiels et industriels.<\/p>\n<p>\ud83c\udf27\ufe0f La finition galvanis\u00e9e garantit une excellente r\u00e9sistance \u00e0 la rouille, \u00e0 la corrosion et \u00e0 l'air humide. Adapt\u00e9s aux maisons, aux garages, aux entrep\u00f4ts et aux installations industrielles, les ressorts de torsion fournissent une force de levage \u00e9gale pour chaque position de la porte. Contrairement aux produits de qualit\u00e9 inf\u00e9rieure, nos rails sont courb\u00e9s avec pr\u00e9cision selon les normes am\u00e9ricaines, ce qui garantit un glissement souple, doux et silencieux, tout en am\u00e9liorant la fiabilit\u00e9 \u00e0 long terme.<\/p>\n<p>\ud83c\udfed Avec 20 ans d'expertise dans la fabrication OEM et ODM, nous offrons une personnalisation compl\u00e8te. Les clients peuvent sp\u00e9cifier le rayon, l'\u00e9paisseur, la longueur ou le traitement de surface en fonction des besoins de leur projet. La personnalisation de la marque et de l'emballage est \u00e9galement disponible, ce qui rend nos rails courbes id\u00e9aux pour les distributeurs, les grossistes et les entrepreneurs professionnels \u00e0 la recherche de partenaires fiables de la cha\u00eene d'approvisionnement dans le monde entier.<\/p>\n<h2 style=\"font-size: 22px;\">\ud83d\udd27 Installation et compatibilit\u00e9<\/h2>\n<p>Nos rails courbes sont con\u00e7us pour s'adapter aux syst\u00e8mes de quincaillerie pour portes de garage sectionnelles standard. Con\u00e7us pour une installation facile, ils s'alignent parfaitement avec les sections horizontales et verticales du rail, ce qui permet \u00e0 la porte de se d\u00e9placer sans probl\u00e8me. La courbe de pr\u00e9cision minimise l'usure des rouleaux et la perte d'\u00e9nergie due \u00e0 la friction. Compatibles avec la plupart des portes de garage sectionnelles de 2\u2033, ils conviennent aussi bien aux applications r\u00e9sidentielles qu'industrielles.<\/p>\n<h2 style=\"font-size: 22px;\">\ud83c\udf1f Caract\u00e9ristiques principales<\/h2>\n<ul>\n<li>Construction durable en acier galvanis\u00e9<\/li>\n<li>Disponible en rayon de 12\u2033 et 15\u2033.<\/li>\n<li>Options d'\u00e9paisseur 1,8 mm et 2,0 mm<\/li>\n<li>Profil standard de 2\u2033 pour les portes de garage sectionnelles<\/li>\n<li>R\u00e9sistance sup\u00e9rieure \u00e0 la corrosion et \u00e0 la rouille<\/li>\n<li>Mod\u00e8les OEM et personnalis\u00e9s disponibles (y compris l'emballage)<\/li>\n<li>Des performances fiables et un fonctionnement souple et silencieux<\/li>\n<\/ul>\n<h2 style=\"font-size: 22px;\">\ud83d\udcca Sp\u00e9cifications techniques<\/h2>\n<table style=\"width: 100%; border-collapse: collapse; text-align: left;\" border=\"1\" cellspacing=\"0\" cellpadding=\"6\">\n<tbody>\n<tr>\n<td><b>Nom du produit<\/b><\/td>\n<td>Rail courbe pour porte de garage professionnelle<\/td>\n<\/tr>\n<tr>\n<td><b>Description du produit<\/b><\/td>\n<td>Rail courbe pour portes de garage sectionnelles<\/td>\n<\/tr>\n<tr>\n<td><b>Application<\/b><\/td>\n<td>Portes de garage sectionnelles r\u00e9sidentielles \/ industrielles<\/td>\n<\/tr>\n<tr>\n<td><b>Mat\u00e9riau<\/b><\/td>\n<td>Acier galvanis\u00e9<\/td>\n<\/tr>\n<tr>\n<td><b>Options de rayon<\/b><\/td>\n<td>12&#8243; \/ 15&#8243;<\/td>\n<\/tr>\n<tr>\n<td><b>Profil<\/b><\/td>\n<td>2&#8243;<\/td>\n<\/tr>\n<tr>\n<td><b>\u00c9paisseur<\/b><\/td>\n<td>1,8 mm \/ 2,0 mm<\/td>\n<\/tr>\n<tr>\n<td><b>Finition<\/b><\/td>\n<td>Galvanis\u00e9, anti-corrosif<\/td>\n<\/tr>\n<tr>\n<td><b>Mots cl\u00e9s cibl\u00e9s<\/b><\/td>\n<td>rail courbe pour porte de garage<\/td>\n<\/tr>\n<tr>\n<td><b>OEM\/ODM<\/b><\/td>\n<td>Disponible (taille personnalis\u00e9e, marquage, emballage)<\/td>\n<\/tr>\n<\/tbody>\n<\/table>\n<p>\ud83d\udca1 L'id\u00e9al <b>rail courbe pour porte de garage<\/b> est \u00e0 la fois \u00e9conome en \u00e9nergie et durable. En maintenant un alignement constant et un roulement r\u00e9gulier, notre rail r\u00e9duit la r\u00e9sistance, prolonge la dur\u00e9e de vie des rouleaux, des charni\u00e8res et des ouvre-portes, et r\u00e9duit les co\u00fbts de remplacement. Cela permet aux propri\u00e9taires et aux entreprises de r\u00e9aliser des \u00e9conomies \u00e0 long terme et de b\u00e9n\u00e9ficier d'un fonctionnement fiable.<\/p>\n<p>\ud83d\udd29 Nous fournissons une assistance technique avanc\u00e9e, des modifications de CAO et un prototypage rapide pour les projets sp\u00e9cialis\u00e9s. Avec des MOQ flexibles, les petits distributeurs comme les grands acheteurs industriels b\u00e9n\u00e9ficient de prix de gros rentables et d'une capacit\u00e9 de production \u00e9volutive.<\/p>\n<h2 style=\"font-size: 22px;\">\ud83c\udfc6 Pourquoi sommes-nous les meilleurs ?<\/h2>\n<ul>\n<li>\u2714 Plus de 20 ans d'expertise en mati\u00e8re de fabrication OEM et ODM<\/li>\n<li>\u2714 Acier galvanis\u00e9 \u00e0 haute r\u00e9sistance avec capacit\u00e9 de charge sup\u00e9rieure<\/li>\n<li>\u2714 Options de rayon de 12\u2033 et 15\u2033 pour une polyvalence maximale<\/li>\n<li>\u00c9paisseur, longueur et marquage enti\u00e8rement personnalisables<\/li>\n<li>\u2714 Id\u00e9al pour une utilisation r\u00e9sidentielle et industrielle intensive<\/li>\n<li>\u2714 Une logistique et une assistance technique \u00e0 l'\u00e9chelle mondiale<\/li>\n<\/ul>\n<p>\ud83d\ude97 Que vous soyez un particulier qui modernise des portes de garage sectionnelles ou un entrepreneur industriel qui g\u00e8re des projets de grande envergure, nos portes de garage sectionnelles sont des \u00e9l\u00e9ments essentiels \u00e0 la r\u00e9ussite de votre projet. <b>rail courbe pour porte de garage<\/b> est le choix fiable en termes de durabilit\u00e9 et de performance. Choisir nos chenilles, c'est s'assurer d'un fonctionnement sans heurts, d'une protection \u00e0 long terme et d'une r\u00e9duction des co\u00fbts.<\/p>\n<p>\ud83d\udccc Assurez-vous que votre syst\u00e8me de porte de garage sectionnelle fonctionne avec pr\u00e9cision et efficacit\u00e9 \u00e0 l'aide de nos rails courbes d'ing\u00e9nierie. Fabriqu\u00e9s en acier galvanis\u00e9 pour une plus grande durabilit\u00e9, personnalisables pour r\u00e9pondre \u00e0 presque toutes les exigences et soutenus par des d\u00e9cennies d'expertise OEM, nos rails courbes repr\u00e9sentent le m\u00e9lange parfait de solidit\u00e9 et de qualit\u00e9.<\/p>\n<\/section>","protected":false},"excerpt":{"rendered":"<p>Rail courbe pour portes de garage de haute qualit\u00e9 pour portes sectionnelles avec rayon de 12\u2033 et 15\u2033, profil\u00e9 de 2\u2033 et finition galvanis\u00e9e. \u00c9paisseur durable de 1,8 mm et 2,0 mm, solutions OEM et personnalisables pour les portes de garage r\u00e9sidentielles et industrielles.<\/p>","protected":false},"featured_media":6219,"comment_status":"open","ping_status":"closed","template":"","meta":{"_acf_changed":false},"product_brand":[],"product_cat":[39],"product_tag":[],"class_list":{"0":"post-6218","1":"product","2":"type-product","3":"status-publish","4":"has-post-thumbnail","6":"product_cat-tracks","8":"first","9":"instock","10":"shipping-taxable","11":"product-type-simple"},"acf":[],"_links":{"self":[{"href":"https:\/\/www.baoteng.cc\/fr\/wp-json\/wp\/v2\/product\/6218","targetHints":{"allow":["GET"]}}],"collection":[{"href":"https:\/\/www.baoteng.cc\/fr\/wp-json\/wp\/v2\/product"}],"about":[{"href":"https:\/\/www.baoteng.cc\/fr\/wp-json\/wp\/v2\/types\/product"}],"replies":[{"embeddable":true,"href":"https:\/\/www.baoteng.cc\/fr\/wp-json\/wp\/v2\/comments?post=6218"}],"wp:featuredmedia":[{"embeddable":true,"href":"https:\/\/www.baoteng.cc\/fr\/wp-json\/wp\/v2\/media\/6219"}],"wp:attachment":[{"href":"https:\/\/www.baoteng.cc\/fr\/wp-json\/wp\/v2\/media?parent=6218"}],"wp:term":[{"taxonomy":"product_brand","embeddable":true,"href":"https:\/\/www.baoteng.cc\/fr\/wp-json\/wp\/v2\/product_brand?post=6218"},{"taxonomy":"product_cat","embeddable":true,"href":"https:\/\/www.baoteng.cc\/fr\/wp-json\/wp\/v2\/product_cat?post=6218"},{"taxonomy":"product_tag","embeddable":true,"href":"https:\/\/www.baoteng.cc\/fr\/wp-json\/wp\/v2\/product_tag?post=6218"}],"curies":[{"name":"wp","href":"https:\/\/api.w.org\/{rel}","templated":true}]}}