{"id":6221,"date":"2025-09-18T07:36:17","date_gmt":"2025-09-18T07:36:17","guid":{"rendered":"https:\/\/baoteng.cc\/?post_type=product&#038;p=6221"},"modified":"2025-09-18T07:47:04","modified_gmt":"2025-09-18T07:47:04","slug":"quincaillerie-de-porte-de-garage-double-rail-de-retenue","status":"publish","type":"product","link":"https:\/\/www.baoteng.cc\/fr\/produit\/quincaillerie-de-porte-de-garage-double-rail-de-retenue\/","title":{"rendered":"Garage Door Hardware Durable Double Track Retainer Heavy Duty Fasteners 1.5mm Pre Galvanized Steel Coupler"},"content":{"rendered":"<section style=\"width: 100%;\">\n<header>\n<h1 style=\"font-size: 24px; font-weight: bold;\">Quincaillerie de porte de garage - Support de rail double<\/h1>\n<\/header>\n<p>\ud83d\udd29 Le <strong style=\"color: #c0392b;\">Plaque de retenue de la double voie<\/strong> est une pi\u00e8ce n\u00e9cessaire aux op\u00e9rateurs de portes de garage sectionnelles qui offre une construction de la plus haute qualit\u00e9 pour chaque application afin de maintenir le bon fonctionnement de votre \u00e9quipement. Ce coupleur \u00e0 double voie est fabriqu\u00e9 \u00e0 partir de mat\u00e9riaux de haute qualit\u00e9. <strong style=\"color: #2c3e50;\">Acier pr\u00e9-galvanis\u00e9 de 1,5 mm<\/strong> qui permet la connexion s\u00e9curis\u00e9e et la r\u00e9sistance de (2) pi\u00e8ces s\u00e9par\u00e9es de rail sur les portes sectionnelles r\u00e9sidentielles et industrielles. Con\u00e7ue pour une pr\u00e9cision maximale, elle \u00e9limine pratiquement tout tremblement de la porte et aide \u00e0 maintenir une porte droite, ce qui, \u00e0 son tour, offre des performances durables et renforce un syst\u00e8me d\u00e9j\u00e0 r\u00e9sistant. Id\u00e9ale pour le remplacement de portes existantes ou l'installation d'un nouveau syst\u00e8me, cette fixation offre des performances sup\u00e9rieures et fournit la r\u00e9sistance n\u00e9cessaire pour une utilisation r\u00e9sidentielle et industrielle.<\/p>\n<h2 style=\"font-size: 20px; margin-top: 20px;\">\ud83c\udf1f Principaux avantages<\/h2>\n<ul style=\"line-height: 1.8;\">\n<li>Plaque de maintien du rail double pour portes de garage sectionnelles<\/li>\n<li>Fabriqu\u00e9 en acier pr\u00e9-galvanis\u00e9 de 1,5 mm pour une protection antirouille sup\u00e9rieure.<\/li>\n<li>Assure une grande stabilit\u00e9 et un alignement pr\u00e9cis des voies<\/li>\n<li>Fonctionne avec des profils de rail de porte de garage standard de 2\u2033 sectionnels<\/li>\n<li>Conceptions OEM et personnalis\u00e9es disponibles, y compris le marquage et l'emballage<\/li>\n<li>Amortit le bruit de la porte, am\u00e9liore la s\u00e9curit\u00e9 et prolonge la dur\u00e9e de vie du mat\u00e9riel.<\/li>\n<\/ul>\n<h2 style=\"font-size: 20px; margin-top: 20px;\">\ud83c\udfed Mat\u00e9riaux et construction<\/h2>\n<p>Notre <strong style=\"color: #2980b9;\">Retenue de la double voie<\/strong>\u00a0est fabriqu\u00e9 en acier pr\u00e9-galvanis\u00e9 de qualit\u00e9 industrielle, offrant une r\u00e9sistance \u00e0 la rouille et \u00e0 l'humidit\u00e9 tout en garantissant des performances optimales. La plaque de 1,5 mm d'\u00e9paisseur offre un \u00e9quilibre id\u00e9al entre r\u00e9sistance et facilit\u00e9 d'installation. La finition pr\u00e9-galvanis\u00e9e garantit une longue dur\u00e9e de vie, m\u00eame dans les environnements humides ou c\u00f4tiers. Chaque plaque est estampill\u00e9e avec pr\u00e9cision selon les normes internationales, ce qui garantit une qualit\u00e9 et une fiabilit\u00e9 constantes dans toutes les applications.<\/p>\n<h2 style=\"font-size: 20px; margin-top: 20px;\">\ud83d\udd27 Installation et compatibilit\u00e9<\/h2>\n<p>Le <strong style=\"color: #d35400;\">Retenue de la double voie<\/strong>\u00a0est con\u00e7u pour s'adapter aux syst\u00e8mes de rails de portes de garage sectionnelles 2\u2033 standard utilis\u00e9s dans les installations r\u00e9sidentielles, commerciales et industrielles. Il permet une installation rapide et facile sans modification, ce qui permet de gagner du temps sur le chantier. En reliant solidement deux rails, il r\u00e9duit les vibrations, am\u00e9liore les performances des galets et augmente la capacit\u00e9 de charge. Sa construction robuste permet des applications lourdes tout en minimisant l'usure des composants de la porte.<\/p>\n<h2 style=\"font-size: 20px; margin-top: 20px;\">\ud83d\udcca Sp\u00e9cifications techniques<\/h2>\n<table style=\"width: 100%; border-collapse: collapse; margin-top: 10px;\">\n<tbody>\n<tr>\n<td style=\"border: 1px solid #ccc; padding: 8px;\">Nom du produit<\/td>\n<td style=\"border: 1px solid #ccc; padding: 8px;\">Porte de garage Double Track Retainer<\/td>\n<\/tr>\n<tr>\n<td style=\"border: 1px solid #ccc; padding: 8px;\">Type<\/td>\n<td style=\"border: 1px solid #ccc; padding: 8px;\">Connecteur \/ support de double voie<\/td>\n<\/tr>\n<tr>\n<td style=\"border: 1px solid #ccc; padding: 8px;\">Application<\/td>\n<td style=\"border: 1px solid #ccc; padding: 8px;\">Portes de garage sectionnelles r\u00e9sidentielles \/ industrielles<\/td>\n<\/tr>\n<tr>\n<td style=\"border: 1px solid #ccc; padding: 8px;\">Mat\u00e9riau<\/td>\n<td style=\"border: 1px solid #ccc; padding: 8px;\">Acier pr\u00e9galvanis\u00e9<\/td>\n<\/tr>\n<tr>\n<td style=\"border: 1px solid #ccc; padding: 8px;\">\u00c9paisseur<\/td>\n<td style=\"border: 1px solid #ccc; padding: 8px;\">1,5 mm<\/td>\n<\/tr>\n<tr>\n<td style=\"border: 1px solid #ccc; padding: 8px;\">Finition<\/td>\n<td style=\"border: 1px solid #ccc; padding: 8px;\">Pr\u00e9-galvanis\u00e9, antirouille<\/td>\n<\/tr>\n<tr>\n<td style=\"border: 1px solid #ccc; padding: 8px;\">Mot-cl\u00e9 cibl\u00e9<\/td>\n<td style=\"border: 1px solid #ccc; padding: 8px;\">Plaque de retenue de la double voie<\/td>\n<\/tr>\n<tr>\n<td style=\"border: 1px solid #ccc; padding: 8px;\">OEM\/ODM<\/td>\n<td style=\"border: 1px solid #ccc; padding: 8px;\">Disponible (taille, marquage et emballage personnalis\u00e9s)<\/td>\n<\/tr>\n<\/tbody>\n<\/table>\n<h2 style=\"font-size: 20px; margin-top: 20px;\">\ud83d\udca1 Pourquoi choisir notre plaque de retenue \u00e0 double voie ?<\/h2>\n<p>\u2714 Plus de 20 ans d'exp\u00e9rience en mati\u00e8re de fabrication OEM et ODM<br \/>\n\u2714 Construction solide en acier galvanis\u00e9 avec une capacit\u00e9 de charge \u00e9lev\u00e9e<br \/>\n\u2714 Enti\u00e8rement personnalisable en termes d'\u00e9paisseur, de longueur, de finition de surface et de marquage<br \/>\n\u2714 Conforme aux normes internationales pour les portes de garage sectionnelles<br \/>\n\u2714 Les entrepreneurs, les distributeurs et les acheteurs industriels du monde entier lui font confiance<br \/>\n\u2714 Des options flexibles en mati\u00e8re de qualit\u00e9 de fabrication pour r\u00e9pondre aux commandes de petite taille et aux commandes en gros<\/p>\n<h2 style=\"font-size: 20px; margin-top: 20px;\">\ud83c\udfc6 Avantages de l'OEM et de la personnalisation<\/h2>\n<p>Nous comprenons que chaque projet a des exigences uniques. C'est pourquoi notre <strong style=\"color: #27ae60;\">Retenue de la double voie<\/strong>\u00a0prend en charge l'int\u00e9gralit\u00e9 des <strong>Personnalisation OEM<\/strong>. Les clients peuvent sp\u00e9cifier les dimensions, les finitions de surface, la marque et l'emballage. Notre \u00e9quipe d'ing\u00e9nieurs propose des modifications CAO, des prototypes et une production sur mesure pour s'assurer que chaque commande r\u00e9pond aux attentes. Cela fait de notre mat\u00e9riel le choix id\u00e9al pour les distributeurs, les entrepreneurs et les acheteurs industriels qui recherchent \u00e0 la fois la performance et l'am\u00e9lioration de la marque.<\/p>\n<h2 style=\"font-size: 20px; margin-top: 20px;\">\ud83d\udeaa Applications<\/h2>\n<p>Le pr\u00e9sent <strong style=\"color: #c0392b;\">Retenue de la double voie<\/strong>\u00a0est largement utilis\u00e9 dans les garages r\u00e9sidentiels, les entrep\u00f4ts commerciaux et les installations industrielles. Sa solidit\u00e9 et sa bonne tenue en place en font un produit id\u00e9al pour moderniser les syst\u00e8mes existants ou en installer de nouveaux. En renfor\u00e7ant l'alignement des rails et en minimisant les temps d'arr\u00eat, il contribue \u00e0 r\u00e9duire les co\u00fbts de maintenance \u00e0 long terme tout en offrant des performances fiables.<\/p>\n<h2 style=\"font-size: 20px; margin-top: 20px;\">R\u00e9flexions finales<\/h2>\n<p>Notre <strong style=\"color: #8e44ad;\">Garage Door Hardware Double Track Retainer<\/strong>\u00a0associe une construction solide, une personnalisation OEM et des d\u00e9cennies d'expertise industrielle pour offrir une fiabilit\u00e9 durable. Qu'il s'agisse de r\u00e9novations r\u00e9sidentielles ou de projets industriels lourds, cette fixation garantit un fonctionnement sans heurts, une maintenance r\u00e9duite et une valeur \u00e0 long terme. Les entrepreneurs, les distributeurs et les acheteurs industriels peuvent compter sur notre mat\u00e9riel pour une qualit\u00e9 constante et des performances fiables.<\/p>\n<\/section>","protected":false},"excerpt":{"rendered":"<p>Support de rail double de haute qualit\u00e9 pour portes de garage sectionnelles, fabriqu\u00e9 en acier pr\u00e9-galvanis\u00e9 de 1,5 mm. Con\u00e7ue pour \u00eatre solide, durable et facile \u00e0 installer. Des options OEM et personnalisables sont disponibles pour les entrepreneurs professionnels.<\/p>","protected":false},"featured_media":6222,"comment_status":"open","ping_status":"closed","template":"","meta":{"_acf_changed":false},"product_brand":[],"product_cat":[39],"product_tag":[],"class_list":{"0":"post-6221","1":"product","2":"type-product","3":"status-publish","4":"has-post-thumbnail","6":"product_cat-tracks","8":"first","9":"instock","10":"shipping-taxable","11":"product-type-simple"},"acf":[],"_links":{"self":[{"href":"https:\/\/www.baoteng.cc\/fr\/wp-json\/wp\/v2\/product\/6221","targetHints":{"allow":["GET"]}}],"collection":[{"href":"https:\/\/www.baoteng.cc\/fr\/wp-json\/wp\/v2\/product"}],"about":[{"href":"https:\/\/www.baoteng.cc\/fr\/wp-json\/wp\/v2\/types\/product"}],"replies":[{"embeddable":true,"href":"https:\/\/www.baoteng.cc\/fr\/wp-json\/wp\/v2\/comments?post=6221"}],"wp:featuredmedia":[{"embeddable":true,"href":"https:\/\/www.baoteng.cc\/fr\/wp-json\/wp\/v2\/media\/6222"}],"wp:attachment":[{"href":"https:\/\/www.baoteng.cc\/fr\/wp-json\/wp\/v2\/media?parent=6221"}],"wp:term":[{"taxonomy":"product_brand","embeddable":true,"href":"https:\/\/www.baoteng.cc\/fr\/wp-json\/wp\/v2\/product_brand?post=6221"},{"taxonomy":"product_cat","embeddable":true,"href":"https:\/\/www.baoteng.cc\/fr\/wp-json\/wp\/v2\/product_cat?post=6221"},{"taxonomy":"product_tag","embeddable":true,"href":"https:\/\/www.baoteng.cc\/fr\/wp-json\/wp\/v2\/product_tag?post=6221"}],"curies":[{"name":"wp","href":"https:\/\/api.w.org\/{rel}","templated":true}]}}