{"id":6275,"date":"2025-09-22T02:08:48","date_gmt":"2025-09-22T02:08:48","guid":{"rendered":"https:\/\/baoteng.cc\/?post_type=product&#038;p=6275"},"modified":"2025-09-22T02:19:25","modified_gmt":"2025-09-22T02:19:25","slug":"ressort-de-torsion-galvanise-pour-porte-de-garage","status":"publish","type":"product","link":"https:\/\/www.baoteng.cc\/fr\/produit\/ressort-de-torsion-galvanise-pour-porte-de-garage\/","title":{"rendered":"2\u2033 Galvanized Garage Door Torsion Spring for Sectional Door Durable Anti Rust Oil OEM Customizable"},"content":{"rendered":"<section>\n<header>\n<h1 style=\"font-size: 24px; font-weight: bold;\">Ressort de torsion pour porte de garage - #3 Wire x 28\u2033 Length for 7\u2032 High Doors, Right Wind - \u201cTEXAS BEST\u201d Galvanized Torsion Spring | with Winding Bars Pubs &amp; Fasteners<\/h1>\n<\/header>\n<p>Le ressort de torsion de la porte de garage universelle est un composant important du syst\u00e8me de porte sectionnelle moderne. Il contrebalance le poids de la porte afin qu'elle puisse \u00eatre facilement ouverte et ferm\u00e9e, et offre des performances sup\u00e9rieures pour les applications industrielles, commerciales et r\u00e9sidentielles. Nos ressorts de torsion galvanis\u00e9s sont construits dans un souci de s\u00e9curit\u00e9 et de durabilit\u00e9, avec un diam\u00e8tre int\u00e9rieur de 2 pouces, un diam\u00e8tre de fil de 5,0 \u00e0 6,8 mm, une finition \u00e0 l'huile antirouille et un traitement de galvanisation qui prot\u00e8ge la bobine de la corrosion.<\/p>\n<\/section>\n<section>\n<header>\n<h2 style=\"font-size: 20px; margin-top: 20px;\">\ud83d\udd11 Caract\u00e9ristiques principales<\/h2>\n<\/header>\n<ul>\n<li>218 X 2 X 26 Ressort de torsion de porte de garage haute r\u00e9sistance avec barres d'enroulement, class\u00e9 pour 10000 cycles de P728 \u00e0 P739<\/li>\n<li>Diam\u00e8tre du fil : 5,0 mm - 6,8 mm pour r\u00e9pondre aux diff\u00e9rentes exigences des portes sectionnelles<\/li>\n<li>Mat\u00e9riaux C-4662 : Sp\u00e9cifications d\u00e9taill\u00e9es - Protection contre la corrosion avec rev\u00eatement SEO et finition HDG<\/li>\n<li>Bo\u00eetier robuste en acier : Robuste et compact, avec un long d\u00e9lai de d\u00e9charge pour des performances fiables.<\/li>\n<li>OEM disponible pour la taille, l'\u00e9paisseur du fil et la finition<\/li>\n<li>Parfait pour les portes sectionnelles dans les garages r\u00e9sidentiels, les usines et les entrep\u00f4ts<\/li>\n<\/ul>\n<\/section>\n<section>\n<header>\n<h2 style=\"font-size: 20px; margin-top: 20px;\">\u2699\ufe0f Sp\u00e9cifications techniques<\/h2>\n<\/header>\n<table style=\"width: 100%; border-collapse: collapse; margin-top: 10px;\">\n<tbody>\n<tr>\n<td style=\"border: 1px solid #ccc; padding: 8px;\">Nom du produit<\/td>\n<td style=\"border: 1px solid #ccc; padding: 8px;\">Ressort de torsion galvanis\u00e9 pour porte de garage<\/td>\n<\/tr>\n<tr>\n<td style=\"border: 1px solid #ccc; padding: 8px;\">Application<\/td>\n<td style=\"border: 1px solid #ccc; padding: 8px;\">Syst\u00e8mes de portes de garage sectionnelles<\/td>\n<\/tr>\n<tr>\n<td style=\"border: 1px solid #ccc; padding: 8px;\">Diam\u00e8tre int\u00e9rieur<\/td>\n<td style=\"border: 1px solid #ccc; padding: 8px;\">2 pouces<\/td>\n<\/tr>\n<tr>\n<td style=\"border: 1px solid #ccc; padding: 8px;\">Diam\u00e8tre du fil<\/td>\n<td style=\"border: 1px solid #ccc; padding: 8px;\">5,0 mm - 6,8 mm<\/td>\n<\/tr>\n<tr>\n<td style=\"border: 1px solid #ccc; padding: 8px;\">Finition de la surface<\/td>\n<td style=\"border: 1px solid #ccc; padding: 8px;\">Huile antirouille et galvanis\u00e9e<\/td>\n<\/tr>\n<tr>\n<td style=\"border: 1px solid #ccc; padding: 8px;\">Mat\u00e9riau<\/td>\n<td style=\"border: 1px solid #ccc; padding: 8px;\">Acier \u00e0 ressort \u00e0 haute r\u00e9sistance<\/td>\n<\/tr>\n<tr>\n<td style=\"border: 1px solid #ccc; padding: 8px;\">Personnalisation<\/td>\n<td style=\"border: 1px solid #ccc; padding: 8px;\">OEM &amp; Dimensions, \u00e9paisseur du fil et finitions personnalisables<\/td>\n<\/tr>\n<\/tbody>\n<\/table>\n<\/section>\n<section>\n<header>\n<h2 style=\"font-size: 20px; margin-top: 20px;\">\ud83c\udfed Expertise en mati\u00e8re d'OEM et de personnalisation<\/h2>\n<\/header>\n<p>Forte de plusieurs d\u00e9cennies d'exp\u00e9rience dans la production de ressorts de pr\u00e9cision, notre soci\u00e9t\u00e9 propose des services OEM et personnalis\u00e9s pour une vari\u00e9t\u00e9 de syst\u00e8mes de portes de garage sectionnelles. Que vous ayez besoin d'un diam\u00e8tre de fil, d'une longueur de bobine ou d'un traitement de surface sp\u00e9cifiques, nos ing\u00e9nieurs sont pr\u00eats \u00e0 fournir la solution de ressort de torsion de porte de garage parfaite pour r\u00e9pondre aux exigences de votre projet.<\/p>\n<ul>\n<li>Calibre de fil personnalis\u00e9 de 4,5 mm \u00e0 8 mm<\/li>\n<li>Finitions optionnelles : galvanis\u00e9, rev\u00eatement par poudre, oxyde noir ou peint.<\/li>\n<li>Options d'\u00e9tiquetage priv\u00e9 et d'emballage personnalis\u00e9 pour les distributeurs<\/li>\n<li>Soutien aux gros volumes avec des d\u00e9lais de livraison rapides<\/li>\n<li>Soutien technique \u00e0 la conception de nouveaux produits<\/li>\n<\/ul>\n<p>Notre personnel utilise des machines \u00e0 enrouler \u00e0 commande num\u00e9rique et un contr\u00f4le de qualit\u00e9 rigoureux pour produire des ressorts test\u00e9s selon les normes internationales. Nous offrons \u00e0 nos clients du monde entier une qualit\u00e9 stable, une dur\u00e9e de vie extr\u00eamement longue et des conseils techniques efficaces.<\/p>\n<\/section>\n<section>\n<header>\n<h2 style=\"font-size: 20px; margin-top: 20px;\">\ud83d\udce6 Applications<\/h2>\n<\/header>\n<p>Ce type de ressort de torsion pour porte de garage offre un fonctionnement plus doux et plus propre, r\u00e9duisant ainsi le besoin de rev\u00eatements suppl\u00e9mentaires. Il convient pour :<\/p>\n<ul>\n<li>Portes de garage sectionnelles r\u00e9sidentielles<\/li>\n<li>Portes sectionnelles industrielles et commerciales<\/li>\n<li>Portes de quai de chargement d'entrep\u00f4t<\/li>\n<li>Portes sectionnelles roulantes et basculantes<\/li>\n<li>Syst\u00e8mes d'utilisation des garages \u00e0 usage intensif<\/li>\n<\/ul>\n<p>Convient \u00e9galement aux environnements humides, c\u00f4tiers ou ext\u00e9rieurs n\u00e9cessitant une r\u00e9sistance \u00e0 la corrosion.<\/p>\n<\/section>\n<section>\n<header>\n<h2 style=\"font-size: 20px; margin-top: 20px;\">\ud83c\udf0d Qualit\u00e9 et normes internationales<\/h2>\n<\/header>\n<p>Chaque ressort de torsion est trait\u00e9 thermiquement et tremp\u00e9 \u00e0 l'huile pour garantir un couple et des performances corrects. Notre usine certifi\u00e9e ISO utilise des normes internationales telles que ASTM et DIN. Des tests cycliques garantissent des dizaines de milliers d'ouvertures et de fermetures, r\u00e9duisant ainsi les co\u00fbts de maintenance tout en garantissant la s\u00e9curit\u00e9.<\/p>\n<\/section>\n<section>\n<header>\n<h2 style=\"font-size: 20px; margin-top: 20px;\">\ud83d\udcd0 Installation et s\u00e9curit\u00e9<\/h2>\n<\/header>\n<p>L'installation d'un ressort de torsion de porte de garage n\u00e9cessite des comp\u00e9tences techniques et des outils appropri\u00e9s. Des structures mal adapt\u00e9es peuvent pr\u00e9senter un risque pour la s\u00e9curit\u00e9. Nous recommandons une installation professionnelle. Nos produits compatibles avec les OEM peuvent \u00eatre pr\u00e9r\u00e9gl\u00e9s avec des sp\u00e9cifications de couple, des donn\u00e9es de dur\u00e9e de vie et des diagrammes de charge pour une installation simplifi\u00e9e.<\/p>\n<\/section>\n<section>\n<header>\n<h2 style=\"font-size: 20px; margin-top: 20px;\">\ud83d\udca1 Pourquoi choisir nos ressorts de torsion ?<\/h2>\n<\/header>\n<ul>\n<li>Finition \u00e0 l'huile antirouille et galvanisation pour la r\u00e9sistance \u00e0 la corrosion<\/li>\n<li>Acier \u00e0 ressort durable et \u00e0 haute r\u00e9sistance \u00e0 la traction<\/li>\n<li>OEM et personnalisation pour des tailles de portes sp\u00e9cifiques<\/li>\n<li>Contr\u00f4le de qualit\u00e9 rigoureux certifi\u00e9 ISO<\/li>\n<li>Prix de gros et prix de volume pour les distributeurs<\/li>\n<li>Longue dur\u00e9e de vie et co\u00fbts de remplacement r\u00e9duits<\/li>\n<\/ul>\n<\/section>\n<section>\n<header>\n<h2 style=\"font-size: 20px; margin-top: 20px;\">\ud83d\udcca Emballage et logistique<\/h2>\n<\/header>\n<p>Nos ressorts de torsion sont solidement emball\u00e9s et conditionn\u00e9s dans des cartons d'exportation ou sur des palettes afin d'\u00e9viter tout dommage pendant le transport. Des services d'emballage sur mesure et d'\u00e9tiquetage priv\u00e9 sont disponibles pour les commandes en gros. Nous assurons une exp\u00e9dition mondiale dans des d\u00e9lais courts, ce qui permet aux distributeurs et aux clients OEM de maintenir leurs stocks de mani\u00e8re efficace.<\/p>\n<\/section>\n<section>\n<header>\n<h2 style=\"font-size: 20px; margin-top: 20px;\">\u2705 Conclusion<\/h2>\n<\/header>\n<p>Si vous recherchez un ressort de torsion s\u00fbr, durable et facile \u00e0 installer, nos ressorts galvanis\u00e9s antirouille et tremp\u00e9s \u00e0 l'huile sont le choix id\u00e9al. Gr\u00e2ce \u00e0 notre exp\u00e9rience de la production OEM, \u00e0 notre technologie de pointe et \u00e0 notre contr\u00f4le de qualit\u00e9 strict, nous offrons des performances, une s\u00e9curit\u00e9 et une valeur \u00e9lev\u00e9es. Que vous soyez installateur, distributeur ou fabricant, nos ressorts de torsion peuvent \u00eatre personnalis\u00e9s pour s'adapter \u00e0 vos syst\u00e8mes de portes sectionnelles.<\/p>\n<\/section>","protected":false},"excerpt":{"rendered":"<p>Ressort de torsion de porte de garage galvanis\u00e9 de haute qualit\u00e9 avec un diam\u00e8tre int\u00e9rieur de 2\u2033 et une taille de fil de 5,0-6,8 mm, finition \u00e0 l'huile antirouille, options OEM et personnalisables pour les portes sectionnelles garantissant la durabilit\u00e9 et la s\u00e9curit\u00e9.<\/p>","protected":false},"featured_media":6276,"comment_status":"open","ping_status":"closed","template":"","meta":{"_acf_changed":false},"product_brand":[],"product_cat":[43],"product_tag":[],"class_list":{"0":"post-6275","1":"product","2":"type-product","3":"status-publish","4":"has-post-thumbnail","6":"product_cat-spring","8":"first","9":"instock","10":"shipping-taxable","11":"product-type-simple"},"acf":[],"_links":{"self":[{"href":"https:\/\/www.baoteng.cc\/fr\/wp-json\/wp\/v2\/product\/6275","targetHints":{"allow":["GET"]}}],"collection":[{"href":"https:\/\/www.baoteng.cc\/fr\/wp-json\/wp\/v2\/product"}],"about":[{"href":"https:\/\/www.baoteng.cc\/fr\/wp-json\/wp\/v2\/types\/product"}],"replies":[{"embeddable":true,"href":"https:\/\/www.baoteng.cc\/fr\/wp-json\/wp\/v2\/comments?post=6275"}],"wp:featuredmedia":[{"embeddable":true,"href":"https:\/\/www.baoteng.cc\/fr\/wp-json\/wp\/v2\/media\/6276"}],"wp:attachment":[{"href":"https:\/\/www.baoteng.cc\/fr\/wp-json\/wp\/v2\/media?parent=6275"}],"wp:term":[{"taxonomy":"product_brand","embeddable":true,"href":"https:\/\/www.baoteng.cc\/fr\/wp-json\/wp\/v2\/product_brand?post=6275"},{"taxonomy":"product_cat","embeddable":true,"href":"https:\/\/www.baoteng.cc\/fr\/wp-json\/wp\/v2\/product_cat?post=6275"},{"taxonomy":"product_tag","embeddable":true,"href":"https:\/\/www.baoteng.cc\/fr\/wp-json\/wp\/v2\/product_tag?post=6275"}],"curies":[{"name":"wp","href":"https:\/\/api.w.org\/{rel}","templated":true}]}}