{"id":6500,"date":"2025-09-24T04:01:31","date_gmt":"2025-09-24T04:01:31","guid":{"rendered":"https:\/\/baoteng.cc\/?post_type=product&#038;p=6500"},"modified":"2025-09-24T07:15:47","modified_gmt":"2025-09-24T07:15:47","slug":"arbre-creux-de-porte-de-garage-clavette-pour-arbre","status":"publish","type":"product","link":"https:\/\/www.baoteng.cc\/fr\/produit\/arbre-creux-de-porte-de-garage-clavette-pour-arbre\/","title":{"rendered":"Clavette pour arbre creux de porte de garage Clavette droite pour arbre tubulaire 6.35\u00d76.35x75mm"},"content":{"rendered":"<section style=\"width: 100%; font-family: Arial, sans-serif; line-height: 1.6; color: #333;\">\n<header>\n<h1 style=\"font-size: 24px; font-weight: bold; text-align: center;\">Cl\u00e9 \u00e0 arbre creux pour porte de garage (6.35mm \u00d7 6.35mm \u00d7 75mm)<\/h1>\n<\/header>\n<p>Le <span style=\"color: #ff4500; font-weight: bold;\">cl\u00e9 d'arbre<\/span> est tout simplement le composant de transmission m\u00e9canique le plus important et le moins appr\u00e9ci\u00e9. Nos produits sont usin\u00e9s pour un ajustement pr\u00e9cis de l'arbre et du moyeu, ce qui se traduit par un contr\u00f4le exceptionnel du couple, des performances fiables tout au long de la journ\u00e9e et une longue dur\u00e9e de vie. Con\u00e7us pour s'adapter parfaitement \u00e0 l'arbre et au moyeu de la <span style=\"color: #1e90ff; font-weight: bold;\">rainure de clavette<\/span>, Cet article garantit une efficacit\u00e9 maximale lors de l'alignement et de la fixation des composants rotatifs et est essentiel pour les applications industrielles et OEM.<\/p>\n<h2 style=\"font-size: 20px; margin-top: 20px;\">\u2699\ufe0f Ing\u00e9nierie sup\u00e9rieure pour les arbres tubulaires<\/h2>\n<p>Contrairement aux id\u00e9es re\u00e7ues, cette <span style=\"color: #ff4500; font-weight: bold;\">cl\u00e9 d'arbre<\/span> est sp\u00e9cialement con\u00e7u pour les arbres tubulaires. Sa conception droite permet une connexion pr\u00e9cise avec les accouplements et les assemblages d'arbres, \u00e9vitant ainsi les probl\u00e8mes de placement lors de l'installation. Fix\u00e9 \u00e0 l'int\u00e9rieur du <span style=\"color: #1e90ff; font-weight: bold;\">rainure de clavette pour l'arbre<\/span> et le composant correspondant, il offre une r\u00e9partition de la charge plus s\u00fbre et une transmission de couple coh\u00e9rente sous tous les types de charges.<\/p>\n<h2 style=\"font-size: 20px; margin-top: 20px;\">\ud83d\udd29 R\u00e9sistance des mat\u00e9riaux et traitement de surface<\/h2>\n<p>Fabriqu\u00e9e en acier alli\u00e9 de haute qualit\u00e9 et soumise \u00e0 un traitement thermique sp\u00e9cial, cette <span style=\"color: #ff4500; font-weight: bold;\">cl\u00e9 d'arbre<\/span> offre une r\u00e9sistance m\u00e9canique, une duret\u00e9 et une r\u00e9sistance \u00e0 l'usure exceptionnelles. Il r\u00e9siste \u00e0 des ann\u00e9es d'utilisation r\u00e9p\u00e9t\u00e9e sans d\u00e9formation. Les rev\u00eatements anticorrosion prolongent la dur\u00e9e de vie, m\u00eame dans les environnements humides, poussi\u00e9reux ou volatils, ce qui en fait un choix id\u00e9al pour les machines industrielles, les applications automobiles et les outils \u00e0 usage intensif.<\/p>\n<h2 style=\"font-size: 20px; margin-top: 20px;\">\ud83d\udee0\ufe0f Expertise OEM et personnalisable<\/h2>\n<p>Nous sommes experts en mati\u00e8re de services OEM et personnalis\u00e9s. Avec des d\u00e9cennies d'exp\u00e9rience en tant que fabricant de <span style=\"color: #ff4500; font-weight: bold;\">clavettes d'arbre<\/span>, Nous savons qu'il n'est pas toujours possible de normaliser les exigences. Certaines applications exigent des tol\u00e9rances plus strictes, des alliages sp\u00e9ciaux ou des rev\u00eatements. Notre \u00e9quipe d'ing\u00e9nieurs peut vous aider \u00e0 concevoir et \u00e0 fabriquer des cl\u00e9s droites r\u00e9pondant exactement \u00e0 vos besoins. En travaillant avec nous, vous b\u00e9n\u00e9ficiez de solutions sur mesure qui am\u00e9liorent l'efficacit\u00e9 et r\u00e9duisent les risques. \ud83d\udd27<\/p>\n<h2 style=\"font-size: 20px; margin-top: 20px;\">\ud83d\ude9c Applications polyvalentes<\/h2>\n<p>Le <strong>Cl\u00e9 droite <\/strong>est largement utilis\u00e9 dans les bo\u00eetes de vitesses, les pompes \u00e9lectriques, les machines de l'industrie sid\u00e9rurgique et les \u00e9quipements miniers. Son montage pr\u00e9cis, combin\u00e9 avec <span style=\"color: #1e90ff; font-weight: bold;\">rainure de clavette pour l'arbre<\/span> Le syst\u00e8me de verrouillage de l'axe de rotation assure un alignement coh\u00e9rent entre les composants \u00e0 assembler. \ud83d\ude9c\u2699\ufe0f<\/p>\n<h2 style=\"font-size: 20px; margin-top: 20px;\">\ud83d\udee1\ufe0f Installation et entretien<\/h2>\n<p>Installation de la <span style=\"color: #ff4500; font-weight: bold;\">cl\u00e9 d'arbre<\/span> est simple mais n\u00e9cessite une attention particuli\u00e8re. Veillez \u00e0 ce que les <span style=\"color: #1e90ff; font-weight: bold;\">rainure de clavette pour l'arbre<\/span> est propre et sans bavure avant l'installation. Appliquez une petite quantit\u00e9 de graisse si n\u00e9cessaire. Une fois ins\u00e9r\u00e9e, la cl\u00e9 assure un verrouillage m\u00e9canique s\u00fbr. Gr\u00e2ce \u00e0 sa structure durable, l'entretien est minime. \ud83d\udee0\ufe0f<\/p>\n<h2 style=\"font-size: 20px; margin-top: 20px;\">\u2728 Avantages de notre clavette d'arbre<\/h2>\n<ul>\n<li>\ud83d\udd39 Ajustement usin\u00e9 avec <span style=\"color: #1e90ff; font-weight: bold;\">rainure de clavette<\/span><\/li>\n<li>\ud83d\udd39 Acier alli\u00e9 tr\u00e8s r\u00e9sistant et fiable<\/li>\n<li>\ud83d\udd39 Rev\u00eatement r\u00e9sistant \u00e0 la corrosion pour une longue dur\u00e9e de vie<\/li>\n<li>\ud83d\udd39 Conception de la clavette droite adapt\u00e9e aux arbres tubulaires<\/li>\n<li>\ud83d\udd39 Production OEM et ODM disponible<\/li>\n<li>\ud83d\udd39 Largement utilis\u00e9 dans l'industrie, l'automobile et les syst\u00e8mes m\u00e9caniques<\/li>\n<\/ul>\n<h2 style=\"font-size: 20px; margin-top: 20px;\">\ud83c\udfed Engagement en faveur de la qualit\u00e9<\/h2>\n<p>Un contr\u00f4le strict de la qualit\u00e9 garantit que chaque <span style=\"color: #ff4500; font-weight: bold;\">cl\u00e9 d'arbre<\/span> r\u00e9pond aux normes. De la s\u00e9lection des mat\u00e9riaux \u00e0 la finition, nous livrons des produits conformes aux exigences des clients. Des tol\u00e9rances dimensionnelles strictes garantissent la compatibilit\u00e9 avec une large gamme de produits de la gamme <span style=\"color: #1e90ff; font-weight: bold;\">rainure de clavette <\/span>conception. Ce d\u00e9vouement a fait de nous un partenaire OEM appr\u00e9ci\u00e9 dans le monde entier.<\/p>\n<h2 style=\"font-size: 20px; margin-top: 20px;\">\ud83d\udcca Sp\u00e9cifications techniques<\/h2>\n<table style=\"border-collapse: collapse; width: 100%; text-align: left;\" border=\"1\" cellspacing=\"0\" cellpadding=\"8\">\n<tbody>\n<tr>\n<th>Nom du produit<\/th>\n<td>Clavette droite longue pour arbre tubulaire<\/td>\n<\/tr>\n<tr>\n<th>Taille<\/th>\n<td>6,35 mm x 6,35 mm x 75 mm<\/td>\n<\/tr>\n<tr>\n<th>Mat\u00e9riau<\/th>\n<td>Acier alli\u00e9<\/td>\n<\/tr>\n<tr>\n<th>Type<\/th>\n<td>Cl\u00e9 droite<\/td>\n<\/tr>\n<tr>\n<th>Accident vasculaire c\u00e9r\u00e9bral<\/th>\n<td>75 mm<\/td>\n<\/tr>\n<tr>\n<th>Finition de la surface<\/th>\n<td>Trait\u00e9e thermiquement, r\u00e9sistante \u00e0 la rouille<\/td>\n<\/tr>\n<tr>\n<th>Applications<\/th>\n<td>Machines industrielles, automobile, syst\u00e8mes de transmission<\/td>\n<\/tr>\n<tr>\n<th>OEM\/personnalisation<\/th>\n<td>Disponible sur demande<\/td>\n<\/tr>\n<\/tbody>\n<\/table>\n<h2 style=\"font-size: 20px; margin-top: 20px;\">\ud83d\ude80 Conclusion<\/h2>\n<p>Le <strong>Cl\u00e9 droite (6.35mm \u00d7 6.35mm \u00d7 75mm)<\/strong> est une prime <span style=\"color: #ff4500; font-weight: bold;\">cl\u00e9 d'arbre<\/span> con\u00e7u pour la solidit\u00e9, la durabilit\u00e9 et la pr\u00e9cision. Usin\u00e9 pour faciliter l'installation, il assure un verrouillage s\u00fbr et une transmission du couple par l'interm\u00e9diaire de l'arbre de transmission. <span style=\"color: #1e90ff; font-weight: bold;\">rainure de clavette<\/span>. Avec une personnalisation OEM et une expertise industrielle \u00e9prouv\u00e9e, c'est le choix id\u00e9al pour les fabricants et les professionnels \u00e0 la recherche de solutions m\u00e9caniques performantes. \u2699\ufe0f\ud83d\ude80<\/p>\n<\/section>","protected":false},"excerpt":{"rendered":"<p>Haute qualit\u00e9 <strong data-start=\"355\" data-end=\"368\">cl\u00e9 d'arbre<\/strong> con\u00e7u pour les arbres tubulaires, taille 6,35\u00d76,35x75mm. Con\u00e7u pour la durabilit\u00e9 et la pr\u00e9cision avec <strong data-start=\"468\" data-end=\"488\">rainure de clavette<\/strong>, Le syst\u00e8me d'alimentation en eau est id\u00e9al pour les OEM, les transmissions de puissance m\u00e9caniques personnalisables et les applications industrielles.<\/p>","protected":false},"featured_media":6501,"comment_status":"open","ping_status":"closed","template":"","meta":{"_acf_changed":false},"product_brand":[],"product_cat":[56],"product_tag":[],"class_list":{"0":"post-6500","1":"product","2":"type-product","3":"status-publish","4":"has-post-thumbnail","6":"product_cat-shafts","8":"first","9":"instock","10":"shipping-taxable","11":"product-type-grouped"},"acf":[],"_links":{"self":[{"href":"https:\/\/www.baoteng.cc\/fr\/wp-json\/wp\/v2\/product\/6500","targetHints":{"allow":["GET"]}}],"collection":[{"href":"https:\/\/www.baoteng.cc\/fr\/wp-json\/wp\/v2\/product"}],"about":[{"href":"https:\/\/www.baoteng.cc\/fr\/wp-json\/wp\/v2\/types\/product"}],"replies":[{"embeddable":true,"href":"https:\/\/www.baoteng.cc\/fr\/wp-json\/wp\/v2\/comments?post=6500"}],"wp:featuredmedia":[{"embeddable":true,"href":"https:\/\/www.baoteng.cc\/fr\/wp-json\/wp\/v2\/media\/6501"}],"wp:attachment":[{"href":"https:\/\/www.baoteng.cc\/fr\/wp-json\/wp\/v2\/media?parent=6500"}],"wp:term":[{"taxonomy":"product_brand","embeddable":true,"href":"https:\/\/www.baoteng.cc\/fr\/wp-json\/wp\/v2\/product_brand?post=6500"},{"taxonomy":"product_cat","embeddable":true,"href":"https:\/\/www.baoteng.cc\/fr\/wp-json\/wp\/v2\/product_cat?post=6500"},{"taxonomy":"product_tag","embeddable":true,"href":"https:\/\/www.baoteng.cc\/fr\/wp-json\/wp\/v2\/product_tag?post=6500"}],"curies":[{"name":"wp","href":"https:\/\/api.w.org\/{rel}","templated":true}]}}