{"id":6883,"date":"2025-09-28T03:24:04","date_gmt":"2025-09-28T03:24:04","guid":{"rendered":"https:\/\/baoteng.cc\/?post_type=product&#038;p=6883"},"modified":"2025-09-28T03:48:51","modified_gmt":"2025-09-28T03:48:51","slug":"poulie-pour-porte-basculante-poulie-pour-porte-de-garage","status":"publish","type":"product","link":"https:\/\/www.baoteng.cc\/fr\/produit\/poulie-pour-porte-basculante-poulie-pour-porte-de-garage\/","title":{"rendered":"Overhead Door Pulleys 3 Inch Pulley Wheel Safety Cable Guide for Extension Springs OEM Customizable Garage Door Parts"},"content":{"rendered":"<section style=\"width: 100%; font-family: Arial, sans-serif; line-height: 1.6; color: #333;\">\n<header>\n<h1 style=\"font-size: 24px; font-weight: bold; text-align: center;\">\ud83d\udd27 Roue de poulie de porte de garage 3\u2033 et guide de c\u00e2ble de s\u00e9curit\u00e9 pour ressorts d'extension<\/h1>\n<\/header>\n<p style=\"font-size: 16px;\">Le <b>poulies pour portes basculantes<\/b> sont une partie importante du syst\u00e8me des portes de garage, qu'ils aident \u00e0 maintenir en bon \u00e9tat de marche et \u00e0 assurer des conditions de fonctionnement s\u00fbres pour les ann\u00e9es \u00e0 venir. Nos services <b>3\u2033 syst\u00e8me de c\u00e2ble de s\u00e9curit\u00e9 roue \u00e0 poulie<\/b> est con\u00e7ue sp\u00e9cifiquement pour les syst\u00e8mes de ressorts d'extension et assembl\u00e9e \u00e0 partir de mat\u00e9riaux solides et de normes pr\u00e9cises pour un service continu. Cette poulie est fabriqu\u00e9e \u00e0 partir d'une solide plaque de 1\u2033 d'une \u00e9paisseur de 1,5 mm et d'une finition galvanis\u00e9e pour limiter la corrosion et prolonger l'utilisation, m\u00eame dans un environnement r\u00e9sidentiel ou commercial difficile.<\/p>\n<h2 style=\"font-size: 20px; margin-top: 20px;\">\u2728 Caract\u00e9ristiques principales de la poulie pour porte basculante 3\u2033 (Overhead Door Pulley)<\/h2>\n<ul style=\"font-size: 16px; margin-left: 20px;\">\n<li>\u2699\ufe0f <b>Mat\u00e9riau robuste<\/b>: Fabriqu\u00e9 en acier de haute qualit\u00e9, d'une \u00e9paisseur de 1,5 mm pour une meilleure capacit\u00e9 de charge.<\/li>\n<li>\ud83d\udee1\ufe0f <b>Rev\u00eatement galvanis\u00e9<\/b> - Offre une excellente r\u00e9sistance \u00e0 la rouille pour une valeur durable.<\/li>\n<li>\ud83d\udd12 <b>Guide du c\u00e2ble de s\u00e9curit\u00e9<\/b> - \u00c9vite les accidents en emp\u00eachant les c\u00e2bles de se d\u00e9tacher et de se d\u00e9saligner gr\u00e2ce aux ressorts d'extension.<\/li>\n<li>\ud83d\udeaa <b>Compatible avec la plupart des portes de garage<\/b> - Fonctionne avec la plupart des marques de portes de garage r\u00e9sidentielles et commerciales.<\/li>\n<li>\ud83d\udccf <b>3\u2033 Taille standard de l'industrie<\/b> - Peut \u00eatre install\u00e9 avec un simple remplacement.<\/li>\n<\/ul>\n<h2 style=\"font-size: 20px; margin-top: 20px;\">\ud83c\udfed Quincaillerie de porte de garage OEM et personnalisable<\/h2>\n<p style=\"font-size: 16px;\">Si cela vous dit quelque chose, vous \u00eates un installateur de portes de garage #. Avec plus de 16 ans d'exp\u00e9rience dans la fabrication de quincaillerie pour portes de garage, <b>NINGBO BAOTENG TECHNOLOGY CO., LTD<\/b> fournit <b>OEM<\/b> et <b>service d'\u00e9tiquetage priv\u00e9 personnalis\u00e9<\/b>. <a href=\"https:\/\/www.baoteng.cc\/fr\/rouleaux\/\" target=\"_blank\" rel=\"noopener\">Galets de porte de garage<\/a>, Les poulies, les charni\u00e8res et les supports, ou les poulies et les supports de pointe, sont des \u00e9l\u00e9ments de base de l'architecture. <a href=\"https:\/\/www.baoteng.cc\/fr\/tambours-de-cable\/\" target=\"_blank\" rel=\"noopener\">tambours de c\u00e2ble<\/a>: Maverick Hardware con\u00e7oit et fabrique du mat\u00e9riel qui peut \u00eatre personnalis\u00e9 en fonction de l'application du client. Que vous ayez besoin de tailles non standard, d'un grand volume de pi\u00e8ces et d'une livraison rapide, ou de mat\u00e9riaux personnalis\u00e9s, notre \u00e9quipe d'ing\u00e9nieurs peut vous proposer des conceptions conformes aux normes ITAR, ainsi qu'une disponibilit\u00e9 \u00e0 long terme.<\/p>\n<h2 style=\"font-size: 20px; margin-top: 20px;\">\u26a1 Avantages de l'utilisation de nos poulies pour portes basculantes<\/h2>\n<ul style=\"font-size: 16px; margin-left: 20px;\">\n<li>\ud83c\udf0e Export\u00e9 dans plus de 50 pays \u00e0 travers le monde, reconnu par les distributeurs internationaux.<\/li>\n<li>\ud83d\udd27 L'\u00e9quipement de production de pointe \u00e0 haute r\u00e9sistance et la machine \u00e0 enrouler assurent la topologie de c\u00e2blage la plus coh\u00e9rente possible, garantissant ainsi la transmission.<\/li>\n<li>\ud83d\udce6 MOQ flexible et options d'achat en gros pour les projets r\u00e9sidentiels et commerciaux.<\/li>\n<li>\ud83d\ude9b La livraison est rapide et nous disposons d'un soutien logistique mondial.<\/li>\n<\/ul>\n<h2 style=\"font-size: 20px; margin-top: 20px;\">\ud83d\udcd8 Conformit\u00e9 aux normes industrielles<\/h2>\n<p style=\"font-size: 16px;\">Nos poulies pour portes basculantes respectent ou d\u00e9passent les normes de s\u00e9curit\u00e9 et de performance en vigueur aux \u00c9tats-Unis et en Europe occidentale. Nous respectons les normes suivantes <a href=\"https:\/\/www.osha.gov\/machine-guarding\" target=\"_blank\" rel=\"noopener\"><b>Normes de protection des machines de l'OSHA<\/b><\/a> pour une conception, une installation et un fonctionnement s\u00fbrs de chaque syst\u00e8me de porte de garage.<\/p>\n<h2 style=\"font-size: 20px; margin-top: 20px;\">\ud83d\udca1 Applications<\/h2>\n<p style=\"font-size: 16px;\">Le <b>Poulies pour portes basculantes 3\u2033 (3\u2033 overhead door pulleys)<\/b>\u00a0est couramment utilis\u00e9 pour les garages r\u00e9sidentiels, les portes industrielles, les entrep\u00f4ts et les applications commerciales. Avec un syst\u00e8me de guidage stable et un support de charge robuste, c'est la solution id\u00e9ale pour am\u00e9liorer les performances de la porte et augmenter la dur\u00e9e de vie des ressorts d'extension.<\/p>\n<h2 style=\"font-size: 20px; margin-top: 20px;\">\ud83d\udccc Pourquoi choisir BAOTENG ?<\/h2>\n<ul style=\"font-size: 16px; margin-left: 20px;\">\n<li>Plus de 16 ans d'exp\u00e9rience en R&amp;D et en fabrication de ferrures pour portes de garage.<\/li>\n<li>\u2705 Disponible pour OEM\/ODM pour r\u00e9pondre \u00e0 des demandes sp\u00e9ciales.<\/li>\n<li>\u2705 Gamme compl\u00e8te de produits, y compris les rouleaux, les charni\u00e8res, les supports, les rails, les tambours de c\u00e2ble et les serrures.<\/li>\n<li>\u2705 Une \u00e9quipe d'ing\u00e9nieurs solide pour soutenir l'innovation des nouveaux produits et les questions techniques.<\/li>\n<\/ul>\n<p style=\"font-size: 16px;\">Le <b>poulies pour portes basculantes<\/b>\u00a0sont tr\u00e8s importants en termes de s\u00e9curit\u00e9 et de bon fonctionnement. Ce produit est dot\u00e9 d'un <b>Roue de poulie de 3 pouces<\/b>, <b>guide-c\u00e2ble de s\u00e9curit\u00e9<\/b>, La quincaillerie de porte de garage est fabriqu\u00e9e en acier inoxydable, en finition galvanis\u00e9e et peut \u00eatre fabriqu\u00e9e sur mesure par un fabricant d'\u00e9quipement d'origine. En coop\u00e9rant avec nous, vous b\u00e9n\u00e9ficiez non seulement d'un fabricant de quincaillerie de porte de garage de premier ordre, mais aussi d'un soutien marketing dans le monde entier.<\/p>\n<\/section>","protected":false},"excerpt":{"rendered":"<p>D\u00e9couvrez des poulies de porte basculante de haute qualit\u00e9 avec roue de poulie 3\u2033 et guide de c\u00e2ble de s\u00e9curit\u00e9 pour ressorts d'extension. Finition galvanis\u00e9e durable, \u00e9paisseur de 1,5 mm, solutions de quincaillerie de porte de garage OEM et personnalisables d'un fabricant exp\u00e9riment\u00e9.<\/p>","protected":false},"featured_media":6884,"comment_status":"open","ping_status":"closed","template":"","meta":{"_acf_changed":false},"product_brand":[],"product_cat":[58],"product_tag":[],"class_list":{"0":"post-6883","1":"product","2":"type-product","3":"status-publish","4":"has-post-thumbnail","6":"product_cat-accessories","8":"first","9":"instock","10":"shipping-taxable","11":"product-type-grouped"},"acf":[],"_links":{"self":[{"href":"https:\/\/www.baoteng.cc\/fr\/wp-json\/wp\/v2\/product\/6883","targetHints":{"allow":["GET"]}}],"collection":[{"href":"https:\/\/www.baoteng.cc\/fr\/wp-json\/wp\/v2\/product"}],"about":[{"href":"https:\/\/www.baoteng.cc\/fr\/wp-json\/wp\/v2\/types\/product"}],"replies":[{"embeddable":true,"href":"https:\/\/www.baoteng.cc\/fr\/wp-json\/wp\/v2\/comments?post=6883"}],"wp:featuredmedia":[{"embeddable":true,"href":"https:\/\/www.baoteng.cc\/fr\/wp-json\/wp\/v2\/media\/6884"}],"wp:attachment":[{"href":"https:\/\/www.baoteng.cc\/fr\/wp-json\/wp\/v2\/media?parent=6883"}],"wp:term":[{"taxonomy":"product_brand","embeddable":true,"href":"https:\/\/www.baoteng.cc\/fr\/wp-json\/wp\/v2\/product_brand?post=6883"},{"taxonomy":"product_cat","embeddable":true,"href":"https:\/\/www.baoteng.cc\/fr\/wp-json\/wp\/v2\/product_cat?post=6883"},{"taxonomy":"product_tag","embeddable":true,"href":"https:\/\/www.baoteng.cc\/fr\/wp-json\/wp\/v2\/product_tag?post=6883"}],"curies":[{"name":"wp","href":"https:\/\/api.w.org\/{rel}","templated":true}]}}