{"id":6886,"date":"2025-09-28T05:40:52","date_gmt":"2025-09-28T05:40:52","guid":{"rendered":"https:\/\/baoteng.cc\/?post_type=product&#038;p=6886"},"modified":"2025-09-28T05:50:27","modified_gmt":"2025-09-28T05:50:27","slug":"cables-de-porte-de-garage-fil-de-ressort-de-torsion","status":"publish","type":"product","link":"https:\/\/www.baoteng.cc\/fr\/produit\/cables-de-porte-de-garage-fil-de-ressort-de-torsion\/","title":{"rendered":"Garage Door Cables Torsion Spring Wire Replacement Parts Heavy Duty Cable Wire for Garage Doors"},"content":{"rendered":"<section style=\"width: 100%; font-family: Arial, sans-serif; line-height: 1.6; color: #333;\">\n<header>\n<h1 style=\"font-size: 24px; font-weight: bold; text-align: center;\">\ud83d\udd27 Garage Door Cables Torsion Spring Wire - Heavy Duty Replacement Cable Wire<\/h1>\n<\/header>\n<p>Les c\u00e2bles de porte de garage jouent un r\u00f4le essentiel dans le bon fonctionnement et la s\u00e9curit\u00e9 de votre porte de garage basculante. Ces c\u00e2bles sont utilis\u00e9s avec les syst\u00e8mes de ressorts de torsion et d'extension pour contrebalancer le poids \u00e9lev\u00e9 de la porte afin de faciliter le levage et l'abaissement. Notre service <strong style=\"color: #d35400;\">C\u00e2bles de porte de garage C\u00e2ble de ressort de torsion<\/strong> sont fabriqu\u00e9s \u00e0 partir de fils d'acier de haute qualit\u00e9, test\u00e9s pour r\u00e9pondre aux normes de charge les plus \u00e9lev\u00e9es, ce qui les rend parfaits pour une utilisation \u00e0 long terme dans les portes de garage r\u00e9sidentielles et commerciales.<\/p>\n<h2 style=\"font-size: 20px; margin-top: 20px;\">\u2728 Les caract\u00e9ristiques des c\u00e2bles pour portes de garage<\/h2>\n<ul>\n<li>\u2699\ufe0f <strong>Diverses options de taille :<\/strong> S\u00e9lectionnez les tailles 1\/8\u2033, 5\/32\u2033, 3\/16\u2033 ou 1\/4\u2033 pour r\u00e9pondre aux besoins de votre porte de garage.<\/li>\n<li>\ud83d\udee1\ufe0f <strong>Galvanis\u00e9 Rev\u00eatement :<\/strong> Pr\u00e9vient la rouille et la corrosion, pour une qualit\u00e9 durable.<\/li>\n<li>\ud83d\udeaa <strong>Digne de confiance Force :<\/strong> Assiste le poids de votre porte de garage avec stabilit\u00e9 pour une solution \u00e0 long terme.<\/li>\n<li>\ud83d\udccf <strong>Adaptation universelle :<\/strong> Fonctionne avec toutes les portes de garage sectionnelles r\u00e9sidentielles et la plupart des portes commerciales.<\/li>\n<li>\ud83d\udd29 <strong>OEM et personnalisation :<\/strong> Disponible pour les marques de distributeur, les diam\u00e8tres non standard, les longueurs personnalis\u00e9es et les emballages sp\u00e9ciaux.<\/li>\n<\/ul>\n<h2 style=\"font-size: 20px; margin-top: 20px;\">\ud83c\udfed Exp\u00e9rience OEM et personnalisable<\/h2>\n<p>Avec plus de <strong style=\"color: #27ae60;\">16 ans d'exp\u00e9rience en tant que fabricant et exportateur<\/strong>, NINGBO BAOTENG TECHNOLOGY CO. est connu comme un fournisseur professionnel et excellent. Nous fournissons non seulement des pi\u00e8ces pour portes de garage, mais aussi des serrures de s\u00e9curit\u00e9 pour fen\u00eatres et des poign\u00e9es de porte r\u00e9sidentielles. De <a style=\"color: #2980b9; text-decoration: none;\" href=\"https:\/\/www.baoteng.cc\/fr\/rouleaux\/\" target=\"_blank\" rel=\"noopener\">galets de porte de garage<\/a>, <a style=\"color: #2980b9; text-decoration: none;\" href=\"https:\/\/www.baoteng.cc\/fr\/charnieres\/\" target=\"_blank\" rel=\"noopener\">charni\u00e8res<\/a>, Qu'il s'agisse de supports, de rails, de tambours de c\u00e2bles ou de serrures, nous avons tout ce qu'il faut. Notre \u00e9quipe d'ing\u00e9nieurs peut d\u00e9velopper des produits r\u00e9pondant \u00e0 vos exigences, notamment en mati\u00e8re de r\u00e9sistance \u00e0 la traction, d'\u00e9paisseur, de finition de surface et d'emballage personnalis\u00e9. Que vous soyez revendeur, installateur ou propri\u00e9taire d'une marque, nos solutions sur mesure garantissent des performances fiables dans des d\u00e9lais comp\u00e9titifs.<\/p>\n<h2 style=\"font-size: 20px; margin-top: 20px;\">\u26a1 Avantages d'obtenir nos c\u00e2bles de porte de garage<\/h2>\n<ul>\n<li>\ud83c\udf0d Export\u00e9 dans plus de 50 pays \u00e0 travers le monde, r\u00e9pondant aux normes internationales des distributeurs.<\/li>\n<li>\ud83d\udd27 Construit avec des \u00e9quipements de bobinage et de test de haute qualit\u00e9 pour des performances fiables.<\/li>\n<li>\ud83d\udce6 Des quantit\u00e9s de commande flexibles - les petites quantit\u00e9s de commande et les commandes en vrac sont toutes deux prises en charge.<\/li>\n<li>\ud83d\ude9b Livraison rapide et fiable gr\u00e2ce \u00e0 des r\u00e9seaux logistiques \u00e9tendus.<\/li>\n<\/ul>\n<h2 style=\"font-size: 20px; margin-top: 20px;\">\ud83d\udcd8 Conformit\u00e9 et normes industrielles<\/h2>\n<p>Nos c\u00e2bles pour portes de garage sont fabriqu\u00e9s et test\u00e9s selon les normes de qualit\u00e9 les plus strictes. Ils sont conformes <a style=\"color: #2980b9; text-decoration: none;\" href=\"https:\/\/www.dasma.com\" target=\"_blank\" rel=\"noopener\">DASMA<\/a> (Door &amp; Access Systems Manufacturers Association), ce qui garantit un fonctionnement s\u00fbr et fiable. Ils sont \u00e9galement conformes aux normes de s\u00e9curit\u00e9 des machines de l'OSHA afin de garantir une installation correcte et la pr\u00e9vention des accidents.<\/p>\n<h2 style=\"font-size: 20px; margin-top: 20px;\">\ud83d\udca1 Applications<\/h2>\n<ul>\n<li>\ud83c\udfe0 Portes de garage sectionnelles r\u00e9sidentielles.<\/li>\n<li>\ud83c\udfed Portes \u00e0 enroulement pour l'industrie et les entrep\u00f4ts.<\/li>\n<li>\ud83d\ude8c Portes commerciales l\u00e9g\u00e8res o\u00f9 la s\u00e9curit\u00e9 est essentielle.<\/li>\n<li>\ud83d\udd12 Pi\u00e8ces de rechange pour les syst\u00e8mes de c\u00e2bles de s\u00e9curit\u00e9.<\/li>\n<\/ul>\n<h2 style=\"font-size: 20px; margin-top: 20px;\">\ud83d\udccf Sp\u00e9cifications techniques<\/h2>\n<table style=\"border-collapse: collapse; width: 100%; text-align: left;\" border=\"1\" cellspacing=\"0\" cellpadding=\"6\">\n<tbody>\n<tr style=\"background: #f2f2f2;\">\n<th>Nom du produit<\/th>\n<th>Options de diam\u00e8tre<\/th>\n<th>Finition<\/th>\n<th>Mat\u00e9riau<\/th>\n<th>Application<\/th>\n<\/tr>\n<tr>\n<td>C\u00e2bles de porte de garage C\u00e2ble de ressort de torsion<\/td>\n<td>1\/8&#8243; | 5\/32&#8243; | 3\/16&#8243; | 1\/4&#8243;<\/td>\n<td>Galvanis\u00e9 antirouille<\/td>\n<td>Fil d'acier galvanis\u00e9 \u00e0 haute r\u00e9sistance<\/td>\n<td>Portes de garage r\u00e9sidentielles et commerciales<\/td>\n<\/tr>\n<\/tbody>\n<\/table>\n<h2 style=\"font-size: 20px; margin-top: 20px;\">\ud83d\udccc Pourquoi choisir BAOTENG ?<\/h2>\n<ul>\n<li>Plus de 16 ans d'exp\u00e9rience en mati\u00e8re de R&amp;D et d'exportation dans le domaine de la quincaillerie pour portes de garage.<\/li>\n<li>\u2705 S\u00e9lection compl\u00e8te : c\u00e2bles, rouleaux, charni\u00e8res, supports, serrures et arbres.<\/li>\n<li>\u2705 Support OEM\/ODM pour des syst\u00e8mes de c\u00e2bles et des emballages personnalis\u00e9s.<\/li>\n<li>\u2705 Gestion avanc\u00e9e de la production avec des tests de qualit\u00e9 stricts.<\/li>\n<\/ul>\n<h2 style=\"font-size: 20px; margin-top: 20px;\">\ud83c\udf1f Conclusion<\/h2>\n<p>Le <strong style=\"color: #d35400;\">C\u00e2bles de porte de garage C\u00e2ble de ressort de torsion<\/strong> joue un r\u00f4le essentiel dans les portes de garage basculantes. Fabriqu\u00e9s en acier galvanis\u00e9 tr\u00e8s r\u00e9sistant et propos\u00e9s en plusieurs diam\u00e8tres, ces c\u00e2bles garantissent des performances fluides, s\u00fbres et durables, tant pour un usage r\u00e9sidentiel que commercial. En partenariat avec <strong style=\"color: #27ae60;\">BAOTENG OEM et personnalisation<\/strong> c'est acc\u00e9der \u00e0 la quincaillerie de porte de garage de la plus haute qualit\u00e9, reconnue dans le monde entier.<\/p>\n<\/section>","protected":false},"excerpt":{"rendered":"<p>C\u00e2bles de porte de garage durables, fils de ressorts de torsion et pi\u00e8ces de rechange pour c\u00e2bles. Disponibles en plusieurs diam\u00e8tres pour des syst\u00e8mes de portes de garage fiables. Solutions OEM et personnalisables avec finition galvanis\u00e9e et exp\u00e9rience de l'exportation mondiale.<\/p>","protected":false},"featured_media":6887,"comment_status":"open","ping_status":"closed","template":"","meta":{"_acf_changed":false},"product_brand":[],"product_cat":[58],"product_tag":[],"class_list":{"0":"post-6886","1":"product","2":"type-product","3":"status-publish","4":"has-post-thumbnail","6":"product_cat-accessories","8":"first","9":"instock","10":"shipping-taxable","11":"product-type-grouped"},"acf":[],"_links":{"self":[{"href":"https:\/\/www.baoteng.cc\/fr\/wp-json\/wp\/v2\/product\/6886","targetHints":{"allow":["GET"]}}],"collection":[{"href":"https:\/\/www.baoteng.cc\/fr\/wp-json\/wp\/v2\/product"}],"about":[{"href":"https:\/\/www.baoteng.cc\/fr\/wp-json\/wp\/v2\/types\/product"}],"replies":[{"embeddable":true,"href":"https:\/\/www.baoteng.cc\/fr\/wp-json\/wp\/v2\/comments?post=6886"}],"wp:featuredmedia":[{"embeddable":true,"href":"https:\/\/www.baoteng.cc\/fr\/wp-json\/wp\/v2\/media\/6887"}],"wp:attachment":[{"href":"https:\/\/www.baoteng.cc\/fr\/wp-json\/wp\/v2\/media?parent=6886"}],"wp:term":[{"taxonomy":"product_brand","embeddable":true,"href":"https:\/\/www.baoteng.cc\/fr\/wp-json\/wp\/v2\/product_brand?post=6886"},{"taxonomy":"product_cat","embeddable":true,"href":"https:\/\/www.baoteng.cc\/fr\/wp-json\/wp\/v2\/product_cat?post=6886"},{"taxonomy":"product_tag","embeddable":true,"href":"https:\/\/www.baoteng.cc\/fr\/wp-json\/wp\/v2\/product_tag?post=6886"}],"curies":[{"name":"wp","href":"https:\/\/api.w.org\/{rel}","templated":true}]}}