{"id":6888,"date":"2025-09-28T06:14:10","date_gmt":"2025-09-28T06:14:10","guid":{"rendered":"https:\/\/baoteng.cc\/?post_type=product&#038;p=6888"},"modified":"2025-09-28T06:23:13","modified_gmt":"2025-09-28T06:23:13","slug":"poulie-de-cable-de-porte-de-garage-avec-support","status":"publish","type":"product","link":"https:\/\/www.baoteng.cc\/fr\/produit\/poulie-de-cable-de-porte-de-garage-avec-support\/","title":{"rendered":"Garage Door Cable Pulley with Bracket Heavy Duty Sectional Door Hardware Replacement Part OEM Customizable"},"content":{"rendered":"<section style=\"width: 100%; font-family: Arial, sans-serif; line-height: 1.6; color: #333;\">\n<header>\n<h1 style=\"font-size: 24px; font-weight: bold; text-align: center;\">\ud83e\uddf0 Garage Door Cable Pulley + Bracket Heavy Duty 3 Inch Sheave Galvanized<\/h1>\n<\/header>\n<p>A <strong style=\"color: #d35400;\">poulie de c\u00e2ble de porte de garage<\/strong> La poulie est un \u00e9l\u00e9ment essentiel de tout syst\u00e8me de porte de garage sectionnelle, car elle assure un levage et une fermeture corrects et en douceur de la porte au fil du temps. Compatible avec les syst\u00e8mes de ressorts de torsion et d'extension, cette poulie avec support \u00e9quilibre la porte pour un cycle correct. Con\u00e7ue pour les portes jusqu'\u00e0 150 livres, elle est fabriqu\u00e9e en acier galvanis\u00e9 robuste avec un support en acier inoxydable. <strong>Support de 3,75 mm d'\u00e9paisseur<\/strong>, Le syst\u00e8me d'\u00e9clairage de l'espace de travail est con\u00e7u de mani\u00e8re \u00e0 assurer la durabilit\u00e9, la r\u00e9sistance \u00e0 la rouille et la fiabilit\u00e9 des performances pour les applications int\u00e9rieures et ext\u00e9rieures.<\/p>\n<h2 style=\"font-size: 20px; margin-top: 20px;\">\u2728 Sp\u00e9cifications de la poulie de c\u00e2ble de porte de garage avec support<\/h2>\n<ul>\n<li>\u2699\ufe0f <strong>Conception robuste :<\/strong> Le support de 3,75 mm d'\u00e9paisseur r\u00e9siste \u00e0 des charges \u00e9lev\u00e9es.<\/li>\n<li>\ud83d\udee1\ufe0f <strong>Galvanis\u00e9 par immersion \u00e0 chaud :<\/strong> Offre une r\u00e9sistance sup\u00e9rieure \u00e0 la corrosion, au sel et \u00e0 l'humidit\u00e9.<\/li>\n<li>\ud83d\udeaa <strong>Compatibilit\u00e9 parfaite :<\/strong> Con\u00e7u pour fonctionner avec des portes de garage sectionnelles.<\/li>\n<li>\ud83d\udd29 <strong>Original et personnalisable :<\/strong> Support OEM pour les marques de distributeurs, les dimensions sp\u00e9ciales et les emballages.<\/li>\n<li>\ud83d\udccf <strong>Adaptation universelle :<\/strong> Compatible avec la plupart des portes de garage sectionnelles et des supports inf\u00e9rieurs.<\/li>\n<\/ul>\n<h2 style=\"font-size: 20px; margin-top: 20px;\">\ud83c\udfed Exp\u00e9rience OEM et personnalisable<\/h2>\n<p>Depuis 2008, <strong style=\"color: #27ae60;\">NINGBO BAOTENG TECHNOLOGY CO., LTD<\/strong> est un fabricant professionnel de quincaillerie pour portes de garage qui compte plus de 16 ans d'exp\u00e9rience. Gr\u00e2ce \u00e0 des \u00e9quipements de production avanc\u00e9s, \u00e0 la mise au point de moules en interne et \u00e0 des contr\u00f4les de qualit\u00e9 stricts, nous proposons des solutions OEM standard et non standard. De <a style=\"color: #2980b9; text-decoration: none;\" href=\"https:\/\/www.baoteng.cc\/fr\/charnieres\/\" target=\"_blank\" rel=\"noopener\">charni\u00e8res<\/a>, <a style=\"color: #2980b9; text-decoration: none;\" href=\"https:\/\/www.baoteng.cc\/fr\/rouleaux\/\" target=\"_blank\" rel=\"noopener\">rouleaux<\/a>, <a href=\"https:\/\/www.baoteng.cc\/fr\/parentheses\/\" target=\"_blank\" rel=\"noopener\">parenth\u00e8ses<\/a>, et <a href=\"https:\/\/www.baoteng.cc\/fr\/pistes\/\" target=\"_blank\" rel=\"noopener\">pistes<\/a> Les installateurs et les distributeurs peuvent trouver des gammes compl\u00e8tes de produits. Des conceptions personnalis\u00e9es pour l'\u00e9paisseur des supports, le diam\u00e8tre des poulies, la r\u00e9sistance \u00e0 la traction et les normes d'emballage r\u00e9pondent aux diverses exigences des march\u00e9s internationaux.<\/p>\n<h2 style=\"font-size: 20px; margin-top: 20px;\">\u26a1 Pourquoi choisir notre poulie de c\u00e2ble de porte de garage<\/h2>\n<ul>\n<li>\ud83c\udf0d Export\u00e9 dans plus de 50 pays et b\u00e9n\u00e9ficiant d'une forte reconnaissance mondiale.<\/li>\n<li>\ud83d\udd27 Fabrication de pr\u00e9cision \u00e0 l'aide d'\u00e9quipements de formage et d'essai pour une qualit\u00e9 constante.<\/li>\n<li>\ud83d\udce6 MOQs flexibles - supportant aussi bien les petites commandes que les grands projets de distribution.<\/li>\n<li>\ud83d\ude9b Livraison rapide gr\u00e2ce \u00e0 une logistique \u00e9tendue sur les principaux march\u00e9s internationaux.<\/li>\n<\/ul>\n<h2 style=\"font-size: 20px; margin-top: 20px;\">\ud83d\udcd8 Conformit\u00e9 et normes industrielles<\/h2>\n<p>Toutes nos poulies de porte de garage et notre quincaillerie sont produites sous un contr\u00f4le de qualit\u00e9 strict. Les composants sont conformes <a style=\"color: #2980b9; text-decoration: none;\" href=\"https:\/\/www.dasma.com\" target=\"_blank\" rel=\"noopener\">DASMA<\/a> et s'aligner sur les r\u00e8gles de s\u00e9curit\u00e9 de l'OSHA (<strong>29CFR 1910.179, C-1<\/strong>), ce qui garantit un fonctionnement fiable, une installation s\u00fbre et une longue dur\u00e9e de vie. Ces certifications industrielles garantissent la conformit\u00e9 aux exigences de s\u00e9curit\u00e9 r\u00e9sidentielles et commerciales, ce qui en fait un choix de confiance pour les march\u00e9s mondiaux.<\/p>\n<h2 style=\"font-size: 20px; margin-top: 20px;\">\ud83d\udca1 Applications<\/h2>\n<ul>\n<li>\ud83c\udfe0 Portes de garage r\u00e9sidentielles sectionnelles n\u00e9cessitant des poulies inf\u00e9rieures avec supports.<\/li>\n<li>\ud83c\udfed Portes d'usine, d'entrep\u00f4t et industrielles n\u00e9cessitant des solutions durables.<\/li>\n<li>\ud83d\ude9b Portes de garage commerciales o\u00f9 la s\u00e9curit\u00e9 et la fiabilit\u00e9 sont essentielles.<\/li>\n<li>\ud83d\udd12 Pi\u00e8ces de rechange pour les poulies us\u00e9es ou endommag\u00e9es.<\/li>\n<\/ul>\n<h2 style=\"font-size: 20px; margin-top: 20px;\">\ud83d\udccf Sp\u00e9cifications techniques<\/h2>\n<table style=\"border-collapse: collapse; width: 100%; text-align: left;\" border=\"1\" cellspacing=\"0\" cellpadding=\"6\">\n<tbody>\n<tr style=\"background: #f2f2f2;\">\n<th>Nom du produit<\/th>\n<th>\u00c9paisseur du support<\/th>\n<th>Finition<\/th>\n<th>Mat\u00e9riau<\/th>\n<th>Application<\/th>\n<\/tr>\n<tr>\n<td>Poulie de c\u00e2ble de porte de garage avec support<\/td>\n<td>3,75 mm<\/td>\n<td>Galvanis\u00e9<\/td>\n<td>Acier galvanis\u00e9 \u00e0 haute r\u00e9sistance<\/td>\n<td>Portes de garage sectionnelles r\u00e9sidentielles et commerciales<\/td>\n<\/tr>\n<\/tbody>\n<\/table>\n<h2 style=\"font-size: 20px; margin-top: 20px;\">\ud83d\udccc Pourquoi choisir BAOTENG ?<\/h2>\n<ul>\n<li>\u2705 Plus de 16 ans d'exp\u00e9rience professionnelle en mati\u00e8re de R&amp;D et d'exportation.<\/li>\n<li>Huit gammes compl\u00e8tes de produits : c\u00e2bles, poulies, rouleaux, charni\u00e8res, supports, serrures, etc.<\/li>\n<li>\u2705 De fortes capacit\u00e9s OEM\/ODM pour les logos priv\u00e9s et la personnalisation des syst\u00e8mes.<\/li>\n<li>\u2705 Tests stricts et syst\u00e8me de gestion de la production avanc\u00e9.<\/li>\n<\/ul>\n<h2 style=\"font-size: 20px; margin-top: 20px;\">\ud83c\udf1f Conclusion<\/h2>\n<p>Le <strong style=\"color: #d35400;\">poulie de c\u00e2ble de porte de garage avec support<\/strong> est un \u00e9l\u00e9ment essentiel des syst\u00e8mes de portes de garage sectionnelles. Fabriqu\u00e9 en acier galvanis\u00e9 avec un support robuste de 3,75 mm, il garantit un fonctionnement s\u00fbr, souple et durable. Avec <strong style=\"color: #27ae60;\">BAOTENG OEM et personnalisation<\/strong>, Gr\u00e2ce \u00e0 l'utilisation de la technologie de pointe, vous b\u00e9n\u00e9ficiez d'un partenaire expert dans l'industrie des portes de garage, qui vous fournit des solutions de quincaillerie fiables et personnalis\u00e9es pour r\u00e9pondre aux exigences sp\u00e9cifiques de votre projet.<\/p>\n<\/section>","protected":false},"excerpt":{"rendered":"<p>Poulie de c\u00e2ble de porte de garage de haute qualit\u00e9 avec support pour portes de garage sectionnelles. Fabriqu\u00e9e en acier galvanis\u00e9 de 3,75 mm, durable et r\u00e9sistante \u00e0 la rouille. Solutions OEM et personnalis\u00e9es de BAOTENG avec plus de 16 ans d'exp\u00e9rience dans la fabrication.<\/p>","protected":false},"featured_media":6889,"comment_status":"open","ping_status":"closed","template":"","meta":{"_acf_changed":false},"product_brand":[],"product_cat":[58],"product_tag":[],"class_list":{"0":"post-6888","1":"product","2":"type-product","3":"status-publish","4":"has-post-thumbnail","6":"product_cat-accessories","8":"first","9":"instock","10":"shipping-taxable","11":"product-type-grouped"},"acf":[],"_links":{"self":[{"href":"https:\/\/www.baoteng.cc\/fr\/wp-json\/wp\/v2\/product\/6888","targetHints":{"allow":["GET"]}}],"collection":[{"href":"https:\/\/www.baoteng.cc\/fr\/wp-json\/wp\/v2\/product"}],"about":[{"href":"https:\/\/www.baoteng.cc\/fr\/wp-json\/wp\/v2\/types\/product"}],"replies":[{"embeddable":true,"href":"https:\/\/www.baoteng.cc\/fr\/wp-json\/wp\/v2\/comments?post=6888"}],"wp:featuredmedia":[{"embeddable":true,"href":"https:\/\/www.baoteng.cc\/fr\/wp-json\/wp\/v2\/media\/6889"}],"wp:attachment":[{"href":"https:\/\/www.baoteng.cc\/fr\/wp-json\/wp\/v2\/media?parent=6888"}],"wp:term":[{"taxonomy":"product_brand","embeddable":true,"href":"https:\/\/www.baoteng.cc\/fr\/wp-json\/wp\/v2\/product_brand?post=6888"},{"taxonomy":"product_cat","embeddable":true,"href":"https:\/\/www.baoteng.cc\/fr\/wp-json\/wp\/v2\/product_cat?post=6888"},{"taxonomy":"product_tag","embeddable":true,"href":"https:\/\/www.baoteng.cc\/fr\/wp-json\/wp\/v2\/product_tag?post=6888"}],"curies":[{"name":"wp","href":"https:\/\/api.w.org\/{rel}","templated":true}]}}