{"id":6967,"date":"2025-09-30T06:32:07","date_gmt":"2025-09-30T06:32:07","guid":{"rendered":"https:\/\/baoteng.cc\/?post_type=product&#038;p=6967"},"modified":"2025-09-30T07:02:29","modified_gmt":"2025-09-30T07:02:29","slug":"vis-autoperceuse-a-tete-hexagonale-vis-autotaraudeuse","status":"publish","type":"product","link":"https:\/\/www.baoteng.cc\/fr\/produit\/vis-autoperceuse-a-tete-hexagonale-vis-autotaraudeuse\/","title":{"rendered":"Vis autoperceuse \u00e0 t\u00eate hexagonale de haute r\u00e9sistance | Vis autoperceuse \u00e0 bride galvanis\u00e9e OEM Tailles personnalis\u00e9es"},"content":{"rendered":"<section style=\"width: 100%; font-family: Arial, sans-serif; line-height: 1.6; color: #333;\">\n<header>\n<h1 style=\"font-size: 24px; font-weight: bold; text-align: center;\">Vis autotaraudeuses \u00e0 collerette | Vis autoperceuses \u00e0 t\u00eate hexagonale OEM et sur mesure<\/h1>\n<\/header>\n<p>\ud83d\udd29 Le <strong>vis autoperceuse \u00e0 t\u00eate hexagonale<\/strong> est une fixation populaire et durable pour toutes vos applications professionnelles : assemblage, production industrielle, atelier, bricolage ou m\u00e9nage. Ces vis ont une finition galvanis\u00e9e pour une plus grande r\u00e9sistance \u00e0 la corrosion et font partie de la gamme, ce qui vous permet de savoir qu'elles feront le travail le plus efficacement possible - pour un usage professionnel ou personnel. Disponibles en 5,5 mm x 50 mm, adapt\u00e9es \u00e0 une douille M8, elles facilitent les travaux de fixation dans un grand nombre de projets.<\/p>\n<h2 style=\"font-size: 20px; margin-top: 20px;\">\u2728 Caract\u00e9ristiques des vis autoperceuses \u00e0 t\u00eate hexagonale<\/h2>\n<ul style=\"list-style: disc; margin-left: 20px;\">\n<li>Mat\u00e9riau : Acier de haute qualit\u00e9 avec surface galvanis\u00e9e pour \u00e9viter la rouille \ud83d\udee0\ufe0f<\/li>\n<li>Style de t\u00eate : La t\u00eate d'entra\u00eenement \u00e0 rondelle hexagonale assure un serrage solide \u00e0 chaque fois.<\/li>\n<li>Type de filetage : Filetage complet pour une prise en main durable et pas d'effilochage<\/li>\n<li>Dimensions : Options 5.5mm\u00d750mm<\/li>\n<li>Entra\u00eenement : S'adapte \u00e0 la douille M8, facile \u00e0 installer<\/li>\n<li>Usine OEM et personnalisable avec pr\u00e8s de 20 ans d'exp\u00e9rience \ud83c\udfa8<\/li>\n<li>Id\u00e9al pour une utilisation int\u00e9rieure\/ext\u00e9rieure \ud83c\udf26\ufe0f<\/li>\n<li>Conforme aux normes am\u00e9ricaines et internationales (ASTM, DIN, ISO)<\/li>\n<\/ul>\n<p>Avec la technologie de <a href=\"https:\/\/www.baoteng.cc\/fr\/apercu-de-lentreprise\/\" target=\"_blank\" rel=\"noopener\">NINGBO BAOTENG TECHNOLOGY CO., LTD<\/a>, Cr\u00e9\u00e9e en 2008, cette soci\u00e9t\u00e9 propose des vis de conception avanc\u00e9e, un contr\u00f4le de qualit\u00e9 rigoureux et une innovation continue. Avec des exportations d'\u00e9l\u00e9ments de fixation dans plus de 50 pays, les clients ont confiance dans la fiabilit\u00e9 \u00e0 long terme.<\/p>\n<h2 style=\"font-size: 20px; margin-top: 20px;\">\ud83d\udca1 Avantages des vis autoperceuses \u00e0 t\u00eate hexagonale<\/h2>\n<ul style=\"margin-left: 20px;\">\n<li>\ud83d\udd27 Installation facile : La conception autotaraudeuse \u00e9limine le besoin de pr\u00e9-per\u00e7age.<\/li>\n<li>\u26a1 R\u00e9sistance accrue : Assure une performance stable sous charge<\/li>\n<li>\ud83c\udf0e La finition galvanis\u00e9e de longue dur\u00e9e offre une r\u00e9sistance sup\u00e9rieure \u00e0 la corrosion<\/li>\n<li>\ud83c\udfa8 Service OEM personnalis\u00e9 : Disponible en diff\u00e9rentes longueurs, diam\u00e8tres et finitions.<\/li>\n<li>\ud83c\udfed Nombreuses applications : Id\u00e9al pour les portes de garage, les machines, les meubles et la construction.<\/li>\n<\/ul>\n<p>Nos vis sont utilis\u00e9es dans le travail du bois et du m\u00e9tal, ainsi que dans des applications r\u00e9sidentielles et industrielles, et sont con\u00e7ues pour un usage intensif. Les tests effectu\u00e9s sur des machines de traction informatis\u00e9es garantissent la conformit\u00e9 avec les normes suivantes <a href=\"https:\/\/www.astm.org\/\" target=\"_blank\" rel=\"noopener\">Normes ASTM<\/a> et d'autres r\u00e9f\u00e9rences mondiales.<\/p>\n<h2 style=\"font-size: 20px; margin-top: 20px;\">\ud83c\udfd7\ufe0f Applications pour les vis autoperceuses \u00e0 t\u00eate hexagonale<\/h2>\n<ul style=\"list-style: disc; margin-left: 20px;\">\n<li>Portes de garage r\u00e9sidentielles \ud83c\udfe1<\/li>\n<li>Usines et \u00e9quipements lourds \ud83c\udfed<\/li>\n<li>Installation de meubles et d'\u00e9quipements modulaires \ud83e\ude91<\/li>\n<li>Construction de structures en acier \ud83c\udfd7\ufe0f<\/li>\n<li>Solutions techniques bricol\u00e9es et personnalis\u00e9es \ud83d\udd28<\/li>\n<\/ul>\n<h2 style=\"font-size: 20px; margin-top: 20px;\">\ud83c\udf1f OEM et service de personnalisation<\/h2>\n<p>Avec pr\u00e8s de 20 ans d'exp\u00e9rience dans la fabrication OEM, nous fournissons des solutions de fixation sur mesure. Qu'il s'agisse de t\u00eates plus \u00e9paisses, de filetages plus longs ou de finitions uniques, nos ing\u00e9nieurs apportent des r\u00e9ponses pr\u00e9cises. En savoir plus <a href=\"https:\/\/www.baoteng.cc\/fr\/parentheses\/\" target=\"_blank\" rel=\"noopener\">supports de porte de garage<\/a> et <a href=\"https:\/\/www.baoteng.cc\/fr\/arbres\/\" target=\"_blank\" rel=\"noopener\">arbres de porte de garage<\/a> pour les syst\u00e8mes mat\u00e9riels complets.<\/p>\n<h2 style=\"font-size: 20px; margin-top: 20px;\">\ud83d\udcbc Exp\u00e9rience dans l'industrie<\/h2>\n<p>Nous avons gagn\u00e9 la confiance du monde entier dans le domaine de l'exportation d'\u00e9l\u00e9ments de fixation, ainsi que de galets de porte de garage, de charni\u00e8res, de tambours de c\u00e2ble et de serrures. Disposant d'un \u00e9quipement de pointe et d'ing\u00e9nieurs qualifi\u00e9s, nous garantissons des performances de pr\u00e9cision et un solide syst\u00e8me de gestion de la qualit\u00e9. Nos produits allient des prix comp\u00e9titifs \u00e0 une durabilit\u00e9 fiable.<\/p>\n<h2 style=\"font-size: 20px; margin-top: 20px;\">\ud83d\uded2 Conseils d'installation<\/h2>\n<ul style=\"list-style: disc; margin-left: 20px;\">\n<li>Pour une installation s\u00fbre, utilisez un embout de douille M8 avec un tournevis.<\/li>\n<li>Pour les applications structurelles, utiliser des rondelles ou des contre-\u00e9crous pour plus de s\u00e9curit\u00e9.<\/li>\n<li>\u00c9viter de trop serrer pour ne pas endommager le filetage.<\/li>\n<\/ul>\n<h2 style=\"font-size: 20px; margin-top: 20px;\">\u2705 Les avantages en un coup d'\u0153il<\/h2>\n<ul style=\"list-style: disc; margin-left: 20px;\">\n<li style=\"list-style-type: none;\">\ud83c\udf26\ufe0f R\u00e9sistance sup\u00e9rieure \u00e0 la corrosion et \u00e0 la rouille<\/li>\n<li style=\"list-style-type: none;\">\ud83c\udfd7\ufe0f Fiable dans de nombreux secteurs et projets<\/li>\n<li style=\"list-style-type: none;\">\ud83d\udd29 R\u00e9sistance constante et s\u00e9curit\u00e9 de la fixation<\/li>\n<li style=\"list-style-type: none;\">\ud83c\udfa8 Des solutions OEM personnalis\u00e9es adapt\u00e9es aux besoins des clients<\/li>\n<li style=\"list-style-type: none;\">\ud83c\udf10 Pr\u00e8s de 20 ans d'excellence en mati\u00e8re de fabrication<\/li>\n<\/ul>\n<p>Qu'il s'agisse de travaux d'am\u00e9lioration de l'habitat ou de construction industrielle, le <strong>vis autoperceuse \u00e0 t\u00eate hexagonale<\/strong> offre solidit\u00e9, durabilit\u00e9 et facilit\u00e9 d'utilisation. Am\u00e9liorez votre projet en l'associant \u00e0 <a href=\"https:\/\/www.baoteng.cc\/fr\/poignees-serrures\/\" target=\"_blank\" rel=\"noopener\">poign\u00e9es et serrures de portes de garage<\/a> et <a href=\"https:\/\/www.baoteng.cc\/fr\/Bumpers\/\" target=\"_blank\" rel=\"noopener\">pare-chocs pour portes de garage<\/a> pour obtenir une solution mat\u00e9rielle compl\u00e8te et fiable \ud83d\ude80<\/p>\n<p>\ud83d\udd39 Choisissez les solutions de vis autoperceuses galvanis\u00e9es \u00e0 t\u00eate hexagonale d'un sp\u00e9cialiste OEM avec pr\u00e8s de deux d\u00e9cennies d'exp\u00e9rience. Nos vis d\u00e9passent les normes de l'industrie, offrant une efficacit\u00e9, une durabilit\u00e9 et une valeur maximales \ud83c\udfc6<\/p>\n<\/section>","protected":false},"excerpt":{"rendered":"<p>Flanged Self Tapping Screws | Hex Head Self Drilling Screw OEM &amp; Custom \ud83d\udd29 The hex head self drilling screw is a popular and durable fastener for all your professional applications: assembly, industrial production, workshop, DIY or household. These screws are made from a galvanized finish for greater corrosion resistance, and are part of the &#8230; <a title=\"Vis autoperceuse \u00e0 t\u00eate hexagonale de haute r\u00e9sistance | Vis autoperceuse \u00e0 bride galvanis\u00e9e OEM Tailles personnalis\u00e9es\" class=\"read-more\" href=\"https:\/\/www.baoteng.cc\/fr\/produit\/vis-autoperceuse-a-tete-hexagonale-vis-autotaraudeuse\/\" aria-label=\"Read more about High Strength Hex Head Self Drilling Screw | Galvanized Flanged Self Tapping Screws OEM Custom Sizes\">Lire la suite<\/a><\/p>","protected":false},"featured_media":6976,"comment_status":"open","ping_status":"closed","template":"","meta":{"_acf_changed":false},"product_brand":[],"product_cat":[58],"product_tag":[],"class_list":{"0":"post-6967","1":"product","2":"type-product","3":"status-publish","4":"has-post-thumbnail","6":"product_cat-accessories","8":"first","9":"instock","10":"shipping-taxable","11":"product-type-grouped"},"acf":[],"_links":{"self":[{"href":"https:\/\/www.baoteng.cc\/fr\/wp-json\/wp\/v2\/product\/6967","targetHints":{"allow":["GET"]}}],"collection":[{"href":"https:\/\/www.baoteng.cc\/fr\/wp-json\/wp\/v2\/product"}],"about":[{"href":"https:\/\/www.baoteng.cc\/fr\/wp-json\/wp\/v2\/types\/product"}],"replies":[{"embeddable":true,"href":"https:\/\/www.baoteng.cc\/fr\/wp-json\/wp\/v2\/comments?post=6967"}],"wp:featuredmedia":[{"embeddable":true,"href":"https:\/\/www.baoteng.cc\/fr\/wp-json\/wp\/v2\/media\/6976"}],"wp:attachment":[{"href":"https:\/\/www.baoteng.cc\/fr\/wp-json\/wp\/v2\/media?parent=6967"}],"wp:term":[{"taxonomy":"product_brand","embeddable":true,"href":"https:\/\/www.baoteng.cc\/fr\/wp-json\/wp\/v2\/product_brand?post=6967"},{"taxonomy":"product_cat","embeddable":true,"href":"https:\/\/www.baoteng.cc\/fr\/wp-json\/wp\/v2\/product_cat?post=6967"},{"taxonomy":"product_tag","embeddable":true,"href":"https:\/\/www.baoteng.cc\/fr\/wp-json\/wp\/v2\/product_tag?post=6967"}],"curies":[{"name":"wp","href":"https:\/\/api.w.org\/{rel}","templated":true}]}}