{"id":7067,"date":"2025-10-09T01:12:55","date_gmt":"2025-10-09T01:12:55","guid":{"rendered":"https:\/\/baoteng.cc\/?post_type=product&#038;p=7067"},"modified":"2025-10-09T02:28:34","modified_gmt":"2025-10-09T02:28:34","slug":"portes-de-garage-standard-panneaux-pu-mousse-isolee","status":"publish","type":"product","link":"https:\/\/www.baoteng.cc\/fr\/produit\/portes-de-garage-standard-panneaux-pu-mousse-isolee\/","title":{"rendered":"40mm 50mm Panneau de portes de garage standard en acier sectionnel isol\u00e9 par de la mousse PU Finition bois Construction sandwich OEM Personnalisable"},"content":{"rendered":"<section style=\"width: 100%; font-family: Arial, sans-serif; line-height: 1.6; color: #333;\">\n<header>\n<h1 style=\"font-size: 24px; font-weight: bold; text-align: center;\">\ud83d\udeaa 40mm 50mm Construction sandwich sectionnelle isol\u00e9e Acier Mousse PU <span style=\"color: #d35400;\">Panneaux de portes de garage standard<\/span><\/h1>\n<\/header>\n<p>En tant que fournisseur de panneaux de portes de garage avec pr\u00e8s de <strong>20 ans d'exp\u00e9rience<\/strong> d\u00e9velopper les panneaux de la porte de garage, <strong>NBMETALPRODUCTS<\/strong> propose avec fiert\u00e9 le panneau standard des portes sectionnelles isol\u00e9es r\u00e9sidentielles et commerciales. <strong>BAOTENG<\/strong> se concentre sur l'utilisation des m\u00e9thodes de production les plus avanc\u00e9es pour fournir des produits de quincaillerie architecturale fabriqu\u00e9s \u00e0 partir de mat\u00e9riaux de haute qualit\u00e9 et dot\u00e9s d'un \u00e9quipement complet. <strong>Personnalisation OEM<\/strong>. Notre soci\u00e9t\u00e9 fournit actuellement un large \u00e9ventail de clients dans plus de 50 pays \u00e0 travers le monde. \ud83c\udf0d<\/p>\n<h2 style=\"font-size: 20px; margin-top: 20px;\">\ud83d\udc8e Aper\u00e7u du produit<\/h2>\n<p>Le <strong>Panneaux de construction sandwich sectionnelle en acier PU Foam pour portes de garage isol\u00e9es<\/strong> sont con\u00e7us pour offrir une efficacit\u00e9 thermique sup\u00e9rieure et une esth\u00e9tique moderne. Avec des options d'\u00e9paisseur de <strong>40 mm<\/strong> et <strong>50 mm<\/strong>, et des largeurs de <strong>450mm \u00e0 550mm<\/strong>, Ces panneaux sont id\u00e9aux pour les nouvelles maisons, les entrep\u00f4ts et les b\u00e2timents commerciaux. L'\u00e9l\u00e9gance des <strong>finition couleur bois<\/strong> allie la chaleur visuelle \u00e0 la solidit\u00e9 industrielle et \u00e0 la r\u00e9sistance aux intemp\u00e9ries. \ud83c\udf24\ufe0f<\/p>\n<h2 style=\"font-size: 20px; margin-top: 20px;\">\u2699\ufe0f Sp\u00e9cifications techniques<\/h2>\n<ul style=\"list-style: disc; margin-left: 20px;\">\n<li><strong>Largeur du panneau :<\/strong> 450-550mm<\/li>\n<li><strong>\u00c9paisseur du panneau :<\/strong> 40 mm et 50 mm<\/li>\n<li><strong>Mat\u00e9riau :<\/strong> Feuille de fer Raybon + mousse de polyur\u00e9thane (PU)<\/li>\n<li><strong>Finition de la surface :<\/strong> Grain de bois ou finition lisse avec vernis \u00e0 s\u00e9chage UV<\/li>\n<li><strong>Isolation :<\/strong> Noyau en mousse PU haute densit\u00e9 pour une isolation efficace<\/li>\n<li><strong>Type de construction :<\/strong> Panneau sandwich sectionnel avec des peaux d'acier directionnelles coll\u00e9es \u00e0 un cadre interne en treillis<\/li>\n<li><strong>Couleurs disponibles :<\/strong> Bois, blanc, gris et couleurs personnalis\u00e9es<\/li>\n<li><strong>Conductivit\u00e9 thermique :<\/strong> \u2264 0,028 W\/m-K<\/li>\n<li><strong>Classement au feu :<\/strong> R\u00e9pond aux exigences de l'ASTM E84 en mati\u00e8re de propagation de la flamme<\/li>\n<li><strong>OEM\/ODM :<\/strong> Disponible avec une taille, une couleur et une texture personnalis\u00e9es<\/li>\n<\/ul>\n<h2 style=\"font-size: 20px; margin-top: 20px;\">\ud83c\udf21\ufe0f Des performances d'isolation exceptionnelles<\/h2>\n<p>Le c\u0153ur de chaque panneau est rempli de <strong>isolation en polyur\u00e9thane haute densit\u00e9<\/strong>, Les panneaux d'habillage sont en acier inoxydable, ce qui cr\u00e9e une excellente barri\u00e8re thermique contre les temp\u00e9ratures extr\u00eames. Que vous viviez dans un climat froid au nord ou dans une zone chaude au sud, ces produits sont tr\u00e8s efficaces. <span style=\"color: #2980b9; font-weight: bold;\">panneaux de portes de garage standard<\/span> contribuent \u00e0 maintenir le confort int\u00e9rieur, en r\u00e9duisant la consommation d'\u00e9nergie et le bruit. \ud83d\udd07<\/p>\n<h2 style=\"font-size: 20px; margin-top: 20px;\">\ud83d\udd29 R\u00e9sistance structurelle sup\u00e9rieure<\/h2>\n<p>Chaque panneau de construction sandwich en acier est fabriqu\u00e9 \u00e0 partir de t\u00f4les d'acier galvanis\u00e9 lamin\u00e9es avec pr\u00e9cision, coll\u00e9es \u00e0 l'aide d'un adh\u00e9sif. <strong>Mousse expans\u00e9e sans CFC<\/strong> \u00e0 l'aide d'un adh\u00e9sif \u00e9poxy \u00e0 haute r\u00e9sistance. Cela garantit la durabilit\u00e9 et emp\u00eache la d\u00e9formation en cas d'utilisation intensive. La conception des bords en queue d'aronde avec languette et rainure minimise la p\u00e9n\u00e9tration de l'eau et am\u00e9liore les performances d'\u00e9tanch\u00e9it\u00e9. \ud83d\udcaa<\/p>\n<h2 style=\"font-size: 20px; margin-top: 20px;\">\ud83c\udf33 Finition en bois \u00e9l\u00e9gante et esth\u00e9tique<\/h2>\n<p><strong>Panneaux de portes de garage BAOTENG<\/strong>\u00a0pr\u00e9sentent une texture de grain de bois naturel obtenue par gaufrage \u00e0 haute temp\u00e9rature et rev\u00eatement en poudre. Cela donne un aspect naturel et intemporel compatible avec l'architecture moderne, tout en offrant une excellente r\u00e9sistance aux UV et \u00e0 la corrosion pour des performances \u00e0 long terme. \u2600\ufe0f<\/p>\n<h2 style=\"font-size: 20px; margin-top: 20px;\">\ud83d\udee0\ufe0f OEM et capacit\u00e9 de personnalisation<\/h2>\n<p>Notre usine se concentre sur <strong>OEM et production sur mesure<\/strong> - des dimensions des panneaux et de la densit\u00e9 de l'isolation \u00e0 la couleur et \u00e0 la texture du rev\u00eatement. Que votre projet n\u00e9cessite un gaufrage personnalis\u00e9, l'apposition d'un logo ou des objectifs sp\u00e9cifiques en mati\u00e8re de valeur R, nos ing\u00e9nieurs exp\u00e9riment\u00e9s sont l\u00e0 pour vous aider. <strong>BAOTENG<\/strong> a d\u00e9velopp\u00e9 pr\u00e8s de 200 profils d'extrusion et des milliers de moules pour des solutions mat\u00e9rielles personnalis\u00e9es. \ud83c\udf10<\/p>\n<h2 style=\"font-size: 20px; margin-top: 20px;\">\ud83c\udfd7\ufe0f Mat\u00e9riel de porte de garage compatible<\/h2>\n<p>Nous fournissons une gamme compl\u00e8te de composants compatibles tels que <a style=\"color: #d35400; text-decoration: none;\" href=\"https:\/\/www.baoteng.cc\/fr\/charnieres\/\" target=\"_blank\" rel=\"noopener\">Charni\u00e8res de porte de garage<\/a>, <a style=\"color: #d35400; text-decoration: none;\" href=\"https:\/\/www.baoteng.cc\/fr\/rouleaux\/\" target=\"_blank\" rel=\"noopener\">Rouleaux de porte de garage<\/a>, et <a style=\"color: #d35400; text-decoration: none;\" href=\"https:\/\/www.baoteng.cc\/fr\/poignees-serrures\/\" target=\"_blank\" rel=\"noopener\">Poign\u00e9es et serrures<\/a> pour compl\u00e9ter le syst\u00e8me de porte sectionnelle. Chaque composant est con\u00e7u pour une synchronisation m\u00e9canique sans faille et un assemblage facile. \ud83d\udeaa<\/p>\n<h2 style=\"font-size: 20px; margin-top: 20px;\">\ud83d\udd12 S\u00e9curit\u00e9 et fiabilit\u00e9<\/h2>\n<p>Tous les <strong>panneaux de portes de garage standard<\/strong> est conforme aux normes de qualit\u00e9 internationales et fait l'objet d'un contr\u00f4le de qualit\u00e9 strict, comprenant des tests d'\u00e9paisseur, d'adh\u00e9rence et de r\u00e9sistance \u00e0 la pression. En option <strong>bords de s\u00e9curit\u00e9<\/strong>, <strong>prot\u00e8ge-doigts<\/strong>, et <strong>conceptions anti-pincement<\/strong> sont disponibles pour am\u00e9liorer la s\u00e9curit\u00e9 et la protection de l'utilisateur. \ud83e\udde4<\/p>\n<h2 style=\"font-size: 20px; margin-top: 20px;\">\ud83c\udf0d A propos de BAOTENG<\/h2>\n<p>Fond\u00e9e en 2008, <strong>NINGBO BAOTENG TECHNOLOGY INDUSTRY AND TRADE<\/strong> est un fabricant de premier plan sp\u00e9cialis\u00e9 dans les composants de portes de garage. Nous excellons dans le formage pr\u00e9cis des m\u00e9taux, l'injection de PU et le rev\u00eatement en poudre de premi\u00e8re qualit\u00e9. Engag\u00e9s dans l'innovation et la qualit\u00e9, nous nous sommes d\u00e9velopp\u00e9s dans plus de 50 pays, devenant l'un des noms les plus reconnus dans l'industrie de la quincaillerie de porte. \ud83c\udf10<\/p>\n<h2 style=\"font-size: 20px; margin-top: 20px;\">\ud83d\udd27 Applications<\/h2>\n<ul style=\"list-style: disc; margin-left: 20px;\">\n<li>Portes de garage sectionnelles r\u00e9sidentielles<\/li>\n<li>Entrep\u00f4ts commerciaux et d\u00e9p\u00f4ts logistiques<\/li>\n<li>Magasins et entrep\u00f4ts frigorifiques<\/li>\n<li>M\u00e9canique automobile et centres d'entretien<\/li>\n<\/ul>\n<h2 style=\"font-size: 20px; margin-top: 20px;\">\ud83d\udce6 Emballage et exp\u00e9dition<\/h2>\n<p>Chaque panneau est prot\u00e9g\u00e9 par un film, des protections d'angle et des mat\u00e9riaux r\u00e9sistants \u00e0 l'humidit\u00e9 pendant le transport. Les options d'emballage comprennent des palettes en bois robustes et des cartons de qualit\u00e9 export pour la s\u00e9curit\u00e9 pendant le transport maritime, a\u00e9rien ou express. \ud83d\udea2<\/p>\n<h2 style=\"font-size: 20px; margin-top: 20px;\">\u2705 Pourquoi choisir BAOTENG ?<\/h2>\n<ul style=\"list-style: disc; margin-left: 20px;\">\n<li>Pr\u00e8s de 20 ans d'exp\u00e9rience en mati\u00e8re de production OEM et sur mesure<\/li>\n<li>Machines automatiques de moussage du PU et de laminage de l'acier<\/li>\n<li>Contr\u00f4le strict de la qualit\u00e9 conform\u00e9ment aux normes ISO9001<\/li>\n<li>D\u00e9lai d'ex\u00e9cution rapide et quantit\u00e9s de commande flexibles<\/li>\n<li>Une solution unique de la conception \u00e0 la livraison<\/li>\n<\/ul>\n<footer style=\"margin-top: 30px; text-align: center;\">\u2b50 <strong>BAOTENG - Votre fabricant professionnel de confiance de panneaux de portes de garage standard et de personnalisation.<\/strong> \u2b50<\/footer>\n<\/section>","protected":false},"excerpt":{"rendered":"<ul style=\"list-style: disc; margin-left: 20px;\">\n<li><strong>Mat\u00e9riau :<\/strong> T\u00f4le d'acier galvanis\u00e9e + mousse de polyur\u00e9thane (PU)<\/li>\n<li><strong>Finition de la surface :<\/strong> Finition bois ou lisse avec rev\u00eatement UV<\/li>\n<li><strong>Isolation :<\/strong> Noyau en mousse PU haute densit\u00e9 pour une efficacit\u00e9 thermique sup\u00e9rieure<\/li>\n<li><strong>Type de construction :<\/strong> Panneau sandwich sectionnel avec collage continu de la peau en acier<\/li>\n<\/ul>","protected":false},"featured_media":7068,"comment_status":"open","ping_status":"closed","template":"","meta":{"_acf_changed":false},"product_brand":[],"product_cat":[60],"product_tag":[],"class_list":{"0":"post-7067","1":"product","2":"type-product","3":"status-publish","4":"has-post-thumbnail","6":"product_cat-panels-window","8":"first","9":"instock","10":"shipping-taxable","11":"product-type-grouped"},"acf":[],"_links":{"self":[{"href":"https:\/\/www.baoteng.cc\/fr\/wp-json\/wp\/v2\/product\/7067","targetHints":{"allow":["GET"]}}],"collection":[{"href":"https:\/\/www.baoteng.cc\/fr\/wp-json\/wp\/v2\/product"}],"about":[{"href":"https:\/\/www.baoteng.cc\/fr\/wp-json\/wp\/v2\/types\/product"}],"replies":[{"embeddable":true,"href":"https:\/\/www.baoteng.cc\/fr\/wp-json\/wp\/v2\/comments?post=7067"}],"wp:featuredmedia":[{"embeddable":true,"href":"https:\/\/www.baoteng.cc\/fr\/wp-json\/wp\/v2\/media\/7068"}],"wp:attachment":[{"href":"https:\/\/www.baoteng.cc\/fr\/wp-json\/wp\/v2\/media?parent=7067"}],"wp:term":[{"taxonomy":"product_brand","embeddable":true,"href":"https:\/\/www.baoteng.cc\/fr\/wp-json\/wp\/v2\/product_brand?post=7067"},{"taxonomy":"product_cat","embeddable":true,"href":"https:\/\/www.baoteng.cc\/fr\/wp-json\/wp\/v2\/product_cat?post=7067"},{"taxonomy":"product_tag","embeddable":true,"href":"https:\/\/www.baoteng.cc\/fr\/wp-json\/wp\/v2\/product_tag?post=7067"}],"curies":[{"name":"wp","href":"https:\/\/api.w.org\/{rel}","templated":true}]}}