{"id":7086,"date":"2025-10-10T03:21:21","date_gmt":"2025-10-10T03:21:21","guid":{"rendered":"https:\/\/baoteng.cc\/?post_type=product&#038;p=7086"},"modified":"2025-10-10T03:30:23","modified_gmt":"2025-10-10T03:30:23","slug":"fenetres-de-porte-de-garage-basculante-fenetre-en-plastique","status":"publish","type":"product","link":"https:\/\/www.baoteng.cc\/fr\/produit\/fenetres-de-porte-de-garage-basculante-fenetre-en-plastique\/","title":{"rendered":"Fen\u00eatres pour portes de garage suspendues Custom Factory Durable Plastic Industrial Window Kits for Sectional Doors OEM Supplier"},"content":{"rendered":"<section style=\"width: 100%; font-family: Arial, sans-serif; line-height: 1.6; color: #333;\">\n<header>\n<h1 style=\"font-size: 24px; font-weight: bold; text-align: center;\">\ud83c\udfed Fen\u00eatres de portes de garage sectionnelles - Kits de fen\u00eatres de force industrielle pour les commerces et les garages<\/h1>\n<\/header>\n<p>\u2728 <strong>Impressionner et responsabiliser avec la lumi\u00e8re<\/strong> dans notre <strong>Porte de garage basculante Fen\u00eatres<\/strong> - l'\u00e9quilibre parfait entre r\u00e9sistance, esth\u00e9tique et utilit\u00e9 pour les b\u00e2timents industriels et commerciaux d'aujourd'hui. Fabriqu\u00e9 par <strong>NINGBO BAOTENG TECHNOLOGY CO., LTD<\/strong>, Chaque kit de fen\u00eatre est con\u00e7u pour offrir des performances, une durabilit\u00e9 et une clart\u00e9 optique sup\u00e9rieures, m\u00eame dans des conditions de travail exigeantes.<\/p>\n<h2 style=\"font-size: 20px; margin-top: 20px;\">\ud83d\udd27 Aper\u00e7u du produit<\/h2>\n<p>Notre <strong>portes de garage basculantes fen\u00eatres<\/strong> sont fabriqu\u00e9s \u00e0 partir d'un plastique caoutchout\u00e9 \u00e0 haute translucidit\u00e9 qui, en plus d'\u00eatre esth\u00e9tique, est tr\u00e8s r\u00e9sistant aux chocs et flexible. Chaque panneau mesure <strong>650 x 320 mm<\/strong> avec une taille d'ouverture de <strong>617 x 288mm<\/strong>, Ce qui en fait un produit id\u00e9al pour les portes sectionnelles et industrielles. Ces fen\u00eatres apportent de la lumi\u00e8re naturelle dans les entrep\u00f4ts, les magasins et les garages tout en pr\u00e9servant l'isolation et la solidit\u00e9.<\/p>\n<h2 style=\"font-size: 20px; margin-top: 20px;\">\ud83c\udfd7\ufe0f Caract\u00e9ristiques principales<\/h2>\n<ul style=\"list-style: disc; margin-left: 20px;\">\n<li>\ud83d\udca1 <strong>Transmission de la lumi\u00e8re \u00e9lev\u00e9e :<\/strong> Polycarbonate double couche prot\u00e9g\u00e9 contre les UV pour une luminosit\u00e9 et une r\u00e9sistance aux UV sup\u00e9rieures.<\/li>\n<li>\ud83d\udee1\ufe0f <strong>Mat\u00e9riau de longue dur\u00e9e :<\/strong> Fabriqu\u00e9 en polycarbonate haute r\u00e9sistance, r\u00e9sistant aux chocs, aux d\u00e9formations et aux fissures.<\/li>\n<li>\ud83c\udf26\ufe0f <strong>Construction r\u00e9sistante aux intemp\u00e9ries :<\/strong> Conception \u00e9tanche et thermiquement efficace pour une protection par tous les temps.<\/li>\n<li>\ud83d\udd29 <strong>Mise en place simple :<\/strong> Compatible avec la plupart des syst\u00e8mes de portes de garage sectionnelles et industrielles pour une installation rapide.<\/li>\n<li>\u2699\ufe0f <strong>OEM et personnalisation :<\/strong> BAOTENG propose des tailles, des formes et des finitions personnalis\u00e9es pour des applications industrielles et r\u00e9sidentielles.<\/li>\n<\/ul>\n<h2 style=\"font-size: 20px; margin-top: 20px;\">\ud83c\udfe2 Aper\u00e7u de NINGBO BAOTENG TECHNOLOGY CO, LTD<\/h2>\n<p>Fond\u00e9e en 2008, <strong>NINGBO BAOTENG TECHNOLOGY INDUSTRY AND TRADE CO, LTD<\/strong> est un fabricant de premier plan sp\u00e9cialis\u00e9 dans les portails coulissants, les portails battants et les dispositifs d'ouverture de portails \u00e9lectriques. Avec pr\u00e8s de 20 ans d'exp\u00e9rience <strong>OEM\/ODM<\/strong> BAOTENG int\u00e8gre la production, la R&amp;D et la vente, et fournit des pi\u00e8ces de porte de garage de qualit\u00e9 sup\u00e9rieure telles que <strong>Rouleaux, charni\u00e8res et supports de portes de garage<\/strong>. Notre mission est de fournir des produits de haute qualit\u00e9 avec une technologie de pointe et une fiabilit\u00e9 internationale.<\/p>\n<h2 style=\"font-size: 20px; margin-top: 20px;\">\u2699\ufe0f Sp\u00e9cifications techniques<\/h2>\n<table style=\"width: 100%; border-collapse: collapse; margin-top: 10px;\">\n<tbody>\n<tr>\n<td style=\"border: 1px solid #ccc; padding: 6px;\"><strong>Nom du produit<\/strong><\/td>\n<td style=\"border: 1px solid #ccc; padding: 6px;\">Porte de garage ADD ON Fen\u00eatres<\/td>\n<\/tr>\n<tr>\n<td style=\"border: 1px solid #ccc; padding: 6px;\"><strong>Mat\u00e9riau<\/strong><\/td>\n<td style=\"border: 1px solid #ccc; padding: 6px;\">Plastique \u00e0 transmission de lumi\u00e8re durable et \u00e0 haute r\u00e9sistance aux chocs (PC\/ABS)<\/td>\n<\/tr>\n<tr>\n<td style=\"border: 1px solid #ccc; padding: 6px;\"><strong>Taille globale<\/strong><\/td>\n<td style=\"border: 1px solid #ccc; padding: 6px;\">650 mm (L) \u00d7 320 mm (H)<\/td>\n<\/tr>\n<tr>\n<td style=\"border: 1px solid #ccc; padding: 6px;\"><strong>Taille d'ouverture<\/strong><\/td>\n<td style=\"border: 1px solid #ccc; padding: 6px;\">617 mm (L) \u00d7 288 mm (H)<\/td>\n<\/tr>\n<tr>\n<td style=\"border: 1px solid #ccc; padding: 6px;\"><strong>Application<\/strong><\/td>\n<td style=\"border: 1px solid #ccc; padding: 6px;\">Portes de garage sectionnelles \/ Portes basculantes industrielles<\/td>\n<\/tr>\n<tr>\n<td style=\"border: 1px solid #ccc; padding: 6px;\"><strong>Finition de la surface<\/strong><\/td>\n<td style=\"border: 1px solid #ccc; padding: 6px;\">Lisse ou textur\u00e9 en option<\/td>\n<\/tr>\n<tr>\n<td style=\"border: 1px solid #ccc; padding: 6px;\"><strong>Couleur du cadre<\/strong><\/td>\n<td style=\"border: 1px solid #ccc; padding: 6px;\">Personnalisable - OEM \/ ODM accept\u00e9<\/td>\n<\/tr>\n<\/tbody>\n<\/table>\n<h2 style=\"font-size: 20px; margin-top: 20px;\">\ud83c\udf0d Applications<\/h2>\n<p>Parfait pour les ateliers industriels, les b\u00e2timents commerciaux, les garages domestiques, les centres logistiques et les portes d'entrep\u00f4ts. Les panneaux transparents laissent entrer la lumi\u00e8re naturelle tout en pr\u00e9servant l'intimit\u00e9 et en r\u00e9duisant les co\u00fbts d'\u00e9clairage artificiel.<\/p>\n<h2 style=\"font-size: 20px; margin-top: 20px;\">\ud83d\udd2c Normes de qualit\u00e9 et certifications<\/h2>\n<p>Tous <strong>BAOTENG<\/strong> les accessoires de fen\u00eatre sont fabriqu\u00e9s sous la marque <strong>ISO9001<\/strong> syst\u00e8me de gestion de la qualit\u00e9 et se conformer aux normes internationales telles que <strong>DASMA<\/strong>. Chaque produit garantit la stabilit\u00e9, la fiabilit\u00e9 et la durabilit\u00e9 \u00e0 long terme.<\/p>\n<h2 style=\"font-size: 20px; margin-top: 20px;\">\ud83d\udcbc Pourquoi choisir BAOTENG ?<\/h2>\n<ul style=\"list-style: disc; margin-left: 20px;\">\n<li>\ud83c\udfc6 Pr\u00e8s de 20 ans d'expertise dans les composants de portes de garage<\/li>\n<li>\ud83e\uddf0 Conceptions OEM et personnalisables pour tout syst\u00e8me de porte<\/li>\n<li>\ud83c\udf10 Export\u00e9 dans plus de 50 pays \u00e0 travers le monde<\/li>\n<li>\ud83d\udd0d R&amp;D et conception de moules en interne pour une innovation continue<\/li>\n<li>\ud83d\ude80 Production rapide et livraison \u00e0 temps<\/li>\n<\/ul>\n<h2 style=\"font-size: 20px; margin-top: 20px;\">\ud83e\udde9 Produits connexes<\/h2>\n<ul style=\"list-style: disc; margin-left: 20px;\">\n<li>Arbres de porte de garage<\/li>\n<li>Poign\u00e9es et serrures de portes de garage<\/li>\n<li>Accessoires pour portes de garage<\/li>\n<\/ul>\n<h2 style=\"font-size: 20px; margin-top: 20px;\">\ud83c\udf1f R\u00e9sum\u00e9<\/h2>\n<p>Que vous remplaciez ou am\u00e9lioriez votre syst\u00e8me de porte existant, choisissez <strong>BAOTENG Porte de garage basculante Fen\u00eatres<\/strong> pour un look \u00e9l\u00e9gant et moderne et des performances fiables. Avec une technologie de moulage avanc\u00e9e, un support OEM et une compr\u00e9hension profonde des besoins du march\u00e9 mondial, BAOTENG reste votre source de confiance pour des kits de portes et fen\u00eatres industrielles de haute qualit\u00e9 et transmettant la lumi\u00e8re.<\/p>\n<\/section>","protected":false},"excerpt":{"rendered":"<p>- Construction durable : Fabriqu\u00e9 en polycarbonate r\u00e9sistant aux chocs, capable de r\u00e9sister \u00e0 la d\u00e9formation et \u00e0 la fissuration.<br \/>\n- Conception r\u00e9sistante aux intemp\u00e9ries : La structure parfaitement \u00e9tanche emp\u00eache les infiltrations d'eau et maintient l'efficacit\u00e9 thermique m\u00eame dans des conditions ext\u00e9rieures difficiles.<br \/>\n- Installation facile : Compatible avec la plupart des syst\u00e8mes de portes de garage sectionnelles et industrielles pour une installation et une maintenance rapides.<\/p>","protected":false},"featured_media":7087,"comment_status":"open","ping_status":"closed","template":"","meta":{"_acf_changed":false},"product_brand":[],"product_cat":[60],"product_tag":[],"class_list":{"0":"post-7086","1":"product","2":"type-product","3":"status-publish","4":"has-post-thumbnail","6":"product_cat-panels-window","8":"first","9":"instock","10":"shipping-taxable","11":"product-type-grouped"},"acf":[],"_links":{"self":[{"href":"https:\/\/www.baoteng.cc\/fr\/wp-json\/wp\/v2\/product\/7086","targetHints":{"allow":["GET"]}}],"collection":[{"href":"https:\/\/www.baoteng.cc\/fr\/wp-json\/wp\/v2\/product"}],"about":[{"href":"https:\/\/www.baoteng.cc\/fr\/wp-json\/wp\/v2\/types\/product"}],"replies":[{"embeddable":true,"href":"https:\/\/www.baoteng.cc\/fr\/wp-json\/wp\/v2\/comments?post=7086"}],"wp:featuredmedia":[{"embeddable":true,"href":"https:\/\/www.baoteng.cc\/fr\/wp-json\/wp\/v2\/media\/7087"}],"wp:attachment":[{"href":"https:\/\/www.baoteng.cc\/fr\/wp-json\/wp\/v2\/media?parent=7086"}],"wp:term":[{"taxonomy":"product_brand","embeddable":true,"href":"https:\/\/www.baoteng.cc\/fr\/wp-json\/wp\/v2\/product_brand?post=7086"},{"taxonomy":"product_cat","embeddable":true,"href":"https:\/\/www.baoteng.cc\/fr\/wp-json\/wp\/v2\/product_cat?post=7086"},{"taxonomy":"product_tag","embeddable":true,"href":"https:\/\/www.baoteng.cc\/fr\/wp-json\/wp\/v2\/product_tag?post=7086"}],"curies":[{"name":"wp","href":"https:\/\/api.w.org\/{rel}","templated":true}]}}