{"id":7088,"date":"2025-10-10T05:21:03","date_gmt":"2025-10-10T05:21:03","guid":{"rendered":"https:\/\/baoteng.cc\/?post_type=product&#038;p=7088"},"modified":"2025-10-10T09:34:05","modified_gmt":"2025-10-10T09:34:05","slug":"vis-a-tete-hexagonale-avec-kits-dancrage-en-plastique","status":"publish","type":"product","link":"https:\/\/www.baoteng.cc\/fr\/produit\/vis-a-tete-hexagonale-avec-kits-dancrage-en-plastique\/","title":{"rendered":"Vis \u00e0 t\u00eate hexagonale \u00e0 expansion en plastique Kit d'ancrage pour porte de garage Fixations OEM Factory Custom Supplier"},"content":{"rendered":"<section style=\"width: 100%; font-family: Arial,sans-serif; line-height: 1.6; color: #333;\">\n<header>\n<h1 style=\"font-size: 24px; font-weight: bold; text-align: center;\">\ud83d\udd29 Kit de vis \u00e0 t\u00eate hexagonale et d'ancrage \u00e0 expansion en plastique - Boulons de carrosserie robustes pour le renforcement des portes de garage<\/h1>\n<\/header>\n<p>\ud83d\udcaa <strong>Vis \u00e0 t\u00eate hexagonale avec kits d'ancrage \u00e0 expansion en plastique<\/strong> offrent une connexion solide et r\u00e9sistante aux vibrations pour l'installation de votre syst\u00e8me de rail - le choix ultime en mati\u00e8re de fixation pour les applications industrielles, r\u00e9sidentielles et de portes de garage. Con\u00e7u et fabriqu\u00e9 par <strong>NINGBO BAOTENG TECHNOLOGY CO., LTD<\/strong>, Cette solution mat\u00e9rielle garantit une solidit\u00e9, une pr\u00e9cision et une durabilit\u00e9 sup\u00e9rieures pour tous les projets de montage.<\/p>\n<h2 style=\"font-size: 20px; margin-top: 20px;\">\ud83d\udd27 Aper\u00e7u du produit<\/h2>\n<p>Notre <strong>Kits d'ancrage en plastique<\/strong> comprennent des vis \u00e0 t\u00eate hexagonale, assurant une connexion fiable dans le b\u00e9ton, la brique ou la ma\u00e7onnerie. Chaque kit comprend une vis M8\u00d750mm (5\/16\u2033\u00d72\u2033) et un manchon d'expansion en plastique robuste pour une fixation s\u00fbre et r\u00e9sistante aux vibrations. Id\u00e9al pour fixer <strong>supports, charni\u00e8res et rails de porte de garage<\/strong> et d'autres composants - offrant un pouvoir de r\u00e9tention et une r\u00e9sistance \u00e0 la corrosion exceptionnels.<\/p>\n<h2 style=\"font-size: 20px; margin-top: 20px;\">\ud83e\uddf1 Caract\u00e9ristiques principales<\/h2>\n<ul style=\"list-style: disc; margin-left: 20px;\">\n<li>\ud83d\udd29 <strong>T\u00eate de rondelle hexagonale Design :<\/strong> Jusqu'\u00e0 10% d'entra\u00eenement plus serr\u00e9, minimisant le d\u00e9nudage et assurant une installation plus souple.<\/li>\n<li>\ud83e\uddf0 <strong>Ancrage \u00e0 expansion en plastique :<\/strong> Se dilate uniform\u00e9ment dans le trou perc\u00e9, augmentant la capacit\u00e9 de charge et emp\u00eachant le glissement.<\/li>\n<li>\ud83d\udee1\ufe0f <strong>R\u00e9sistant \u00e0 la corrosion :<\/strong> La finition zingu\u00e9e ou galvanis\u00e9e offre une protection \u00e0 long terme contre la rouille et les intemp\u00e9ries.<\/li>\n<li>\ud83e\ude9b <strong>Installation facile :<\/strong> Simple pour les professionnels et les bricoleurs - aucun outil sp\u00e9cial n'est n\u00e9cessaire.<\/li>\n<li>\u2699\ufe0f <strong>Options OEM et personnalis\u00e9es :<\/strong> La taille, le mat\u00e9riau, le rev\u00eatement et l'emballage peuvent \u00eatre personnalis\u00e9s en fonction des besoins du projet.<\/li>\n<\/ul>\n<h2 style=\"font-size: 20px; margin-top: 20px;\">\ud83d\udcd0 Sp\u00e9cifications<\/h2>\n<table style=\"width: 100%; border-collapse: collapse; margin-top: 10px;\">\n<tbody>\n<tr>\n<td style=\"border: 1px solid #ccc; padding: 8px; width: 35%;\"><strong>Nom du produit<\/strong><\/td>\n<td style=\"border: 1px solid #ccc; padding: 8px;\">Vis \u00e0 t\u00eate hexagonale avec kits d'ancrage \u00e0 expansion en plastique<\/td>\n<\/tr>\n<tr>\n<td style=\"border: 1px solid #ccc; padding: 8px;\"><strong>Taille de la vis<\/strong><\/td>\n<td style=\"border: 1px solid #ccc; padding: 8px;\">5\/16\u2033 \u00d7 2\u2033 (M8 \u00d7 50mm)<\/td>\n<\/tr>\n<tr>\n<td style=\"border: 1px solid #ccc; padding: 8px;\"><strong>Mat\u00e9riau<\/strong><\/td>\n<td style=\"border: 1px solid #ccc; padding: 8px;\">Acier au carbone + Ancre en nylon \/ PE<\/td>\n<\/tr>\n<tr>\n<td style=\"border: 1px solid #ccc; padding: 8px;\"><strong>Finition<\/strong><\/td>\n<td style=\"border: 1px solid #ccc; padding: 8px;\">Zinc\u00e9 \/ Galvanis\u00e9 \/ Personnalis\u00e9<\/td>\n<\/tr>\n<tr>\n<td style=\"border: 1px solid #ccc; padding: 8px;\"><strong>Application<\/strong><\/td>\n<td style=\"border: 1px solid #ccc; padding: 8px;\">Montage de porte de garage, montage mural, fixation de support<\/td>\n<\/tr>\n<tr>\n<td style=\"border: 1px solid #ccc; padding: 8px;\"><strong>OEM<\/strong><\/td>\n<td style=\"border: 1px solid #ccc; padding: 8px;\">Disponible - Personnalisation accept\u00e9e<\/td>\n<\/tr>\n<\/tbody>\n<\/table>\n<h2 style=\"font-size: 20px; margin-top: 20px;\">\ud83c\udfed Excellence en mati\u00e8re de fabrication<\/h2>\n<p>\u00c9tabli en 2008, <strong>NINGBO BAOTENG TECHNOLOGY CO., LTD<\/strong> est un fabricant de premier plan sp\u00e9cialis\u00e9 dans <strong>quincaillerie de porte de garage<\/strong> et des syst\u00e8mes de fixation. Avec pr\u00e8s de 20 ans d'exp\u00e9rience en tant qu'\u00e9quipementier, des \u00e9quipements de production avanc\u00e9s et une ing\u00e9nierie professionnelle, les produits BAOTENG sont export\u00e9s dans plus de 50 pays. Notre gamme de produits comprend <strong>Charni\u00e8res de porte de garage<\/strong>, <strong>Rouleaux<\/strong>, et <strong>Poign\u00e9es et serrures<\/strong>.<\/p>\n<h2 style=\"font-size: 20px; margin-top: 20px;\">\ud83d\udd2c Qualit\u00e9 des mat\u00e9riaux et de l'ing\u00e9nierie<\/h2>\n<p>Chaque vis \u00e0 t\u00eate hexagonale \u00e0 expansion en plastique est soumise \u00e0 un contr\u00f4le de qualit\u00e9 rigoureux comportant plus de 20 points de contr\u00f4le. La t\u00eate \u00e0 rondelle hexagonale assure une r\u00e9partition uniforme de la pression, tandis que la conception de l'expansion assure un maintien serr\u00e9 contre les mat\u00e9riaux de base. L'ensemble offre une stabilit\u00e9 durable pour les installations int\u00e9rieures et ext\u00e9rieures, surpassant les ancrages conventionnels qui c\u00e8dent sous l'effet d'un couple excessif ou des vibrations.<\/p>\n<h2 style=\"font-size: 20px; margin-top: 20px;\">\ud83c\udf0d Applications<\/h2>\n<p>Convient pour <strong>syst\u00e8mes de portes de garage<\/strong>, <strong>machines industrielles<\/strong>, <strong>cadres de construction<\/strong>, et <strong>montage de l'\u00e9quipement<\/strong>. L'ancrage \u00e0 expansion est exceptionnellement performant dans le b\u00e9ton, les cloisons s\u00e8ches et la ma\u00e7onnerie, assurant une forte capacit\u00e9 de charge et une r\u00e9sistance aux vibrations pour les applications r\u00e9sidentielles et industrielles.<\/p>\n<h2 style=\"font-size: 20px; margin-top: 20px;\">\ud83d\udccf Conseils d'installation<\/h2>\n<ul style=\"list-style: disc; margin-left: 20px;\">\n<li>Percez un trou appropri\u00e9 dans le mur ou la surface.<\/li>\n<li>Ins\u00e9rer la cheville \u00e0 expansion en plastique dans le trou.<\/li>\n<li>Positionner la pi\u00e8ce de montage (support ou charni\u00e8re) et enfoncer la vis.<\/li>\n<li>Serrer \u00e0 l'aide d'une cl\u00e9 jusqu'\u00e0 ce que l'ancrage se dilate et fixe fermement l'objet.<\/li>\n<li>\u26a0\ufe0f \u00c9viter de trop serrer pour ne pas d\u00e9former l'ancrage.<\/li>\n<\/ul>\n<h2 style=\"font-size: 20px; margin-top: 20px;\">\ud83e\uddfe Assurance qualit\u00e9 et normes<\/h2>\n<p>Tous les produits BAOTENG sont fabriqu\u00e9s selon les normes suivantes <strong>ASTM<\/strong> et <strong>ISO9001<\/strong> normes. Chaque lot de production est soumis \u00e0 des tests de traction, de cisaillement et de corrosion afin de garantir la r\u00e9sistance m\u00e9canique et la fiabilit\u00e9 \u00e0 long terme. Avec des syst\u00e8mes de contr\u00f4le de qualit\u00e9 stricts, BAOTENG est l'un des partenaires OEM les plus fiables de l'industrie mondiale de la quincaillerie pour portes de garage.<\/p>\n<h2 style=\"font-size: 20px; margin-top: 20px;\">\ud83e\udde9 Composants connexes de la porte de garage<\/h2>\n<ul style=\"list-style: disc; margin-left: 20px;\">\n<li>Supports de porte de garage<\/li>\n<li>Butoirs de porte de garage<\/li>\n<li>Accessoires pour portes de garage<\/li>\n<\/ul>\n<h2 style=\"font-size: 20px; margin-top: 20px;\">\ud83c\udfc6 Pourquoi choisir BAOTENG ?<\/h2>\n<ul style=\"list-style: disc; margin-left: 20px;\">\n<li>\ud83d\udd29 Pr\u00e8s de 20 ans d'exp\u00e9rience OEM dans les fixations et les syst\u00e8mes de portes de garage<\/li>\n<li>\ud83c\udf10 Export\u00e9 dans plus de 50 pays \u00e0 travers le monde<\/li>\n<li>\u2699\ufe0f Mod\u00e8les enti\u00e8rement personnalisables pour une utilisation industrielle, commerciale et r\u00e9sidentielle<\/li>\n<li>\ud83e\udde0 Forte expertise en R&amp;D et en outillage pour l'innovation et la pr\u00e9cision<\/li>\n<li>\ud83d\ude80 Livraison rapide et excellent service apr\u00e8s-vente<\/li>\n<\/ul>\n<h2 style=\"font-size: 20px; margin-top: 20px;\">\ud83c\udf1f Aper\u00e7u final<\/h2>\n<p>Lorsqu'il s'agit d'une fixation s\u00fbre, le <strong>Vis \u00e0 t\u00eate hexagonale avec cheville \u00e0 expansion en plastique<\/strong> de <strong>BAOTENG<\/strong> garantit une solidit\u00e9, une stabilit\u00e9 et une r\u00e9sistance \u00e0 la corrosion in\u00e9gal\u00e9es. Avec plus de 20 ans d'exp\u00e9rience dans l'industrie et un engagement de qualit\u00e9 OEM, BAOTENG fournit des fixations qui ont la confiance des utilisateurs industriels, commerciaux et domestiques dans le monde entier. Choisissez BAOTENG pour <strong>qualit\u00e9, performance et fiabilit\u00e9<\/strong>.<\/p>\n<\/section>","protected":false},"excerpt":{"rendered":"<ul style=\"list-style: disc; margin-left: 20px;\">\n<li><strong>Ancrage \u00e0 expansion en plastique :<\/strong> Se dilate uniform\u00e9ment dans le trou perc\u00e9, augmentant la capacit\u00e9 de charge et emp\u00eachant le glissement.<\/li>\n<li><strong>R\u00e9sistant \u00e0 la corrosion :<\/strong> La finition zingu\u00e9e ou galvanis\u00e9e offre une protection \u00e0 long terme contre la rouille et les intemp\u00e9ries.<\/li>\n<li><strong>Installation facile :<\/strong> Simple pour les professionnels et les bricoleurs - aucun outil sp\u00e9cial n'est n\u00e9cessaire.<\/li>\n<\/ul>","protected":false},"featured_media":7089,"comment_status":"open","ping_status":"closed","template":"","meta":{"_acf_changed":false},"product_brand":[],"product_cat":[58],"product_tag":[],"class_list":{"0":"post-7088","1":"product","2":"type-product","3":"status-publish","4":"has-post-thumbnail","6":"product_cat-accessories","8":"first","9":"instock","10":"shipping-taxable","11":"product-type-grouped"},"acf":[],"_links":{"self":[{"href":"https:\/\/www.baoteng.cc\/fr\/wp-json\/wp\/v2\/product\/7088","targetHints":{"allow":["GET"]}}],"collection":[{"href":"https:\/\/www.baoteng.cc\/fr\/wp-json\/wp\/v2\/product"}],"about":[{"href":"https:\/\/www.baoteng.cc\/fr\/wp-json\/wp\/v2\/types\/product"}],"replies":[{"embeddable":true,"href":"https:\/\/www.baoteng.cc\/fr\/wp-json\/wp\/v2\/comments?post=7088"}],"wp:featuredmedia":[{"embeddable":true,"href":"https:\/\/www.baoteng.cc\/fr\/wp-json\/wp\/v2\/media\/7089"}],"wp:attachment":[{"href":"https:\/\/www.baoteng.cc\/fr\/wp-json\/wp\/v2\/media?parent=7088"}],"wp:term":[{"taxonomy":"product_brand","embeddable":true,"href":"https:\/\/www.baoteng.cc\/fr\/wp-json\/wp\/v2\/product_brand?post=7088"},{"taxonomy":"product_cat","embeddable":true,"href":"https:\/\/www.baoteng.cc\/fr\/wp-json\/wp\/v2\/product_cat?post=7088"},{"taxonomy":"product_tag","embeddable":true,"href":"https:\/\/www.baoteng.cc\/fr\/wp-json\/wp\/v2\/product_tag?post=7088"}],"curies":[{"name":"wp","href":"https:\/\/api.w.org\/{rel}","templated":true}]}}