{"id":5883,"date":"2025-09-13T09:25:48","date_gmt":"2025-09-13T09:25:48","guid":{"rendered":"https:\/\/baoteng.cc\/?post_type=product&#038;p=5883"},"modified":"2025-09-13T09:36:25","modified_gmt":"2025-09-13T09:36:25","slug":"dobradica-lateral-para-porta-de-garagem-dobradicas-para-portoes-de-servico-pesado","status":"publish","type":"product","link":"https:\/\/www.baoteng.cc\/pt\/produto\/dobradica-lateral-para-porta-de-garagem-dobradicas-para-portoes-de-servico-pesado\/","title":{"rendered":"Dobradi\u00e7a lateral de porta de garagem #3 A\u00e7o de calibre 14 para servi\u00e7o pesado Residencial Comercial leve Dobradi\u00e7a de borda de dobradi\u00e7as de port\u00e3o de servi\u00e7o pesado de substitui\u00e7\u00e3o"},"content":{"rendered":"<section style=\"font-family: Arial,sans-serif; line-height: 1.6; color: #333;\">\n<header>\n<h1 style=\"color: #1e90ff;\">\ud83d\udd29 Dobradi\u00e7a lateral da porta da garagem - Dobradi\u00e7as de port\u00e3o de servi\u00e7o pesado 14 Gauge Steel #3 com acabamento galvanizado<\/h1>\n<p style=\"font-size: 1rem;\">Para uso residencial ou comercial ligeiro<\/p>\n<\/header>\n<p>\ud83d\udeaa\u2699\ufe0f O <strong style=\"color: #ff4500;\">Dobradi\u00e7a lateral de porta de garagem<\/strong>\u00a0\u00e9 uma das pe\u00e7as mais importantes de uma porta seccionada de garagem, oferecendo um suporte robusto e um ponto de rota\u00e7\u00e3o f\u00e1cil para o seu terceiro painel. Fabricada em a\u00e7o galvanizado com 1,8 mm de espessura, esta dobradi\u00e7a dur\u00e1vel \u00e9 resistente para proporcionar uma for\u00e7a excecional e resist\u00eancia \u00e0 ferrugem, tornando-a uma excelente op\u00e7\u00e3o para utiliza\u00e7\u00e3o residencial e comercial ligeira que durar\u00e1 d\u00e9cadas.<\/p>\n<p>Ideal para aplica\u00e7\u00f5es residenciais, industriais e comerciais ligeiras, esta dobradi\u00e7a de port\u00e3o de servi\u00e7o pesado #3 mant\u00e9m as portas alinhadas e suporta o peso do rolo ou dos pain\u00e9is da porta. O acabamento galvanizado ajuda a proteger contra a corros\u00e3o e os elementos, tornando-o perfeito para \u00e1reas costeiras ou de alta umidade. Quer esteja a construir uma nova porta ou a substituir dobradi\u00e7as gastas, esta dobradi\u00e7a proporciona uma qualidade e um desempenho inigual\u00e1veis.<\/p>\n<header>\n<h2 style=\"color: #32cd32;\">\ud83c\udf1f Carater\u00edsticas principais<\/h2>\n<\/header>\n<ul>\n<li>A\u00e7o galvanizado de calibre 14 (1,8 mm) que nunca ceder\u00e1 ou enferrujar\u00e1<\/li>\n<li>Parafusos de cabe\u00e7a hexagonal galvanizados de 8 x 1\/4\u2033 de longa dura\u00e7\u00e3o inclu\u00eddos; para portas at\u00e9 2\u2033 de espessura<\/li>\n<li>O acabamento galvanizado duradouro ajuda a evitar a corros\u00e3o para uma utiliza\u00e7\u00e3o duradoura<\/li>\n<li>Melhora o alinhamento dos pain\u00e9is da porta e o funcionamento suave dos rolos<\/li>\n<li>Op\u00e7\u00f5es OEM e personalizadas - espessura, padr\u00f5es de orif\u00edcios, marcas, acabamentos; instala\u00e7\u00e3o e substitui\u00e7\u00e3o r\u00e1pidas para reduzir o tempo de inatividade do instalador<\/li>\n<li>Tratamento conservante para aplica\u00e7\u00f5es de elevada humidade ou costeiras<\/li>\n<\/ul>\n<header>\n<h2 style=\"color: #32cd32;\">\ud83d\udd0e Descri\u00e7\u00e3o geral do produto<\/h2>\n<\/header>\n<p>As dobradi\u00e7as para port\u00f5es de servi\u00e7o pesado #3 no terceiro painel de portas seccionais de garagem s\u00e3o cruciais para um funcionamento suave. Constru\u00edda em a\u00e7o de alta resist\u00eancia de calibre 14, esta dobradi\u00e7a de rebordo \u00e9 mais robusta do que as dobradi\u00e7as mais leves, mantendo os pain\u00e9is alinhados e reduzindo o desgaste dos suportes dos rolos. Com um processo de galvanoplastia, \u00e9 resistente \u00e0 \u00e1gua, \u00e0 ferrugem e \u00e0 exposi\u00e7\u00e3o di\u00e1ria aos elementos. \ud83c\udfd7\ufe0f<\/p>\n<p>Constru\u00eddo para portas residenciais, comerciais e industriais pesadas, oferece um desempenho duradouro. A personaliza\u00e7\u00e3o OEM est\u00e1 dispon\u00edvel para espessura, padr\u00f5es de furos e acabamentos de superf\u00edcie para atender aos requisitos espec\u00edficos do projeto. \ud83d\udcaa<\/p>\n<header>\n<h2 style=\"color: #32cd32;\">\ud83d\udcd0 Especifica\u00e7\u00f5es t\u00e9cnicas<\/h2>\n<\/header>\n<table style=\"border-collapse: collapse; width: 100%; text-align: left;\" border=\"1\" cellspacing=\"0\" cellpadding=\"6\">\n<tbody>\n<tr>\n<th>Nome do produto<\/th>\n<td>Dobradi\u00e7as para port\u00f5es de servi\u00e7o pesado<\/td>\n<\/tr>\n<tr>\n<th>Tipo<\/th>\n<td>Dobradi\u00e7a lateral de porta de garagem<\/td>\n<\/tr>\n<tr>\n<th>Material<\/th>\n<td>A\u00e7o de alta resist\u00eancia<\/td>\n<\/tr>\n<tr>\n<th>Medidor<\/th>\n<td>14GA (1,8 mm)<\/td>\n<\/tr>\n<tr>\n<th>Acabamento<\/th>\n<td>Galvanizado<\/td>\n<\/tr>\n<tr>\n<th>Aplica\u00e7\u00f5es<\/th>\n<td>Portas seccionais para garagens residenciais e comerciais ligeiras<\/td>\n<\/tr>\n<tr>\n<th>OEM\/ODM<\/th>\n<td>Dispon\u00edvel - Tamanho, marca e embalagem personalizados<\/td>\n<\/tr>\n<\/tbody>\n<\/table>\n<header>\n<h2 style=\"color: #32cd32;\">\ud83c\udfe1 Aplica\u00e7\u00f5es<\/h2>\n<\/header>\n<ul>\n<li>Dobradi\u00e7as seccionais para portas de garagem residenciais de estilo central \/ final<\/li>\n<li>Portas comerciais ligeiras em oficinas, armaz\u00e9ns e dep\u00f3sitos<\/li>\n<li>Substituir as dobradi\u00e7as #3 que estejam danificadas ou corro\u00eddas<\/li>\n<li>OEM especificado para sistemas de portas de garagem personalizados<\/li>\n<li>\u00d3timo para zonas costeiras ou de elevada humidade<\/li>\n<\/ul>\n<header>\n<h2 style=\"color: #32cd32;\">\u2699\ufe0f OEM e personaliza\u00e7\u00e3o<\/h2>\n<\/header>\n<p>Com mais de 20 anos de experi\u00eancia em OEM e ODM, concebemos e fabricamos dobradi\u00e7as para port\u00f5es de servi\u00e7o pesado de acordo com as suas especifica\u00e7\u00f5es. As op\u00e7\u00f5es incluem espessura (12Ga-14Ga), espa\u00e7amento entre furos, acabamentos (galvaniza\u00e7\u00e3o, revestimento em p\u00f3, cer\u00e2mica), marca pr\u00f3pria com logotipos gravados a laser ou em relevo e embalagens personalizadas, como caixas impressas, embalagens blister, cart\u00f5es de exibi\u00e7\u00e3o ou inser\u00e7\u00f5es de espuma. \ud83d\udd29<\/p>\n<header>\n<h2 style=\"color: #32cd32;\">\ud83d\udd12 Durabilidade e desempenho<\/h2>\n<\/header>\n<p>Esta dobradi\u00e7a de reten\u00e7\u00e3o de came revers\u00edvel \u00e0 prova de corros\u00e3o \u00e9 fabricada em a\u00e7o galvanizado de 14Ga (1,8 mm). Concebida para uma utiliza\u00e7\u00e3o de ciclo elevado, proporciona uma a\u00e7\u00e3o de rota\u00e7\u00e3o suave, baixo ru\u00eddo e um desgaste m\u00ednimo das portas e dos rolos. O seu design resistente ultrapassa os modelos mais leves, oferecendo durabilidade com muito pouca manuten\u00e7\u00e3o. \ud83d\udcaf<\/p>\n<header>\n<h2 style=\"color: #32cd32;\">\ud83d\udce6 Embalagem e entrega<\/h2>\n<\/header>\n<ul>\n<li>Embalagem de prote\u00e7\u00e3o normalizada para exporta\u00e7\u00e3o<\/li>\n<li>Op\u00e7\u00f5es de embalagem OEM: caixa de embalagem de marca, cart\u00e3o de bolha ou palete<\/li>\n<li>MOQ flex\u00edvel para encomendas pequenas ou grandes<\/li>\n<li>\ud83d\ude9a Envio internacional entregue em seguran\u00e7a na sua localiza\u00e7\u00e3o<\/li>\n<\/ul>\n<header>\n<h2 style=\"color: #32cd32;\">\ud83c\udf1f Porqu\u00ea escolher-nos<\/h2>\n<\/header>\n<p>Como fabricantes experientes de dobradi\u00e7as para port\u00f5es de servi\u00e7o pesado e dobradi\u00e7as de borda, nosso hardware usa processos de alta qualidade para garantir a melhor resist\u00eancia, durabilidade e personaliza\u00e7\u00e3o OEM para aplica\u00e7\u00f5es de portas de garagem residenciais e comerciais leves. \ud83c\udf1f<\/p>\n<\/section>","protected":false},"excerpt":{"rendered":"<p>Melhore as suas portas de garagem com as dobradi\u00e7as para port\u00f5es de servi\u00e7o pesado 14Ga #3. Fabricada em a\u00e7o galvanizado de 1,8 mm, esta dobradi\u00e7a de rebordo garante um funcionamento suave e uma durabilidade duradoura, sendo ideal para portas seccionais residenciais e comerciais ligeiras. Personaliza\u00e7\u00e3o OEM dispon\u00edvel.<\/p>","protected":false},"featured_media":5884,"comment_status":"open","ping_status":"closed","template":"","meta":{"_acf_changed":false},"product_brand":[],"product_cat":[34],"product_tag":[],"class_list":{"0":"post-5883","1":"product","2":"type-product","3":"status-publish","4":"has-post-thumbnail","6":"product_cat-hinges","8":"first","9":"instock","10":"shipping-taxable","11":"product-type-simple"},"acf":[],"_links":{"self":[{"href":"https:\/\/www.baoteng.cc\/pt\/wp-json\/wp\/v2\/product\/5883","targetHints":{"allow":["GET"]}}],"collection":[{"href":"https:\/\/www.baoteng.cc\/pt\/wp-json\/wp\/v2\/product"}],"about":[{"href":"https:\/\/www.baoteng.cc\/pt\/wp-json\/wp\/v2\/types\/product"}],"replies":[{"embeddable":true,"href":"https:\/\/www.baoteng.cc\/pt\/wp-json\/wp\/v2\/comments?post=5883"}],"wp:featuredmedia":[{"embeddable":true,"href":"https:\/\/www.baoteng.cc\/pt\/wp-json\/wp\/v2\/media\/5884"}],"wp:attachment":[{"href":"https:\/\/www.baoteng.cc\/pt\/wp-json\/wp\/v2\/media?parent=5883"}],"wp:term":[{"taxonomy":"product_brand","embeddable":true,"href":"https:\/\/www.baoteng.cc\/pt\/wp-json\/wp\/v2\/product_brand?post=5883"},{"taxonomy":"product_cat","embeddable":true,"href":"https:\/\/www.baoteng.cc\/pt\/wp-json\/wp\/v2\/product_cat?post=5883"},{"taxonomy":"product_tag","embeddable":true,"href":"https:\/\/www.baoteng.cc\/pt\/wp-json\/wp\/v2\/product_tag?post=5883"}],"curies":[{"name":"wp","href":"https:\/\/api.w.org\/{rel}","templated":true}]}}