{"id":5986,"date":"2025-09-15T07:46:06","date_gmt":"2025-09-15T07:46:06","guid":{"rendered":"https:\/\/baoteng.cc\/?post_type=product&#038;p=5986"},"modified":"2025-09-15T08:01:54","modified_gmt":"2025-09-15T08:01:54","slug":"suporte-superior-de-via-dupla-suportes-superiores-de-rolos","status":"publish","type":"product","link":"https:\/\/www.baoteng.cc\/pt\/produto\/suporte-superior-de-via-dupla-suportes-superiores-de-rolos\/","title":{"rendered":"Suporte superior de via dupla dur\u00e1vel Conex\u00e3o de porta de garagem Instala\u00e7\u00e3o f\u00e1cil com parafusos Suporte superior de rolos para servi\u00e7o pesado A\u00e7o galvanizado"},"content":{"rendered":"<section style=\"width: 100%; font-family: Arial, sans-serif; line-height: 1.6; color: #333;\">\n<header>\n<h1 style=\"font-size: 28px; font-weight: bold; margin-bottom: 10px;\">Suportes de rolo superior de pista dupla para servi\u00e7o pesado para conex\u00e3o superior de porta de garagem - instala\u00e7\u00e3o f\u00e1cil de parafusos<\/h1>\n<\/header>\n<p>O nosso servi\u00e7o pesado <strong style=\"color: #c00;\">suportes do rolo superior<\/strong> destinam-se a portas seccionais de garagem com calha dupla e incluem tudo o que \u00e9 necess\u00e1rio para proporcionar um desempenho duradouro e fi\u00e1vel que se instala facilmente e funciona sem problemas. Feitos de a\u00e7o galvanizado de alta qualidade em op\u00e7\u00f5es de espessura de 2,0 mm e 2,5 mm, esses suportes oferecem suporte s\u00f3lido para a conex\u00e3o entre os topos, mantendo uma apar\u00eancia suave e f\u00e1cil instala\u00e7\u00e3o de parafusos para todos os comerciantes profissionais e entusiastas de bricolage. \ud83d\udd27<\/p>\n<h2>Material de qualidade superior \ud83d\udcaa<\/h2>\n<p>O <strong style=\"color: #c00;\">suportes do rolo superior<\/strong> s\u00e3o fabricados em a\u00e7o galvanizado para uma forte resist\u00eancia \u00e0 corros\u00e3o e ao desgaste. Constru\u00eddo a partir de material de primeira qualidade para o melhor desempenho em aplica\u00e7\u00f5es residenciais, comerciais e industriais, o seu novo sistema de porta de garagem ir\u00e1 proporcionar-lhe anos de for\u00e7a e fiabilidade. Estes suportes t\u00eam um n\u00facleo de a\u00e7o para proporcionar uma for\u00e7a e estabilidade adicionais \u00e0 sua porta, mesmo sob uma utiliza\u00e7\u00e3o di\u00e1ria intensa. N\u00e3o se dobram nem se curvam. O suporte de guia inferior da porta de correr evita que as portas caiam, apoiando o centro das portas. \u2699\ufe0f<\/p>\n<h2>Design universal ajust\u00e1vel \ud83d\udd29<\/h2>\n<p>A via dupla <strong style=\"color: #c00;\">suportes do rolo superior<\/strong> s\u00e3o concebidos para se adaptarem \u00e0 maioria das portas seccionais de garagem e proporcionam uma compatibilidade universal com as principais marcas de portas de garagem. Com ranhuras de montagem perfuradas de 2 em 2 polegadas, \u00e9 garantido que a calha \u00e9 montada de forma segura, minimizando a tens\u00e3o nos rolos e fazendo com que esta porta dure ao longo do tempo. Esses suportes se encaixam e suportam uma porta residencial de servi\u00e7o leve a uma aplica\u00e7\u00e3o industrial pesada. \ud83c\udfe0<\/p>\n<h2>Desempenho silencioso e suave \ud83d\udd07<\/h2>\n<p>A nossa mais elevada qualidade <strong style=\"color: #c00;\">suportes do rolo superior<\/strong> s\u00e3o concebidos a pensar na redu\u00e7\u00e3o do ru\u00eddo. Reduzindo a vibra\u00e7\u00e3o e o arrastamento, os suportes oferecem um funcionamento suave e silencioso da porta. Isto torna-os ideais para garagens dom\u00e9sticas onde as considera\u00e7\u00f5es de ru\u00eddo s\u00e3o importantes, bem como para armaz\u00e9ns comerciais, oficinas e instala\u00e7\u00f5es de log\u00edstica que requerem um funcionamento cont\u00ednuo e silencioso. \ud83d\ude9b<\/p>\n<h2>Especifica\u00e7\u00f5es t\u00e9cnicas \ud83d\udccb<\/h2>\n<table style=\"border-collapse: collapse; width: 100%; font-size: 14px;\" border=\"1\" cellspacing=\"0\" cellpadding=\"8\">\n<tbody>\n<tr style=\"background: #f2f2f2;\">\n<th align=\"left\">Nome do produto<\/th>\n<td>Porta de garagem Suportes superiores de calha dupla duradouros<\/td>\n<\/tr>\n<tr>\n<th align=\"left\">Material<\/th>\n<td>A\u00e7o galvanizado<\/td>\n<\/tr>\n<tr style=\"background: #f2f2f2;\">\n<th align=\"left\">Espessura<\/th>\n<td>2,0 mm, 2,5 mm<\/td>\n<\/tr>\n<tr>\n<th align=\"left\">Acabamento<\/th>\n<td>Revestimento anti-ferrugem galvanizado<\/td>\n<\/tr>\n<tr style=\"background: #f2f2f2;\">\n<th align=\"left\">Adequado para<\/th>\n<td>Portas seccionais para garagens residenciais, comerciais e industriais<\/td>\n<\/tr>\n<tr>\n<th align=\"left\">M\u00e9todo de fixa\u00e7\u00e3o<\/th>\n<td>Instala\u00e7\u00e3o f\u00e1cil com parafusos<\/td>\n<\/tr>\n<\/tbody>\n<\/table>\n<h2>Experi\u00eancia em OEM e personaliz\u00e1vel \ud83c\udf0d\ud83c\udfed<\/h2>\n<p>Com mais de 20 anos de experi\u00eancia de fabrico OEM\/ODM, fornecemos um servi\u00e7o de personaliza\u00e7\u00e3o completo em <strong style=\"color: #c00;\">suportes do rolo superior<\/strong> para satisfazer as necessidades do cliente. As op\u00e7\u00f5es dispon\u00edveis incluem espessuras personalizadas, acabamentos que v\u00e3o desde o revestimento em p\u00f3 \u00e0 pintura, log\u00f3tipos gravados a laser, correspond\u00eancia de cores Pantone e etiquetagem privada. De igual modo, s\u00e3o oferecidas embalagens ecol\u00f3gicas para quem procura op\u00e7\u00f5es amigas do ambiente. \ud83c\udf31<\/p>\n<h2>Aplica\u00e7\u00f5es em v\u00e1rios ambientes \ud83c\udfe0\u2699\ufe0f\ud83c\udfe2\ud83d\ude9b<\/h2>\n<ul>\n<li>Casas residenciais - Funcionamento agrad\u00e1vel e silencioso, sem complica\u00e7\u00f5es<\/li>\n<li>\u2699\ufe0f Business Buildings - design resistente para um ciclo elevado com pouco desgaste<\/li>\n<li>Locais de constru\u00e7\u00e3o - Dur\u00e1vel para sistemas de portas com muito tr\u00e1fego<\/li>\n<li>Armaz\u00e9ns e transportes - Desempenho quotidiano fi\u00e1vel<\/li>\n<\/ul>\n<h2>Principais vantagens \u2714<\/h2>\n<ul>\n<li>Design ajust\u00e1vel adequado para uma variedade de aplica\u00e7\u00f5es de portas<\/li>\n<li>A\u00e7o galvanizado resistente \u00e0 ferrugem e \u00e0 corros\u00e3o<\/li>\n<li>Funcionamento suave e silencioso com menos vibra\u00e7\u00f5es<\/li>\n<li>Orif\u00edcios de montagem universais para uma instala\u00e7\u00e3o f\u00e1cil com parafusos<\/li>\n<li>Personaliza\u00e7\u00e3o OEM e ODM em todo o mundo<\/li>\n<li>Ciclo de vida longo testado para um desempenho fi\u00e1vel em todas as condi\u00e7\u00f5es<\/li>\n<\/ul>\n<h2>Testes e garantia de qualidade \u2705<\/h2>\n<p>Todos os suportes s\u00e3o submetidos aos mais rigorosos testes de qualidade, tais como testes de pulveriza\u00e7\u00e3o de sal, de carga e de vida c\u00edclica. Os nossos suportes foram concebidos para funcionarem sem falhas durante, pelo menos, 20 000 ciclos de abertura e fecho e cumprem todos os requisitos de seguran\u00e7a nos EUA e na UE. \ud83d\udcaf<\/p>\n<h2>Adaptabilidade ao mercado global \ud83c\udf0e<\/h2>\n<p>Aplica\u00e7\u00f5es diversificadas: As nossas <strong style=\"color: #c00;\">suportes do rolo superior<\/strong> s\u00e3o utilizados e merecem a confian\u00e7a de todo o mundo numa variedade de climas. As personaliza\u00e7\u00f5es OEM, as marcas privadas e a conformidade com as certifica\u00e7\u00f5es internacionais tornam estes suportes vers\u00e1teis em v\u00e1rios mercados, ao mesmo tempo que cumprem requisitos de seguran\u00e7a rigorosos. \ud83c\udf0d<\/p>\n<h2>Instala\u00e7\u00e3o e manuten\u00e7\u00e3o \ud83d\udd27<\/h2>\n<p>Os orif\u00edcios de montagem universais facilitam a instala\u00e7\u00e3o e pode faz\u00ea-lo voc\u00ea mesmo com apenas uma chave de fendas! N\u00e3o h\u00e1 muito a fazer depois de instaladas - um pouco de lubrificante de vez em quando para um melhor rolamento. Este design de baixa manuten\u00e7\u00e3o minimiza o tempo de paragem e diminui os custos operacionais. \u2699\ufe0f<\/p>\n<h2>Fabrico sustent\u00e1vel \ud83c\udf31<\/h2>\n<p>A nossa preocupa\u00e7\u00e3o \u00e9 a produ\u00e7\u00e3o ecol\u00f3gica, recorrendo a fornecedores certificados e reduzindo os res\u00edduos sempre que poss\u00edvel. A op\u00e7\u00e3o sustent\u00e1vel de caixas de correio biodegrad\u00e1veis ou recicl\u00e1veis permite que os profissionais sejam amigos do ambiente e garantam que o seu produto est\u00e1 seguro em tr\u00e2nsito. \ud83c\udf3f<\/p>\n<h2>Conclus\u00e3o \ud83d\udeaa\ud83d\udd29<\/h2>\n<p>O nosso robusto 2-Track <strong style=\"color: #c00;\">suportes do rolo superior<\/strong> s\u00e3o a melhor op\u00e7\u00e3o dispon\u00edvel para as suas portas seccionais de garagem que necessitam de durabilidade, estabilidade e servi\u00e7o fi\u00e1vel. Com a sele\u00e7\u00e3o mais abrangente de fixadores e carater\u00edsticas de personaliza\u00e7\u00e3o dispon\u00edveis, este suporte foi concebido para permanecer em servi\u00e7o durante d\u00e9cadas de utiliza\u00e7\u00e3o em edif\u00edcios residenciais, comerciais e industriais. \ud83d\udd27<\/p>\n<\/section>","protected":false},"excerpt":{"rendered":"<p data-start=\"356\" data-end=\"613\">Explore os suportes de roletes superiores de via dupla dur\u00e1veis para portas de garagem. Fabricados em a\u00e7o galvanizado com 2,0 mm e 2,5 mm de espessura, oferecem um funcionamento suave, uma instala\u00e7\u00e3o f\u00e1cil com parafusos e solu\u00e7\u00f5es personaliz\u00e1veis OEM para portas residenciais, comerciais e industriais.<\/p>","protected":false},"featured_media":5987,"comment_status":"open","ping_status":"closed","template":"","meta":{"_acf_changed":false},"product_brand":[],"product_cat":[36],"product_tag":[],"class_list":{"0":"post-5986","1":"product","2":"type-product","3":"status-publish","4":"has-post-thumbnail","6":"product_cat-brackets","8":"first","9":"instock","10":"shipping-taxable","11":"product-type-simple"},"acf":[],"_links":{"self":[{"href":"https:\/\/www.baoteng.cc\/pt\/wp-json\/wp\/v2\/product\/5986","targetHints":{"allow":["GET"]}}],"collection":[{"href":"https:\/\/www.baoteng.cc\/pt\/wp-json\/wp\/v2\/product"}],"about":[{"href":"https:\/\/www.baoteng.cc\/pt\/wp-json\/wp\/v2\/types\/product"}],"replies":[{"embeddable":true,"href":"https:\/\/www.baoteng.cc\/pt\/wp-json\/wp\/v2\/comments?post=5986"}],"wp:featuredmedia":[{"embeddable":true,"href":"https:\/\/www.baoteng.cc\/pt\/wp-json\/wp\/v2\/media\/5987"}],"wp:attachment":[{"href":"https:\/\/www.baoteng.cc\/pt\/wp-json\/wp\/v2\/media?parent=5986"}],"wp:term":[{"taxonomy":"product_brand","embeddable":true,"href":"https:\/\/www.baoteng.cc\/pt\/wp-json\/wp\/v2\/product_brand?post=5986"},{"taxonomy":"product_cat","embeddable":true,"href":"https:\/\/www.baoteng.cc\/pt\/wp-json\/wp\/v2\/product_cat?post=5986"},{"taxonomy":"product_tag","embeddable":true,"href":"https:\/\/www.baoteng.cc\/pt\/wp-json\/wp\/v2\/product_tag?post=5986"}],"curies":[{"name":"wp","href":"https:\/\/api.w.org\/{rel}","templated":true}]}}