{"id":5998,"date":"2025-09-15T08:03:15","date_gmt":"2025-09-15T08:03:15","guid":{"rendered":"https:\/\/baoteng.cc\/?post_type=product&#038;p=5998"},"modified":"2025-09-15T08:17:41","modified_gmt":"2025-09-15T08:17:41","slug":"suporte-inferior-de-aco-ajustavel-para-portas-de-garagem","status":"publish","type":"product","link":"https:\/\/www.baoteng.cc\/pt\/produto\/suporte-inferior-de-aco-ajustavel-para-portas-de-garagem\/","title":{"rendered":"Suporte inferior de a\u00e7o ajust\u00e1vel para porta de garagem Hardware de painel galvanizado Suportes seccionais"},"content":{"rendered":"<section style=\"width: 100%; font-family: Arial,Helvetica,sans-serif; line-height: 1.6;\">\n<header>\n<h1 style=\"font-size: 26px; color: #333; margin-bottom: 10px;\">\ud83d\udd27 Suporte inferior ajust\u00e1vel da porta da garagem para portas de garagem seccionais - Hardware de painel galvanizado HEAVY DUTY<\/h1>\n<\/header>\n<p style=\"font-size: 16px; color: #444;\">O nosso suporte inferior para portas de garagem de alta resist\u00eancia foi concebido para portas seccionais para garantir que obt\u00e9m a maior durabilidade, estabilidade e desempenho do seu novo hardware. Fabricado em a\u00e7o galvanizado de 2,5 mm, este pr\u00e1tico suporte ajust\u00e1vel proporciona uma estabilidade robusta exatamente onde \u00e9 necess\u00e1rio: na parte inferior da unidade da porta da garagem. Tendo em considera\u00e7\u00e3o tanto o com\u00e9rcio como os utilizadores, este suporte garante uma instala\u00e7\u00e3o r\u00e1pida e aparafusada, uma resist\u00eancia fi\u00e1vel e um ajuste universal adequado a uma vasta gama de modelos de portas seccionais. \ud83d\udeaa<\/p>\n<h2 style=\"font-size: 22px; color: #222; margin-top: 20px;\">Constru\u00e7\u00e3o em a\u00e7o galvanizado de alta qualidade \ud83d\udcaa<\/h2>\n<p style=\"font-size: 16px; color: #444;\">O nosso suporte inferior da porta da garagem \u00e9 constru\u00eddo em a\u00e7o galvanizado de 2,5 mm de alta qualidade para uma excelente resist\u00eancia \u00e0 ferrugem, \u00e0 corros\u00e3o e ao desgaste. Isto torna o suporte perfeito para ambientes dom\u00e9sticos, comerciais e industriais onde a humidade, a poeira, a temperatura e a utiliza\u00e7\u00e3o frequente s\u00e3o uma quest\u00e3o. O acabamento galvanizado proporciona uma camada protetora que resiste \u00e0 ferrugem e \u00e0 corros\u00e3o, tornando-o ideal para ambientes exteriores ou h\u00famidos. \u2699\ufe0f<\/p>\n<h2 style=\"font-size: 22px; color: #222; margin-top: 20px;\">Design ajust\u00e1vel para maior versatilidade \ud83d\udd29<\/h2>\n<p style=\"font-size: 16px; color: #444;\">O nosso suporte inferior ajust\u00e1vel para portas de garagem permite um ajuste flex\u00edvel e compat\u00edvel com todos os tipos de pain\u00e9is de portas de garagem. O suporte \u00e9 adapt\u00e1vel a diferentes aplica\u00e7\u00f5es de calhas e pode ser ajustado aquando da instala\u00e7\u00e3o para uma mec\u00e2nica suave que n\u00e3o sobrecarregue os rolos ou os cabos. Seja qual for a sua substitui\u00e7\u00e3o de suportes antigos ou atualiza\u00e7\u00e3o de suportes existentes, este suporte \u00e9 ideal para e far\u00e1 uma adapta\u00e7\u00e3o perfeita para aumentar o desempenho do sistema! \ud83c\udfe0<\/p>\n<h2 style=\"font-size: 22px; color: #222; margin-top: 20px;\">Seguran\u00e7a e estabilidade melhoradas \ud83d\udee1\ufe0f<\/h2>\n<p style=\"font-size: 16px; color: #444;\">A seguran\u00e7a \u00e9 uma prioridade em qualquer sistema de porta de garagem e o nosso suporte inferior oferece tranquilidade \u00e0 sua casa. Proporciona uma for\u00e7a de refor\u00e7o segura no ponto em que o painel inferior se liga, impedindo a desloca\u00e7\u00e3o ou a queda. Com uma tens\u00e3o adequada do rolo e do cabo, o suporte promove um movimento sem problemas da porta e ajuda a evitar avarias abruptas. Perfeito para garagens dom\u00e9sticas ligeiras e oficinas comerciais pesadas. \ud83d\udd12<\/p>\n<h2 style=\"font-size: 22px; color: #222; margin-top: 20px;\">Silencioso e suave durante a utiliza\u00e7\u00e3o da porta \ud83d\udd07<\/h2>\n<p style=\"font-size: 16px; color: #444;\">Todos os nossos suportes inferiores foram concebidos para reduzir a vibra\u00e7\u00e3o, a fric\u00e7\u00e3o e o indesejado ru\u00eddo de chocalhar. O resultado \u00e9 uma porta com um funcionamento mais suave e silencioso, ideal para qualquer aplica\u00e7\u00e3o residencial ou comercial, onde \u00e9 necess\u00e1rio um desempenho silencioso e cont\u00ednuo. \ud83d\ude9b<\/p>\n<h2 style=\"font-size: 22px; color: #222; margin-top: 20px;\">Especifica\u00e7\u00f5es t\u00e9cnicas \ud83d\udccb<\/h2>\n<table style=\"width: 100%; border-collapse: collapse; font-size: 15px; color: #444; margin-top: 10px;\">\n<tbody>\n<tr>\n<td style=\"border: 1px solid #ccc; padding: 8px;\">Nome do produto<\/td>\n<td style=\"border: 1px solid #ccc; padding: 8px;\">Suportes de chapa de a\u00e7o com fundo de rolo plano ajust\u00e1vel para portas de garagem seccionais<\/td>\n<\/tr>\n<tr>\n<td style=\"border: 1px solid #ccc; padding: 8px;\">Material<\/td>\n<td style=\"border: 1px solid #ccc; padding: 8px;\">A\u00e7o galvanizado<\/td>\n<\/tr>\n<tr>\n<td style=\"border: 1px solid #ccc; padding: 8px;\">Espessura<\/td>\n<td style=\"border: 1px solid #ccc; padding: 8px;\">2,5 mm<\/td>\n<\/tr>\n<tr>\n<td style=\"border: 1px solid #ccc; padding: 8px;\">Acabamento<\/td>\n<td style=\"border: 1px solid #ccc; padding: 8px;\">Revestimento galvanizado anti-ferrugem<\/td>\n<\/tr>\n<tr>\n<td style=\"border: 1px solid #ccc; padding: 8px;\">Adequado para<\/td>\n<td style=\"border: 1px solid #ccc; padding: 8px;\">Portas seccionais para garagens residenciais, comerciais e industriais<\/td>\n<\/tr>\n<tr>\n<td style=\"border: 1px solid #ccc; padding: 8px;\">M\u00e9todo de fixa\u00e7\u00e3o<\/td>\n<td style=\"border: 1px solid #ccc; padding: 8px;\">F\u00e1cil de aparafusar<\/td>\n<\/tr>\n<\/tbody>\n<\/table>\n<h2 style=\"font-size: 22px; color: #222; margin-top: 20px;\">Fabrico OEM e personaliz\u00e1vel \ud83c\udf0d\ud83c\udfed<\/h2>\n<p style=\"font-size: 16px; color: #444;\">Sendo uma f\u00e1brica OEM\/ODM h\u00e1 mais de 20 anos, somos capazes de fabricar produtos de suporte inferior para portas de garagem concebidos e econ\u00f3micos, adaptados \u00e0s necessidades dos clientes. Os clientes tamb\u00e9m podem solicitar modifica\u00e7\u00f5es na espessura do a\u00e7o, na superf\u00edcie, como revestimento em p\u00f3 ou pintura, log\u00f3tipos a laser, cores Pantone e embalagens de marca pr\u00f3pria. Tamb\u00e9m fornecemos \u00e0s empresas op\u00e7\u00f5es de embalagens ecol\u00f3gicas. \ud83c\udf31<\/p>\n<h2 style=\"font-size: 22px; color: #222; margin-top: 20px;\">Aplica\u00e7\u00f5es em todos os sectores \ud83c\udfe0\u2699\ufe0f\ud83c\udfe2\ud83d\ude9b<\/h2>\n<ul style=\"font-size: 16px; color: #444; list-style: disc; margin-left: 20px;\">\n<li>Garagens residenciais - Funcionamento di\u00e1rio silencioso e suave com a m\u00e1xima longevidade<\/li>\n<li>\u2699\ufe0f Edif\u00edcios comerciais - Suportes resistentes com capacidade para ciclos elevados<\/li>\n<li>Locais de constru\u00e7\u00e3o - Alta resist\u00eancia para ambientes dif\u00edceis<\/li>\n<li>Armaz\u00e9ns e log\u00edstica - Esta m\u00e1quina foi concebida para uma utiliza\u00e7\u00e3o di\u00e1ria<\/li>\n<\/ul>\n<h2 style=\"font-size: 22px; color: #222; margin-top: 20px;\">Principais benef\u00edcios \u2714<\/h2>\n<ul style=\"font-size: 16px; color: #444; list-style: disc; margin-left: 20px;\">\n<li>O design ajust\u00e1vel funciona com v\u00e1rias esp\u00e9cies de portas para uma versatilidade de instala\u00e7\u00e3o ideal<\/li>\n<li>Constru\u00eddo em a\u00e7o galvanizado com 2,5 mm de espessura para utiliza\u00e7\u00e3o em trabalhos pesados<\/li>\n<li>Resistente \u00e0 corros\u00e3o e \u00e0 ferrugem em ambientes exteriores ou h\u00famidos<\/li>\n<li>Funcionamento silencioso, suave e sem vibra\u00e7\u00f5es<\/li>\n<li>Instala\u00e7\u00e3o direta aparafusada, sem necessidade de modifica\u00e7\u00f5es<\/li>\n<li>Servi\u00e7os de personaliza\u00e7\u00e3o OEM\/ODM com servi\u00e7o privado dispon\u00edvel<\/li>\n<li>Ciclo de vida longo a ser testado de acordo com as normas da ind\u00fastria<\/li>\n<\/ul>\n<h2 style=\"font-size: 22px; color: #222; margin-top: 20px;\">Testes e garantia de qualidade \u2705<\/h2>\n<p style=\"font-size: 16px; color: #444;\">Cada suporte inferior de porta de garagem \u00e9 testado segundo testes normalizados de pulveriza\u00e7\u00e3o de sal, de suporte de carga e de vida c\u00edclica. Estes testes garantem um desempenho que durar\u00e1 pelo menos 20.000 ciclos de abertura e fecho e este produto cumpre todas as normas de seguran\u00e7a dos EUA e da UE. Este rigoroso controlo de qualidade garante que este kit de correia em T tem o mesmo ajuste, forma e fun\u00e7\u00e3o das pe\u00e7as do equipamento original. \ud83d\udcaf<\/p>\n<h2 style=\"font-size: 22px; color: #222; margin-top: 20px;\">Adaptabilidade ao mercado global \ud83c\udf0e<\/h2>\n<p style=\"font-size: 16px; color: #444;\">As nossas pin\u00e7as s\u00e3o utilizadas globalmente numa variedade de ind\u00fastrias. A nossa marca de abertura fornece servi\u00e7os OEM, produ\u00e7\u00e3o personalizada e marca privada. Com certificados internacionais, o nosso suporte inferior da porta da garagem dar-lhe-\u00e1 uma adapta\u00e7\u00e3o de alto n\u00edvel aos seus mercados regionais em termos de exposi\u00e7\u00e3o solar intensa, clima frio extremo ou ambiente industrial. \ud83c\udf0d<\/p>\n<h2 style=\"font-size: 22px; color: #222; margin-top: 20px;\">Instala\u00e7\u00e3o simples e sem limo \ud83d\udd29<\/h2>\n<p style=\"font-size: 16px; color: #444;\">A Craftsman tem um produto com montagem direta, uma vez que vem equipado com orif\u00edcios de montagem universais. N\u00e3o s\u00e3o necess\u00e1rias ferramentas sofisticadas - tudo o que precisa \u00e9 de uma chave de fendas, pelo que este produto \u00e9 adequado para os profissionais experientes ou para os amantes da bricolage. Poucas pe\u00e7as significam uma manuten\u00e7\u00e3o reduzida, que consiste numa lubrifica\u00e7\u00e3o ocasional, pelo que o tempo de inatividade e os custos de funcionamento s\u00e3o menores. \u2699\ufe0f<\/p>\n<h2 style=\"font-size: 22px; color: #222; margin-top: 20px;\">Fabrico sustent\u00e1vel \ud83c\udf31<\/h2>\n<p style=\"font-size: 16px; color: #444;\">Estamos empenhados em processos de fabrico amigos do ambiente, utilizando materiais certificados, reduzindo os res\u00edduos e fornecendo embalagens recicl\u00e1veis ou biodegrad\u00e1veis. Este compromisso garante que os nossos produtos s\u00e3o amigos do ambiente sem sacrificar a qualidade. \ud83c\udf3f<\/p>\n<h2 style=\"font-size: 22px; color: #222; margin-top: 20px;\">Conclus\u00e3o \ud83d\udeaa\ud83d\udd29<\/h2>\n<p style=\"font-size: 16px; color: #444;\">O nosso suporte inferior ajust\u00e1vel para portas de garagem para trabalhos pesados \u00e9 \u00f3timo para quaisquer portas seccionais, exigindo uma fiabilidade s\u00f3lida e um desempenho a longo prazo. Com engenharia de design, materiais de alta qualidade (a\u00e7o galvanizado de 2,5 mm), ajuste universal e uma variedade de op\u00e7\u00f5es OEM personaliz\u00e1veis, o modelo oferece desempenho comprovado de longa dura\u00e7\u00e3o - tornando-o a melhor escolha para sistemas de portas de garagem residenciais, comerciais e industriais. \ud83d\udd27<\/p>\n<\/section>","protected":false},"excerpt":{"rendered":"<p>Descubra os nossos produtos galvanizados para servi\u00e7o pesado <strong data-start=\"178\" data-end=\"208\">suporte inferior de porta de garagem<\/strong> Concebido para portas seccionais. Com uma espessura de a\u00e7o de 2,5 mm, um design ajust\u00e1vel e uma instala\u00e7\u00e3o f\u00e1cil, garante durabilidade, estabilidade e um funcionamento suave. Perfeito para aplica\u00e7\u00f5es residenciais, comerciais e industriais.<\/p>","protected":false},"featured_media":5999,"comment_status":"open","ping_status":"closed","template":"","meta":{"_acf_changed":false},"product_brand":[],"product_cat":[36],"product_tag":[],"class_list":{"0":"post-5998","1":"product","2":"type-product","3":"status-publish","4":"has-post-thumbnail","6":"product_cat-brackets","8":"first","9":"instock","10":"shipping-taxable","11":"product-type-simple"},"acf":[],"_links":{"self":[{"href":"https:\/\/www.baoteng.cc\/pt\/wp-json\/wp\/v2\/product\/5998","targetHints":{"allow":["GET"]}}],"collection":[{"href":"https:\/\/www.baoteng.cc\/pt\/wp-json\/wp\/v2\/product"}],"about":[{"href":"https:\/\/www.baoteng.cc\/pt\/wp-json\/wp\/v2\/types\/product"}],"replies":[{"embeddable":true,"href":"https:\/\/www.baoteng.cc\/pt\/wp-json\/wp\/v2\/comments?post=5998"}],"wp:featuredmedia":[{"embeddable":true,"href":"https:\/\/www.baoteng.cc\/pt\/wp-json\/wp\/v2\/media\/5999"}],"wp:attachment":[{"href":"https:\/\/www.baoteng.cc\/pt\/wp-json\/wp\/v2\/media?parent=5998"}],"wp:term":[{"taxonomy":"product_brand","embeddable":true,"href":"https:\/\/www.baoteng.cc\/pt\/wp-json\/wp\/v2\/product_brand?post=5998"},{"taxonomy":"product_cat","embeddable":true,"href":"https:\/\/www.baoteng.cc\/pt\/wp-json\/wp\/v2\/product_cat?post=5998"},{"taxonomy":"product_tag","embeddable":true,"href":"https:\/\/www.baoteng.cc\/pt\/wp-json\/wp\/v2\/product_tag?post=5998"}],"curies":[{"name":"wp","href":"https:\/\/api.w.org\/{rel}","templated":true}]}}