{"id":6006,"date":"2025-09-15T09:29:48","date_gmt":"2025-09-15T09:29:48","guid":{"rendered":"https:\/\/baoteng.cc\/?post_type=product&#038;p=6006"},"modified":"2025-09-15T09:41:42","modified_gmt":"2025-09-15T09:41:42","slug":"suporte-de-rolamento-para-portas-de-garagem-para-trabalhos-pesados","status":"publish","type":"product","link":"https:\/\/www.baoteng.cc\/pt\/produto\/suporte-de-rolamento-para-portas-de-garagem-para-trabalhos-pesados\/","title":{"rendered":"Suporte de rolamento de porta de garagem Suporte central para servi\u00e7o pesado em a\u00e7o galvanizado Sistemas de porta de garagem residencial e comercial"},"content":{"rendered":"<section style=\"width: 100%; font-family: Arial, sans-serif; line-height: 1.6; color: #222;\">\n<header>\n<h1 style=\"font-size: 26px; font-weight: bold; margin-bottom: 10px;\">\ud83d\udd29 Suporte de rolamento de porta de garagem - A\u00e7o galvanizado para servi\u00e7o pesado<\/h1>\n<\/header>\n<p>O nosso <strong style=\"color: #c00;\">suporte de rolamento de porta de garagem<\/strong> foi concebido para um desempenho duradouro e \u00e9 feito de a\u00e7o duro com um acabamento duradouro. Constru\u00eddo em a\u00e7o galvanizado de 2,5 mm de espessura com uma dist\u00e2ncia central de rolamento de 67 mm, este suporte fornece um suporte central s\u00f3lido para molas de tor\u00e7\u00e3o e eixos, permitindo um funcionamento mais suave da porta e reduzindo o desgaste dos rolos e cabos. \ud83d\udeaa<\/p>\n<h2 style=\"font-size: 22px; margin-top: 20px;\">Constru\u00e7\u00e3o em a\u00e7o galvanizado de alta qualidade \u2699\ufe0f<\/h2>\n<p>Constru\u00eddo em a\u00e7o galvanizado de alta resist\u00eancia, este suporte para trabalhos pesados foi concebido para resistir aos elementos e \u00e0 utiliza\u00e7\u00e3o frequente. A espessura de 2,5 mm garante uma durabilidade duradoura, mesmo em ambientes dif\u00edceis. O revestimento galvanizado resiste \u00e0 ferrugem e \u00e0 corros\u00e3o em condi\u00e7\u00f5es h\u00famidas, secas, quentes e frias, proporcionando um desempenho fi\u00e1vel ao longo do tempo. \ud83d\udcaa<\/p>\n<h2 style=\"font-size: 22px; margin-top: 20px;\">Conce\u00e7\u00e3o optimizada do centro do rolamento \ud83d\udd29<\/h2>\n<p>Com uma dist\u00e2ncia precisa do centro do rolamento de 67 mm, o suporte alinha-se perfeitamente com os eixos de tor\u00e7\u00e3o e os rolos. Este design preciso garante um funcionamento suave e silencioso da porta, reduz o desgaste do tambor do cabo e da roda e prolonga a vida \u00fatil das portas e dos dispositivos de abertura. O design de rolamento duplo superior evita a flacidez e a quebra. Adequado para uso residencial e comercial, garante uma abertura e fecho suaves. \ud83c\udfe0<\/p>\n<h2 style=\"font-size: 22px; margin-top: 20px;\">Seguran\u00e7a e estabilidade melhoradas \ud83d\udee1\ufe0f<\/h2>\n<p>A seguran\u00e7a \u00e9 uma prioridade em qualquer sistema de porta de garagem. Este suporte de apoio central liga as molas de tor\u00e7\u00e3o de forma segura, eliminando o desalinhamento inseguro das molas e potenciais acidentes. O alinhamento e a tens\u00e3o adequados prolongam a vida \u00fatil dos componentes, garantindo um funcionamento seguro e fi\u00e1vel do port\u00e3o da garagem. \ud83d\udd12<\/p>\n<h2 style=\"font-size: 22px; margin-top: 20px;\">Funcionamento silencioso e suave \ud83d\udd07<\/h2>\n<p>A constru\u00e7\u00e3o reduz o ru\u00eddo e a fric\u00e7\u00e3o para um funcionamento mais silencioso. Ideal para garagens dom\u00e9sticas que procuram um desempenho suave e silencioso, bem como para aplica\u00e7\u00f5es comerciais que requerem um funcionamento fi\u00e1vel durante todo o dia. O suporte proporciona uma resist\u00eancia uniforme em todos os estilos de portas seccionais. \ud83d\ude9b<\/p>\n<h2 style=\"font-size: 22px; margin-top: 20px;\">Especifica\u00e7\u00f5es t\u00e9cnicas \ud83d\udccb<\/h2>\n<table style=\"width: 100%; border-collapse: collapse; margin-top: 10px;\">\n<tbody>\n<tr style=\"background: #f4f4f4;\">\n<td style=\"padding: 8px; border: 1px solid #ccc;\">Nome do produto<\/td>\n<td style=\"padding: 8px; border: 1px solid #ccc;\">Suporte central de rolamento de porta de garagem<\/td>\n<\/tr>\n<tr>\n<td style=\"padding: 8px; border: 1px solid #ccc;\">Material<\/td>\n<td style=\"padding: 8px; border: 1px solid #ccc;\">A\u00e7o galvanizado<\/td>\n<\/tr>\n<tr style=\"background: #f4f4f4;\">\n<td style=\"padding: 8px; border: 1px solid #ccc;\">Espessura<\/td>\n<td style=\"padding: 8px; border: 1px solid #ccc;\">2,5 mm<\/td>\n<\/tr>\n<tr>\n<td style=\"padding: 8px; border: 1px solid #ccc;\">Dist\u00e2ncia do centro do rolamento<\/td>\n<td style=\"padding: 8px; border: 1px solid #ccc;\">67 mm<\/td>\n<\/tr>\n<tr style=\"background: #f4f4f4;\">\n<td style=\"padding: 8px; border: 1px solid #ccc;\">Acabamento<\/td>\n<td style=\"padding: 8px; border: 1px solid #ccc;\">Revestimento galvanizado anti-ferrugem<\/td>\n<\/tr>\n<tr>\n<td style=\"padding: 8px; border: 1px solid #ccc;\">Aplica\u00e7\u00e3o<\/td>\n<td style=\"padding: 8px; border: 1px solid #ccc;\">Portas de garagem residenciais e comerciais<\/td>\n<\/tr>\n<tr style=\"background: #f4f4f4;\">\n<td style=\"padding: 8px; border: 1px solid #ccc;\">Instala\u00e7\u00e3o<\/td>\n<td style=\"padding: 8px; border: 1px solid #ccc;\">Fixa\u00e7\u00e3o f\u00e1cil com parafusos, montagem universal<\/td>\n<\/tr>\n<\/tbody>\n<\/table>\n<h2 style=\"font-size: 22px; margin-top: 20px;\">Fabrico OEM e personaliz\u00e1vel \ud83c\udf0d\ud83c\udfed<\/h2>\n<p>Com mais de 20 anos de experi\u00eancia OEM\/ODM, fornecemos produtos totalmente personaliz\u00e1veis <strong style=\"color: #c00;\">suportes de apoio para portas de garagem<\/strong>. As op\u00e7\u00f5es incluem espessuras de a\u00e7o vari\u00e1veis, revestimentos especializados (revestimento em p\u00f3, galvaniza\u00e7\u00e3o, pintura), log\u00f3tipos personalizados, correspond\u00eancia de cores Pantone e embalagens de marca pr\u00f3pria. Os clientes podem satisfazer diversas exig\u00eancias do mercado e requisitos de marca. \ud83c\udf31<\/p>\n<h2 style=\"font-size: 22px; margin-top: 20px;\">Aplica\u00e7\u00f5es em todos os sectores \ud83c\udfe0\u2699\ufe0f\ud83c\udfe2\ud83d\ude9b<\/h2>\n<ul style=\"margin-left: 20px;\">\n<li>Garagens residenciais - Funcionamento di\u00e1rio suave, silencioso e fi\u00e1vel.<\/li>\n<li>\u2699\ufe0f Unidades comerciais ligeiras - Suporte resistente para portas de tr\u00e1fego moderado a elevado.<\/li>\n<li>Edif\u00edcios industriais - Desempenho fi\u00e1vel em condi\u00e7\u00f5es de elevado stress.<\/li>\n<li>\ud83d\ude9b Armaz\u00e9ns e Log\u00edstica - Desempenho duradouro para um funcionamento cont\u00ednuo.<\/li>\n<\/ul>\n<h2 style=\"font-size: 22px; margin-top: 20px;\">Principais benef\u00edcios \u2714<\/h2>\n<ul style=\"margin-left: 20px;\">\n<li>Constru\u00eddo com a\u00e7o galvanizado de 2,5 mm para uma maior durabilidade<\/li>\n<li>A dist\u00e2ncia do centro do rolamento de 67 mm garante um alinhamento preciso<\/li>\n<li>Suporta molas de tor\u00e7\u00e3o e veios para um funcionamento suave<\/li>\n<li>Compat\u00edvel com todas as portas seccionais e suspensas<\/li>\n<li>Instala\u00e7\u00e3o f\u00e1cil com ferramentas manuais normais<\/li>\n<li>Op\u00e7\u00f5es de marca pr\u00f3pria OEM e ODM dispon\u00edveis<\/li>\n<li>Testado para mais de 20.000 ciclos de abertura\/fecho<\/li>\n<\/ul>\n<h2 style=\"font-size: 22px; margin-top: 20px;\">Testes e garantia de qualidade \u2705<\/h2>\n<p>Cada <strong style=\"color: #c00;\">suporte de rolamento de porta de garagem<\/strong> \u00e9 submetido a testes de capacidade de carga, de resist\u00eancia \u00e0 corros\u00e3o por proje\u00e7\u00e3o salina e de vida c\u00edclica. Em conformidade com as normas de seguran\u00e7a dos EUA e da UE, garante fiabilidade, durabilidade e desempenho superior numa utiliza\u00e7\u00e3o a longo prazo. \ud83d\udcaf<\/p>\n<h2 style=\"font-size: 22px; margin-top: 20px;\">Adaptabilidade ao mercado global \ud83c\udf0e<\/h2>\n<p>Testado numa variedade de climas, desde zonas costeiras h\u00famidas a regi\u00f5es frias e secas, este suporte \u00e9 adequado para a maioria dos sistemas de portas seccionadas em todo o mundo, garantindo um desempenho consistente, seguran\u00e7a e fiabilidade em qualquer mercado. \ud83c\udf0d<\/p>\n<h2 style=\"font-size: 22px; margin-top: 20px;\">Instala\u00e7\u00e3o simples e baixa manuten\u00e7\u00e3o \ud83d\udd27<\/h2>\n<p>Instala\u00e7\u00e3o f\u00e1cil com orif\u00edcios de montagem universais utilizando ferramentas padr\u00e3o. \u00c9 necess\u00e1ria uma manuten\u00e7\u00e3o m\u00ednima, sendo apenas necess\u00e1ria uma lubrifica\u00e7\u00e3o ocasional, o que resulta num tempo de inatividade reduzido, custos mais baixos e fiabilidade a longo prazo. \u2699\ufe0f<\/p>\n<h2 style=\"font-size: 22px; margin-top: 20px;\">Fabrico sustent\u00e1vel \ud83c\udf31<\/h2>\n<p>Damos prioridade \u00e0 sustentabilidade, utilizando a\u00e7o certificado, minimizando os res\u00edduos de produ\u00e7\u00e3o e oferecendo embalagens recicl\u00e1veis\/biodegrad\u00e1veis. Isto garante a <strong style=\"color: #c00;\">suporte de rolamento de porta de garagem<\/strong> \u00e9 amigo do ambiente, mantendo uma elevada durabilidade. \ud83c\udf3f<\/p>\n<h2 style=\"font-size: 22px; margin-top: 20px;\">Conclus\u00e3o \ud83d\udeaa\ud83d\udd29<\/h2>\n<p>O <strong style=\"color: #c00;\">suporte de rolamento de porta de garagem<\/strong> proporciona um apoio, uma resist\u00eancia e um funcionamento suave inigual\u00e1veis para portas de garagem residenciais e comerciais. Com a\u00e7o galvanizado de 2,5 mm, dist\u00e2ncia precisa do centro do rolamento de 67 mm, op\u00e7\u00f5es de personaliza\u00e7\u00e3o OEM e testes de qualidade rigorosos, \u00e9 a solu\u00e7\u00e3o definitiva para um desempenho fi\u00e1vel da porta da garagem. \ud83d\udd27<\/p>\n<\/section>","protected":false},"excerpt":{"rendered":"<p>Alta qualidade <strong data-start=\"294\" data-end=\"325\">suporte de rolamento de porta de garagem<\/strong> Concebida em a\u00e7o galvanizado de 2,5 mm com uma dist\u00e2ncia entre centros de rolamento de 67 mm. Proporciona um suporte central superior, durabilidade e funcionamento suave para portas de garagem residenciais e comerciais com op\u00e7\u00f5es de personaliza\u00e7\u00e3o OEM.<\/p>","protected":false},"featured_media":6007,"comment_status":"open","ping_status":"closed","template":"","meta":{"_acf_changed":false},"product_brand":[],"product_cat":[36],"product_tag":[],"class_list":{"0":"post-6006","1":"product","2":"type-product","3":"status-publish","4":"has-post-thumbnail","6":"product_cat-brackets","8":"first","9":"instock","10":"shipping-taxable","11":"product-type-simple"},"acf":[],"_links":{"self":[{"href":"https:\/\/www.baoteng.cc\/pt\/wp-json\/wp\/v2\/product\/6006","targetHints":{"allow":["GET"]}}],"collection":[{"href":"https:\/\/www.baoteng.cc\/pt\/wp-json\/wp\/v2\/product"}],"about":[{"href":"https:\/\/www.baoteng.cc\/pt\/wp-json\/wp\/v2\/types\/product"}],"replies":[{"embeddable":true,"href":"https:\/\/www.baoteng.cc\/pt\/wp-json\/wp\/v2\/comments?post=6006"}],"wp:featuredmedia":[{"embeddable":true,"href":"https:\/\/www.baoteng.cc\/pt\/wp-json\/wp\/v2\/media\/6007"}],"wp:attachment":[{"href":"https:\/\/www.baoteng.cc\/pt\/wp-json\/wp\/v2\/media?parent=6006"}],"wp:term":[{"taxonomy":"product_brand","embeddable":true,"href":"https:\/\/www.baoteng.cc\/pt\/wp-json\/wp\/v2\/product_brand?post=6006"},{"taxonomy":"product_cat","embeddable":true,"href":"https:\/\/www.baoteng.cc\/pt\/wp-json\/wp\/v2\/product_cat?post=6006"},{"taxonomy":"product_tag","embeddable":true,"href":"https:\/\/www.baoteng.cc\/pt\/wp-json\/wp\/v2\/product_tag?post=6006"}],"curies":[{"name":"wp","href":"https:\/\/api.w.org\/{rel}","templated":true}]}}