{"id":6020,"date":"2025-09-15T10:05:39","date_gmt":"2025-09-15T10:05:39","guid":{"rendered":"https:\/\/baoteng.cc\/?post_type=product&#038;p=6020"},"modified":"2025-09-15T10:13:38","modified_gmt":"2025-09-15T10:13:38","slug":"suporte-de-apoio-do-rolamento-central-do-portao-de-garagem","status":"publish","type":"product","link":"https:\/\/www.baoteng.cc\/pt\/produto\/suporte-de-apoio-do-rolamento-central-do-portao-de-garagem\/","title":{"rendered":"Suporte de apoio de rolamento central de porta de garagem em a\u00e7o galvanizado Suportes de rolamento residenciais para servi\u00e7o pesado Espessura de 4,0 mm M\u00faltiplas op\u00e7\u00f5es de centro de rolamento"},"content":{"rendered":"<section style=\"width: 100%; font-family: Arial, sans-serif; line-height: 1.6; color: #222;\">\n<header>\n<h1 style=\"font-size: 26px; font-weight: bold; margin-bottom: 10px;\">Suporte de apoio do rolamento central da porta da garagem - A\u00e7o galvanizado para servi\u00e7o pesado<\/h1>\n<\/header>\n<p>O <strong style=\"color: #c00;\">suporte de apoio do rolamento central do port\u00e3o de garagem<\/strong> foi concebido para fornecer um suporte forte e duradouro para portas seccionais residenciais. Constru\u00eddo em a\u00e7o galvanizado de 4,0 mm de espessura com rolamentos duradouros incorporados, est\u00e1 dispon\u00edvel em v\u00e1rias dist\u00e2ncias entre centros de rolamentos: 85 mm, 110 mm, 123 mm, 148 mm e 185 mm. Este suporte assegura o alinhamento correto, reduz o ru\u00eddo e evita o desgaste prematuro dos veios de tor\u00e7\u00e3o, rolos e molas para um funcionamento suave e duradouro da porta. \ud83d\udeaa<\/p>\n<h2 style=\"font-size: 22px; margin-top: 20px;\">Constru\u00e7\u00e3o em a\u00e7o galvanizado de alta qualidade \u2699\ufe0f<\/h2>\n<p>Fabricado em a\u00e7o galvanizado para trabalhos pesados, este suporte de apoio central suporta condi\u00e7\u00f5es adversas e proporciona um apoio fi\u00e1vel para portas residenciais. O rolamento incorporado com 4,0 mm de espessura minimiza a vibra\u00e7\u00e3o e o ru\u00eddo, protegendo simultaneamente os componentes m\u00f3veis do desgaste. Ideal para aplica\u00e7\u00f5es exteriores e interiores, o acabamento galvanizado garante uma excelente durabilidade e desempenho a longo prazo. \ud83d\udcaa<\/p>\n<h2 style=\"font-size: 22px; margin-top: 20px;\">M\u00faltiplas op\u00e7\u00f5es de centros de rolamento \ud83d\udd29<\/h2>\n<p>Dispon\u00edveis em dist\u00e2ncias entre centros de rolamentos de 85 mm, 110 mm, 123 mm, 148 mm e 185 mm, estes suportes s\u00e3o compat\u00edveis com v\u00e1rios eixos de tor\u00e7\u00e3o e rolos. O alinhamento de precis\u00e3o permite um funcionamento suave e silencioso da porta, evita a flacidez e reduz o desgaste dos cabos, rolos e molas. Adequado para todas as portas de garagem seccionais residenciais. \ud83c\udfe0<\/p>\n<h2 style=\"font-size: 22px; margin-top: 20px;\">Seguran\u00e7a e estabilidade melhoradas \ud83d\udee1\ufe0f<\/h2>\n<p>A instala\u00e7\u00e3o correta garante que a barra de tor\u00e7\u00e3o e o eixo s\u00e3o mantidos em seguran\u00e7a com tens\u00e3o e alinhamento ideais, reduzindo o risco de acidentes ou avarias. O design robusto proporciona uma fun\u00e7\u00e3o \u00e0 prova de batida, garantindo que as portas fecham e trancam com seguran\u00e7a para a tranquilidade do propriet\u00e1rio e a prote\u00e7\u00e3o a longo prazo do sistema da porta. \ud83d\udd12<\/p>\n<h2 style=\"font-size: 22px; margin-top: 20px;\">Funcionamento suave e silencioso \ud83d\udd07<\/h2>\n<p>O rolamento pr\u00e9-lubrificado reduz a fric\u00e7\u00e3o e a vibra\u00e7\u00e3o, permitindo que as portas se movimentem de forma f\u00e1cil e silenciosa. Perfeito para garagens dom\u00e9sticas ou uso comercial ligeiro, este suporte prolonga a vida \u00fatil dos eixos de tor\u00e7\u00e3o, rolos e molas, garantindo um desempenho di\u00e1rio fi\u00e1vel. \ud83d\ude9b<\/p>\n<h2 style=\"font-size: 22px; margin-top: 20px;\">Especifica\u00e7\u00f5es t\u00e9cnicas \ud83d\udccb<\/h2>\n<table style=\"width: 100%; border-collapse: collapse; margin-top: 10px;\">\n<tbody>\n<tr style=\"background: #f4f4f4;\">\n<td style=\"padding: 8px; border: 1px solid #ccc;\">Nome do produto<\/td>\n<td style=\"padding: 8px; border: 1px solid #ccc;\">Suporte de apoio do rolamento central da porta da garagem<\/td>\n<\/tr>\n<tr>\n<td style=\"padding: 8px; border: 1px solid #ccc;\">Material<\/td>\n<td style=\"padding: 8px; border: 1px solid #ccc;\">A\u00e7o galvanizado com rolamento fixo dur\u00e1vel<\/td>\n<\/tr>\n<tr style=\"background: #f4f4f4;\">\n<td style=\"padding: 8px; border: 1px solid #ccc;\">Espessura<\/td>\n<td style=\"padding: 8px; border: 1px solid #ccc;\">4,0 mm<\/td>\n<\/tr>\n<tr>\n<td style=\"padding: 8px; border: 1px solid #ccc;\">Dist\u00e2ncia do centro do rolamento<\/td>\n<td style=\"padding: 8px; border: 1px solid #ccc;\">85mm \/ 110mm \/ 123mm \/ 148mm \/ 185mm<\/td>\n<\/tr>\n<tr style=\"background: #f4f4f4;\">\n<td style=\"padding: 8px; border: 1px solid #ccc;\">Acabamento<\/td>\n<td style=\"padding: 8px; border: 1px solid #ccc;\">Revestimento galvanizado anti-ferrugem<\/td>\n<\/tr>\n<tr>\n<td style=\"padding: 8px; border: 1px solid #ccc;\">Aplica\u00e7\u00e3o<\/td>\n<td style=\"padding: 8px; border: 1px solid #ccc;\">Portas seccionadas residenciais<\/td>\n<\/tr>\n<tr style=\"background: #f4f4f4;\">\n<td style=\"padding: 8px; border: 1px solid #ccc;\">Instala\u00e7\u00e3o<\/td>\n<td style=\"padding: 8px; border: 1px solid #ccc;\">Montagem fixa universal, aparafusada<\/td>\n<\/tr>\n<\/tbody>\n<\/table>\n<h2 style=\"font-size: 22px; margin-top: 20px;\">Fabrico OEM e personaliz\u00e1vel \ud83c\udf0d\ud83c\udfed<\/h2>\n<p>Com mais de 20 anos de experi\u00eancia OEM\/ODM, fornecemos personaliza\u00e7\u00e3o total para suportes de apoio de rolamentos centrais de portas de garagem. As op\u00e7\u00f5es incluem espessura do a\u00e7o, revestimento em p\u00f3, galvaniza\u00e7\u00e3o, pintura, marca\u00e7\u00e3o de log\u00f3tipo personalizado, correspond\u00eancia de cores Pantone e embalagem de marca pr\u00f3pria. As solu\u00e7\u00f5es personalizadas garantem o ajuste perfeito, o desempenho e a marca para qualquer mercado. \ud83c\udf31<\/p>\n<h2 style=\"font-size: 22px; margin-top: 20px;\">Aplica\u00e7\u00f5es em v\u00e1rios ambientes \ud83c\udfe0\u2699\ufe0f\ud83c\udfe2\ud83d\ude9b<\/h2>\n<ul style=\"margin-left: 20px;\">\n<li>Garagens residenciais - Funcionamento di\u00e1rio silencioso e suave para portas residenciais.<\/li>\n<li>\u2699\ufe0f Unidades comerciais ligeiras - Suporte resistente para portas de tr\u00e1fego m\u00e9dio a elevado.<\/li>\n<li>\ud83c\udfed Industrial - Concebido para utiliza\u00e7\u00e3o intensiva, garantindo um desempenho consistente em condi\u00e7\u00f5es extremas.<\/li>\n<li>Armazenagem e log\u00edstica - Funcionamento cont\u00ednuo com um desgaste m\u00ednimo dos componentes da porta.<\/li>\n<\/ul>\n<h2 style=\"font-size: 22px; margin-top: 20px;\">Principais benef\u00edcios \u2714<\/h2>\n<ul style=\"margin-left: 20px;\">\n<li>A\u00e7o galvanizado por imers\u00e3o a quente de 4,0 mm para uma durabilidade duradoura<\/li>\n<li>M\u00faltiplas op\u00e7\u00f5es de centro de rolamento (85 mm, 110 mm, 123 mm, 148 mm, 185 mm) para um alinhamento preciso<\/li>\n<li>Reduz o desgaste dos veios de tor\u00e7\u00e3o, rolos e molas<\/li>\n<li>Funcionamento suave e silencioso para portas residenciais e comerciais ligeiras<\/li>\n<li>Instala\u00e7\u00e3o f\u00e1cil e universal por aparafusamento<\/li>\n<li>Solu\u00e7\u00f5es de marca pr\u00f3pria OEM\/ODM dispon\u00edveis<\/li>\n<li>Mais de 20.000 aberturas\/fechamentos testados para garantir a fiabilidade<\/li>\n<\/ul>\n<h2 style=\"font-size: 22px; margin-top: 20px;\">Testes e garantia de qualidade \u2705<\/h2>\n<p>Todos os suportes s\u00e3o submetidos a testes de carga, testes de vida c\u00edclica e resist\u00eancia \u00e0 corros\u00e3o por proje\u00e7\u00e3o salina. Cumprem as normas de seguran\u00e7a dos EUA e da UE, garantindo qualidade, durabilidade e fiabilidade a longo prazo. \ud83d\udcaf<\/p>\n<h2 style=\"font-size: 22px; margin-top: 20px;\">Adaptabilidade ao mercado global \ud83c\udf0e<\/h2>\n<p>Concebida para funcionar em climas h\u00famidos, secos e frios. Compat\u00edvel com a maioria das portas seccionais residenciais em todo o mundo, proporcionando um desempenho consistente, seguran\u00e7a e funcionalidade a longo prazo. \ud83c\udf0d<\/p>\n<h2 style=\"font-size: 22px; margin-top: 20px;\">Instala\u00e7\u00e3o e manuten\u00e7\u00e3o simples \ud83d\udd27<\/h2>\n<p>As ranhuras de montagem universais permitem uma instala\u00e7\u00e3o r\u00e1pida com ferramentas manuais normais. A lubrifica\u00e7\u00e3o peri\u00f3dica assegura um desempenho suave, reduz o tempo de inatividade e prolonga a vida \u00fatil do hardware. \u2699\ufe0f<\/p>\n<h2 style=\"font-size: 22px; margin-top: 20px;\">Fabrico sustent\u00e1vel \ud83c\udf31<\/h2>\n<p>Constru\u00eddos em a\u00e7o certificado com o m\u00ednimo de res\u00edduos, recicl\u00e1veis e biodegrad\u00e1veis, estes suportes oferecem uma op\u00e7\u00e3o ecol\u00f3gica sem comprometer a resist\u00eancia e a estabilidade. \ud83c\udf3f<\/p>\n<h2 style=\"font-size: 22px; margin-top: 20px;\">Conclus\u00e3o \ud83d\udeaa\ud83d\udd29<\/h2>\n<p>O suporte de apoio do rolamento central em a\u00e7o galvanizado de 4,0 mm apresenta rolamentos incorporados duradouros, v\u00e1rias op\u00e7\u00f5es de centro de rolamento e compatibilidade universal. Concebido para um funcionamento silencioso, maior estabilidade e durabilidade a longo prazo, proporciona um desempenho fi\u00e1vel para a maioria das portas de garagem residenciais. \ud83d\udd27<\/p>\n<\/section>","protected":false},"excerpt":{"rendered":"<p>Suporte de apoio do rolamento central da porta de garagem em a\u00e7o galvanizado dur\u00e1vel com 4,0 mm de espessura, v\u00e1rias op\u00e7\u00f5es de centro de rolamento (85 mm, 110 mm, 123 mm, 148 mm, 185 mm), solu\u00e7\u00f5es OEM e personaliz\u00e1veis para portas seccionais residenciais, garantindo um funcionamento suave e duradouro.<\/p>","protected":false},"featured_media":6011,"comment_status":"open","ping_status":"closed","template":"","meta":{"_acf_changed":false},"product_brand":[],"product_cat":[36],"product_tag":[],"class_list":{"0":"post-6020","1":"product","2":"type-product","3":"status-publish","4":"has-post-thumbnail","6":"product_cat-brackets","8":"first","9":"instock","10":"shipping-taxable","11":"product-type-simple"},"acf":[],"_links":{"self":[{"href":"https:\/\/www.baoteng.cc\/pt\/wp-json\/wp\/v2\/product\/6020","targetHints":{"allow":["GET"]}}],"collection":[{"href":"https:\/\/www.baoteng.cc\/pt\/wp-json\/wp\/v2\/product"}],"about":[{"href":"https:\/\/www.baoteng.cc\/pt\/wp-json\/wp\/v2\/types\/product"}],"replies":[{"embeddable":true,"href":"https:\/\/www.baoteng.cc\/pt\/wp-json\/wp\/v2\/comments?post=6020"}],"wp:featuredmedia":[{"embeddable":true,"href":"https:\/\/www.baoteng.cc\/pt\/wp-json\/wp\/v2\/media\/6011"}],"wp:attachment":[{"href":"https:\/\/www.baoteng.cc\/pt\/wp-json\/wp\/v2\/media?parent=6020"}],"wp:term":[{"taxonomy":"product_brand","embeddable":true,"href":"https:\/\/www.baoteng.cc\/pt\/wp-json\/wp\/v2\/product_brand?post=6020"},{"taxonomy":"product_cat","embeddable":true,"href":"https:\/\/www.baoteng.cc\/pt\/wp-json\/wp\/v2\/product_cat?post=6020"},{"taxonomy":"product_tag","embeddable":true,"href":"https:\/\/www.baoteng.cc\/pt\/wp-json\/wp\/v2\/product_tag?post=6020"}],"curies":[{"name":"wp","href":"https:\/\/api.w.org\/{rel}","templated":true}]}}