{"id":6218,"date":"2025-09-18T03:36:03","date_gmt":"2025-09-18T03:36:03","guid":{"rendered":"https:\/\/baoteng.cc\/?post_type=product&#038;p=6218"},"modified":"2025-09-18T03:44:52","modified_gmt":"2025-09-18T03:44:52","slug":"porta-seccionada-de-garagem-profissional-com-calha-curva","status":"publish","type":"product","link":"https:\/\/www.baoteng.cc\/pt\/produto\/porta-seccionada-de-garagem-profissional-com-calha-curva\/","title":{"rendered":"Portas seccionais de trilho curvo de porta de garagem profissional 12 \u2033 15 \u2033 Raio 2 \u2033 Hardware galvanizado OEM personaliz\u00e1vel"},"content":{"rendered":"<section style=\"width: 100%;\">\n<header>\n<h1 style=\"font-size: 26px;\">Ferragens para portas de garagem profissionais Portas seccionais 2 \u2033 Trilho curvo, raio de 12 \u2033 15 \u2033<\/h1>\n<\/header>\n<p>\ud83d\udeaa A\u00e7o galvanizado <b>calha curva para porta de garagem<\/b> \u00e9 necess\u00e1rio para um desempenho seguro, suave e silencioso das portas seccionais de garagem. As nossas calhas curvas com raio de 12\u2033 e 15\u2033 de n\u00edvel industrial s\u00e3o utilizadas para sistemas de eleva\u00e7\u00e3o padr\u00e3o com molas de tor\u00e7\u00e3o para contrabalan\u00e7ar a porta. Fabricado em a\u00e7o galvanizado com op\u00e7\u00f5es de espessura de 1,8 mm e 2,0 mm, o hardware garante resist\u00eancia, precis\u00e3o e durabilidade contra o desgaste di\u00e1rio em sistemas residenciais e industriais.<\/p>\n<p>\ud83c\udf27\ufe0f O acabamento galvanizado garante uma excelente resist\u00eancia \u00e0 ferrugem, \u00e0 corros\u00e3o e ao ar h\u00famido. Adequadas para casas, garagens, armaz\u00e9ns e instala\u00e7\u00f5es industriais, as molas de tor\u00e7\u00e3o proporcionam uma for\u00e7a de eleva\u00e7\u00e3o igual para cada posi\u00e7\u00e3o da porta. Ao contr\u00e1rio das alternativas de baixa qualidade, as nossas calhas s\u00e3o curvadas com precis\u00e3o de acordo com as normas americanas, garantindo um funcionamento de deslizamento flex\u00edvel, suave e silencioso, ao mesmo tempo que aumentam a fiabilidade a longo prazo.<\/p>\n<p>Com 20 anos de experi\u00eancia em fabrico OEM e ODM, fornecemos personaliza\u00e7\u00e3o total. Os clientes podem especificar o raio, a espessura, o comprimento ou o tratamento de superf\u00edcie de acordo com as necessidades do seu projeto. A personaliza\u00e7\u00e3o da marca e da embalagem tamb\u00e9m est\u00e1 dispon\u00edvel, tornando os nossos carris curvos ideais para distribuidores, grossistas e empreiteiros profissionais que procuram parceiros fi\u00e1veis na cadeia de fornecimento em todo o mundo.<\/p>\n<h2 style=\"font-size: 22px;\">\ud83d\udd27 Instala\u00e7\u00e3o e compatibilidade<\/h2>\n<p>As nossas calhas curvas foram concebidas para se adaptarem aos sistemas de ferragens de portas de garagem seccionais padr\u00e3o da ind\u00fastria. Concebidos para uma instala\u00e7\u00e3o f\u00e1cil, alinham-se na perfei\u00e7\u00e3o com as sec\u00e7\u00f5es de calhas horizontais e verticais, mantendo a porta em movimento sem falhas. A curva de precis\u00e3o minimiza o desgaste do rolo e a perda de energia devido ao atrito. Compat\u00edveis com a maioria das portas seccionais de garagem de 2\u2033, s\u00e3o igualmente adequados para aplica\u00e7\u00f5es residenciais e industriais.<\/p>\n<h2 style=\"font-size: 22px;\">\ud83c\udf1f Carater\u00edsticas principais<\/h2>\n<ul>\n<li>Constru\u00e7\u00e3o dur\u00e1vel em a\u00e7o galvanizado<\/li>\n<li>Dispon\u00edvel em raios de 12\u2033 e 15\u2033<\/li>\n<li>Op\u00e7\u00f5es de espessura de 1,8 mm e 2,0 mm<\/li>\n<li>Perfil normalizado de 2\u2033 para portas seccionadas de garagem<\/li>\n<li>Resist\u00eancia superior \u00e0 corros\u00e3o e \u00e0 ferrugem<\/li>\n<li>Dispon\u00edveis modelos OEM e personalizados (incluindo embalagem)<\/li>\n<li>Desempenho fi\u00e1vel com um funcionamento suave e silencioso<\/li>\n<\/ul>\n<h2 style=\"font-size: 22px;\">\ud83d\udcca Especifica\u00e7\u00f5es t\u00e9cnicas<\/h2>\n<table style=\"width: 100%; border-collapse: collapse; text-align: left;\" border=\"1\" cellspacing=\"0\" cellpadding=\"6\">\n<tbody>\n<tr>\n<td><b>Nome do produto<\/b><\/td>\n<td>Calha curva para porta de garagem profissional<\/td>\n<\/tr>\n<tr>\n<td><b>Descri\u00e7\u00e3o do produto<\/b><\/td>\n<td>Calha curva para portas de garagem seccionadas<\/td>\n<\/tr>\n<tr>\n<td><b>Aplica\u00e7\u00e3o<\/b><\/td>\n<td>Portas de garagem seccionais residenciais \/ industriais<\/td>\n<\/tr>\n<tr>\n<td><b>Material<\/b><\/td>\n<td>A\u00e7o galvanizado<\/td>\n<\/tr>\n<tr>\n<td><b>Op\u00e7\u00f5es de raio<\/b><\/td>\n<td>12&#8243; \/ 15&#8243;<\/td>\n<\/tr>\n<tr>\n<td><b>Perfil<\/b><\/td>\n<td>2&#8243;<\/td>\n<\/tr>\n<tr>\n<td><b>Espessura<\/b><\/td>\n<td>1,8 mm \/ 2,0 mm<\/td>\n<\/tr>\n<tr>\n<td><b>Acabamento<\/b><\/td>\n<td>Galvanizado, Anti-Corrosivo<\/td>\n<\/tr>\n<tr>\n<td><b>Palavras-chave de enfoque<\/b><\/td>\n<td>calha curva para porta de garagem<\/td>\n<\/tr>\n<tr>\n<td><b>OEM\/ODM<\/b><\/td>\n<td>Dispon\u00edvel (tamanho personalizado, marca, embalagem)<\/td>\n<\/tr>\n<\/tbody>\n<\/table>\n<p>\ud83d\udca1 O ideal <b>calha curva para porta de garagem<\/b> \u00e9 energeticamente eficiente e dur\u00e1vel. Ao manter um alinhamento consistente e um rolamento suave, a nossa calha reduz a resist\u00eancia, prolonga a vida \u00fatil dos rolos, das dobradi\u00e7as e dos dispositivos de abertura e reduz os custos de substitui\u00e7\u00e3o. Isto garante poupan\u00e7as a longo prazo e um funcionamento fi\u00e1vel tanto para os propriet\u00e1rios de casas como para as empresas.<\/p>\n<p>Fornecemos apoio avan\u00e7ado de engenharia, modifica\u00e7\u00f5es CAD e prototipagem r\u00e1pida para projectos especializados. Com MOQs flex\u00edveis, tanto os pequenos distribuidores como os grandes compradores industriais beneficiam de pre\u00e7os grossistas econ\u00f3micos e de uma capacidade de produ\u00e7\u00e3o escal\u00e1vel.<\/p>\n<h2 style=\"font-size: 22px;\">\ud83c\udfc6 Porque \u00e9 que somos os melhores?<\/h2>\n<ul>\n<li>Mais de 20 anos de experi\u00eancia em fabrico OEM e ODM<\/li>\n<li>A\u00e7o galvanizado de alta resist\u00eancia com capacidade de carga superior<\/li>\n<li>Op\u00e7\u00f5es de raio de 12\u2033 e 15\u2033 para m\u00e1xima versatilidade<\/li>\n<li>Espessura, comprimento e marca totalmente personaliz\u00e1veis<\/li>\n<li>Ideal para utiliza\u00e7\u00e3o residencial e industrial em trabalhos pesados<\/li>\n<li>Apoiado por log\u00edstica global e suporte t\u00e9cnico<\/li>\n<\/ul>\n<p>Quer seja um propriet\u00e1rio a atualizar portas seccionais de garagem ou um empreiteiro industrial a gerir grandes projectos, os nossos <b>calha curva para porta de garagem<\/b> \u00e9 a escolha fi\u00e1vel para durabilidade e desempenho. Escolher a nossa calha significa garantir um funcionamento suave, prote\u00e7\u00e3o a longo prazo e custos reduzidos.<\/p>\n<p>Assegure-se de que o seu sistema de porta seccionada de garagem funciona com precis\u00e3o e efici\u00eancia utilizando as nossas calhas curvas concebidas. Constru\u00eddos com a\u00e7o galvanizado para maior durabilidade, personaliz\u00e1veis para se adaptarem a quase todos os requisitos e apoiados por d\u00e9cadas de experi\u00eancia OEM, os nossos carris curvos representam a combina\u00e7\u00e3o perfeita de resist\u00eancia e qualidade.<\/p>\n<\/section>","protected":false},"excerpt":{"rendered":"<p>Trilho curvo de porta de garagem de alta qualidade para portas seccionais com raio de 12 \u2033 e 15 \u2033, perfil de 2 \u2033 e acabamento galvanizado. Espessura dur\u00e1vel de 1,8 mm e 2,0 mm, OEM e solu\u00e7\u00f5es personaliz\u00e1veis para portas de garagem residenciais e industriais.<\/p>","protected":false},"featured_media":6219,"comment_status":"open","ping_status":"closed","template":"","meta":{"_acf_changed":false},"product_brand":[],"product_cat":[39],"product_tag":[],"class_list":{"0":"post-6218","1":"product","2":"type-product","3":"status-publish","4":"has-post-thumbnail","6":"product_cat-tracks","8":"first","9":"instock","10":"shipping-taxable","11":"product-type-simple"},"acf":[],"_links":{"self":[{"href":"https:\/\/www.baoteng.cc\/pt\/wp-json\/wp\/v2\/product\/6218","targetHints":{"allow":["GET"]}}],"collection":[{"href":"https:\/\/www.baoteng.cc\/pt\/wp-json\/wp\/v2\/product"}],"about":[{"href":"https:\/\/www.baoteng.cc\/pt\/wp-json\/wp\/v2\/types\/product"}],"replies":[{"embeddable":true,"href":"https:\/\/www.baoteng.cc\/pt\/wp-json\/wp\/v2\/comments?post=6218"}],"wp:featuredmedia":[{"embeddable":true,"href":"https:\/\/www.baoteng.cc\/pt\/wp-json\/wp\/v2\/media\/6219"}],"wp:attachment":[{"href":"https:\/\/www.baoteng.cc\/pt\/wp-json\/wp\/v2\/media?parent=6218"}],"wp:term":[{"taxonomy":"product_brand","embeddable":true,"href":"https:\/\/www.baoteng.cc\/pt\/wp-json\/wp\/v2\/product_brand?post=6218"},{"taxonomy":"product_cat","embeddable":true,"href":"https:\/\/www.baoteng.cc\/pt\/wp-json\/wp\/v2\/product_cat?post=6218"},{"taxonomy":"product_tag","embeddable":true,"href":"https:\/\/www.baoteng.cc\/pt\/wp-json\/wp\/v2\/product_tag?post=6218"}],"curies":[{"name":"wp","href":"https:\/\/api.w.org\/{rel}","templated":true}]}}