{"id":6395,"date":"2025-09-24T01:29:00","date_gmt":"2025-09-24T01:29:00","guid":{"rendered":"https:\/\/baoteng.cc\/?post_type=product&#038;p=6395"},"modified":"2025-09-24T02:01:28","modified_gmt":"2025-09-24T02:01:28","slug":"suportes-da-viga-de-equilibrio-do-triangulo-da-porta-de-garagem","status":"publish","type":"product","link":"https:\/\/www.baoteng.cc\/pt\/produto\/suportes-da-viga-de-equilibrio-do-triangulo-da-porta-de-garagem\/","title":{"rendered":"Suportes de viga de equil\u00edbrio triangular de porta de garagem para servi\u00e7o pesado Pr\u00e9-galvanizado 1.5mm OEM Solu\u00e7\u00f5es de hardware personaliz\u00e1veis"},"content":{"rendered":"<section style=\"width: 100%; font-family: Arial, sans-serif; line-height: 1.6; color: #333;\">\n<header>\n<h1 style=\"font-size: 24px; font-weight: bold; text-align: center;\">\ud83d\udd29 Suportes triangulares para portas de garagem de servi\u00e7o pesado<\/h1>\n<\/header>\n<p>Estes <strong style=\"color: #ff4500;\">Suportes triangulares para portas de garagem<\/strong> s\u00e3o fabricados com precis\u00e3o em a\u00e7o pr\u00e9-galvanizado de 1,5 mm, adequados para portas de garagem residenciais e industriais. Ideal para <strong style=\"color: #1e90ff;\">suportes para trave de equil\u00edbrio<\/strong>, A sua estrutura \u00e9 muito resistente, anti-corros\u00e3o e de longa dura\u00e7\u00e3o.<\/p>\n<h2 style=\"font-size: 20px; margin-top: 20px;\">\ud83d\udd27 Descri\u00e7\u00e3o geral do produto<\/h2>\n<ul>\n<li>Forma triangular para uma distribui\u00e7\u00e3o e suporte m\u00e1ximos da carga<\/li>\n<li>O acabamento pr\u00e9-galvanizado protege contra a ferrugem e o desgaste ambiental<\/li>\n<li>Adapta-se a sec\u00e7\u00f5es de madeira de 40x50mm<\/li>\n<li>Aumenta a seguran\u00e7a, o desempenho e a fiabilidade das portas de garagem<\/li>\n<\/ul>\n<h2 style=\"font-size: 20px; margin-top: 20px;\">\ud83d\udcd0 Especifica\u00e7\u00f5es<\/h2>\n<table style=\"width: 100%; border-collapse: collapse; margin-top: 10px;\">\n<tbody>\n<tr>\n<td><strong>Nome do produto<\/strong><\/td>\n<td>Suportes triangulares para portas de garagem<\/td>\n<\/tr>\n<tr>\n<td><strong>Material<\/strong><\/td>\n<td>A\u00e7o pr\u00e9-galvanizado<\/td>\n<\/tr>\n<tr>\n<td><strong>Espessura<\/strong><\/td>\n<td>1,5 mm<\/td>\n<\/tr>\n<tr>\n<td><strong>Conce\u00e7\u00e3o<\/strong><\/td>\n<td>Suporte triangular, resistente<\/td>\n<\/tr>\n<tr>\n<td><strong>Aplica\u00e7\u00e3o<\/strong><\/td>\n<td>Suportes para portas de garagem<\/td>\n<\/tr>\n<tr>\n<td><strong>Acabamento<\/strong><\/td>\n<td>Pr\u00e9-galvanizado<\/td>\n<\/tr>\n<tr>\n<td><strong>Normas<\/strong><\/td>\n<td>AREMA<\/td>\n<\/tr>\n<tr>\n<td><strong>Utilidades<\/strong><\/td>\n<td>Acess\u00f3rio para port\u00f5es<\/td>\n<\/tr>\n<\/tbody>\n<\/table>\n<h2 style=\"font-size: 20px; margin-top: 20px;\">\ud83c\udfd7\ufe0f Aplica\u00e7\u00f5es<\/h2>\n<ul>\n<li>Portas de garagem dom\u00e9sticas que necessitam de apoio equilibrado<\/li>\n<li>Portas de garagem comerciais com ciclos e cargas pesados<\/li>\n<li>Quadros de controlo em engenharia mec\u00e2nica e de constru\u00e7\u00e3o<\/li>\n<li>Projectos de hardware OEM personalizados para distribuidores e fabricantes<\/li>\n<\/ul>\n<h2 style=\"font-size: 20px; margin-top: 20px;\">\u2699\ufe0f Carater\u00edsticas principais<\/h2>\n<ul>\n<li>\u2714\ufe0f Constru\u00e7\u00e3o dur\u00e1vel em a\u00e7o pr\u00e9-galvanizado de 1,5 mm<\/li>\n<li>\u2714\ufe0f Conce\u00e7\u00e3o triangular para uma distribui\u00e7\u00e3o uniforme da carga e uma eleva\u00e7\u00e3o mais elevada<\/li>\n<li>\u2714\ufe0f O acabamento resistente \u00e0 corros\u00e3o prolonga a vida \u00fatil<\/li>\n<li>\u2714\ufe0f Compat\u00edvel com a maioria dos sistemas de equil\u00edbrio de portas de garagem<\/li>\n<li>\u2714\ufe0f Solu\u00e7\u00f5es OEM e personalizadas dispon\u00edveis<\/li>\n<\/ul>\n<h2 style=\"font-size: 20px; margin-top: 20px;\">OEM e personaliza\u00e7\u00e3o<\/h2>\n<p>Somos especializados em <strong style=\"color: #1e90ff;\">Suportes de trave de equil\u00edbrio triangular<\/strong>\u00a0Encomendas OEM e personalizadas. Est\u00e3o dispon\u00edveis tamanhos personalizados, configura\u00e7\u00f5es de orif\u00edcios e embalagens de marca. O corte de precis\u00e3o CNC, a estampagem, a galvaniza\u00e7\u00e3o e o acabamento garantem uma qualidade e um valor superiores.<\/p>\n<h2 style=\"font-size: 20px; margin-top: 20px;\">\ud83c\udf0d Experi\u00eancia no sector<\/h2>\n<p>Com mais de 20 anos de experi\u00eancia no fabrico de metais e revestimento por imers\u00e3o, os nossos produtos s\u00e3o de confian\u00e7a a n\u00edvel mundial. Mantemos um controlo de qualidade rigoroso e linhas de produ\u00e7\u00e3o avan\u00e7adas, garantindo uma excelente durabilidade e desempenho na Am\u00e9rica do Norte, Europa e \u00c1sia.<\/p>\n<h2 style=\"font-size: 20px; margin-top: 20px;\">\ud83d\udce6 Embalagem e envio<\/h2>\n<p>Cada suporte \u00e9 desmagnetizado e protegido por uma ranhura com bolha dupla para evitar riscos. Est\u00e3o dispon\u00edveis caixas de cart\u00e3o a granel, paletes e embalagens de marca personalizadas para parceiros OEM. Uma log\u00edstica fi\u00e1vel garante uma entrega atempada em todo o mundo.<\/p>\n<h2 style=\"font-size: 20px; margin-top: 20px;\">Garantia de qualidade<\/h2>\n<p>Cada suporte \u00e9 submetido a testes rigorosos, desde a mat\u00e9ria-prima at\u00e9 ao acabamento da superf\u00edcie. O a\u00e7o pr\u00e9-galvanizado duradouro assegura a resist\u00eancia \u00e0 flex\u00e3o, \u00e0 flacidez e \u00e0 corros\u00e3o.<\/p>\n<p>Selecionar o nosso <strong style=\"color: #ff4500;\">Suportes da viga de equil\u00edbrio do tri\u00e2ngulo da porta de garagem<\/strong>\u00a0para o seu pr\u00f3ximo projeto e desfrute de personaliza\u00e7\u00e3o OEM, fabrico a n\u00edvel global e fornecimento fi\u00e1vel. Constru\u00eddos em a\u00e7o pr\u00e9-galvanizado de 1,5 mm, estes suportes superam os suportes padr\u00e3o de tri\u00e2ngulos e vigas de equil\u00edbrio em termos de resist\u00eancia e capacidade de peso.<\/p>\n<\/section>","protected":false},"excerpt":{"rendered":"<p>Explore os suportes de viga de equil\u00edbrio triangular para portas de garagem de servi\u00e7o pesado constru\u00eddos em a\u00e7o pr\u00e9-galvanizado de 1,5 mm. As solu\u00e7\u00f5es de hardware OEM e personaliz\u00e1veis garantem for\u00e7a, resist\u00eancia \u00e0 corros\u00e3o e fiabilidade para sistemas de portas de garagem residenciais e industriais em todo o mundo.<\/p>","protected":false},"featured_media":6396,"comment_status":"open","ping_status":"closed","template":"","meta":{"_acf_changed":false},"product_brand":[],"product_cat":[39],"product_tag":[],"class_list":{"0":"post-6395","1":"product","2":"type-product","3":"status-publish","4":"has-post-thumbnail","6":"product_cat-tracks","8":"first","9":"instock","10":"shipping-taxable","11":"product-type-simple"},"acf":[],"_links":{"self":[{"href":"https:\/\/www.baoteng.cc\/pt\/wp-json\/wp\/v2\/product\/6395","targetHints":{"allow":["GET"]}}],"collection":[{"href":"https:\/\/www.baoteng.cc\/pt\/wp-json\/wp\/v2\/product"}],"about":[{"href":"https:\/\/www.baoteng.cc\/pt\/wp-json\/wp\/v2\/types\/product"}],"replies":[{"embeddable":true,"href":"https:\/\/www.baoteng.cc\/pt\/wp-json\/wp\/v2\/comments?post=6395"}],"wp:featuredmedia":[{"embeddable":true,"href":"https:\/\/www.baoteng.cc\/pt\/wp-json\/wp\/v2\/media\/6396"}],"wp:attachment":[{"href":"https:\/\/www.baoteng.cc\/pt\/wp-json\/wp\/v2\/media?parent=6395"}],"wp:term":[{"taxonomy":"product_brand","embeddable":true,"href":"https:\/\/www.baoteng.cc\/pt\/wp-json\/wp\/v2\/product_brand?post=6395"},{"taxonomy":"product_cat","embeddable":true,"href":"https:\/\/www.baoteng.cc\/pt\/wp-json\/wp\/v2\/product_cat?post=6395"},{"taxonomy":"product_tag","embeddable":true,"href":"https:\/\/www.baoteng.cc\/pt\/wp-json\/wp\/v2\/product_tag?post=6395"}],"curies":[{"name":"wp","href":"https:\/\/api.w.org\/{rel}","templated":true}]}}