{"id":6881,"date":"2025-09-28T03:10:08","date_gmt":"2025-09-28T03:10:08","guid":{"rendered":"https:\/\/baoteng.cc\/?post_type=product&#038;p=6881"},"modified":"2025-09-28T03:26:49","modified_gmt":"2025-09-28T03:26:49","slug":"polia-de-4-polegadas-para-portas-de-garagem-roldanas-para-trabalhos-pesados","status":"publish","type":"product","link":"https:\/\/www.baoteng.cc\/pt\/produto\/polia-de-4-polegadas-para-portas-de-garagem-roldanas-para-trabalhos-pesados\/","title":{"rendered":"Polia da porta da garagem Polia da roldana de 4 polegadas para servi\u00e7o pesado Galvanizado 4 \u2033 Pe\u00e7as da porta da garagem OEM personaliz\u00e1veis"},"content":{"rendered":"<section style=\"width: 100%; font-family: Arial, sans-serif; line-height: 1.6; color: #333;\">\n<header>\n<h1 style=\"font-size: 24px; font-weight: bold; text-align: center;\">Polia de porta de garagem Polia de roldana de 4 \u2033 \u2611 Galvanizado para servi\u00e7o pesado<\/h1>\n<\/header>\n<p>N\u00e3o se pode esquecer o <strong>polia de porta de garagem<\/strong>, A polia de roldana de 4 polegadas \u00e9 utilizada para conter e guiar o cabo ao levantar e baixar o port\u00e3o, al\u00e9m de reduzir a fric\u00e7\u00e3o nos cabos, criando uma vida \u00fatil mais longa. A polia de roldana de 4 polegadas \u00e9 usada para conter e guiar o cabo ao levantar e abaixar a porta, ela tamb\u00e9m reduz a quantidade de atrito em seus cabos, criando uma vida \u00fatil longa. Escolha a combina\u00e7\u00e3o perfeita de durabilidade e precis\u00e3o com nossa polia de porta de garagem galvanizada de 4 \u2033, ideal para portas de garagem residenciais e comerciais leves. Tem uma espessura de 1,8 mm e um acabamento galvanizado para proporcionar resist\u00eancia \u00e0 corros\u00e3o e desempenho fi\u00e1vel em condi\u00e7\u00f5es dif\u00edceis.<\/p>\n<h2 style=\"font-size: 20px; margin-top: 20px;\">Polia de 4\u2033: Principais carater\u00edsticas<\/h2>\n<ul>\n<li>\u2699\ufe0f Di\u00e2metro: polia de 4 polegadas, adequada para sistemas de cabos de portas de garagem padr\u00e3o.<\/li>\n<li>\u2696\ufe0f Espessura: 1,8 mm para resist\u00eancia e estabilidade sem peso adicional.<\/li>\n<li>\ud83d\udee1\ufe0f Superf\u00edcie: O acabamento galvanizado protege contra a ferrugem e a corros\u00e3o.<\/li>\n<li>\ud83d\udeaa Fun\u00e7\u00e3o: Assegura um funcionamento mais suave da porta com um desgaste reduzido do cabo.<\/li>\n<li>Aplica\u00e7\u00e3o: Adequado para portas de garagem seccionais, portas de persianas e portas com equil\u00edbrio de mola.<\/li>\n<li>\ud83d\udd29 Op\u00e7\u00f5es personalizadas: Projetos OEM e personaliz\u00e1veis para tamanhos de cabos, pesos de porta e estilos de montagem.<\/li>\n<\/ul>\n<h2 style=\"font-size: 20px; margin-top: 20px;\">Porqu\u00ea escolher a polia para porta de garagem Oktopomega?<\/h2>\n<p>Com mais de 16 anos de experi\u00eancia no sector, somos um fabricante profissional especializado em <strong>rolos, dobradi\u00e7as, suportes, sistemas de fecho e acess\u00f3rios para portas de garagem<\/strong>. A nossa s\u00e9rie de polias para portas de garagem \u00e9 fabricada com equipamento avan\u00e7ado, apoio de I&amp;D e testes rigorosos. Fornecemos stock pronto a enviar, bem como produ\u00e7\u00e3o r\u00e1pida para distribuidores, instaladores e integradores de sistemas em todo o mundo. Isto assegura que cada cliente recebe o produto certo para o seu sistema de porta de garagem.<\/p>\n<h2 style=\"font-size: 20px; margin-top: 20px;\">\ud83c\udf0d 4\u2033 Polia de roldana Usos<\/h2>\n<p>Esta polia de porta de garagem de 4 \u2033 \u00e9 vers\u00e1til, adequada para portas a\u00e9reas residenciais, portas seccionais comerciais leves e configura\u00e7\u00f5es industriais personalizadas. Funciona com sistemas de mola de tor\u00e7\u00e3o e mola de extens\u00e3o, fornecendo orienta\u00e7\u00e3o de cabo confi\u00e1vel e distribui\u00e7\u00e3o de carga equilibrada. Quer se trate de uma nova instala\u00e7\u00e3o ou de uma substitui\u00e7\u00e3o OEM, esta polia foi concebida para durar.<\/p>\n<h2 style=\"font-size: 20px; margin-top: 20px;\">\ud83d\udccf Especifica\u00e7\u00f5es t\u00e9cnicas<\/h2>\n<table style=\"width: 100%; border-collapse: collapse; font-size: 16px; margin: 15px 0;\">\n<tbody>\n<tr style=\"background: #f5f5f5;\">\n<td style=\"border: 1px solid #ccc; padding: 8px;\">Nome do produto<\/td>\n<td style=\"border: 1px solid #ccc; padding: 8px;\">Polia de porta de garagem Polia de roldana de 4<\/td>\n<\/tr>\n<tr>\n<td style=\"border: 1px solid #ccc; padding: 8px;\">Groove<\/td>\n<td style=\"border: 1px solid #ccc; padding: 8px;\">1,8 mm<\/td>\n<\/tr>\n<tr style=\"background: #f5f5f5;\">\n<td style=\"border: 1px solid #ccc; padding: 8px;\">Acabamento<\/td>\n<td style=\"border: 1px solid #ccc; padding: 8px;\">Galvanizado com prote\u00e7\u00e3o anti-ferrugem<\/td>\n<\/tr>\n<tr>\n<td style=\"border: 1px solid #ccc; padding: 8px;\">Material<\/td>\n<td style=\"border: 1px solid #ccc; padding: 8px;\">A\u00e7o para servi\u00e7o pesado<\/td>\n<\/tr>\n<tr style=\"background: #f5f5f5;\">\n<td style=\"border: 1px solid #ccc; padding: 8px;\">Aplica\u00e7\u00e3o<\/td>\n<td style=\"border: 1px solid #ccc; padding: 8px;\">Portas de garagem residenciais e comerciais<\/td>\n<\/tr>\n<tr>\n<td style=\"border: 1px solid #ccc; padding: 8px;\">Personaliza\u00e7\u00e3o<\/td>\n<td style=\"border: 1px solid #ccc; padding: 8px;\">Tamanhos, acabamentos e embalagens personalizados OEM\/ODM<\/td>\n<\/tr>\n<\/tbody>\n<\/table>\n<h2 style=\"font-size: 20px; margin-top: 20px;\">Normas de qualidade e conformidade<\/h2>\n<p>Todos os nossos <strong>polia de porta de garagem<\/strong> s\u00e3o fabricados sob um rigoroso controlo de qualidade. Cumprimos as diretrizes da ind\u00fastria definidas pela <a style=\"color: #2980b9;\" href=\"https:\/\/www.doors.org\" target=\"_blank\" rel=\"noopener\">Associa\u00e7\u00e3o Internacional de Portas (IDA)<\/a>, garantindo uma instala\u00e7\u00e3o segura, durabilidade e desempenho fi\u00e1vel.<\/p>\n<h2 style=\"font-size: 20px; margin-top: 20px;\">Servi\u00e7o OEM e personaliz\u00e1vel<\/h2>\n<p>Compreendemos que os sistemas de port\u00f5es de garagem variam consoante os mercados. \u00c9 por isso que oferecemos <strong>OEM e personaliz\u00e1vel<\/strong> incluindo diferentes di\u00e2metros de polias, capacidades de carga, acabamentos e embalagens. Quer seja uma marca de marca pr\u00f3pria, um distribuidor ou uma empresa de instala\u00e7\u00e3o, a nossa equipa de engenharia e produ\u00e7\u00e3o pode fornecer solu\u00e7\u00f5es personalizadas para satisfazer as suas necessidades.<\/p>\n<h2 style=\"font-size: 20px; margin-top: 20px;\">Exposi\u00e7\u00e3o ao mercado global e \u00e0 exporta\u00e7\u00e3o<\/h2>\n<p>Com mais de 16 anos de experi\u00eancia em exporta\u00e7\u00e3o, constru\u00edmos parcerias fortes na Am\u00e9rica do Norte, Europa, \u00c1sia e M\u00e9dio Oriente. Os nossos produtos s\u00e3o de confian\u00e7a em mais de 50 pa\u00edses, tornando as nossas ferragens para portas de garagem a escolha preferida em todo o mundo.<\/p>\n<h2 style=\"font-size: 20px; margin-top: 20px;\">\ud83d\udca1 Pe\u00e7as de porta de garagem relacionadas<\/h2>\n<ul>\n<li>\ud83d\udd27 <a style=\"color: #2980b9;\" href=\"https:\/\/www.baoteng.cc\/pt\/parenteses\/\" target=\"_blank\" rel=\"noopener\">Suportes para portas de garagem<\/a> para uma instala\u00e7\u00e3o segura do cabo e da roldana.<\/li>\n<li>\ud83d\udd12 <a style=\"color: #2980b9;\" href=\"https:\/\/www.baoteng.cc\/pt\/puxadores-fechaduras\/\" target=\"_blank\" rel=\"noopener\">Puxadores e fechaduras de portas de garagem<\/a> para seguran\u00e7a e comodidade.<\/li>\n<li>\u2699\ufe0f Est\u00e3o dispon\u00edveis outros componentes, tais como rolos, dobradi\u00e7as e veios, para uma integra\u00e7\u00e3o total do sistema.<\/li>\n<\/ul>\n<h2 style=\"font-size: 20px; margin-top: 20px;\">\u2705 Conclus\u00e3o<\/h2>\n<p>O 4\u2033 <strong>polia de porta de garagem<\/strong> \u00e9 uma escolha segura, duradoura e de baixa manuten\u00e7\u00e3o para sistemas modernos de portas de garagem. Com engenharia de precis\u00e3o, acabamento galvanizado e op\u00e7\u00f5es personaliz\u00e1veis OEM, tem a confian\u00e7a de casas e empresas em todo o mundo. Com mais de 16 anos no fabrico e exporta\u00e7\u00e3o de portas de garagem, somos o seu parceiro fi\u00e1vel para solu\u00e7\u00f5es de hardware de qualidade.<\/p>\n<\/section>","protected":false},"excerpt":{"rendered":"<p>Descubra a nossa polia de porta de garagem galvanizada de 4 polegadas para um funcionamento suave do cabo e um desempenho duradouro. Op\u00e7\u00f5es OEM e personaliz\u00e1veis dispon\u00edveis com mais de 16 anos de experi\u00eancia no fabrico de pe\u00e7as para portas de garagem.<\/p>","protected":false},"featured_media":6882,"comment_status":"open","ping_status":"closed","template":"","meta":{"_acf_changed":false},"product_brand":[],"product_cat":[58],"product_tag":[],"class_list":{"0":"post-6881","1":"product","2":"type-product","3":"status-publish","4":"has-post-thumbnail","6":"product_cat-accessories","8":"first","9":"instock","10":"shipping-taxable","11":"product-type-grouped"},"acf":[],"_links":{"self":[{"href":"https:\/\/www.baoteng.cc\/pt\/wp-json\/wp\/v2\/product\/6881","targetHints":{"allow":["GET"]}}],"collection":[{"href":"https:\/\/www.baoteng.cc\/pt\/wp-json\/wp\/v2\/product"}],"about":[{"href":"https:\/\/www.baoteng.cc\/pt\/wp-json\/wp\/v2\/types\/product"}],"replies":[{"embeddable":true,"href":"https:\/\/www.baoteng.cc\/pt\/wp-json\/wp\/v2\/comments?post=6881"}],"wp:featuredmedia":[{"embeddable":true,"href":"https:\/\/www.baoteng.cc\/pt\/wp-json\/wp\/v2\/media\/6882"}],"wp:attachment":[{"href":"https:\/\/www.baoteng.cc\/pt\/wp-json\/wp\/v2\/media?parent=6881"}],"wp:term":[{"taxonomy":"product_brand","embeddable":true,"href":"https:\/\/www.baoteng.cc\/pt\/wp-json\/wp\/v2\/product_brand?post=6881"},{"taxonomy":"product_cat","embeddable":true,"href":"https:\/\/www.baoteng.cc\/pt\/wp-json\/wp\/v2\/product_cat?post=6881"},{"taxonomy":"product_tag","embeddable":true,"href":"https:\/\/www.baoteng.cc\/pt\/wp-json\/wp\/v2\/product_tag?post=6881"}],"curies":[{"name":"wp","href":"https:\/\/api.w.org\/{rel}","templated":true}]}}