{"id":6883,"date":"2025-09-28T03:24:04","date_gmt":"2025-09-28T03:24:04","guid":{"rendered":"https:\/\/baoteng.cc\/?post_type=product&#038;p=6883"},"modified":"2025-09-28T03:48:51","modified_gmt":"2025-09-28T03:48:51","slug":"polias-para-portas-suspensas-roda-de-polia-para-portas-de-garagem","status":"publish","type":"product","link":"https:\/\/www.baoteng.cc\/pt\/produto\/polias-para-portas-suspensas-roda-de-polia-para-portas-de-garagem\/","title":{"rendered":"Polias de porta suspensa Roda de polia de 3 polegadas Guia de cabo de seguran\u00e7a para molas de extens\u00e3o Pe\u00e7as de porta de garagem personaliz\u00e1veis OEM"},"content":{"rendered":"<section style=\"width: 100%; font-family: Arial, sans-serif; line-height: 1.6; color: #333;\">\n<header>\n<h1 style=\"font-size: 24px; font-weight: bold; text-align: center;\">Roda de polia de porta de garagem 3 \u2033 e guia de cabo de seguran\u00e7a para molas de extens\u00e3o<\/h1>\n<\/header>\n<p style=\"font-size: 16px;\">O <b>polias para portas suspensas<\/b> s\u00e3o uma parte importante do sistema de portas de garagem, que ajudam a manter tudo a funcionar sem problemas e em condi\u00e7\u00f5es de funcionamento seguras durante anos. Os nossos <b>Roda de polia do sistema de cabo de seguran\u00e7a de 3\u2033.<\/b> foi concebida especificamente para sistemas de molas de extens\u00e3o e montada a partir de materiais resistentes e padr\u00f5es precisos para um servi\u00e7o cont\u00ednuo. Esta polia \u00e9 fresada a partir de uma placa s\u00f3lida de 1\u2033 com uma espessura de 1,5 mm e acabamento galvanizado para limitar a corros\u00e3o e prolongar a utiliza\u00e7\u00e3o prolongada, mesmo em ambientes residenciais ou comerciais adversos.<\/p>\n<h2 style=\"font-size: 20px; margin-top: 20px;\">Principais carater\u00edsticas da polia de porta suspensa de 3 \u2033<\/h2>\n<ul style=\"font-size: 16px; margin-left: 20px;\">\n<li>\u2699\ufe0f <b>Material resistente<\/b>: Fabricado em a\u00e7o de alta qualidade, com 1,5 mm de espessura para uma maior capacidade de carga.<\/li>\n<li>\ud83d\udee1\ufe0f <b>Revestimento galvanizado<\/b> - Oferece uma excelente resist\u00eancia \u00e0 ferrugem para um valor duradouro.<\/li>\n<li>\ud83d\udd12 <b>Guia do cabo de seguran\u00e7a<\/b> - Evita acidentes, impedindo que os cabos se soltem e fiquem desalinhados com as molas de extens\u00e3o.<\/li>\n<li>\ud83d\udeaa <b>Compat\u00edvel com a maioria das portas de garagem<\/b> - Funciona com a maioria das marcas de portas de garagem residenciais e comerciais.<\/li>\n<li>\ud83d\udccf <b>3\u2033 Tamanho padr\u00e3o da ind\u00fastria<\/b> - Pode ser instalado com uma simples substitui\u00e7\u00e3o.<\/li>\n<\/ul>\n<h2 style=\"font-size: 20px; margin-top: 20px;\">Ferragens para portas de garagem OEM e personaliz\u00e1veis<\/h2>\n<p style=\"font-size: 16px;\">Se isto lhe est\u00e1 a soar bem, ent\u00e3o \u00e9 um instalador de portas de garagem #. Com mais de 16 anos de experi\u00eancia de f\u00e1brica no fabrico de ferragens para portas de garagem, <b>NINGBO BAOTENG TECHNOLOGY CO., LTD<\/b> fornece <b>OEM<\/b> e <b>servi\u00e7o personalizado de marca pr\u00f3pria<\/b>. <a href=\"https:\/\/www.baoteng.cc\/pt\/rolos\/\" target=\"_blank\" rel=\"noopener\">Rolos de portas de garagem<\/a>, dobradi\u00e7as e suportes ou polias de \u00faltima gera\u00e7\u00e3o e <a href=\"https:\/\/www.baoteng.cc\/pt\/tambores-para-cabos\/\" target=\"_blank\" rel=\"noopener\">tambores para cabos<\/a>: A Maverick Hardware concebe e fabrica hardware que pode ser personalizado para a aplica\u00e7\u00e3o de um cliente. Quer necessite de tamanhos n\u00e3o normalizados, de um grande volume de pe\u00e7as e de uma entrega r\u00e1pida, ou de materiais personalizados, a nossa equipa de engenheiros pode oferecer desenhos em conformidade com as normas ITAR, bem como uma disponibilidade a longo prazo.<\/p>\n<h2 style=\"font-size: 20px; margin-top: 20px;\">Benef\u00edcios da utiliza\u00e7\u00e3o das nossas polias para portas suspensas<\/h2>\n<ul style=\"font-size: 16px; margin-left: 20px;\">\n<li>\ud83c\udf0e Exportado para mais de 50 pa\u00edses em todo o mundo, reconhecido por distribuidores internacionais.<\/li>\n<li>O equipamento de produ\u00e7\u00e3o avan\u00e7ado de alta resist\u00eancia e a m\u00e1quina de enrolar fornecem a topologia de cablagem mais consistente, garantindo a transmiss\u00e3o.<\/li>\n<li>MOQ flex\u00edvel, bem como op\u00e7\u00f5es de compra a granel para projectos residenciais e comerciais.<\/li>\n<li>\ud83d\ude9b A entrega \u00e9 r\u00e1pida e temos suporte log\u00edstico global.<\/li>\n<\/ul>\n<h2 style=\"font-size: 20px; margin-top: 20px;\">\ud83d\udcd8 Conformidade com as normas do sector<\/h2>\n<p style=\"font-size: 16px;\">As nossas roldanas para portas suspensas cumprem ou excedem as normas de seguran\u00e7a e desempenho dos EUA e da Europa Ocidental. Cumprimos <a href=\"https:\/\/www.osha.gov\/machine-guarding\" target=\"_blank\" rel=\"noopener\"><b>Normas de prote\u00e7\u00e3o de m\u00e1quinas da OSHA<\/b><\/a> para a conce\u00e7\u00e3o, instala\u00e7\u00e3o e funcionamento seguros de todos os sistemas de port\u00f5es de garagem.<\/p>\n<h2 style=\"font-size: 20px; margin-top: 20px;\">\ud83d\udca1 Aplica\u00e7\u00f5es<\/h2>\n<p style=\"font-size: 16px;\">O <b>Polias de 3\u2033 para portas suspensas<\/b>\u00a0\u00e9 normalmente utilizado em garagens residenciais, portas industriais, armaz\u00e9ns e aplica\u00e7\u00f5es comerciais. Com um sistema de suporte de carga robusto e um sistema de guia est\u00e1vel, esta \u00e9 a solu\u00e7\u00e3o ideal para melhorar o desempenho da porta, bem como para aumentar a vida \u00fatil das molas de extens\u00e3o.<\/p>\n<h2 style=\"font-size: 20px; margin-top: 20px;\">Porqu\u00ea escolher a BAOTENG?<\/h2>\n<ul style=\"font-size: 16px; margin-left: 20px;\">\n<li>Mais de 16 anos de experi\u00eancia em I&amp;D e fabrico de ferragens para portas de garagem.<\/li>\n<li>Dispon\u00edvel para OEM\/ODM para atender ao marketing especial.<\/li>\n<li>Gama completa de produtos, incluindo rolos, dobradi\u00e7as, suportes, calhas, tambores de cabos e fechaduras.<\/li>\n<li>Uma forte equipa de engenharia para apoiar a inova\u00e7\u00e3o de novos produtos e quest\u00f5es t\u00e9cnicas.<\/li>\n<\/ul>\n<p style=\"font-size: 16px;\">O <b>polias para portas suspensas<\/b>\u00a0s\u00e3o muito importantes em termos de seguran\u00e7a e de bom funcionamento. Este produto possui um <b>Roda de polia de 3 polegadas<\/b>, <b>guia do cabo de seguran\u00e7a<\/b>, acabamento galvanizado e a capacidade de ser personalizado OEM. Cooperar connosco significa que n\u00e3o s\u00f3 tem fabricantes de hardware de portas de garagem de primeira qualidade, mas tamb\u00e9m o apoio de marketing de todo o mundo.<\/p>\n<\/section>","protected":false},"excerpt":{"rendered":"<p>Descubra polias de porta suspensa de alta qualidade com roda de polia de 3 \u2033 e guia de cabo de seguran\u00e7a para molas de extens\u00e3o. Acabamento galvanizado dur\u00e1vel, espessura de 1,5 mm, OEM e solu\u00e7\u00f5es de hardware de porta de garagem personaliz\u00e1veis de um fabricante experiente.<\/p>","protected":false},"featured_media":6884,"comment_status":"open","ping_status":"closed","template":"","meta":{"_acf_changed":false},"product_brand":[],"product_cat":[58],"product_tag":[],"class_list":{"0":"post-6883","1":"product","2":"type-product","3":"status-publish","4":"has-post-thumbnail","6":"product_cat-accessories","8":"first","9":"instock","10":"shipping-taxable","11":"product-type-grouped"},"acf":[],"_links":{"self":[{"href":"https:\/\/www.baoteng.cc\/pt\/wp-json\/wp\/v2\/product\/6883","targetHints":{"allow":["GET"]}}],"collection":[{"href":"https:\/\/www.baoteng.cc\/pt\/wp-json\/wp\/v2\/product"}],"about":[{"href":"https:\/\/www.baoteng.cc\/pt\/wp-json\/wp\/v2\/types\/product"}],"replies":[{"embeddable":true,"href":"https:\/\/www.baoteng.cc\/pt\/wp-json\/wp\/v2\/comments?post=6883"}],"wp:featuredmedia":[{"embeddable":true,"href":"https:\/\/www.baoteng.cc\/pt\/wp-json\/wp\/v2\/media\/6884"}],"wp:attachment":[{"href":"https:\/\/www.baoteng.cc\/pt\/wp-json\/wp\/v2\/media?parent=6883"}],"wp:term":[{"taxonomy":"product_brand","embeddable":true,"href":"https:\/\/www.baoteng.cc\/pt\/wp-json\/wp\/v2\/product_brand?post=6883"},{"taxonomy":"product_cat","embeddable":true,"href":"https:\/\/www.baoteng.cc\/pt\/wp-json\/wp\/v2\/product_cat?post=6883"},{"taxonomy":"product_tag","embeddable":true,"href":"https:\/\/www.baoteng.cc\/pt\/wp-json\/wp\/v2\/product_tag?post=6883"}],"curies":[{"name":"wp","href":"https:\/\/api.w.org\/{rel}","templated":true}]}}