{"id":6890,"date":"2025-09-29T01:28:27","date_gmt":"2025-09-29T01:28:27","guid":{"rendered":"https:\/\/baoteng.cc\/?post_type=product&#038;p=6890"},"modified":"2025-09-29T01:37:41","modified_gmt":"2025-09-29T01:37:41","slug":"rolamento-de-mola-de-torcao-de-porta-de-garagem","status":"publish","type":"product","link":"https:\/\/www.baoteng.cc\/pt\/produto\/rolamento-de-mola-de-torcao-de-porta-de-garagem\/","title":{"rendered":"Rolamento de mola de tor\u00e7\u00e3o de porta de garagem 1 \u2033 ID 2 \u2033 OD rolamento central de a\u00e7o OEM personaliz\u00e1vel em a\u00e7o carbono"},"content":{"rendered":"<section style=\"width: 100%; font-family: Arial, sans-serif; line-height: 1.6; color: #333;\">\n<header>\n<h1 style=\"font-size: 24px; font-weight: bold; text-align: center;\">Rolamento central - 1 \u2033 ID x 2 \u2033 OD Rolamento de mola de tor\u00e7\u00e3o de porta de garagem de a\u00e7o carbono \u2699\ufe0f<\/h1>\n<\/header>\n<p>O <strong>rolamento de mola de tor\u00e7\u00e3o de porta de garagem<\/strong> \u00e9 uma das pe\u00e7as mais importantes na equa\u00e7\u00e3o que faz com que as portas seccionais e de estilo suspenso funcionem eficientemente. O nosso modelo possui um di\u00e2metro interior (ID) dur\u00e1vel de 1\u201d e um di\u00e2metro exterior (OD) de 2\u201d, com uma constru\u00e7\u00e3o em a\u00e7o-carbono de alta resist\u00eancia. \u00c9 a escolha perfeita para a utiliza\u00e7\u00e3o de portas de garagem comerciais residenciais ou industriais. Com d\u00e9cadas de experi\u00eancia, Ningbo Baoteng \u00e9 um fornecedor profissional de rolamentos e pe\u00e7as de m\u00e1quinas, oferecendo OEM e solu\u00e7\u00f5es personalizadas em todo o mundo.<\/p>\n<h2 style=\"font-size: 20px; margin-top: 20px;\">Porqu\u00ea optar por um rolamento de mola de tor\u00e7\u00e3o de porta de garagem em a\u00e7o carbono?<\/h2>\n<p>Constru\u00eddo em a\u00e7o-carbono para maior for\u00e7a, elevada durabilidade e resist\u00eancia ao desgaste, o rolamento da mola de tor\u00e7\u00e3o minimiza a fric\u00e7\u00e3o entre o eixo de tor\u00e7\u00e3o e a placa de montagem estacion\u00e1ria para uma rota\u00e7\u00e3o mais est\u00e1vel durante o funcionamento. Isto reduz a tens\u00e3o nas molas de tor\u00e7\u00e3o e nos cabos, prolongando a vida \u00fatil de todo o sistema de port\u00f5es de garagem. Al\u00e9m disso, ajuda a reduzir o ru\u00eddo de funcionamento, acrescenta suporte de eleva\u00e7\u00e3o e assegura um funcionamento suave.<\/p>\n<h2 style=\"font-size: 20px; margin-top: 20px;\">Carater\u00edsticas principais<\/h2>\n<ul>\n<li>Material: A\u00e7o-carbono de alta resist\u00eancia com tratamento anti-ferrugem.<\/li>\n<li>ID: Adapta-se a barras de tor\u00e7\u00e3o padr\u00e3o de 1\u2033.<\/li>\n<li>OD: 2\u2033, compat\u00edvel com placas de rolamento central.<\/li>\n<li>Design: Rolamento de a\u00e7o de precis\u00e3o para uma rota\u00e7\u00e3o suave e fric\u00e7\u00e3o reduzida.<\/li>\n<li>Aplica\u00e7\u00e3o: Portas seccionais de garagem seccionadas para uso residencial e comercial ligeiro.<\/li>\n<li>Durabilidade: Concebida para uma resist\u00eancia ao esfor\u00e7o de tor\u00e7\u00e3o a longo prazo.<\/li>\n<li>OEM e personaliz\u00e1vel: Marca, embalagem e dimens\u00f5es dispon\u00edveis mediante pedido.<\/li>\n<\/ul>\n<h2 style=\"font-size: 20px; margin-top: 20px;\">\ud83c\udfd7 Aplica\u00e7\u00f5es em sistemas de portas de garagem<\/h2>\n<p>Este rolamento central \u00e9 utilizado no meio dos sistemas de molas de tor\u00e7\u00e3o, permitindo que o eixo rode livremente enquanto a placa permanece estacion\u00e1ria. Os rolamentos de mola de tor\u00e7\u00e3o que funcionam corretamente s\u00e3o essenciais para equilibrar portas de garagem pesadas, evitando o desalinhamento do eixo e reduzindo o stress mec\u00e2nico. S\u00e3o amplamente utilizados em portas de garagem residenciais para um e dois carros, portas seccionais comerciais e portas industriais de enrolar.<\/p>\n<h2 style=\"font-size: 20px; margin-top: 20px;\">\u2692\ufe0f Vantagens de OEM e personaliza\u00e7\u00e3o<\/h2>\n<p>Na Baoteng, fornecemos pe\u00e7as OEM e personalizadas para portas de garagem adaptadas \u00e0s necessidades dos clientes. Os clientes podem solicitar rolamentos com tamanhos ID\/OD espec\u00edficos, acabamentos de superf\u00edcie personalizados, log\u00f3tipos gravados ou embalagens. Com equipamento de produ\u00e7\u00e3o avan\u00e7ado e engenheiros experientes, oferecemos solu\u00e7\u00f5es flex\u00edveis para distribuidores, grossistas e instaladores em todo o mundo.<\/p>\n<h2 style=\"font-size: 20px; margin-top: 20px;\">Conformidade com as normas do sector<\/h2>\n<p>O nosso <strong>rolamento de mola de tor\u00e7\u00e3o de porta de garagem<\/strong> \u00e9 fabricado sob um rigoroso controlo de qualidade e alinhado com <a style=\"color: #0073e6; text-decoration: none;\" href=\"https:\/\/www.astm.org\" target=\"_blank\" rel=\"noopener\">Normas internacionais ASTM<\/a>. Cada rolamento \u00e9 testado quanto \u00e0 precis\u00e3o dimensional, ao acabamento da superf\u00edcie e ao desempenho da carga, garantindo durabilidade, seguran\u00e7a e compatibilidade com os sistemas de portas de garagem dos EUA e de todo o mundo.<\/p>\n<h2 style=\"font-size: 20px; margin-top: 20px;\">Dicas de instala\u00e7\u00e3o e manuten\u00e7\u00e3o<\/h2>\n<p>Devido \u00e0 elevada tens\u00e3o das molas de tor\u00e7\u00e3o, recomenda-se a instala\u00e7\u00e3o por um profissional. Os rolamentos devem ser substitu\u00eddos aquando da manuten\u00e7\u00e3o das molas de tor\u00e7\u00e3o para evitar um desgaste prematuro. A aplica\u00e7\u00e3o de lubrificante para port\u00f5es de garagem reduz o atrito, prolonga a vida \u00fatil e diminui o ru\u00eddo. As inspec\u00e7\u00f5es regulares do eixo e do sistema de molas garantem um funcionamento fi\u00e1vel.<\/p>\n<h2 style=\"font-size: 20px; margin-top: 20px;\">\ud83d\udcca Especifica\u00e7\u00f5es do produto<\/h2>\n<table style=\"width: 100%; border-collapse: collapse; margin: 15px 0; font-size: 15px; text-align: left;\">\n<tbody>\n<tr style=\"background: #f5f5f5;\">\n<th style=\"border: 1px solid #ccc; padding: 8px;\">Especifica\u00e7\u00e3o<\/th>\n<th style=\"border: 1px solid #ccc; padding: 8px;\">Detalhes<\/th>\n<\/tr>\n<tr>\n<td style=\"border: 1px solid #ccc; padding: 8px;\">Nome do produto<\/td>\n<td style=\"border: 1px solid #ccc; padding: 8px;\">Rolamento da mola de tor\u00e7\u00e3o da porta da garagem<\/td>\n<\/tr>\n<tr>\n<td style=\"border: 1px solid #ccc; padding: 8px;\">Material<\/td>\n<td style=\"border: 1px solid #ccc; padding: 8px;\">A\u00e7o carbono<\/td>\n<\/tr>\n<tr>\n<td style=\"border: 1px solid #ccc; padding: 8px;\">Di\u00e2metro interior (ID)<\/td>\n<td style=\"border: 1px solid #ccc; padding: 8px;\">1&#8243;<\/td>\n<\/tr>\n<tr>\n<td style=\"border: 1px solid #ccc; padding: 8px;\">Di\u00e2metro exterior (DE)<\/td>\n<td style=\"border: 1px solid #ccc; padding: 8px;\">2&#8243;<\/td>\n<\/tr>\n<tr>\n<td style=\"border: 1px solid #ccc; padding: 8px;\">Utiliza\u00e7\u00e3o<\/td>\n<td style=\"border: 1px solid #ccc; padding: 8px;\">Rolamento central da porta da garagem<\/td>\n<\/tr>\n<tr>\n<td style=\"border: 1px solid #ccc; padding: 8px;\">OEM\/personalizado<\/td>\n<td style=\"border: 1px solid #ccc; padding: 8px;\">Dispon\u00edvel<\/td>\n<\/tr>\n<\/tbody>\n<\/table>\n<h2 style=\"font-size: 20px; margin-top: 20px;\">Porqu\u00ea trabalhar com a Baoteng?<\/h2>\n<p>Desde 2008, a Ningbo Baoteng Technology Co., Ltd. \u00e9 um fabricante l\u00edder mundial de ferragens para portas de garagem, tais como <a style=\"color: #0073e6; text-decoration: none;\" href=\"https:\/\/www.baoteng.cc\/pt\/rolos\/\" target=\"_blank\" rel=\"noopener\">rolos<\/a>, <a style=\"color: #0073e6; text-decoration: none;\" href=\"https:\/\/www.baoteng.cc\/pt\/dobradicas\/\" target=\"_blank\" rel=\"noopener\">dobradi\u00e7as<\/a>, A Baoteng fornece produtos fi\u00e1veis, como suportes, calhas, para-choques, tambores de cabos, eixos e sistemas de bloqueio. Com mais de 300 funcion\u00e1rios, incluindo engenheiros seniores, sistemas de teste avan\u00e7ados e um controlo de qualidade rigoroso, a Baoteng fornece produtos fi\u00e1veis a mais de 50 pa\u00edses em todo o mundo. As nossas solu\u00e7\u00f5es OEM e personalizadas fazem de n\u00f3s um parceiro de confian\u00e7a para distribuidores e grossistas globais.<\/p>\n<h2 style=\"font-size: 20px; margin-top: 20px;\">\u2705 Conclus\u00e3o<\/h2>\n<p>O rolamento de mola de tor\u00e7\u00e3o de porta de garagem de a\u00e7o carbono de 1 \"ID x 2\" OD \u00e9 um componente obrigat\u00f3rio para portas de garagem que exigem for\u00e7a, efici\u00eancia e seguran\u00e7a. Apoiado pelos mais de 16 anos de experi\u00eancia em engenharia e recursos OEM da Baoteng, \u00e9 a solu\u00e7\u00e3o ideal para distribuidores, instaladores e fabricantes que buscam componentes confi\u00e1veis para portas de garagem. \u2699\ufe0f\ud83d\udd27<\/p>\n<\/section>","protected":false},"excerpt":{"rendered":"<p>Rolamento de mola de tor\u00e7\u00e3o de porta de garagem de alta qualidade com design central de a\u00e7o carbono de 1 \u2033 ID e 2 \u2033 OD. Dur\u00e1vel, OEM e personaliz\u00e1vel, constru\u00eddo para longa vida \u00fatil e desempenho suave da porta da garagem de um fabricante confi\u00e1vel.<\/p>","protected":false},"featured_media":6891,"comment_status":"open","ping_status":"closed","template":"","meta":{"_acf_changed":false},"product_brand":[],"product_cat":[58],"product_tag":[],"class_list":{"0":"post-6890","1":"product","2":"type-product","3":"status-publish","4":"has-post-thumbnail","6":"product_cat-accessories","8":"first","9":"instock","10":"shipping-taxable","11":"product-type-grouped"},"acf":[],"_links":{"self":[{"href":"https:\/\/www.baoteng.cc\/pt\/wp-json\/wp\/v2\/product\/6890","targetHints":{"allow":["GET"]}}],"collection":[{"href":"https:\/\/www.baoteng.cc\/pt\/wp-json\/wp\/v2\/product"}],"about":[{"href":"https:\/\/www.baoteng.cc\/pt\/wp-json\/wp\/v2\/types\/product"}],"replies":[{"embeddable":true,"href":"https:\/\/www.baoteng.cc\/pt\/wp-json\/wp\/v2\/comments?post=6890"}],"wp:featuredmedia":[{"embeddable":true,"href":"https:\/\/www.baoteng.cc\/pt\/wp-json\/wp\/v2\/media\/6891"}],"wp:attachment":[{"href":"https:\/\/www.baoteng.cc\/pt\/wp-json\/wp\/v2\/media?parent=6890"}],"wp:term":[{"taxonomy":"product_brand","embeddable":true,"href":"https:\/\/www.baoteng.cc\/pt\/wp-json\/wp\/v2\/product_brand?post=6890"},{"taxonomy":"product_cat","embeddable":true,"href":"https:\/\/www.baoteng.cc\/pt\/wp-json\/wp\/v2\/product_cat?post=6890"},{"taxonomy":"product_tag","embeddable":true,"href":"https:\/\/www.baoteng.cc\/pt\/wp-json\/wp\/v2\/product_tag?post=6890"}],"curies":[{"name":"wp","href":"https:\/\/api.w.org\/{rel}","templated":true}]}}