{"id":6947,"date":"2025-09-30T04:13:07","date_gmt":"2025-09-30T04:13:07","guid":{"rendered":"https:\/\/baoteng.cc\/?post_type=product&#038;p=6947"},"modified":"2025-09-30T04:26:36","modified_gmt":"2025-09-30T04:26:36","slug":"parafusos-e-porcas-para-calhas-de-portas-de-garagem","status":"publish","type":"product","link":"https:\/\/www.baoteng.cc\/pt\/produto\/parafusos-e-porcas-para-calhas-de-portas-de-garagem\/","title":{"rendered":"Parafusos e porcas da faixa da porta da garagem Parafuso de pesco\u00e7o serrilhado de cabe\u00e7a chata de 1\/4 \u2033 x 5\/8 \u2033 para faixas de curva vertical OEM personaliz\u00e1vel"},"content":{"rendered":"<section style=\"width: 100%; font-family: Arial, sans-serif; line-height: 1.6; color: #333;\">\n<header>\n<h1 style=\"font-size: 24px; font-weight: bold; text-align: center;\">Parafusos de trilha de porta de garagem e porcas de bloqueio 1\/4 X 5\/8 \u2033 Parafusos de pesco\u00e7o serrilhado de cabe\u00e7a chata \ud83d\udd29<\/h1>\n<\/header>\n<p>Este 1\/4\u2033 x 5\/8\u2033 (M6 x 16mm) <strong>Conjunto de parafusos e porcas para calhas de portas de garagem<\/strong> \u00e9 um fixador especial utilizado para fixar calhas verticais e curvas, ao mesmo tempo que proporciona ajustabilidade em batentes divididos em portas seccionais de garagem. Este fixador apresenta um design de parafuso de cabe\u00e7a plana com pesco\u00e7o serrilhado que assegura uma estabilidade superior, instala\u00e7\u00e3o r\u00e1pida e longevidade. Com quase 20 anos de experi\u00eancia em OEM e personaliza\u00e7\u00e3o, este kit de parafusos e porcas ganhou reconhecimento como uma escolha confi\u00e1vel para distribuidores, empresas de constru\u00e7\u00e3o e instaladores em mais de 50 pa\u00edses, apoiados pela qualidade premium da Baoteng. \ud83d\udeaa\u2699\ufe0f<\/p>\n<h2 style=\"font-size: 20px; margin-top: 20px;\">\ud83d\udd0d Porque \u00e9 que tem de utilizar os parafusos e porcas da calha da porta da garagem?<\/h2>\n<p>Ao contr\u00e1rio dos parafusos de ferragens tradicionais, o design do pesco\u00e7o serrilhado da cabe\u00e7a plana impede a rota\u00e7\u00e3o durante a instala\u00e7\u00e3o, tornando este parafuso de baixo perfil mais c\u00f3modo e eficiente. As porcas de bloqueio fornecem prote\u00e7\u00e3o adicional contra vibra\u00e7\u00e3o para que voc\u00ea possa se sentir confiante de que funcionar\u00e1 para sistemas de portas de garagem residenciais e industriais. Dimensionado em apenas 1\/4 \u2033 x 5\/8 \u2033, ele desliza facilmente em suportes de trilhos de faixa, dobradi\u00e7as e conjuntos de estrutura para desempenho superior em qualquer aplica\u00e7\u00e3o. \ud83d\udcaa<\/p>\n<h2 style=\"font-size: 20px; margin-top: 20px;\">Carater\u00edsticas principais<\/h2>\n<ul style=\"list-style: disc; margin-left: 20px;\">\n<li>Material: A\u00e7o carbono de alta qualidade com revestimento galvanizado anti-ferrugem<\/li>\n<li>Desenho: A cabe\u00e7a plana com pesco\u00e7o serrilhado impede a rota\u00e7\u00e3o do parafuso durante o aperto<\/li>\n<li>Tipo: As porcas de bloqueio resistem \u00e0 vibra\u00e7\u00e3o e evitam que se soltem com o tempo<\/li>\n<li>Tamanho: 1\/4\u2033 x 5\/8\u2033 (M6 x 16mm) adequado para a maioria das calhas e suportes de portas de garagem<\/li>\n<li>Acabamento: Galvanizado por imers\u00e3o a quente para maior prote\u00e7\u00e3o contra a corros\u00e3o<\/li>\n<li>OEM e personaliza\u00e7\u00e3o: Log\u00f3tipo, tamanho e tratamentos de superf\u00edcie personaliz\u00e1veis<\/li>\n<\/ul>\n<h2 style=\"font-size: 20px; margin-top: 20px;\">\ud83c\udfd7 Aplica\u00e7\u00f5es em portas de garagem<\/h2>\n<p>Os parafusos e as porcas de calhas de portas de garagem standard s\u00e3o utilizados para ligar sec\u00e7\u00f5es de calhas verticais e curvas em portas seccionais. Estes parafusos fixam as calhas aos suportes, dobradi\u00e7as e pain\u00e9is, permitindo que as portas deslizem com menos fric\u00e7\u00e3o e maior estabilidade. Concebido para portas seccionais residenciais e comerciais, este conjunto garante durabilidade mesmo com abertura e fecho repetitivos di\u00e1rios. \u2692\ufe0f<\/p>\n<h2 style=\"font-size: 20px; margin-top: 20px;\">\u2692\ufe0f Vantagens de OEM e personaliza\u00e7\u00e3o<\/h2>\n<p>A Baoteng oferece uma variedade de op\u00e7\u00f5es OEM e personalizadas para ferragens para portas de garagem. As op\u00e7\u00f5es incluem v\u00e1rios tamanhos de parafusos (M6 - M12), v\u00e1rios acabamentos, tais como zincagem, galvaniza\u00e7\u00e3o e \u00f3xido preto, juntamente com marcas privadas para distribuidores. Com quase 20 anos de experi\u00eancia e equipamentos avan\u00e7ados, incluindo centros CNC e fabrica\u00e7\u00e3o de moldes internos, a Baoteng garante uma produ\u00e7\u00e3o precisa e de alta qualidade, quer voc\u00ea precise de pedidos de pequenos lotes ou de grandes quantidades. \ud83c\udf0d<\/p>\n<h2 style=\"font-size: 20px; margin-top: 20px;\">Conformidade com as normas do sector<\/h2>\n<p>Cada encomenda de parafusos e porcas para calhas de portas de garagem \u00e9 submetida a verifica\u00e7\u00f5es de planicidade, testes de tra\u00e7\u00e3o e verifica\u00e7\u00e3o do acabamento da superf\u00edcie. Estes elementos de fixa\u00e7\u00e3o est\u00e3o em conformidade com <a href=\"https:\/\/www.astm.org\/\" target=\"_blank\" rel=\"noopener\">Normas internacionais ASTM<\/a>, O design garante a compatibilidade com a maioria das portas de garagem americanas e europeias. O design garante seguran\u00e7a, durabilidade e desempenho fi\u00e1vel, tanto para uso residencial como comercial. \u2705<\/p>\n<h2 style=\"font-size: 20px; margin-top: 20px;\">Dicas de instala\u00e7\u00e3o e manuten\u00e7\u00e3o<\/h2>\n<p>A instala\u00e7\u00e3o \u00e9 simples: deslize os parafusos serrilhados de cabe\u00e7a chata do pesco\u00e7o atrav\u00e9s do orif\u00edcio pr\u00e9-perfurado do suporte da calha, certificando-se de que o pesco\u00e7o est\u00e1 totalmente encaixado, e fixe-o com a contraporca a partir de baixo. Gra\u00e7as ao design serrilhado, o parafuso n\u00e3o gira como as imita\u00e7\u00f5es mais baratas. Para a manuten\u00e7\u00e3o, inspecionar regularmente. Se aparecer ferrugem, evite utilizar lubrificantes gordurosos que possam atrair sujidade. A manuten\u00e7\u00e3o correta garante um desempenho seguro e duradouro. \ud83d\udee0\ufe0f<\/p>\n<h2 style=\"font-size: 20px; margin-top: 20px;\">\ud83d\udcca Especifica\u00e7\u00f5es do produto<\/h2>\n<table style=\"border-collapse: collapse; margin-top: 10px; width: 100%;\" border=\"1\" cellspacing=\"0\" cellpadding=\"6\">\n<tbody>\n<tr>\n<td>Nome do produto<\/td>\n<td>Parafusos e porcas de bloqueio para calhas de portas de garagem<\/td>\n<\/tr>\n<tr>\n<td>Material<\/td>\n<td>A\u00e7o carbono<\/td>\n<\/tr>\n<tr>\n<td>Acabamento<\/td>\n<td>Galvanizado<\/td>\n<\/tr>\n<tr>\n<td>Tipo de cabe\u00e7a<\/td>\n<td>Cabe\u00e7a plana com pesco\u00e7o serrilhado<\/td>\n<\/tr>\n<tr>\n<td>Tipo de porca<\/td>\n<td>Porca de bloqueio<\/td>\n<\/tr>\n<tr>\n<td>Tamanho<\/td>\n<td>1\/4\u2033 x 5\/8\u2033 (M6 x 16mm)<\/td>\n<\/tr>\n<tr>\n<td>Aplica\u00e7\u00e3o<\/td>\n<td>Calhas verticais para portas de garagem, suportes de calhas curvas, dobradi\u00e7as, pain\u00e9is<\/td>\n<\/tr>\n<tr>\n<td>OEM<\/td>\n<td>SIM (tamanho, marca, embalagem e acabamento de superf\u00edcie personalizados)<\/td>\n<\/tr>\n<\/tbody>\n<\/table>\n<h2 style=\"font-size: 20px; margin-top: 20px;\">Porqu\u00ea trabalhar com a Baoteng?<\/h2>\n<p>Fundada em 2008, a Ningbo Baoteng Technology Co., Ltd. fornece uma gama completa de ferragens para portas de garagem em todo o mundo. O nosso cat\u00e1logo de produtos inclui <a href=\"https:\/\/www.baoteng.cc\/pt\/rastos\/\" target=\"_blank\" rel=\"noopener\">calhas para portas de garagem<\/a>, <a href=\"https:\/\/www.baoteng.cc\/pt\/dobradicas\/\" target=\"_blank\" rel=\"noopener\">dobradi\u00e7as<\/a>, rolos, tambores de cabo, veios e conjuntos de bloqueio. Com fortes capacidades de I&amp;D, instala\u00e7\u00f5es de produ\u00e7\u00e3o avan\u00e7adas e presen\u00e7a em mais de 50 pa\u00edses, a Baoteng \u00e9 um fornecedor fi\u00e1vel para distribuidores, grossistas e empreiteiros a n\u00edvel mundial. \ud83c\udfed<\/p>\n<h2 style=\"font-size: 20px; margin-top: 20px;\">\u2705 Conclus\u00e3o<\/h2>\n<p>O conjunto de parafusos e porcas da calha da porta da garagem (1\/4 \u2033 x 5\/8 \u2033) oferece conex\u00f5es seguras para instala\u00e7\u00f5es de calhas verticais e curvas. Com um acabamento galvanizado e design de pesco\u00e7o serrilhado, garante durabilidade duradoura e facilidade de uso. Apoiado pelos servi\u00e7os OEM e personalizados da Baoteng, al\u00e9m de quase 20 anos de experi\u00eancia em fabrica\u00e7\u00e3o, este kit de fixa\u00e7\u00e3o oferece uma solu\u00e7\u00e3o ideal para o mercado global. \u2699\ufe0f\ud83d\udd27<\/p>\n<\/section>","protected":false},"excerpt":{"rendered":"<ul style=\"list-style: disc; margin-left: 20px;\">\n<li>Desenho: A cabe\u00e7a plana com pesco\u00e7o serrilhado impede a rota\u00e7\u00e3o do parafuso durante o aperto<\/li>\n<li>Tipo: As porcas de bloqueio resistem \u00e0 vibra\u00e7\u00e3o e evitam que se soltem com o tempo<\/li>\n<li>Tamanho: 1\/4\u2033 x 5\/8\u2033 (M6 x 16mm) adequado para a maioria das calhas e suportes de portas de garagem<\/li>\n<li>Acabamento: Galvanizado por imers\u00e3o a quente para maior prote\u00e7\u00e3o contra a corros\u00e3o<\/li>\n<li>OEM e personaliza\u00e7\u00e3o: Log\u00f3tipo, tamanho e tratamentos de superf\u00edcie personaliz\u00e1veis<\/li>\n<\/ul>","protected":false},"featured_media":6948,"comment_status":"open","ping_status":"closed","template":"","meta":{"_acf_changed":false},"product_brand":[],"product_cat":[58],"product_tag":[],"class_list":{"0":"post-6947","1":"product","2":"type-product","3":"status-publish","4":"has-post-thumbnail","6":"product_cat-accessories","8":"first","9":"instock","10":"shipping-taxable","11":"product-type-grouped"},"acf":[],"_links":{"self":[{"href":"https:\/\/www.baoteng.cc\/pt\/wp-json\/wp\/v2\/product\/6947","targetHints":{"allow":["GET"]}}],"collection":[{"href":"https:\/\/www.baoteng.cc\/pt\/wp-json\/wp\/v2\/product"}],"about":[{"href":"https:\/\/www.baoteng.cc\/pt\/wp-json\/wp\/v2\/types\/product"}],"replies":[{"embeddable":true,"href":"https:\/\/www.baoteng.cc\/pt\/wp-json\/wp\/v2\/comments?post=6947"}],"wp:featuredmedia":[{"embeddable":true,"href":"https:\/\/www.baoteng.cc\/pt\/wp-json\/wp\/v2\/media\/6948"}],"wp:attachment":[{"href":"https:\/\/www.baoteng.cc\/pt\/wp-json\/wp\/v2\/media?parent=6947"}],"wp:term":[{"taxonomy":"product_brand","embeddable":true,"href":"https:\/\/www.baoteng.cc\/pt\/wp-json\/wp\/v2\/product_brand?post=6947"},{"taxonomy":"product_cat","embeddable":true,"href":"https:\/\/www.baoteng.cc\/pt\/wp-json\/wp\/v2\/product_cat?post=6947"},{"taxonomy":"product_tag","embeddable":true,"href":"https:\/\/www.baoteng.cc\/pt\/wp-json\/wp\/v2\/product_tag?post=6947"}],"curies":[{"name":"wp","href":"https:\/\/api.w.org\/{rel}","templated":true}]}}