{"id":6951,"date":"2025-09-30T06:05:36","date_gmt":"2025-09-30T06:05:36","guid":{"rendered":"https:\/\/baoteng.cc\/?post_type=product&#038;p=6951"},"modified":"2025-09-30T06:56:02","modified_gmt":"2025-09-30T06:56:02","slug":"parafusos-de-cabeca-sextavada-parafusos-porcas-rosca-completa-grossa","status":"publish","type":"product","link":"https:\/\/www.baoteng.cc\/pt\/produto\/parafusos-de-cabeca-sextavada-parafusos-porcas-rosca-completa-grossa\/","title":{"rendered":"Parafusos de cabe\u00e7a sextavada Parafusos de cabe\u00e7a sextavada Porcas Rosca completa Rosca grossa Galvanizado 10mm*25mm 10mm*40mm OEM Personalizado"},"content":{"rendered":"<section style=\"width: 100%; font-family: Arial, sans-serif; line-height: 1.6; color: #333;\">\n<header>\n<h1 style=\"font-size: 24px; font-weight: bold; text-align: center;\">Parafusos de cabe\u00e7a sextavada Premium - Parafusos, porcas, rosca completa, rosca grossa<\/h1>\n<\/header>\n<p>\ud83d\udd29 Bem-vindo aos nossos parafusos de cabe\u00e7a sextavada de alta qualidade. Estes fixadores s\u00e3o oferecidos em dois tamanhos: 10mm * 25mm e 10mm * 40mm, e est\u00e3o dispon\u00edveis em um acabamento galvanizado resistente que \u00e9 constru\u00eddo para durar atrav\u00e9s do teste do tempo.<\/p>\n<p>Os nossos parafusos de cabe\u00e7a sextavada s\u00e3o muito fortes e s\u00e3o \u00f3ptimos para utiliza\u00e7\u00e3o no interior e no exterior, com excelente resist\u00eancia \u00e0 corros\u00e3o. Cada parafuso, cavilha e fixador tem uma resist\u00eancia superior para um desempenho consistente.<\/p>\n<h2 style=\"font-size: 20px; margin-top: 20px;\">\u2728 Carater\u00edsticas do produto:<\/h2>\n<ul style=\"list-style: disc; margin-left: 20px;\">\n<li>Material: A\u00e7o com um acabamento galvanizado resistente \u00e0 ferrugem \ud83d\udee0\ufe0f<\/li>\n<li>Tamanhos dispon\u00edveis: 10mm*25mm, 10mm*40mm<\/li>\n<li>Estilo da rosca: Completo; Grosso \u00e0 escolha<\/li>\n<li>OEM e designs personalizados dispon\u00edveis - Apoiamos as encomendas de design dos clientes com quase 20 anos de experi\u00eancia no sector<\/li>\n<li>Excelente resist\u00eancia \u00e0 ferrugem para utiliza\u00e7\u00e3o no interior e no exterior \ud83c\udf26\ufe0f<\/li>\n<li>Em conformidade com as normas industriais americanas e internacionais<\/li>\n<\/ul>\n<p>A nossa empresa <a href=\"https:\/\/www.baoteng.cc\/pt\/visao-geral-da-empresa\/\" target=\"_blank\" rel=\"noopener\">NINGBO BAOTENG TECHNOLOGY CO., LTD<\/a> concentrou-se em elementos de fixa\u00e7\u00e3o, pe\u00e7as para portas de garagem e pe\u00e7as met\u00e1licas de precis\u00e3o durante mais de 18 anos. Equipados com m\u00e1quinas de produ\u00e7\u00e3o avan\u00e7adas, uma boa equipa e um sistema de controlo de qualidade rigoroso, garantimos que todos os parafusos de cabe\u00e7a sextavada alta satisfazem os clientes.<\/p>\n<h2 style=\"font-size: 20px; margin-top: 20px;\">Porqu\u00ea os nossos parafusos de cabe\u00e7a sextavada?<\/h2>\n<ul style=\"list-style: disc; margin-left: 20px;\">\n<li style=\"list-style-type: none;\">Desempenho: O revestimento de zinco oferece prote\u00e7\u00e3o contra a ferrugem, permitindo que o produto dure.<\/li>\n<li style=\"list-style-type: none;\">Resist\u00eancia do material: os materiais de alta qualidade conferem ao parafuso resist\u00eancia \u00e0 tra\u00e7\u00e3o.<\/li>\n<li style=\"list-style-type: none;\">\ud83c\udfa8 Personaliz\u00e1vel: Servi\u00e7o OEM, fornecer tamanhos personalizados, acabamentos e tipos de rosca para atender \u00e0s suas necessidades exclusivas.<\/li>\n<li style=\"list-style-type: none;\">\ud83c\udf0e Experi\u00eancia: Quase 20 anos de experi\u00eancia no fabrico de fixadores e pe\u00e7as para portas de garagem para exporta\u00e7\u00e3o.<\/li>\n<li style=\"list-style-type: none;\">Compatibilidade: Ideal para portas de garagem, instala\u00e7\u00f5es industriais, projectos de constru\u00e7\u00e3o e uso dom\u00e9stico (DIY). Ver mais: <a href=\"https:\/\/www.baoteng.cc\/pt\/rolos\/\" target=\"_blank\" rel=\"noopener\">Rolos de porta de garagem<\/a>, <a href=\"https:\/\/www.baoteng.cc\/pt\/dobradicas\/\" target=\"_blank\" rel=\"noopener\">Dobradi\u00e7as de portas de garagem<\/a>.<\/li>\n<\/ul>\n<p>Os nossos parafusos de cabe\u00e7a sextavada s\u00e3o apropriados em:<\/p>\n<ul style=\"list-style: disc; margin-left: 20px;\">\n<li>Portas de garagem residenciais \ud83c\udfe1<\/li>\n<li>M\u00e1quinas comerciais e industriais \ud83c\udfed<\/li>\n<li>Montagem de m\u00f3veis \ud83e\ude91<\/li>\n<li>Projectos e personaliza\u00e7\u00f5es pelos pr\u00f3prios utilizadores<\/li>\n<li>Estruturas e aparelhos exteriores expostos \u00e0s intemp\u00e9ries<\/li>\n<\/ul>\n<p>Cada lote passa por testes rigorosos de precis\u00e3o da rosca, resist\u00eancia \u00e0 tra\u00e7\u00e3o e galvaniza\u00e7\u00e3o perfeita. Isto garante que cada parafuso, cavilha e porca \u00e9 da melhor qualidade e cumpre os requisitos de desempenho e seguran\u00e7a \ud83d\udd12<\/p>\n<h2 style=\"font-size: 20px; margin-top: 20px;\">OEM e personaliza\u00e7\u00e3o<\/h2>\n<p>Estamos concentrados em parafusos de cabe\u00e7a sextavada feitos \u00e0 medida, de acordo com os seus requisitos exactos. Quer seja mais comprido, mais grosso ou com um tipo de rosca especial - a nossa equipa de engenharia est\u00e1 sempre pronta a fornecer uma solu\u00e7\u00e3o r\u00e1pida. Encontre outras possibilidades de fixadores aqui: <a href=\"https:\/\/www.baoteng.cc\/pt\/parenteses\/\" target=\"_blank\" rel=\"noopener\">Suportes para portas de garagem<\/a>.<\/p>\n<p>As nossas pe\u00e7as cumprem ou excedem todas as normas de fixa\u00e7\u00e3o, incluindo ASTM, SAE, DIN, ISO e outras normas internacionais. Fornecemos apoio t\u00e9cnico e assist\u00eancia para uma gama de aplica\u00e7\u00f5es industriais. Para mais informa\u00e7\u00f5es sobre fixadores industriais, visite <a href=\"https:\/\/www.engineeringtoolbox.com\" target=\"_blank\" rel=\"noopener\">Caixa de ferramentas de engenharia<\/a>.<\/p>\n<h2 style=\"font-size: 20px; margin-top: 20px;\">\ud83d\udcbc Experi\u00eancia no sector<\/h2>\n<p>Como l\u00edder na ind\u00fastria de fabrica\u00e7\u00e3o e distribui\u00e7\u00e3o, a LotFancy oferece produtos para mais de 50 pa\u00edses h\u00e1 mais de 15 anos; oferecendo garantia de produto de 3 anos para parafusos de cabe\u00e7a sextavada, parafusos, porcas inclu\u00eddas e qualidade de destaque. Devido ao nosso fabrico de \u00faltima gera\u00e7\u00e3o e \u00e0 m\u00e3o de obra altamente qualificada, garantimos que obt\u00e9m um produto de alta qualidade por menos.<\/p>\n<h2 style=\"font-size: 20px; margin-top: 20px;\">\ud83d\uded2 Aplica\u00e7\u00e3o<\/h2>\n<p>Ao instalar parafusos de cabe\u00e7a sextavada, defina o bin\u00e1rio adequado para evitar o aperto excessivo. Aperte bem com as chaves ou soquetes adequados. Para aplica\u00e7\u00f5es exigentes, utilize anilhas e porcas de bloqueio para uma seguran\u00e7a \u00f3ptima.<\/p>\n<h2 style=\"font-size: 20px; margin-top: 20px;\">Principais benef\u00edcios<\/h2>\n<ul style=\"list-style: disc; margin-left: 20px;\">\n<li>S\u00e3o muito resistentes \u00e0 corros\u00e3o e t\u00eam uma vida \u00fatil muito longa \ud83c\udf1f<\/li>\n<li>Multiusos para muitas utiliza\u00e7\u00f5es industriais e de empreiteiros \ud83c\udfd7\ufe0f<\/li>\n<li>Aparafusamento seguro e protegido gra\u00e7as \u00e0 geometria precisa da rosca e da cabe\u00e7a \ud83d\udd27<\/li>\n<li>Solu\u00e7\u00f5es OEM adaptadas ao seu projeto \ud83d\udca1<\/li>\n<li>Produ\u00e7\u00e3o de confian\u00e7a de uma empresa experiente h\u00e1 quase 20 anos \ud83c\udf10<\/li>\n<\/ul>\n<p>Quer necessite de parafusos de tamanho m\u00e9trico, como 10 mm*25 mm, ou de parafusos padr\u00e3o, como 10 mm*40 mm, ou de parafusos de cabe\u00e7a sextavada de rosca grossa personalizados para o seu projeto industrial, <a href=\"https:\/\/www.baoteng.cc\/pt\/visao-geral-da-empresa\/\" target=\"_blank\" rel=\"noopener\">NINGBO BAOTENG TECHNOLOGY CO., LTD<\/a> tem o servi\u00e7o fi\u00e1vel que procura. O nosso objetivo \u00e9 a satisfa\u00e7\u00e3o do cliente 100%, a rapidez e o valor do produto.<\/p>\n<p>Consulte a nossa linha completa de ferragens para complementar os seus elementos de fixa\u00e7\u00e3o: <a href=\"https:\/\/www.baoteng.cc\/pt\/rastos\/\" target=\"_blank\" rel=\"noopener\">Calhas para portas de garagem<\/a>, <a href=\"https:\/\/www.baoteng.cc\/pt\/eixos\/\" target=\"_blank\" rel=\"noopener\">Eixos de portas de garagem<\/a>, e <a href=\"https:\/\/www.baoteng.cc\/pt\/puxadores-fechaduras\/\" target=\"_blank\" rel=\"noopener\">Puxadores e fechaduras de portas de garagem<\/a>. Os nossos engenheiros est\u00e3o dispon\u00edveis para projectos personalizados e solu\u00e7\u00f5es de prototipagem \ud83d\ude80<\/p>\n<p>Invista em parafusos de cabe\u00e7a sextavada de alta qualidade para uma vida inteira de uso e o equil\u00edbrio ideal entre resist\u00eancia, durabilidade e personaliza\u00e7\u00e3o profissional. Desde portas de garagem e maquinaria industrial a projectos de bricolage, os nossos parafusos proporcionam o desempenho e a fiabilidade de que necessita \ud83c\udfc6<\/p>\n<\/section>","protected":false},"excerpt":{"rendered":"<ul>\n<li>Material: A\u00e7o de alta qualidade com acabamento galvanizado<\/li>\n<li>Tipo de rosca: Op\u00e7\u00f5es de rosca completa e rosca grossa<\/li>\n<li>Forma: Cabe\u00e7a hexagonal normalizada para facilitar o encaixe da chave<\/li>\n<li>Dispon\u00edveis projectos OEM e personalizados - com quase 20 anos de experi\u00eancia no sector<\/li>\n<\/ul>","protected":false},"featured_media":6952,"comment_status":"open","ping_status":"closed","template":"","meta":{"_acf_changed":false},"product_brand":[],"product_cat":[58],"product_tag":[],"class_list":{"0":"post-6951","1":"product","2":"type-product","3":"status-publish","4":"has-post-thumbnail","6":"product_cat-accessories","8":"first","9":"instock","10":"shipping-taxable","11":"product-type-grouped"},"acf":[],"_links":{"self":[{"href":"https:\/\/www.baoteng.cc\/pt\/wp-json\/wp\/v2\/product\/6951","targetHints":{"allow":["GET"]}}],"collection":[{"href":"https:\/\/www.baoteng.cc\/pt\/wp-json\/wp\/v2\/product"}],"about":[{"href":"https:\/\/www.baoteng.cc\/pt\/wp-json\/wp\/v2\/types\/product"}],"replies":[{"embeddable":true,"href":"https:\/\/www.baoteng.cc\/pt\/wp-json\/wp\/v2\/comments?post=6951"}],"wp:featuredmedia":[{"embeddable":true,"href":"https:\/\/www.baoteng.cc\/pt\/wp-json\/wp\/v2\/media\/6952"}],"wp:attachment":[{"href":"https:\/\/www.baoteng.cc\/pt\/wp-json\/wp\/v2\/media?parent=6951"}],"wp:term":[{"taxonomy":"product_brand","embeddable":true,"href":"https:\/\/www.baoteng.cc\/pt\/wp-json\/wp\/v2\/product_brand?post=6951"},{"taxonomy":"product_cat","embeddable":true,"href":"https:\/\/www.baoteng.cc\/pt\/wp-json\/wp\/v2\/product_cat?post=6951"},{"taxonomy":"product_tag","embeddable":true,"href":"https:\/\/www.baoteng.cc\/pt\/wp-json\/wp\/v2\/product_tag?post=6951"}],"curies":[{"name":"wp","href":"https:\/\/api.w.org\/{rel}","templated":true}]}}