{"id":6967,"date":"2025-09-30T06:32:07","date_gmt":"2025-09-30T06:32:07","guid":{"rendered":"https:\/\/baoteng.cc\/?post_type=product&#038;p=6967"},"modified":"2025-09-30T07:02:29","modified_gmt":"2025-09-30T07:02:29","slug":"parafuso-de-cabeca-sextavada-auto-perfurante-parafuso-auto-roscante","status":"publish","type":"product","link":"https:\/\/www.baoteng.cc\/pt\/produto\/parafuso-de-cabeca-sextavada-auto-perfurante-parafuso-auto-roscante\/","title":{"rendered":"Parafuso auto-perfurante de cabe\u00e7a sextavada de alta resist\u00eancia Parafusos auto-roscantes flangeados galvanizados Tamanhos personalizados OEM"},"content":{"rendered":"<section style=\"width: 100%; font-family: Arial, sans-serif; line-height: 1.6; color: #333;\">\n<header>\n<h1 style=\"font-size: 24px; font-weight: bold; text-align: center;\">Parafusos auto-roscantes flangeados | Parafuso auto-perfurante de cabe\u00e7a sextavada OEM e personalizado<\/h1>\n<\/header>\n<p>\ud83d\udd29 O <strong>parafuso auto-perfurante de cabe\u00e7a sextavada<\/strong> \u00e9 um fixador popular e duradouro para todas as suas aplica\u00e7\u00f5es profissionais: montagem, produ\u00e7\u00e3o industrial, oficina, bricolage ou dom\u00e9stica. Estes parafusos s\u00e3o fabricados com um acabamento galvanizado para uma maior resist\u00eancia \u00e0 corros\u00e3o e fazem parte da linha, pelo que sabe que v\u00e3o fazer o trabalho da forma mais eficiente poss\u00edvel - tanto para uso profissional como pessoal. Dispon\u00edveis em 5,5 mm\u00d750 mm, adequados para uma chave de bocas M8, facilitam o trabalho de fixa\u00e7\u00e3o numa vasta gama de projectos.<\/p>\n<h2 style=\"font-size: 20px; margin-top: 20px;\">Carater\u00edsticas do parafuso auto-perfurante de cabe\u00e7a sextavada<\/h2>\n<ul style=\"list-style: disc; margin-left: 20px;\">\n<li>Material: A\u00e7o de alta qualidade com superf\u00edcie galvanizada para evitar a ferrugem \ud83d\udee0\ufe0f<\/li>\n<li>Estilo da cabe\u00e7a: A cabe\u00e7a de acionamento com anilha hexagonal garante sempre uma fixa\u00e7\u00e3o forte<\/li>\n<li>Tipo de rosca: Rosca completa para uma ader\u00eancia duradoura e sem descasque<\/li>\n<li>Tamanhos: Op\u00e7\u00f5es de 5,5 mm\u00d750 mm<\/li>\n<li>Acionamento: Encaixa-se no soquete de bit M8, f\u00e1cil de instalar<\/li>\n<li>F\u00e1brica OEM e personaliz\u00e1vel com quase 20 anos de experi\u00eancia \ud83c\udfa8<\/li>\n<li>\u00d3timo para utiliza\u00e7\u00e3o no interior\/exterior \ud83c\udf26\ufe0f<\/li>\n<li>Em conformidade com as normas americanas e internacionais (ASTM, DIN, ISO)<\/li>\n<\/ul>\n<p>Com a tecnologia de <a href=\"https:\/\/www.baoteng.cc\/pt\/visao-geral-da-empresa\/\" target=\"_blank\" rel=\"noopener\">NINGBO BAOTENG TECHNOLOGY CO., LTD<\/a>, A empresa de parafusos da China, fundada em 2008, reflecte um design avan\u00e7ado, um controlo de qualidade rigoroso e uma inova\u00e7\u00e3o cont\u00ednua. Com exporta\u00e7\u00f5es de parafusos para mais de 50 pa\u00edses, os clientes ganham confian\u00e7a na fiabilidade a longo prazo.<\/p>\n<h2 style=\"font-size: 20px; margin-top: 20px;\">\ud83d\udca1 Benef\u00edcios do parafuso auto-perfurante de cabe\u00e7a sextavada<\/h2>\n<ul style=\"margin-left: 20px;\">\n<li>Instala\u00e7\u00e3o f\u00e1cil: O design auto-roscante elimina a necessidade de pr\u00e9-perfura\u00e7\u00e3o<\/li>\n<li>For\u00e7a extra: Assegura um desempenho est\u00e1vel sob carga<\/li>\n<li>O acabamento galvanizado de longa dura\u00e7\u00e3o proporciona uma resist\u00eancia superior \u00e0 corros\u00e3o<\/li>\n<li>Servi\u00e7o OEM personalizado: Dispon\u00edvel em diferentes comprimentos, di\u00e2metros e acabamentos<\/li>\n<li>Amplas aplica\u00e7\u00f5es: Ideal para portas de garagem, maquinaria, mobili\u00e1rio e constru\u00e7\u00e3o<\/li>\n<\/ul>\n<p>Os nossos parafusos s\u00e3o fi\u00e1veis em aplica\u00e7\u00f5es de carpintaria, metalomec\u00e2nica, residenciais e industriais, concebidos para uma utiliza\u00e7\u00e3o robusta. Os testes em m\u00e1quinas de tra\u00e7\u00e3o computorizadas garantem a conformidade com <a href=\"https:\/\/www.astm.org\/\" target=\"_blank\" rel=\"noopener\">Normas ASTM<\/a> e outros par\u00e2metros de refer\u00eancia mundiais.<\/p>\n<h2 style=\"font-size: 20px; margin-top: 20px;\">\ud83c\udfd7\ufe0f Aplica\u00e7\u00f5es para parafuso auto-perfurante de cabe\u00e7a sextavada<\/h2>\n<ul style=\"list-style: disc; margin-left: 20px;\">\n<li>Portas de garagem residenciais \ud83c\udfe1<\/li>\n<li>F\u00e1bricas e equipamento pesado \ud83c\udfed<\/li>\n<li>Instala\u00e7\u00e3o de mobili\u00e1rio e acess\u00f3rios modulares \ud83e\ude91<\/li>\n<li>Estruturas de a\u00e7o para constru\u00e7\u00e3o \ud83c\udfd7\ufe0f<\/li>\n<li>Solu\u00e7\u00f5es de bricolage e de engenharia personalizada \ud83d\udd28<\/li>\n<\/ul>\n<h2 style=\"font-size: 20px; margin-top: 20px;\">Servi\u00e7o de personaliza\u00e7\u00e3o e OEM<\/h2>\n<p>Com quase 20 anos de experi\u00eancia no fabrico OEM, fornecemos solu\u00e7\u00f5es de fixa\u00e7\u00e3o \u00e0 medida. Quer se trate de cabe\u00e7as mais grossas, roscas mais longas ou acabamentos exclusivos, os nossos engenheiros fornecem respostas precisas. Explorar relacionado <a href=\"https:\/\/www.baoteng.cc\/pt\/parenteses\/\" target=\"_blank\" rel=\"noopener\">suportes para portas de garagem<\/a> e <a href=\"https:\/\/www.baoteng.cc\/pt\/eixos\/\" target=\"_blank\" rel=\"noopener\">veios de portas de garagem<\/a> para sistemas de hardware completos.<\/p>\n<h2 style=\"font-size: 20px; margin-top: 20px;\">\ud83d\udcbc Experi\u00eancia no sector<\/h2>\n<p>Cri\u00e1mos uma confian\u00e7a global nas exporta\u00e7\u00f5es de fixadores, juntamente com rolos de portas de garagem, dobradi\u00e7as, tambores de cabos e fechaduras. Operando com equipamento avan\u00e7ado e engenheiros qualificados, asseguramos um desempenho de precis\u00e3o e um s\u00f3lido sistema de gest\u00e3o da qualidade. Os nossos produtos combinam pre\u00e7os competitivos com uma durabilidade fi\u00e1vel.<\/p>\n<h2 style=\"font-size: 20px; margin-top: 20px;\">Dicas de instala\u00e7\u00e3o<\/h2>\n<ul style=\"list-style: disc; margin-left: 20px;\">\n<li>Utilizar uma chave de caixa M8 com uma chave de parafusos para uma instala\u00e7\u00e3o segura<\/li>\n<li>Para aplica\u00e7\u00f5es estruturais, utilizar anilhas ou porcas de bloqueio para maior seguran\u00e7a<\/li>\n<li>Evitar o aperto excessivo para proteger as roscas de danos<\/li>\n<\/ul>\n<h2 style=\"font-size: 20px; margin-top: 20px;\">Benef\u00edcios num relance<\/h2>\n<ul style=\"list-style: disc; margin-left: 20px;\">\n<li style=\"list-style-type: none;\">\ud83c\udf26\ufe0f Resist\u00eancia superior \u00e0 corros\u00e3o e \u00e0 ferrugem<\/li>\n<li style=\"list-style-type: none;\">\ud83c\udfd7\ufe0f Fi\u00e1vel em v\u00e1rios sectores e projectos<\/li>\n<li style=\"list-style-type: none;\">Resist\u00eancia consistente e seguran\u00e7a de fixa\u00e7\u00e3o<\/li>\n<li style=\"list-style-type: none;\">Solu\u00e7\u00f5es OEM personalizadas adaptadas \u00e0s necessidades do cliente<\/li>\n<li style=\"list-style-type: none;\">\ud83c\udf10 Quase 20 anos de excel\u00eancia de fabrico<\/li>\n<\/ul>\n<p>Quer se trate de obras de beneficia\u00e7\u00e3o ou de constru\u00e7\u00e3o industrial, a <strong>parafuso auto-perfurante de cabe\u00e7a sextavada<\/strong> oferece resist\u00eancia, durabilidade e facilidade de utiliza\u00e7\u00e3o. Melhore o seu projeto combinando-o com <a href=\"https:\/\/www.baoteng.cc\/pt\/puxadores-fechaduras\/\" target=\"_blank\" rel=\"noopener\">puxadores e fechaduras para portas de garagem<\/a> e <a href=\"https:\/\/www.baoteng.cc\/pt\/Bumpers\/\" target=\"_blank\" rel=\"noopener\">para-choques para portas de garagem<\/a> para obter uma solu\u00e7\u00e3o de hardware completa e fi\u00e1vel \ud83d\ude80<\/p>\n<p>Escolha solu\u00e7\u00f5es de parafusos autoperfurantes de cabe\u00e7a hexagonal galvanizada de um especialista em OEM com quase duas d\u00e9cadas de experi\u00eancia. Os nossos parafusos excedem os padr\u00f5es da ind\u00fastria, proporcionando a m\u00e1xima efici\u00eancia, durabilidade e valor \ud83c\udfc6<\/p>\n<\/section>","protected":false},"excerpt":{"rendered":"<p>Flanged Self Tapping Screws | Hex Head Self Drilling Screw OEM &amp; Custom \ud83d\udd29 The hex head self drilling screw is a popular and durable fastener for all your professional applications: assembly, industrial production, workshop, DIY or household. These screws are made from a galvanized finish for greater corrosion resistance, and are part of the &#8230; <a title=\"Parafuso auto-perfurante de cabe\u00e7a sextavada de alta resist\u00eancia Parafusos auto-roscantes flangeados galvanizados Tamanhos personalizados OEM\" class=\"read-more\" href=\"https:\/\/www.baoteng.cc\/pt\/produto\/parafuso-de-cabeca-sextavada-auto-perfurante-parafuso-auto-roscante\/\" aria-label=\"Leia mais sobre High Strength Hex Head Self Drilling Screw | Galvanized Flanged Self Tapping Screws OEM Custom Sizes\">Ler mais<\/a><\/p>","protected":false},"featured_media":6976,"comment_status":"open","ping_status":"closed","template":"","meta":{"_acf_changed":false},"product_brand":[],"product_cat":[58],"product_tag":[],"class_list":{"0":"post-6967","1":"product","2":"type-product","3":"status-publish","4":"has-post-thumbnail","6":"product_cat-accessories","8":"first","9":"instock","10":"shipping-taxable","11":"product-type-grouped"},"acf":[],"_links":{"self":[{"href":"https:\/\/www.baoteng.cc\/pt\/wp-json\/wp\/v2\/product\/6967","targetHints":{"allow":["GET"]}}],"collection":[{"href":"https:\/\/www.baoteng.cc\/pt\/wp-json\/wp\/v2\/product"}],"about":[{"href":"https:\/\/www.baoteng.cc\/pt\/wp-json\/wp\/v2\/types\/product"}],"replies":[{"embeddable":true,"href":"https:\/\/www.baoteng.cc\/pt\/wp-json\/wp\/v2\/comments?post=6967"}],"wp:featuredmedia":[{"embeddable":true,"href":"https:\/\/www.baoteng.cc\/pt\/wp-json\/wp\/v2\/media\/6976"}],"wp:attachment":[{"href":"https:\/\/www.baoteng.cc\/pt\/wp-json\/wp\/v2\/media?parent=6967"}],"wp:term":[{"taxonomy":"product_brand","embeddable":true,"href":"https:\/\/www.baoteng.cc\/pt\/wp-json\/wp\/v2\/product_brand?post=6967"},{"taxonomy":"product_cat","embeddable":true,"href":"https:\/\/www.baoteng.cc\/pt\/wp-json\/wp\/v2\/product_cat?post=6967"},{"taxonomy":"product_tag","embeddable":true,"href":"https:\/\/www.baoteng.cc\/pt\/wp-json\/wp\/v2\/product_tag?post=6967"}],"curies":[{"name":"wp","href":"https:\/\/api.w.org\/{rel}","templated":true}]}}