{"id":7067,"date":"2025-10-09T01:12:55","date_gmt":"2025-10-09T01:12:55","guid":{"rendered":"https:\/\/baoteng.cc\/?post_type=product&#038;p=7067"},"modified":"2025-10-09T02:28:34","modified_gmt":"2025-10-09T02:28:34","slug":"paineis-de-portas-de-garagem-standard-com-isolamento-de-espuma-pu","status":"publish","type":"product","link":"https:\/\/www.baoteng.cc\/pt\/produto\/paineis-de-portas-de-garagem-standard-com-isolamento-de-espuma-pu\/","title":{"rendered":"40mm 50mm Seccional de A\u00e7o PU Espuma Isolada Portas De Garagem Padr\u00e3o Painel De Madeira Acabamento Constru\u00e7\u00e3o De Sandu\u00edche OEM Personaliz\u00e1vel"},"content":{"rendered":"<section style=\"width: 100%; font-family: Arial, sans-serif; line-height: 1.6; color: #333;\">\n<header>\n<h1 style=\"font-size: 24px; font-weight: bold; text-align: center;\">Constru\u00e7\u00e3o em sandu\u00edche seccional isolada de 40 mm 50 mm Espuma de PU de a\u00e7o <span style=\"color: #d35400;\">Pain\u00e9is de portas de garagem standard<\/span><\/h1>\n<\/header>\n<p>Como fornecedor de pain\u00e9is para portas de garagem com quase <strong>20 anos de experi\u00eancia<\/strong> desenvolvimento de pain\u00e9is de portas de garagem, <strong>NBMETALPRODUCTS<\/strong> oferece orgulhosamente o painel padr\u00e3o de portas seccionais isoladas residenciais e comerciais. <strong>BAOTENG<\/strong> concentra-se na utiliza\u00e7\u00e3o dos m\u00e9todos de produ\u00e7\u00e3o mais avan\u00e7ados para fornecer produtos de ferragens para arquitetura fabricados com materiais de alta qualidade e com uma <strong>Personaliza\u00e7\u00e3o OEM<\/strong>. A nossa empresa fornece atualmente uma vasta gama de clientes em mais de 50 pa\u00edses em todo o mundo. \ud83c\udf0d<\/p>\n<h2 style=\"font-size: 20px; margin-top: 20px;\">\ud83d\udc8e Descri\u00e7\u00e3o geral do produto<\/h2>\n<p>O <strong>Pain\u00e9is seccionais de portas de garagem isoladas com espuma PU de a\u00e7o para constru\u00e7\u00e3o em sandu\u00edche<\/strong> s\u00e3o concebidos para uma efici\u00eancia t\u00e9rmica superior e uma est\u00e9tica moderna. Com op\u00e7\u00f5es de espessura de <strong>40 mm<\/strong> e <strong>50mm<\/strong>, e tamanhos de largura a partir de <strong>450mm a 550mm<\/strong>, Estes pain\u00e9is s\u00e3o ideais para casas novas, armaz\u00e9ns e edif\u00edcios comerciais. O elegante <strong>acabamento em cor de madeira<\/strong> combina o calor visual com a for\u00e7a industrial e a resist\u00eancia \u00e0s intemp\u00e9ries. \ud83c\udf24\ufe0f<\/p>\n<h2 style=\"font-size: 20px; margin-top: 20px;\">\u2699\ufe0f Especifica\u00e7\u00f5es t\u00e9cnicas<\/h2>\n<ul style=\"list-style: disc; margin-left: 20px;\">\n<li><strong>Largura do painel:<\/strong> 450-550mm<\/li>\n<li><strong>Espessura do painel:<\/strong> 40mm e 50mm<\/li>\n<li><strong>Material:<\/strong> Chapa de ferro Raybon + espuma de poliuretano (PU)<\/li>\n<li><strong>Acabamento da superf\u00edcie:<\/strong> Gr\u00e3o de madeira ou acabamento liso com verniz curado por UV<\/li>\n<li><strong>Isolamento:<\/strong> N\u00facleo de espuma PU de alta densidade para um isolamento eficaz<\/li>\n<li><strong>Tipo de constru\u00e7\u00e3o:<\/strong> Painel sandu\u00edche seccional com revestimentos de a\u00e7o direcionais ligados a uma estrutura de treli\u00e7a interna<\/li>\n<li><strong>Cores dispon\u00edveis:<\/strong> Madeira, branco, cinzento e cores personalizadas<\/li>\n<li><strong>Condutividade t\u00e9rmica:<\/strong> \u2264 0,028 W\/m-K<\/li>\n<li><strong>Classifica\u00e7\u00e3o de fogo:<\/strong> Cumpre o requisito de propaga\u00e7\u00e3o da chama ASTM E84<\/li>\n<li><strong>OEM\/ODM:<\/strong> Dispon\u00edvel com tamanho, cor e textura personalizados<\/li>\n<\/ul>\n<h2 style=\"font-size: 20px; margin-top: 20px;\">\ud83c\udf21\ufe0f Excelente desempenho de isolamento<\/h2>\n<p>O n\u00facleo de cada painel \u00e9 preenchido com <strong>isolamento de poliuretano de alta densidade<\/strong>, criando uma excelente barreira t\u00e9rmica contra temperaturas extremas. Quer viva num clima frio do norte ou numa zona quente do sul, estas <span style=\"color: #2980b9; font-weight: bold;\">pain\u00e9is standard para portas de garagem<\/span> ajudam a manter o conforto interior, reduzindo o consumo de energia e o ru\u00eddo. \ud83d\udd07<\/p>\n<h2 style=\"font-size: 20px; margin-top: 20px;\">Resist\u00eancia estrutural superior<\/h2>\n<p>Cada painel de constru\u00e7\u00e3o em a\u00e7o tipo sandu\u00edche \u00e9 fabricado a partir de chapas de a\u00e7o galvanizado laminadas com precis\u00e3o, coladas com <strong>Espuma expandida sem CFC<\/strong> utilizando um adesivo epox\u00eddico de alta resist\u00eancia. Isto assegura a durabilidade e evita a deforma\u00e7\u00e3o em caso de utiliza\u00e7\u00e3o intensa. O design do bordo em cauda de andorinha com lingueta e ranhura minimiza a penetra\u00e7\u00e3o de \u00e1gua e melhora o desempenho da veda\u00e7\u00e3o. \ud83d\udcaa<\/p>\n<h2 style=\"font-size: 20px; margin-top: 20px;\">\ud83c\udf33 Est\u00e9tica elegante com acabamento em madeira<\/h2>\n<p><strong>Pain\u00e9is para portas de garagem BAOTENG<\/strong>\u00a0apresentam uma textura de gr\u00e3o de madeira natural obtida atrav\u00e9s de grava\u00e7\u00e3o a alta temperatura e revestimento a p\u00f3. Isto proporciona um aspeto intemporal e natural compat\u00edvel com a arquitetura moderna, ao mesmo tempo que oferece uma excelente resist\u00eancia aos raios UV e \u00e0 corros\u00e3o para um desempenho a longo prazo. \u2600\ufe0f<\/p>\n<h2 style=\"font-size: 20px; margin-top: 20px;\">\ud83d\udee0\ufe0f Capacidade de personaliza\u00e7\u00e3o e OEM<\/h2>\n<p>A nossa f\u00e1brica concentra-se em <strong>Produ\u00e7\u00e3o OEM e personalizada<\/strong> - desde as dimens\u00f5es do painel e a densidade do isolamento at\u00e9 \u00e0 cor e textura do revestimento. Quer o seu projeto necessite de grava\u00e7\u00e3o personalizada, estampagem de log\u00f3tipo ou objectivos espec\u00edficos de valor R, os nossos engenheiros experientes est\u00e3o aqui para o apoiar. <strong>BAOTENG<\/strong> desenvolveu cerca de 200 perfis de extrus\u00e3o e milhares de moldes para solu\u00e7\u00f5es de hardware personalizadas. \ud83c\udf10<\/p>\n<h2 style=\"font-size: 20px; margin-top: 20px;\">\ud83c\udfd7\ufe0f Ferragens compat\u00edveis para portas de garagem<\/h2>\n<p>Fornecemos uma gama completa de componentes compat\u00edveis, tais como <a style=\"color: #d35400; text-decoration: none;\" href=\"https:\/\/www.baoteng.cc\/pt\/dobradicas\/\" target=\"_blank\" rel=\"noopener\">Dobradi\u00e7as de portas de garagem<\/a>, <a style=\"color: #d35400; text-decoration: none;\" href=\"https:\/\/www.baoteng.cc\/pt\/rolos\/\" target=\"_blank\" rel=\"noopener\">Rolos de porta de garagem<\/a>, e <a style=\"color: #d35400; text-decoration: none;\" href=\"https:\/\/www.baoteng.cc\/pt\/puxadores-fechaduras\/\" target=\"_blank\" rel=\"noopener\">Ma\u00e7anetas e fechaduras<\/a> para complementar o sistema de portas seccionadas. Cada componente foi concebido para uma sincroniza\u00e7\u00e3o mec\u00e2nica perfeita e uma montagem f\u00e1cil. \ud83d\udeaa<\/p>\n<h2 style=\"font-size: 20px; margin-top: 20px;\">\ud83d\udd12 Seguran\u00e7a e fiabilidade<\/h2>\n<p>Todos <strong>pain\u00e9is standard para portas de garagem<\/strong> cumpre as normas de qualidade internacionais e \u00e9 submetido a um rigoroso controlo de qualidade, incluindo testes de espessura, ader\u00eancia e resist\u00eancia \u00e0 press\u00e3o. Opcionais <strong>arestas de seguran\u00e7a<\/strong>, <strong>protectores de dedos<\/strong>, e <strong>modelos anti-entalamento<\/strong> est\u00e3o dispon\u00edveis para maior seguran\u00e7a e prote\u00e7\u00e3o do utilizador. \ud83e\udde4<\/p>\n<h2 style=\"font-size: 20px; margin-top: 20px;\">\ud83c\udf0d Sobre a BAOTENG<\/h2>\n<p>Fundada em 2008, <strong>IND\u00daSTRIA E COM\u00c9RCIO DE TECNOLOGIA DE NINGBO BAOTENG<\/strong> \u00e9 um fabricante l\u00edder especializado em componentes para portas de garagem. Somos excelentes na conforma\u00e7\u00e3o precisa de metal, inje\u00e7\u00e3o de PU e revestimento em p\u00f3 de alta qualidade. Comprometidos com a inova\u00e7\u00e3o e a qualidade, expandimo-nos para mais de 50 pa\u00edses, tornando-nos um dos nomes mais reconhecidos na ind\u00fastria de ferragens para portas. \ud83c\udf10<\/p>\n<h2 style=\"font-size: 20px; margin-top: 20px;\">\ud83d\udd27 Aplica\u00e7\u00f5es<\/h2>\n<ul style=\"list-style: disc; margin-left: 20px;\">\n<li>Portas seccionais de garagem para uso residencial<\/li>\n<li>Armaz\u00e9ns comerciais e dep\u00f3sitos log\u00edsticos<\/li>\n<li>Pisos de lojas e armaz\u00e9ns frigor\u00edficos<\/li>\n<li>Mec\u00e2nicos de autom\u00f3veis e centros de assist\u00eancia<\/li>\n<\/ul>\n<h2 style=\"font-size: 20px; margin-top: 20px;\">\ud83d\udce6 Embalagem e envio<\/h2>\n<p>Cada painel \u00e9 protegido com pel\u00edcula aderente, protec\u00e7\u00f5es de cantos e materiais \u00e0 prova de humidade durante o transporte. As op\u00e7\u00f5es de embalagem incluem paletes de madeira robustas e caixas de cart\u00e3o para exporta\u00e7\u00e3o para seguran\u00e7a durante o transporte por via mar\u00edtima, a\u00e9rea ou expresso. \ud83d\udea2<\/p>\n<h2 style=\"font-size: 20px; margin-top: 20px;\">Porqu\u00ea escolher a BAOTENG?<\/h2>\n<ul style=\"list-style: disc; margin-left: 20px;\">\n<li>Quase 20 anos de experi\u00eancia em OEM e produ\u00e7\u00e3o personalizada<\/li>\n<li>M\u00e1quinas autom\u00e1ticas de espuma\u00e7\u00e3o de PU e de laminagem de a\u00e7o<\/li>\n<li>Controlo de qualidade rigoroso em conformidade com as normas ISO9001<\/li>\n<li>R\u00e1pida rota\u00e7\u00e3o e quantidades de encomenda flex\u00edveis<\/li>\n<li>Solu\u00e7\u00e3o \u00fanica desde a conce\u00e7\u00e3o at\u00e9 \u00e0 entrega<\/li>\n<\/ul>\n<footer style=\"margin-top: 30px; text-align: center;\">\u2b50 <strong>BAOTENG - O seu fabricante profissional de confian\u00e7a de Pain\u00e9is de portas de garagem standard e personaliza\u00e7\u00e3o.<\/strong> \u2b50<\/footer>\n<\/section>","protected":false},"excerpt":{"rendered":"<ul style=\"list-style: disc; margin-left: 20px;\">\n<li><strong>Material:<\/strong> Chapa de a\u00e7o galvanizado + espuma de poliuretano (PU)<\/li>\n<li><strong>Acabamento da superf\u00edcie:<\/strong> Acabamento em madeira ou liso com revestimento UV<\/li>\n<li><strong>Isolamento:<\/strong> N\u00facleo de espuma PU de alta densidade para uma efici\u00eancia t\u00e9rmica superior<\/li>\n<li><strong>Tipo de constru\u00e7\u00e3o:<\/strong> Painel sandu\u00edche seccional com colagem cont\u00ednua de pele de a\u00e7o<\/li>\n<\/ul>","protected":false},"featured_media":7068,"comment_status":"open","ping_status":"closed","template":"","meta":{"_acf_changed":false},"product_brand":[],"product_cat":[60],"product_tag":[],"class_list":{"0":"post-7067","1":"product","2":"type-product","3":"status-publish","4":"has-post-thumbnail","6":"product_cat-panels-window","8":"first","9":"instock","10":"shipping-taxable","11":"product-type-grouped"},"acf":[],"_links":{"self":[{"href":"https:\/\/www.baoteng.cc\/pt\/wp-json\/wp\/v2\/product\/7067","targetHints":{"allow":["GET"]}}],"collection":[{"href":"https:\/\/www.baoteng.cc\/pt\/wp-json\/wp\/v2\/product"}],"about":[{"href":"https:\/\/www.baoteng.cc\/pt\/wp-json\/wp\/v2\/types\/product"}],"replies":[{"embeddable":true,"href":"https:\/\/www.baoteng.cc\/pt\/wp-json\/wp\/v2\/comments?post=7067"}],"wp:featuredmedia":[{"embeddable":true,"href":"https:\/\/www.baoteng.cc\/pt\/wp-json\/wp\/v2\/media\/7068"}],"wp:attachment":[{"href":"https:\/\/www.baoteng.cc\/pt\/wp-json\/wp\/v2\/media?parent=7067"}],"wp:term":[{"taxonomy":"product_brand","embeddable":true,"href":"https:\/\/www.baoteng.cc\/pt\/wp-json\/wp\/v2\/product_brand?post=7067"},{"taxonomy":"product_cat","embeddable":true,"href":"https:\/\/www.baoteng.cc\/pt\/wp-json\/wp\/v2\/product_cat?post=7067"},{"taxonomy":"product_tag","embeddable":true,"href":"https:\/\/www.baoteng.cc\/pt\/wp-json\/wp\/v2\/product_tag?post=7067"}],"curies":[{"name":"wp","href":"https:\/\/api.w.org\/{rel}","templated":true}]}}