{"id":7086,"date":"2025-10-10T03:21:21","date_gmt":"2025-10-10T03:21:21","guid":{"rendered":"https:\/\/baoteng.cc\/?post_type=product&#038;p=7086"},"modified":"2025-10-10T03:30:23","modified_gmt":"2025-10-10T03:30:23","slug":"janelas-para-portas-de-garagem-suspensas-janelas-de-plastico","status":"publish","type":"product","link":"https:\/\/www.baoteng.cc\/pt\/produto\/janelas-para-portas-de-garagem-suspensas-janelas-de-plastico\/","title":{"rendered":"Janelas de porta de garagem suspensa Kits de janelas industriais de pl\u00e1stico dur\u00e1veis de f\u00e1brica personalizados para portas seccionais Fornecedor OEM"},"content":{"rendered":"<section style=\"width: 100%; font-family: Arial, sans-serif; line-height: 1.6; color: #333;\">\n<header>\n<h1 style=\"font-size: 24px; font-weight: bold; text-align: center;\">Janelas seccionais para portas de garagem suspensas - Kits de janelas de for\u00e7a industrial para com\u00e9rcio e garagens<\/h1>\n<\/header>\n<p>\u2728 <strong>Impressionar e capacitar com luz<\/strong> no nosso <strong>Janelas para portas de garagem suspensas<\/strong> - o equil\u00edbrio perfeito entre resist\u00eancia, aspeto e utilidade para os actuais edif\u00edcios industriais e comerciais. Fabricado por <strong>NINGBO BAOTENG TECHNOLOGY CO., LTD<\/strong>, Cada kit de janela \u00e9 concebido para um desempenho superior, durabilidade e clareza \u00f3tica, mesmo em condi\u00e7\u00f5es de trabalho exigentes.<\/p>\n<h2 style=\"font-size: 20px; margin-top: 20px;\">\ud83d\udd27 Descri\u00e7\u00e3o geral do produto<\/h2>\n<p>O nosso <strong>janelas para portas de garagem suspensas<\/strong> s\u00e3o fabricados em pl\u00e1stico de borracha de alta translucidez que, para al\u00e9m de ter um \u00f3timo aspeto, \u00e9 altamente resistente aos impactos e flex\u00edvel. Cada painel mede <strong>650 x 320 mm<\/strong> com um tamanho de abertura de <strong>617 x 288 mm<\/strong>, tornando-a ideal para sistemas de portas seccionais e industriais. Estas janelas trazem luz natural para armaz\u00e9ns, lojas e garagens, mantendo o isolamento e a resist\u00eancia.<\/p>\n<h2 style=\"font-size: 20px; margin-top: 20px;\">\ud83c\udfd7\ufe0f Carater\u00edsticas principais<\/h2>\n<ul style=\"list-style: disc; margin-left: 20px;\">\n<li>\ud83d\udca1 <strong>Alta transmiss\u00e3o de luz:<\/strong> Policarbonato de camada dupla com prote\u00e7\u00e3o UV para um brilho superior e resist\u00eancia aos raios UV.<\/li>\n<li>\ud83d\udee1\ufe0f <strong>Material de longa dura\u00e7\u00e3o:<\/strong> Fabricado em policarbonato de alta resist\u00eancia e resistente ao impacto, que resiste \u00e0 deforma\u00e7\u00e3o e \u00e0s fissuras.<\/li>\n<li>\ud83c\udf26\ufe0f <strong>Constru\u00e7\u00e3o \u00e0 prova de intemp\u00e9ries:<\/strong> Conce\u00e7\u00e3o estanque e termicamente eficiente para prote\u00e7\u00e3o contra todas as condi\u00e7\u00f5es meteorol\u00f3gicas.<\/li>\n<li>\ud83d\udd29 <strong>Configura\u00e7\u00e3o simples:<\/strong> Compat\u00edvel com a maioria dos sistemas de portas de garagem seccionais e industriais para uma instala\u00e7\u00e3o r\u00e1pida.<\/li>\n<li>\u2699\ufe0f <strong>OEM e personaliza\u00e7\u00e3o:<\/strong> A BAOTENG oferece tamanhos, formas e acabamentos personalizados para aplica\u00e7\u00f5es industriais e residenciais.<\/li>\n<\/ul>\n<h2 style=\"font-size: 20px; margin-top: 20px;\">Vis\u00e3o geral da NINGBO BAOTENG TECHNOLOGY CO., LTD<\/h2>\n<p>Fundada em 2008, <strong>NINGBO BAOTENG TECHNOLOGY INDUSTRY AND TRADE CO., LTD<\/strong> \u00e9 um fabricante l\u00edder especializado em port\u00f5es de correr, port\u00f5es de batente e abridores de port\u00f5es el\u00e9ctricos. Com quase 20 anos de <strong>OEM\/ODM<\/strong> experi\u00eancia, a BAOTENG integra a produ\u00e7\u00e3o, a I&amp;D e as vendas, fornecendo pe\u00e7as de qualidade superior para portas de garagem, tais como <strong>Rolos, dobradi\u00e7as e suportes de portas de garagem<\/strong>. A nossa miss\u00e3o \u00e9 fornecer produtos de alta qualidade com tecnologia avan\u00e7ada e fiabilidade internacional.<\/p>\n<h2 style=\"font-size: 20px; margin-top: 20px;\">\u2699\ufe0f Especifica\u00e7\u00f5es t\u00e9cnicas<\/h2>\n<table style=\"width: 100%; border-collapse: collapse; margin-top: 10px;\">\n<tbody>\n<tr>\n<td style=\"border: 1px solid #ccc; padding: 6px;\"><strong>Nome do produto<\/strong><\/td>\n<td style=\"border: 1px solid #ccc; padding: 6px;\">Porta de garagem ADD ON Janelas<\/td>\n<\/tr>\n<tr>\n<td style=\"border: 1px solid #ccc; padding: 6px;\"><strong>Material<\/strong><\/td>\n<td style=\"border: 1px solid #ccc; padding: 6px;\">Pl\u00e1stico de transmiss\u00e3o de luz dur\u00e1vel e de alto impacto (PC\/ABS)<\/td>\n<\/tr>\n<tr>\n<td style=\"border: 1px solid #ccc; padding: 6px;\"><strong>Tamanho total<\/strong><\/td>\n<td style=\"border: 1px solid #ccc; padding: 6px;\">650 mm (L) \u00d7 320 mm (A)<\/td>\n<\/tr>\n<tr>\n<td style=\"border: 1px solid #ccc; padding: 6px;\"><strong>Tamanho de abertura<\/strong><\/td>\n<td style=\"border: 1px solid #ccc; padding: 6px;\">617 mm (L) \u00d7 288 mm (A)<\/td>\n<\/tr>\n<tr>\n<td style=\"border: 1px solid #ccc; padding: 6px;\"><strong>Aplica\u00e7\u00e3o<\/strong><\/td>\n<td style=\"border: 1px solid #ccc; padding: 6px;\">Portas seccionais de garagem \/ Portas industriais suspensas<\/td>\n<\/tr>\n<tr>\n<td style=\"border: 1px solid #ccc; padding: 6px;\"><strong>Acabamento da superf\u00edcie<\/strong><\/td>\n<td style=\"border: 1px solid #ccc; padding: 6px;\">Liso ou texturado Opcional<\/td>\n<\/tr>\n<tr>\n<td style=\"border: 1px solid #ccc; padding: 6px;\"><strong>Cor da moldura<\/strong><\/td>\n<td style=\"border: 1px solid #ccc; padding: 6px;\">Personaliz\u00e1vel - Aceita-se OEM \/ ODM<\/td>\n<\/tr>\n<\/tbody>\n<\/table>\n<h2 style=\"font-size: 20px; margin-top: 20px;\">\ud83c\udf0d Aplica\u00e7\u00f5es<\/h2>\n<p>Perfeito para oficinas industriais, edif\u00edcios comerciais, garagens dom\u00e9sticas, centros de log\u00edstica e portas de armaz\u00e9m. Os pain\u00e9is transparentes permitem a entrada de luz natural, mantendo a privacidade e reduzindo os custos de ilumina\u00e7\u00e3o artificial.<\/p>\n<h2 style=\"font-size: 20px; margin-top: 20px;\">Normas de qualidade e certifica\u00e7\u00f5es<\/h2>\n<p>Todos <strong>BAOTENG<\/strong> os acess\u00f3rios para janelas s\u00e3o fabricados sob a marca <strong>ISO9001<\/strong> sistema de gest\u00e3o da qualidade e cumprem as normas internacionais, tais como <strong>DASMA<\/strong>. Cada produto garante estabilidade, fiabilidade e durabilidade a longo prazo.<\/p>\n<h2 style=\"font-size: 20px; margin-top: 20px;\">Porqu\u00ea escolher a BAOTENG?<\/h2>\n<ul style=\"list-style: disc; margin-left: 20px;\">\n<li>\ud83c\udfc6 Quase 20 anos de experi\u00eancia em componentes para portas de garagem<\/li>\n<li>Designs OEM e personaliz\u00e1veis para qualquer sistema de porta<\/li>\n<li>\ud83c\udf10 Exportado para mais de 50 pa\u00edses em todo o mundo<\/li>\n<li>\ud83d\udd0d I&amp;D interno e conce\u00e7\u00e3o de moldes para uma inova\u00e7\u00e3o cont\u00ednua<\/li>\n<li>Produ\u00e7\u00e3o r\u00e1pida e entrega atempada<\/li>\n<\/ul>\n<h2 style=\"font-size: 20px; margin-top: 20px;\">\ud83e\udde9 Produtos relacionados<\/h2>\n<ul style=\"list-style: disc; margin-left: 20px;\">\n<li>Eixos de portas de garagem<\/li>\n<li>Puxadores e fechaduras de portas de garagem<\/li>\n<li>Acess\u00f3rios para portas de garagem<\/li>\n<\/ul>\n<h2 style=\"font-size: 20px; margin-top: 20px;\">\ud83c\udf1f Resumo<\/h2>\n<p>Quer esteja a substituir ou a atualizar o seu sistema de portas existente, escolha <strong>BAOTENG Porta de garagem suspensa Janelas<\/strong> para um aspeto elegante e moderno e um desempenho fi\u00e1vel. Com tecnologia de moldagem avan\u00e7ada, apoio OEM e um profundo conhecimento das necessidades do mercado global, a BAOTENG continua a ser a sua fonte de confian\u00e7a para kits de portas e janelas industriais de alta qualidade e transmissores de luz.<\/p>\n<\/section>","protected":false},"excerpt":{"rendered":"<p>- Constru\u00e7\u00e3o duradoura: Concebido a partir de policarbonato de alta resist\u00eancia ao impacto, capaz de resistir a deforma\u00e7\u00f5es e fissuras.<br \/>\n- Design \u00e0 prova de intemp\u00e9ries: A estrutura perfeitamente selada impede a infiltra\u00e7\u00e3o de \u00e1gua e mant\u00e9m a efici\u00eancia t\u00e9rmica mesmo em condi\u00e7\u00f5es exteriores adversas.<br \/>\n- F\u00e1cil instala\u00e7\u00e3o: Compat\u00edvel com a maioria dos sistemas de portas de garagem seccionais e industriais para uma instala\u00e7\u00e3o e manuten\u00e7\u00e3o r\u00e1pidas.<\/p>","protected":false},"featured_media":7087,"comment_status":"open","ping_status":"closed","template":"","meta":{"_acf_changed":false},"product_brand":[],"product_cat":[60],"product_tag":[],"class_list":{"0":"post-7086","1":"product","2":"type-product","3":"status-publish","4":"has-post-thumbnail","6":"product_cat-panels-window","8":"first","9":"instock","10":"shipping-taxable","11":"product-type-grouped"},"acf":[],"_links":{"self":[{"href":"https:\/\/www.baoteng.cc\/pt\/wp-json\/wp\/v2\/product\/7086","targetHints":{"allow":["GET"]}}],"collection":[{"href":"https:\/\/www.baoteng.cc\/pt\/wp-json\/wp\/v2\/product"}],"about":[{"href":"https:\/\/www.baoteng.cc\/pt\/wp-json\/wp\/v2\/types\/product"}],"replies":[{"embeddable":true,"href":"https:\/\/www.baoteng.cc\/pt\/wp-json\/wp\/v2\/comments?post=7086"}],"wp:featuredmedia":[{"embeddable":true,"href":"https:\/\/www.baoteng.cc\/pt\/wp-json\/wp\/v2\/media\/7087"}],"wp:attachment":[{"href":"https:\/\/www.baoteng.cc\/pt\/wp-json\/wp\/v2\/media?parent=7086"}],"wp:term":[{"taxonomy":"product_brand","embeddable":true,"href":"https:\/\/www.baoteng.cc\/pt\/wp-json\/wp\/v2\/product_brand?post=7086"},{"taxonomy":"product_cat","embeddable":true,"href":"https:\/\/www.baoteng.cc\/pt\/wp-json\/wp\/v2\/product_cat?post=7086"},{"taxonomy":"product_tag","embeddable":true,"href":"https:\/\/www.baoteng.cc\/pt\/wp-json\/wp\/v2\/product_tag?post=7086"}],"curies":[{"name":"wp","href":"https:\/\/api.w.org\/{rel}","templated":true}]}}