{"id":7088,"date":"2025-10-10T05:21:03","date_gmt":"2025-10-10T05:21:03","guid":{"rendered":"https:\/\/baoteng.cc\/?post_type=product&#038;p=7088"},"modified":"2025-10-10T09:34:05","modified_gmt":"2025-10-10T09:34:05","slug":"parafuso-com-cabeca-de-arruela-hexagonal-com-kits-de-ancoragem-de-plastico","status":"publish","type":"product","link":"https:\/\/www.baoteng.cc\/pt\/produto\/parafuso-com-cabeca-de-arruela-hexagonal-com-kits-de-ancoragem-de-plastico\/","title":{"rendered":"Parafuso de cabe\u00e7a de arruela hexagonal com kits de \u00e2ncora de expans\u00e3o de pl\u00e1stico Fixadores de acess\u00f3rios para portas de garagem Fornecedor personalizado de f\u00e1brica OEM"},"content":{"rendered":"<section style=\"width: 100%; font-family: Arial,sans-serif; line-height: 1.6; color: #333;\">\n<header>\n<h1 style=\"font-size: 24px; font-weight: bold; text-align: center;\">Parafuso de cabe\u00e7a de arruela hexagonal e kits de \u00e2ncora de expans\u00e3o de pl\u00e1stico - parafusos de transporte fortes para refor\u00e7o de porta de garagem<\/h1>\n<\/header>\n<p>\ud83d\udcaa <strong>Parafuso com cabe\u00e7a de arruela hexagonal com kits de \u00e2ncora de expans\u00e3o de pl\u00e1stico<\/strong> fornecem uma liga\u00e7\u00e3o s\u00f3lida e resistente a vibra\u00e7\u00f5es para a instala\u00e7\u00e3o do seu sistema de calhas - a melhor escolha de fixadores para aplica\u00e7\u00f5es industriais, residenciais e de portas de garagem. Concebido e fabricado por <strong>NINGBO BAOTENG TECHNOLOGY CO., LTD<\/strong>, Com esta solu\u00e7\u00e3o de hardware, garante-se uma resist\u00eancia, precis\u00e3o e durabilidade superiores para todos os projectos de montagem.<\/p>\n<h2 style=\"font-size: 20px; margin-top: 20px;\">\ud83d\udd27 Descri\u00e7\u00e3o geral do produto<\/h2>\n<p>O nosso <strong>Kits de ancoragem de pl\u00e1stico<\/strong> incluem parafusos com cabe\u00e7a de anilha hexagonal, proporcionando uma liga\u00e7\u00e3o fi\u00e1vel em bet\u00e3o, tijolo ou alvenaria. Cada kit inclui um parafuso M8\u00d750mm (5\/16\u2033\u00d72\u2033) e uma manga de expans\u00e3o de pl\u00e1stico robusta para uma fixa\u00e7\u00e3o segura e \u00e0 prova de vibra\u00e7\u00f5es. Ideal para fixar <strong>suportes de portas de garagem, dobradi\u00e7as, calhas<\/strong> e outros componentes - oferecendo um excecional poder de fixa\u00e7\u00e3o e resist\u00eancia \u00e0 corros\u00e3o.<\/p>\n<h2 style=\"font-size: 20px; margin-top: 20px;\">\ud83e\uddf1 Carater\u00edsticas principais<\/h2>\n<ul style=\"list-style: disc; margin-left: 20px;\">\n<li>\ud83d\udd29 <strong>Cabe\u00e7a de anilha hexagonal Design:<\/strong> At\u00e9 10% de acionamento mais apertado, minimizando o desnudamento e assegurando uma instala\u00e7\u00e3o mais suave.<\/li>\n<li>\ud83e\uddf0 <strong>\u00c2ncora de expans\u00e3o em pl\u00e1stico:<\/strong> Expande-se uniformemente no orif\u00edcio perfurado, aumentando a capacidade de carga e evitando o deslizamento.<\/li>\n<li>\ud83d\udee1\ufe0f <strong>Resistente \u00e0 corros\u00e3o:<\/strong> O acabamento zincado ou galvanizado proporciona uma prote\u00e7\u00e3o a longo prazo contra a ferrugem e as intemp\u00e9ries.<\/li>\n<li>\ud83e\ude9b <strong>Instala\u00e7\u00e3o f\u00e1cil:<\/strong> Simples para profissionais e utilizadores de bricolage - n\u00e3o s\u00e3o necess\u00e1rias ferramentas especiais.<\/li>\n<li>\u2699\ufe0f <strong>Op\u00e7\u00f5es OEM e personalizadas:<\/strong> O tamanho, o material, o revestimento e a embalagem podem ser personalizados de acordo com as necessidades do projeto.<\/li>\n<\/ul>\n<h2 style=\"font-size: 20px; margin-top: 20px;\">\ud83d\udcd0 Especifica\u00e7\u00f5es<\/h2>\n<table style=\"width: 100%; border-collapse: collapse; margin-top: 10px;\">\n<tbody>\n<tr>\n<td style=\"border: 1px solid #ccc; padding: 8px; width: 35%;\"><strong>Nome do produto<\/strong><\/td>\n<td style=\"border: 1px solid #ccc; padding: 8px;\">Parafuso com cabe\u00e7a de arruela hexagonal com kits de \u00e2ncora de expans\u00e3o de pl\u00e1stico<\/td>\n<\/tr>\n<tr>\n<td style=\"border: 1px solid #ccc; padding: 8px;\"><strong>Tamanho do parafuso<\/strong><\/td>\n<td style=\"border: 1px solid #ccc; padding: 8px;\">5\/16\u2033 \u00d7 2\u2033 (M8 \u00d7 50mm)<\/td>\n<\/tr>\n<tr>\n<td style=\"border: 1px solid #ccc; padding: 8px;\"><strong>Material<\/strong><\/td>\n<td style=\"border: 1px solid #ccc; padding: 8px;\">A\u00e7o carbono + Nylon \/ \u00c2ncora PE<\/td>\n<\/tr>\n<tr>\n<td style=\"border: 1px solid #ccc; padding: 8px;\"><strong>Acabamento<\/strong><\/td>\n<td style=\"border: 1px solid #ccc; padding: 8px;\">Zincado \/ Galvanizado \/ Personalizado<\/td>\n<\/tr>\n<tr>\n<td style=\"border: 1px solid #ccc; padding: 8px;\"><strong>Aplica\u00e7\u00e3o<\/strong><\/td>\n<td style=\"border: 1px solid #ccc; padding: 8px;\">Montagem de portas de garagem, montagem na parede, fixa\u00e7\u00e3o de suportes<\/td>\n<\/tr>\n<tr>\n<td style=\"border: 1px solid #ccc; padding: 8px;\"><strong>OEM<\/strong><\/td>\n<td style=\"border: 1px solid #ccc; padding: 8px;\">Dispon\u00edvel - Personaliza\u00e7\u00e3o aceite<\/td>\n<\/tr>\n<\/tbody>\n<\/table>\n<h2 style=\"font-size: 20px; margin-top: 20px;\">Excel\u00eancia de fabrico<\/h2>\n<p>Criada em 2008, <strong>NINGBO BAOTENG TECHNOLOGY CO., LTD<\/strong> \u00e9 um fabricante l\u00edder especializado em <strong>ferragens para portas de garagem<\/strong> e sistemas de fixa\u00e7\u00e3o. Com quase 20 anos de experi\u00eancia OEM, equipamento de produ\u00e7\u00e3o avan\u00e7ado e engenharia profissional, os produtos BAOTENG s\u00e3o exportados para mais de 50 pa\u00edses. A nossa linha de produtos inclui <strong>Dobradi\u00e7as de portas de garagem<\/strong>, <strong>Rolos<\/strong>, e <strong>Ma\u00e7anetas e fechaduras<\/strong>.<\/p>\n<h2 style=\"font-size: 20px; margin-top: 20px;\">Qualidade dos materiais e da engenharia<\/h2>\n<p>Cada parafuso de cabe\u00e7a de anilha hexagonal com \u00e2ncora de expans\u00e3o de pl\u00e1stico \u00e9 submetido a uma rigorosa inspe\u00e7\u00e3o de qualidade atrav\u00e9s de mais de 20 pontos de verifica\u00e7\u00e3o. A cabe\u00e7a de anilha hexagonal assegura uma distribui\u00e7\u00e3o uniforme da press\u00e3o, enquanto o design de expans\u00e3o garante uma fixa\u00e7\u00e3o firme contra os materiais de base. O conjunto proporciona uma estabilidade duradoura para instala\u00e7\u00f5es interiores e exteriores - superando as \u00e2ncoras convencionais que falham sob bin\u00e1rio excessivo ou vibra\u00e7\u00e3o.<\/p>\n<h2 style=\"font-size: 20px; margin-top: 20px;\">\ud83c\udf0d Aplica\u00e7\u00f5es<\/h2>\n<p>Adequado para <strong>sistemas de portas de garagem<\/strong>, <strong>m\u00e1quinas industriais<\/strong>, <strong>estruturas de constru\u00e7\u00e3o<\/strong>, e <strong>montagem de equipamentos<\/strong>. A \u00e2ncora de expans\u00e3o tem um desempenho excecional em bet\u00e3o, paredes de gesso e alvenaria, garantindo uma forte capacidade de suporte de carga e resist\u00eancia \u00e0 vibra\u00e7\u00e3o para aplica\u00e7\u00f5es residenciais e industriais.<\/p>\n<h2 style=\"font-size: 20px; margin-top: 20px;\">Dicas de instala\u00e7\u00e3o<\/h2>\n<ul style=\"list-style: disc; margin-left: 20px;\">\n<li>Fazer um furo adequado na parede ou na superf\u00edcie.<\/li>\n<li>Insira a \u00e2ncora de expans\u00e3o de pl\u00e1stico no orif\u00edcio.<\/li>\n<li>Posicionar a pe\u00e7a de montagem (suporte ou dobradi\u00e7a) e apertar o parafuso.<\/li>\n<li>Aperte com uma chave inglesa at\u00e9 que a \u00e2ncora se expanda e fixe firmemente o objeto.<\/li>\n<li>\u26a0\ufe0f Evitar o aperto excessivo para evitar a deforma\u00e7\u00e3o da ancoragem.<\/li>\n<\/ul>\n<h2 style=\"font-size: 20px; margin-top: 20px;\">\ud83e\uddfe Garantia de qualidade e normas<\/h2>\n<p>Todos os produtos BAOTENG s\u00e3o fabricados de acordo com <strong>ASTM<\/strong> e <strong>ISO9001<\/strong> normas. Cada lote de produ\u00e7\u00e3o \u00e9 submetido a testes de tra\u00e7\u00e3o, cisalhamento e corros\u00e3o para garantir a resist\u00eancia mec\u00e2nica e a fiabilidade a longo prazo. Com sistemas de controlo de qualidade rigorosos, a BAOTENG \u00e9 um dos parceiros OEM mais fi\u00e1veis na ind\u00fastria global de ferragens para portas de garagem.<\/p>\n<h2 style=\"font-size: 20px; margin-top: 20px;\">Componentes de portas de garagem relacionados<\/h2>\n<ul style=\"list-style: disc; margin-left: 20px;\">\n<li>Suportes para portas de garagem<\/li>\n<li>Para-choques de porta de garagem<\/li>\n<li>Acess\u00f3rios para portas de garagem<\/li>\n<\/ul>\n<h2 style=\"font-size: 20px; margin-top: 20px;\">Porqu\u00ea escolher a BAOTENG<\/h2>\n<ul style=\"list-style: disc; margin-left: 20px;\">\n<li>Quase 20 anos de experi\u00eancia OEM em fixadores e sistemas de portas de garagem<\/li>\n<li>\ud83c\udf10 Exportado para mais de 50 pa\u00edses em todo o mundo<\/li>\n<li>\u2699\ufe0f Desenhos totalmente personaliz\u00e1veis para utiliza\u00e7\u00e3o industrial, comercial e residencial<\/li>\n<li>Forte experi\u00eancia em I&amp;D e fabrico de ferramentas para inova\u00e7\u00e3o e precis\u00e3o<\/li>\n<li>Entrega r\u00e1pida e excelente servi\u00e7o p\u00f3s-venda<\/li>\n<\/ul>\n<h2 style=\"font-size: 20px; margin-top: 20px;\">\ud83c\udf1f Resumo final<\/h2>\n<p>Quando se trata de uma fixa\u00e7\u00e3o segura, o <strong>Parafuso de cabe\u00e7a de anilha hexagonal com \u00e2ncora de expans\u00e3o de pl\u00e1stico<\/strong> de <strong>BAOTENG<\/strong> garante uma for\u00e7a, estabilidade e resist\u00eancia \u00e0 corros\u00e3o inigual\u00e1veis. Com mais de 20 anos de experi\u00eancia na ind\u00fastria e um compromisso com a qualidade OEM, a BAOTENG fornece fixadores em que confiam utilizadores industriais, comerciais e dom\u00e9sticos em todo o mundo. Escolha a BAOTENG para <strong>qualidade, desempenho e fiabilidade<\/strong>.<\/p>\n<\/section>","protected":false},"excerpt":{"rendered":"<ul style=\"list-style: disc; margin-left: 20px;\">\n<li><strong>\u00c2ncora de expans\u00e3o em pl\u00e1stico:<\/strong> Expande-se uniformemente no orif\u00edcio perfurado, aumentando a capacidade de carga e evitando o deslizamento.<\/li>\n<li><strong>Resistente \u00e0 corros\u00e3o:<\/strong> O acabamento zincado ou galvanizado proporciona uma prote\u00e7\u00e3o a longo prazo contra a ferrugem e as intemp\u00e9ries.<\/li>\n<li><strong>Instala\u00e7\u00e3o f\u00e1cil:<\/strong> Simples para profissionais e utilizadores de bricolage - n\u00e3o s\u00e3o necess\u00e1rias ferramentas especiais.<\/li>\n<\/ul>","protected":false},"featured_media":7089,"comment_status":"open","ping_status":"closed","template":"","meta":{"_acf_changed":false},"product_brand":[],"product_cat":[58],"product_tag":[],"class_list":{"0":"post-7088","1":"product","2":"type-product","3":"status-publish","4":"has-post-thumbnail","6":"product_cat-accessories","8":"first","9":"instock","10":"shipping-taxable","11":"product-type-grouped"},"acf":[],"_links":{"self":[{"href":"https:\/\/www.baoteng.cc\/pt\/wp-json\/wp\/v2\/product\/7088","targetHints":{"allow":["GET"]}}],"collection":[{"href":"https:\/\/www.baoteng.cc\/pt\/wp-json\/wp\/v2\/product"}],"about":[{"href":"https:\/\/www.baoteng.cc\/pt\/wp-json\/wp\/v2\/types\/product"}],"replies":[{"embeddable":true,"href":"https:\/\/www.baoteng.cc\/pt\/wp-json\/wp\/v2\/comments?post=7088"}],"wp:featuredmedia":[{"embeddable":true,"href":"https:\/\/www.baoteng.cc\/pt\/wp-json\/wp\/v2\/media\/7089"}],"wp:attachment":[{"href":"https:\/\/www.baoteng.cc\/pt\/wp-json\/wp\/v2\/media?parent=7088"}],"wp:term":[{"taxonomy":"product_brand","embeddable":true,"href":"https:\/\/www.baoteng.cc\/pt\/wp-json\/wp\/v2\/product_brand?post=7088"},{"taxonomy":"product_cat","embeddable":true,"href":"https:\/\/www.baoteng.cc\/pt\/wp-json\/wp\/v2\/product_cat?post=7088"},{"taxonomy":"product_tag","embeddable":true,"href":"https:\/\/www.baoteng.cc\/pt\/wp-json\/wp\/v2\/product_tag?post=7088"}],"curies":[{"name":"wp","href":"https:\/\/api.w.org\/{rel}","templated":true}]}}